{"id":23648,"date":"2023-03-31T13:07:20","date_gmt":"2023-03-31T11:07:20","guid":{"rendered":"https:\/\/agora.xtec.cat\/iesmarti-i-pol\/?page_id=23648"},"modified":"2025-07-23T10:26:34","modified_gmt":"2025-07-23T08:26:34","slug":"informacio-i-curriculums-dels-cicles-formatius-i-pfi","status":"publish","type":"page","link":"https:\/\/agora.xtec.cat\/iesmarti-i-pol\/formacio-professional\/informacio-i-curriculums-dels-cicles-formatius-i-pfi\/","title":{"rendered":"Informaci\u00f3 i curr\u00edculums dels Cicles Formatius i PFI"},"content":{"rendered":"<table style=\"height: 136px;\" width=\"700\">\n<tbody>\n<tr>\n<td style=\"width: 700px;\">\n<h3 style=\"text-align: center;\"><strong><span style=\"color: #800000;\">Fam\u00edlies professionals &#8211; Departaments i cicles que imparteixen<\/span><\/strong><\/h3>\n<\/td>\n<\/tr>\n<tr>\n<td style=\"width: 700px; padding-left: 40px; background-color: #ffa000;\">\n<h5><a href=\"https:\/\/agora.xtec.cat\/iesmarti-i-pol\/categoria\/departaments\/electricitat\/\"><strong><span style=\"color: #ffffff;\">Electricitat<\/span><\/strong><\/a><br \/>\n<a href=\"http:\/\/agora.xtec.cat\/iesmarti-i-pol\/estudis\/cicles-formatius\/grau-mitja\/instal%c2%b7lacions-electriques-i-automatiques\/\"><strong><span style=\"font-size: 16px; color: #ffffff;\">\u25ba Cicle de grau mitj\u00e0 d&#8217;Instal\u00b7lacions el\u00e8ctriques i autom\u00e0tiques<\/span> <\/strong><\/a><br \/>\n<a href=\"https:\/\/agora.xtec.cat\/iesmarti-i-pol\/estudis\/grau-superior\/cfgs-sistemes-electrotecnics-i-automatitzats\/\"><strong><span style=\"font-size: 16px; color: #ffffff;\">\u25ba Cicle de grau superior de Sistemes electrot\u00e8cnics i automatitzats<\/span><\/strong><\/a><\/h5>\n<\/td>\n<\/tr>\n<tr>\n<td style=\"width: 700px; padding-left: 40px; background-color: #3c7c80;\">\n<h5><a href=\"https:\/\/agora.xtec.cat\/iesmarti-i-pol\/fusta-i-moble\/\"><strong><span style=\"color: #ffffff;\">Fusta<\/span><\/strong><\/a><br \/>\n<a href=\"https:\/\/agora.xtec.cat\/iesmarti-i-pol\/estudis\/pfi-fiap\/\"><strong><span style=\"font-size: 16px; color: #ffffff;\">\u25ba PFI Auxiliar de treballs en fusteria i instal\u00b7laci\u00f3 de mobles<\/span><\/strong><\/a><br \/>\n<a href=\"http:\/\/agora.xtec.cat\/iesmarti-i-pol\/estudis\/cicles-formatius\/grau-mitja\/grau-mitja-de-fusteria-i-moble\/\"><strong><span style=\"font-size: 16px; color: #ffffff;\">\u25ba Cicle de grau mitj\u00e0 de Fusteria i moble<\/span><\/strong><\/a><br \/>\n<a href=\"https:\/\/agora.xtec.cat\/iesmarti-i-pol\/fusta-i-moble\/grau-superior-de-disseny-i-moblament-construccions-efimeres-i-decorats\/\"><strong><span style=\"font-size: 16px; color: #ffffff;\">\u25ba Cicle de grau superior de Disseny i moblament (construccions ef\u00edmeres i decorats)<\/span><\/strong><\/a><\/h5>\n<\/td>\n<\/tr>\n<tr>\n<td style=\"width: 700px; padding-left: 40px; background-color: #767676;\">\n<h5><a href=\"https:\/\/agora.xtec.cat\/iesmarti-i-pol\/categoria\/departaments\/sanitat\/\"><strong><span style=\"color: #ffffff;\">Sanitat<\/span><\/strong><\/a><br \/>\n<a href=\"https:\/\/agora.xtec.cat\/iesmarti-i-pol\/cfgm-cures-auxiliars-dinfermeria-cai\/\"><strong><span style=\"font-size: 16px; color: #ffffff;\">\u25ba Cicle de grau mitj\u00e0 de Cures auxiliars d&#8217;infermeria<\/span><\/strong><\/a><br \/>\n<a href=\"http:\/\/agora.xtec.cat\/iesmarti-i-pol\/estudis\/cicles-formatius\/grau-mitja\/grau-mitja-de-farmacia-i-parafarmacia\/\"><strong><span style=\"font-size: 16px; color: #ffffff;\">\u25ba Cicle de grau mitj\u00e0 de Farm\u00e0cia i parafarm\u00e0cia<\/span><\/strong><\/a><br \/>\n<a href=\"https:\/\/agora.xtec.cat\/iesmarti-i-pol\/cfgs-anatomia-patologica-i-citodiagnostic\/\"><strong><span style=\"font-size: 16px; color: #ffffff;\">\u25ba Cicle de grau superior d&#8217;Anatomia patol\u00f2gica i citodiagn\u00f2stic<\/span><\/strong><\/a><br \/>\n<a href=\"https:\/\/agora.xtec.cat\/iesmarti-i-pol\/laboratori-clinic-i-biomedic\/\"><strong><span style=\"font-size: 16px; color: #ffffff;\">\u25ba Cicle de grau superior de Laboratori cl\u00ednic i biom\u00e8dic<\/span><\/strong><\/a><\/h5>\n<\/td>\n<\/tr>\n<tr>\n<td style=\"width: 700px; padding-left: 40px; background-color: #2f4e6f;\">\n<h5><strong><span style=\"color: #ffffff;\">Seguretat i medi ambient<\/span><\/strong><br \/>\n<a href=\"https:\/\/agora.xtec.cat\/iesmarti-i-pol\/?page_id=15488&amp;preview=true\"><strong><span style=\"font-size: 16px; color: #ffffff;\">\u25ba Cicle de grau superior de Qu\u00edmica i salut ambiental<\/span><\/strong><\/a><\/h5>\n<\/td>\n<\/tr>\n<\/tbody>\n<\/table>\n","protected":false},"excerpt":{"rendered":"<p>Fam\u00edlies professionals &#8211; Departaments i cicles que imparteixen Electricitat \u25ba Cicle de grau mitj\u00e0 d&#8217;Instal\u00b7lacions el\u00e8ctriques i autom\u00e0tiques \u25ba Cicle de grau superior de Sistemes electrot\u00e8cnics i automatitzats Fusta \u25ba PFI Auxiliar de treballs en fusteria i instal\u00b7laci\u00f3 de mobles \u25ba Cicle de grau mitj\u00e0 de Fusteria i moble \u25ba Cicle de grau superior de [&hellip;]<\/p>\n","protected":false},"author":1,"featured_media":0,"parent":23601,"menu_order":2,"comment_status":"closed","ping_status":"closed","template":"","meta":{"_bbp_topic_count":0,"_bbp_reply_count":0,"_bbp_total_topic_count":0,"_bbp_total_reply_count":0,"_bbp_voice_count":0,"_bbp_anonymous_reply_count":0,"_bbp_topic_count_hidden":0,"_bbp_reply_count_hidden":0,"_bbp_forum_subforum_count":0,"site-sidebar-layout":"default","site-content-layout":"","ast-site-content-layout":"default","site-content-style":"default","site-sidebar-style":"default","ast-global-header-display":"","ast-banner-title-visibility":"","ast-main-header-display":"","ast-hfb-above-header-display":"","ast-hfb-below-header-display":"","ast-hfb-mobile-header-display":"","site-post-title":"","ast-breadcrumbs-content":"","ast-featured-img":"","footer-sml-layout":"","theme-transparent-header-meta":"default","adv-header-id-meta":"","stick-header-meta":"","header-above-stick-meta":"","header-main-stick-meta":"","header-below-stick-meta":"","astra-migrate-meta-layouts":"set","ast-page-background-enabled":"default","ast-page-background-meta":{"desktop":{"background-color":"var(--ast-global-color-4)","background-image":"","background-repeat":"repeat","background-position":"center center","background-size":"auto","background-attachment":"scroll","background-type":"","background-media":"","overlay-type":"","overlay-color":"","overlay-opacity":"","overlay-gradient":""},"tablet":{"background-color":"","background-image":"","background-repeat":"repeat","background-position":"center center","background-size":"auto","background-attachment":"scroll","background-type":"","background-media":"","overlay-type":"","overlay-color":"","overlay-opacity":"","overlay-gradient":""},"mobile":{"background-color":"","background-image":"","background-repeat":"repeat","background-position":"center center","background-size":"auto","background-attachment":"scroll","background-type":"","background-media":"","overlay-type":"","overlay-color":"","overlay-opacity":"","overlay-gradient":""}},"ast-content-background-meta":{"desktop":{"background-color":"var(--ast-global-color-5)","background-image":"","background-repeat":"repeat","background-position":"center center","background-size":"auto","background-attachment":"scroll","background-type":"","background-media":"","overlay-type":"","overlay-color":"","overlay-opacity":"","overlay-gradient":""},"tablet":{"background-color":"var(--ast-global-color-5)","background-image":"","background-repeat":"repeat","background-position":"center center","background-size":"auto","background-attachment":"scroll","background-type":"","background-media":"","overlay-type":"","overlay-color":"","overlay-opacity":"","overlay-gradient":""},"mobile":{"background-color":"var(--ast-global-color-5)","background-image":"","background-repeat":"repeat","background-position":"center center","background-size":"auto","background-attachment":"scroll","background-type":"","background-media":"","overlay-type":"","overlay-color":"","overlay-opacity":"","overlay-gradient":""}},"footnotes":""},"class_list":["post-23648","page","type-page","status-publish","hentry"],"post_mailing_queue_ids":[],"_links":{"self":[{"href":"https:\/\/agora.xtec.cat\/iesmarti-i-pol\/wp-json\/wp\/v2\/pages\/23648","targetHints":{"allow":["GET"]}}],"collection":[{"href":"https:\/\/agora.xtec.cat\/iesmarti-i-pol\/wp-json\/wp\/v2\/pages"}],"about":[{"href":"https:\/\/agora.xtec.cat\/iesmarti-i-pol\/wp-json\/wp\/v2\/types\/page"}],"author":[{"embeddable":true,"href":"https:\/\/agora.xtec.cat\/iesmarti-i-pol\/wp-json\/wp\/v2\/users\/1"}],"replies":[{"embeddable":true,"href":"https:\/\/agora.xtec.cat\/iesmarti-i-pol\/wp-json\/wp\/v2\/comments?post=23648"}],"version-history":[{"count":4,"href":"https:\/\/agora.xtec.cat\/iesmarti-i-pol\/wp-json\/wp\/v2\/pages\/23648\/revisions"}],"predecessor-version":[{"id":28125,"href":"https:\/\/agora.xtec.cat\/iesmarti-i-pol\/wp-json\/wp\/v2\/pages\/23648\/revisions\/28125"}],"up":[{"embeddable":true,"href":"https:\/\/agora.xtec.cat\/iesmarti-i-pol\/wp-json\/wp\/v2\/pages\/23601"}],"wp:attachment":[{"href":"https:\/\/agora.xtec.cat\/iesmarti-i-pol\/wp-json\/wp\/v2\/media?parent=23648"}],"curies":[{"name":"wp","href":"https:\/\/api.w.org\/{rel}","templated":true}]}}