{"id":23622,"date":"2023-03-31T10:59:07","date_gmt":"2023-03-31T08:59:07","guid":{"rendered":"https:\/\/agora.xtec.cat\/iesmarti-i-pol\/?page_id=23622"},"modified":"2026-03-05T12:03:44","modified_gmt":"2026-03-05T11:03:44","slug":"preinscripcio-i-matricula","status":"publish","type":"page","link":"https:\/\/agora.xtec.cat\/iesmarti-i-pol\/preinscripcio-i-matricula\/","title":{"rendered":"PREINSCRIPCI\u00d3 I MATR\u00cdCULA. CURS 26-27"},"content":{"rendered":"<table style=\"border-collapse: collapse; width: 100%;\">\n<tbody>\n<tr>\n<td style=\"width: 33.3333%; border-color: #000000;\"><a href=\"https:\/\/agora.xtec.cat\/iesmarti-i-pol\/preinscripcio-i-matricula-eso-curs-2026-2027\/\" target=\"_blank\" rel=\"noopener\"><img loading=\"lazy\" decoding=\"async\" class=\"alignnone size-large wp-image-28758\" src=\"https:\/\/agora.xtec.cat\/iesmarti-i-pol\/wp-content\/uploads\/usu1292\/2026\/02\/Gemini_Generated_Image_yc47oayc47oayc47-1024x559.png\" alt=\"\" width=\"1024\" height=\"559\" srcset=\"https:\/\/agora.xtec.cat\/iesmarti-i-pol\/wp-content\/uploads\/usu1292\/2026\/02\/Gemini_Generated_Image_yc47oayc47oayc47-1024x559.png 1024w, https:\/\/agora.xtec.cat\/iesmarti-i-pol\/wp-content\/uploads\/usu1292\/2026\/02\/Gemini_Generated_Image_yc47oayc47oayc47-300x164.png 300w, https:\/\/agora.xtec.cat\/iesmarti-i-pol\/wp-content\/uploads\/usu1292\/2026\/02\/Gemini_Generated_Image_yc47oayc47oayc47-768x419.png 768w, https:\/\/agora.xtec.cat\/iesmarti-i-pol\/wp-content\/uploads\/usu1292\/2026\/02\/Gemini_Generated_Image_yc47oayc47oayc47.png 1408w\" sizes=\"auto, (max-width: 1024px) 100vw, 1024px\" \/><\/a><\/p>\n<h3 style=\"text-align: center;\"><strong>Preinscripci\u00f3 ESO<\/strong><\/h3>\n<h3 style=\"text-align: center;\"><strong>del 6 al 18 de mar\u00e7<\/strong><\/h3>\n<\/td>\n<td style=\"width: 33.3333%; border-color: #000000;\"><a href=\"https:\/\/agora.xtec.cat\/iesmarti-i-pol\/preinscripcio-i-matricula-batxillerat-curs-2026-2027\/\" target=\"_blank\" rel=\"noopener\"><img loading=\"lazy\" decoding=\"async\" class=\"alignnone size-large wp-image-28757\" src=\"https:\/\/agora.xtec.cat\/iesmarti-i-pol\/wp-content\/uploads\/usu1292\/2026\/02\/Gemini_Generated_Image_f86y8df86y8df86y-1024x535.png\" alt=\"\" width=\"1024\" height=\"535\" srcset=\"https:\/\/agora.xtec.cat\/iesmarti-i-pol\/wp-content\/uploads\/usu1292\/2026\/02\/Gemini_Generated_Image_f86y8df86y8df86y-1024x535.png 1024w, https:\/\/agora.xtec.cat\/iesmarti-i-pol\/wp-content\/uploads\/usu1292\/2026\/02\/Gemini_Generated_Image_f86y8df86y8df86y-300x157.png 300w, https:\/\/agora.xtec.cat\/iesmarti-i-pol\/wp-content\/uploads\/usu1292\/2026\/02\/Gemini_Generated_Image_f86y8df86y8df86y-768x401.png 768w, https:\/\/agora.xtec.cat\/iesmarti-i-pol\/wp-content\/uploads\/usu1292\/2026\/02\/Gemini_Generated_Image_f86y8df86y8df86y.png 1408w\" sizes=\"auto, (max-width: 1024px) 100vw, 1024px\" \/><\/a><\/p>\n<h3 style=\"text-align: center;\"><strong>Preinscripci\u00f3 Batxillerat<\/strong><\/h3>\n<h3 style=\"text-align: center;\"><strong>del 9 al 16 d&#8217;abril<\/strong><\/h3>\n<\/td>\n<td style=\"width: 33.3333%;\"><\/td>\n<\/tr>\n<tr>\n<td style=\"width: 33.3333%; border-color: #000000;\"><a href=\"https:\/\/agora.xtec.cat\/iesmarti-i-pol\/preinscripcio-i-matricula-cicles-formatius-de-gm-curs-2026-2027\/\" target=\"_blank\" rel=\"noopener\"><img loading=\"lazy\" decoding=\"async\" class=\"alignnone size-large wp-image-28759\" src=\"https:\/\/agora.xtec.cat\/iesmarti-i-pol\/wp-content\/uploads\/usu1292\/2026\/02\/Gemini_Generated_Image_3egyvj3egyvj3egy-1024x535.png\" alt=\"\" width=\"1024\" height=\"535\" srcset=\"https:\/\/agora.xtec.cat\/iesmarti-i-pol\/wp-content\/uploads\/usu1292\/2026\/02\/Gemini_Generated_Image_3egyvj3egyvj3egy-1024x535.png 1024w, https:\/\/agora.xtec.cat\/iesmarti-i-pol\/wp-content\/uploads\/usu1292\/2026\/02\/Gemini_Generated_Image_3egyvj3egyvj3egy-300x157.png 300w, https:\/\/agora.xtec.cat\/iesmarti-i-pol\/wp-content\/uploads\/usu1292\/2026\/02\/Gemini_Generated_Image_3egyvj3egyvj3egy-768x401.png 768w, https:\/\/agora.xtec.cat\/iesmarti-i-pol\/wp-content\/uploads\/usu1292\/2026\/02\/Gemini_Generated_Image_3egyvj3egyvj3egy.png 1408w\" sizes=\"auto, (max-width: 1024px) 100vw, 1024px\" \/><\/a><\/p>\n<h3 style=\"text-align: center;\"><strong>Preinscripci\u00f3 CICLES GM<\/strong><\/h3>\n<h3 style=\"text-align: center;\"><strong>del 26 de maig a l&#8217;1 de juny<\/strong><\/h3>\n<\/td>\n<td style=\"width: 33.3333%; border-color: #000000;\"><a href=\"https:\/\/agora.xtec.cat\/iesmarti-i-pol\/preinscripcio-i-matricula-cicles-formatius-de-grau-superior-curs-2026-2027\/\" target=\"_blank\" rel=\"noopener\"><img loading=\"lazy\" decoding=\"async\" class=\"alignnone size-large wp-image-28754\" src=\"https:\/\/agora.xtec.cat\/iesmarti-i-pol\/wp-content\/uploads\/usu1292\/2026\/02\/Gemini_Generated_Image_58aj6h58aj6h58aj-1024x535.png\" alt=\"\" width=\"1024\" height=\"535\" srcset=\"https:\/\/agora.xtec.cat\/iesmarti-i-pol\/wp-content\/uploads\/usu1292\/2026\/02\/Gemini_Generated_Image_58aj6h58aj6h58aj-1024x535.png 1024w, https:\/\/agora.xtec.cat\/iesmarti-i-pol\/wp-content\/uploads\/usu1292\/2026\/02\/Gemini_Generated_Image_58aj6h58aj6h58aj-300x157.png 300w, https:\/\/agora.xtec.cat\/iesmarti-i-pol\/wp-content\/uploads\/usu1292\/2026\/02\/Gemini_Generated_Image_58aj6h58aj6h58aj-768x401.png 768w, https:\/\/agora.xtec.cat\/iesmarti-i-pol\/wp-content\/uploads\/usu1292\/2026\/02\/Gemini_Generated_Image_58aj6h58aj6h58aj.png 1408w\" sizes=\"auto, (max-width: 1024px) 100vw, 1024px\" \/><\/a><\/p>\n<h3 style=\"text-align: center;\"><strong>Preinscripci\u00f3 CICLES GS<\/strong><\/h3>\n<h3 style=\"text-align: center;\"><strong>del 26 de maig a l&#8217;1 de juny<\/strong><\/h3>\n<\/td>\n<td style=\"width: 33.3333%; border-color: #000000;\"><a href=\"https:\/\/agora.xtec.cat\/iesmarti-i-pol\/preinscipcio-i-matricula-pfi-curs-2026-2027\/\" target=\"_blank\" rel=\"noopener\"><img loading=\"lazy\" decoding=\"async\" class=\"alignnone size-large wp-image-28753\" src=\"https:\/\/agora.xtec.cat\/iesmarti-i-pol\/wp-content\/uploads\/usu1292\/2026\/02\/Gemini_Generated_Image_5krstc5krstc5krs-1024x535.png\" alt=\"\" width=\"1024\" height=\"535\" srcset=\"https:\/\/agora.xtec.cat\/iesmarti-i-pol\/wp-content\/uploads\/usu1292\/2026\/02\/Gemini_Generated_Image_5krstc5krstc5krs-1024x535.png 1024w, https:\/\/agora.xtec.cat\/iesmarti-i-pol\/wp-content\/uploads\/usu1292\/2026\/02\/Gemini_Generated_Image_5krstc5krstc5krs-300x157.png 300w, https:\/\/agora.xtec.cat\/iesmarti-i-pol\/wp-content\/uploads\/usu1292\/2026\/02\/Gemini_Generated_Image_5krstc5krstc5krs-768x401.png 768w, https:\/\/agora.xtec.cat\/iesmarti-i-pol\/wp-content\/uploads\/usu1292\/2026\/02\/Gemini_Generated_Image_5krstc5krstc5krs.png 1408w\" sizes=\"auto, (max-width: 1024px) 100vw, 1024px\" \/><\/a><\/p>\n<h3 style=\"text-align: center;\"><strong>Preinscripci\u00f3 PFI<\/strong><\/h3>\n<h3 style=\"text-align: center;\"><strong>del 4 al 13 de maig<\/strong><\/h3>\n<\/td>\n<\/tr>\n<\/tbody>\n<\/table>\n<p>&nbsp;<\/p>\n","protected":false},"excerpt":{"rendered":"<p>Preinscripci\u00f3 ESO del 6 al 18 de mar\u00e7 Preinscripci\u00f3 Batxillerat del 9 al 16 d&#8217;abril Preinscripci\u00f3 CICLES GM del 26 de maig a l&#8217;1 de juny Preinscripci\u00f3 CICLES GS del 26 de maig a l&#8217;1 de juny Preinscripci\u00f3 PFI del 4 al 13 de maig &nbsp;<\/p>\n","protected":false},"author":1,"featured_media":0,"parent":0,"menu_order":0,"comment_status":"closed","ping_status":"closed","template":"","meta":{"_bbp_topic_count":0,"_bbp_reply_count":0,"_bbp_total_topic_count":0,"_bbp_total_reply_count":0,"_bbp_voice_count":0,"_bbp_anonymous_reply_count":0,"_bbp_topic_count_hidden":0,"_bbp_reply_count_hidden":0,"_bbp_forum_subforum_count":0,"site-sidebar-layout":"default","site-content-layout":"","ast-site-content-layout":"default","site-content-style":"default","site-sidebar-style":"default","ast-global-header-display":"","ast-banner-title-visibility":"","ast-main-header-display":"","ast-hfb-above-header-display":"","ast-hfb-below-header-display":"","ast-hfb-mobile-header-display":"","site-post-title":"","ast-breadcrumbs-content":"","ast-featured-img":"","footer-sml-layout":"","theme-transparent-header-meta":"default","adv-header-id-meta":"","stick-header-meta":"","header-above-stick-meta":"","header-main-stick-meta":"","header-below-stick-meta":"","astra-migrate-meta-layouts":"set","ast-page-background-enabled":"default","ast-page-background-meta":{"desktop":{"background-color":"var(--ast-global-color-4)","background-image":"","background-repeat":"repeat","background-position":"center center","background-size":"auto","background-attachment":"scroll","background-type":"","background-media":"","overlay-type":"","overlay-color":"","overlay-opacity":"","overlay-gradient":""},"tablet":{"background-color":"","background-image":"","background-repeat":"repeat","background-position":"center center","background-size":"auto","background-attachment":"scroll","background-type":"","background-media":"","overlay-type":"","overlay-color":"","overlay-opacity":"","overlay-gradient":""},"mobile":{"background-color":"","background-image":"","background-repeat":"repeat","background-position":"center center","background-size":"auto","background-attachment":"scroll","background-type":"","background-media":"","overlay-type":"","overlay-color":"","overlay-opacity":"","overlay-gradient":""}},"ast-content-background-meta":{"desktop":{"background-color":"var(--ast-global-color-5)","background-image":"","background-repeat":"repeat","background-position":"center center","background-size":"auto","background-attachment":"scroll","background-type":"","background-media":"","overlay-type":"","overlay-color":"","overlay-opacity":"","overlay-gradient":""},"tablet":{"background-color":"var(--ast-global-color-5)","background-image":"","background-repeat":"repeat","background-position":"center center","background-size":"auto","background-attachment":"scroll","background-type":"","background-media":"","overlay-type":"","overlay-color":"","overlay-opacity":"","overlay-gradient":""},"mobile":{"background-color":"var(--ast-global-color-5)","background-image":"","background-repeat":"repeat","background-position":"center center","background-size":"auto","background-attachment":"scroll","background-type":"","background-media":"","overlay-type":"","overlay-color":"","overlay-opacity":"","overlay-gradient":""}},"footnotes":""},"class_list":["post-23622","page","type-page","status-publish","hentry"],"post_mailing_queue_ids":[],"_links":{"self":[{"href":"https:\/\/agora.xtec.cat\/iesmarti-i-pol\/wp-json\/wp\/v2\/pages\/23622","targetHints":{"allow":["GET"]}}],"collection":[{"href":"https:\/\/agora.xtec.cat\/iesmarti-i-pol\/wp-json\/wp\/v2\/pages"}],"about":[{"href":"https:\/\/agora.xtec.cat\/iesmarti-i-pol\/wp-json\/wp\/v2\/types\/page"}],"author":[{"embeddable":true,"href":"https:\/\/agora.xtec.cat\/iesmarti-i-pol\/wp-json\/wp\/v2\/users\/1"}],"replies":[{"embeddable":true,"href":"https:\/\/agora.xtec.cat\/iesmarti-i-pol\/wp-json\/wp\/v2\/comments?post=23622"}],"version-history":[{"count":7,"href":"https:\/\/agora.xtec.cat\/iesmarti-i-pol\/wp-json\/wp\/v2\/pages\/23622\/revisions"}],"predecessor-version":[{"id":29019,"href":"https:\/\/agora.xtec.cat\/iesmarti-i-pol\/wp-json\/wp\/v2\/pages\/23622\/revisions\/29019"}],"wp:attachment":[{"href":"https:\/\/agora.xtec.cat\/iesmarti-i-pol\/wp-json\/wp\/v2\/media?parent=23622"}],"curies":[{"name":"wp","href":"https:\/\/api.w.org\/{rel}","templated":true}]}}