{"id":23601,"date":"2023-03-31T13:08:23","date_gmt":"2023-03-31T11:08:23","guid":{"rendered":"https:\/\/agora.xtec.cat\/iesmarti-i-pol\/?page_id=23601"},"modified":"2025-11-19T13:29:50","modified_gmt":"2025-11-19T12:29:50","slug":"formacio-professional","status":"publish","type":"page","link":"https:\/\/agora.xtec.cat\/iesmarti-i-pol\/formacio-professional\/","title":{"rendered":"Formaci\u00f3 Professional"},"content":{"rendered":"<ul style=\"list-style-type: square;\">\n<li><a href=\"https:\/\/agora.xtec.cat\/iesmarti-i-pol\/estudis\/formacio-professional\/informacio-general\/\">Informaci\u00f3 general<\/a><\/li>\n<li><a href=\"https:\/\/agora.xtec.cat\/iesmarti-i-pol\/formacio-professional\/informacio-i-curriculums-dels-cicles-formatius-i-pfi\/\">Estudis: Informaci\u00f3 i curr\u00edculums dels Cicles Formatius i PFI<\/a><\/li>\n<li><a href=\"https:\/\/agora.xtec.cat\/iesmarti-i-pol\/estudis\/formacio-professional\/fitxa-tutoria\/\">Fitxes de tutoria<\/a><\/li>\n<li><a href=\"https:\/\/agora.xtec.cat\/iesmarti-i-pol\/categoria\/cicles-formatius-i-pfi\/\">Departaments de Cicles Formatius<\/a>\n<ul style=\"list-style-type: square;\">\n<li><a href=\"https:\/\/agora.xtec.cat\/iesmarti-i-pol\/categoria\/departaments-cicles\/electricitat\/\">Electricitat<\/a><\/li>\n<li><a href=\"https:\/\/agora.xtec.cat\/iesmarti-i-pol\/categoria\/departaments-cicles\/fol\/\">Formaci\u00f3 i orientaci\u00f3 laboral (FOL)<\/a><\/li>\n<li><a href=\"https:\/\/agora.xtec.cat\/iesmarti-i-pol\/categoria\/departaments-cicles\/fusta\/\">Fusta<\/a><\/li>\n<li><a href=\"https:\/\/agora.xtec.cat\/iesmarti-i-pol\/categoria\/departaments-cicles\/sanitat\/\">Sanitat<\/a><\/li>\n<li><a href=\"https:\/\/agora.xtec.cat\/iesmarti-i-pol\/categoria\/departaments-cicles\/seguretat-i-medi-ambient\/\">Seguretat i mediambient<\/a><\/li>\n<\/ul>\n<\/li>\n<\/ul>\n","protected":false},"excerpt":{"rendered":"<p>Informaci\u00f3 general Estudis: Informaci\u00f3 i curr\u00edculums dels Cicles Formatius i PFI Fitxes de tutoria Departaments de Cicles Formatius Electricitat Formaci\u00f3 i orientaci\u00f3 laboral (FOL) Fusta Sanitat Seguretat i mediambient<\/p>\n","protected":false},"author":1,"featured_media":0,"parent":0,"menu_order":0,"comment_status":"closed","ping_status":"closed","template":"","meta":{"_bbp_topic_count":0,"_bbp_reply_count":0,"_bbp_total_topic_count":0,"_bbp_total_reply_count":0,"_bbp_voice_count":0,"_bbp_anonymous_reply_count":0,"_bbp_topic_count_hidden":0,"_bbp_reply_count_hidden":0,"_bbp_forum_subforum_count":0,"site-sidebar-layout":"default","site-content-layout":"","ast-site-content-layout":"default","site-content-style":"default","site-sidebar-style":"default","ast-global-header-display":"","ast-banner-title-visibility":"","ast-main-header-display":"","ast-hfb-above-header-display":"","ast-hfb-below-header-display":"","ast-hfb-mobile-header-display":"","site-post-title":"","ast-breadcrumbs-content":"","ast-featured-img":"","footer-sml-layout":"","theme-transparent-header-meta":"default","adv-header-id-meta":"","stick-header-meta":"","header-above-stick-meta":"","header-main-stick-meta":"","header-below-stick-meta":"","astra-migrate-meta-layouts":"set","ast-page-background-enabled":"default","ast-page-background-meta":{"desktop":{"background-color":"var(--ast-global-color-4)","background-image":"","background-repeat":"repeat","background-position":"center center","background-size":"auto","background-attachment":"scroll","background-type":"","background-media":"","overlay-type":"","overlay-color":"","overlay-opacity":"","overlay-gradient":""},"tablet":{"background-color":"","background-image":"","background-repeat":"repeat","background-position":"center center","background-size":"auto","background-attachment":"scroll","background-type":"","background-media":"","overlay-type":"","overlay-color":"","overlay-opacity":"","overlay-gradient":""},"mobile":{"background-color":"","background-image":"","background-repeat":"repeat","background-position":"center center","background-size":"auto","background-attachment":"scroll","background-type":"","background-media":"","overlay-type":"","overlay-color":"","overlay-opacity":"","overlay-gradient":""}},"ast-content-background-meta":{"desktop":{"background-color":"var(--ast-global-color-5)","background-image":"","background-repeat":"repeat","background-position":"center center","background-size":"auto","background-attachment":"scroll","background-type":"","background-media":"","overlay-type":"","overlay-color":"","overlay-opacity":"","overlay-gradient":""},"tablet":{"background-color":"var(--ast-global-color-5)","background-image":"","background-repeat":"repeat","background-position":"center center","background-size":"auto","background-attachment":"scroll","background-type":"","background-media":"","overlay-type":"","overlay-color":"","overlay-opacity":"","overlay-gradient":""},"mobile":{"background-color":"var(--ast-global-color-5)","background-image":"","background-repeat":"repeat","background-position":"center center","background-size":"auto","background-attachment":"scroll","background-type":"","background-media":"","overlay-type":"","overlay-color":"","overlay-opacity":"","overlay-gradient":""}},"footnotes":""},"class_list":["post-23601","page","type-page","status-publish","hentry"],"post_mailing_queue_ids":[],"_links":{"self":[{"href":"https:\/\/agora.xtec.cat\/iesmarti-i-pol\/wp-json\/wp\/v2\/pages\/23601","targetHints":{"allow":["GET"]}}],"collection":[{"href":"https:\/\/agora.xtec.cat\/iesmarti-i-pol\/wp-json\/wp\/v2\/pages"}],"about":[{"href":"https:\/\/agora.xtec.cat\/iesmarti-i-pol\/wp-json\/wp\/v2\/types\/page"}],"author":[{"embeddable":true,"href":"https:\/\/agora.xtec.cat\/iesmarti-i-pol\/wp-json\/wp\/v2\/users\/1"}],"replies":[{"embeddable":true,"href":"https:\/\/agora.xtec.cat\/iesmarti-i-pol\/wp-json\/wp\/v2\/comments?post=23601"}],"version-history":[{"count":4,"href":"https:\/\/agora.xtec.cat\/iesmarti-i-pol\/wp-json\/wp\/v2\/pages\/23601\/revisions"}],"predecessor-version":[{"id":28452,"href":"https:\/\/agora.xtec.cat\/iesmarti-i-pol\/wp-json\/wp\/v2\/pages\/23601\/revisions\/28452"}],"wp:attachment":[{"href":"https:\/\/agora.xtec.cat\/iesmarti-i-pol\/wp-json\/wp\/v2\/media?parent=23601"}],"curies":[{"name":"wp","href":"https:\/\/api.w.org\/{rel}","templated":true}]}}