{"id":23564,"date":"2023-03-22T15:50:08","date_gmt":"2023-03-22T14:50:08","guid":{"rendered":"https:\/\/agora.xtec.cat\/iesmarti-i-pol\/?page_id=23564"},"modified":"2023-03-22T15:50:08","modified_gmt":"2023-03-22T14:50:08","slug":"notes-de-tall-curs-passat","status":"publish","type":"page","link":"https:\/\/agora.xtec.cat\/iesmarti-i-pol\/notes-de-tall-curs-passat\/","title":{"rendered":"Notes de tall curs passat"},"content":{"rendered":"<p><strong><u>Notes de tall\u00a0<\/u><\/strong><\/p>\n<p>Les qualificacions publicades sempre s\u00f3n orientatives i variaran cada curs en funci\u00f3 de les qualificacions que aportin les persones preinscrites.<\/p>\n<p>Als CFG Superior normalment es generen vacants a la via 1 que acabem omplint amb les llistes d\u2019espera ja que algunes persones a les que se\u2019ls ha adjudicat pla\u00e7a acaben a la universitat i no es matriculen.<\/p>\n<p><strong>CFGM <\/strong><\/p>\n<p><strong>Cures auxiliars d\u2019infermeria &#8211; Torn mat\u00ed <\/strong><\/p>\n<p>Alumnat de continu\u00eftat: 5,49<\/p>\n<p>Resta: no va entrar ning\u00fa.<\/p>\n<p><strong>Cures auxiliars d\u2019infermeria- Torn tarda<\/strong><\/p>\n<p>Va entrar tothom que ho va demanar<\/p>\n<p><strong>Farm\u00e0cia i parafarm\u00e0cia<\/strong><\/p>\n<p>Alumnat continu\u00eftat: 5<\/p>\n<p>Resta: no va entrar ning\u00fa.<\/p>\n<p><strong>CFGS<\/strong><\/p>\n<p><strong>Anatomia patol\u00f2gica i citodiagn\u00f2stic:<\/strong><\/p>\n<p>Via 1: 7,19<\/p>\n<p>Via 2: 9<\/p>\n<p>Via 3: 7,49<\/p>\n<p><strong>Laboratori de diagn\u00f2stic cl\u00ednic i biom\u00e8dic:<\/strong><\/p>\n<p>Via 1: 7,71<\/p>\n<p>Via 2: 9,16<\/p>\n<p>Via 3: 6,91<\/p>\n","protected":false},"excerpt":{"rendered":"<p>Notes de tall\u00a0 Les qualificacions publicades sempre s\u00f3n orientatives i variaran cada curs en funci\u00f3 de les qualificacions que aportin les persones preinscrites. Als CFG Superior normalment es generen vacants a la via 1 que acabem omplint amb les llistes d\u2019espera ja que algunes persones a les que se\u2019ls ha adjudicat pla\u00e7a acaben a la [&hellip;]<\/p>\n","protected":false},"author":1,"featured_media":0,"parent":0,"menu_order":0,"comment_status":"closed","ping_status":"closed","template":"","meta":{"_bbp_topic_count":0,"_bbp_reply_count":0,"_bbp_total_topic_count":0,"_bbp_total_reply_count":0,"_bbp_voice_count":0,"_bbp_anonymous_reply_count":0,"_bbp_topic_count_hidden":0,"_bbp_reply_count_hidden":0,"_bbp_forum_subforum_count":0,"site-sidebar-layout":"default","site-content-layout":"","ast-site-content-layout":"","site-content-style":"default","site-sidebar-style":"default","ast-global-header-display":"","ast-banner-title-visibility":"","ast-main-header-display":"","ast-hfb-above-header-display":"","ast-hfb-below-header-display":"","ast-hfb-mobile-header-display":"","site-post-title":"","ast-breadcrumbs-content":"","ast-featured-img":"","footer-sml-layout":"","theme-transparent-header-meta":"","adv-header-id-meta":"","stick-header-meta":"","header-above-stick-meta":"","header-main-stick-meta":"","header-below-stick-meta":"","astra-migrate-meta-layouts":"default","ast-page-background-enabled":"default","ast-page-background-meta":{"desktop":{"background-color":"var(--ast-global-color-4)","background-image":"","background-repeat":"repeat","background-position":"center center","background-size":"auto","background-attachment":"scroll","background-type":"","background-media":"","overlay-type":"","overlay-color":"","overlay-opacity":"","overlay-gradient":""},"tablet":{"background-color":"","background-image":"","background-repeat":"repeat","background-position":"center center","background-size":"auto","background-attachment":"scroll","background-type":"","background-media":"","overlay-type":"","overlay-color":"","overlay-opacity":"","overlay-gradient":""},"mobile":{"background-color":"","background-image":"","background-repeat":"repeat","background-position":"center center","background-size":"auto","background-attachment":"scroll","background-type":"","background-media":"","overlay-type":"","overlay-color":"","overlay-opacity":"","overlay-gradient":""}},"ast-content-background-meta":{"desktop":{"background-color":"var(--ast-global-color-5)","background-image":"","background-repeat":"repeat","background-position":"center center","background-size":"auto","background-attachment":"scroll","background-type":"","background-media":"","overlay-type":"","overlay-color":"","overlay-opacity":"","overlay-gradient":""},"tablet":{"background-color":"var(--ast-global-color-5)","background-image":"","background-repeat":"repeat","background-position":"center center","background-size":"auto","background-attachment":"scroll","background-type":"","background-media":"","overlay-type":"","overlay-color":"","overlay-opacity":"","overlay-gradient":""},"mobile":{"background-color":"var(--ast-global-color-5)","background-image":"","background-repeat":"repeat","background-position":"center center","background-size":"auto","background-attachment":"scroll","background-type":"","background-media":"","overlay-type":"","overlay-color":"","overlay-opacity":"","overlay-gradient":""}},"footnotes":""},"class_list":["post-23564","page","type-page","status-publish","hentry"],"post_mailing_queue_ids":[],"_links":{"self":[{"href":"https:\/\/agora.xtec.cat\/iesmarti-i-pol\/wp-json\/wp\/v2\/pages\/23564","targetHints":{"allow":["GET"]}}],"collection":[{"href":"https:\/\/agora.xtec.cat\/iesmarti-i-pol\/wp-json\/wp\/v2\/pages"}],"about":[{"href":"https:\/\/agora.xtec.cat\/iesmarti-i-pol\/wp-json\/wp\/v2\/types\/page"}],"author":[{"embeddable":true,"href":"https:\/\/agora.xtec.cat\/iesmarti-i-pol\/wp-json\/wp\/v2\/users\/1"}],"replies":[{"embeddable":true,"href":"https:\/\/agora.xtec.cat\/iesmarti-i-pol\/wp-json\/wp\/v2\/comments?post=23564"}],"version-history":[{"count":1,"href":"https:\/\/agora.xtec.cat\/iesmarti-i-pol\/wp-json\/wp\/v2\/pages\/23564\/revisions"}],"predecessor-version":[{"id":23565,"href":"https:\/\/agora.xtec.cat\/iesmarti-i-pol\/wp-json\/wp\/v2\/pages\/23564\/revisions\/23565"}],"wp:attachment":[{"href":"https:\/\/agora.xtec.cat\/iesmarti-i-pol\/wp-json\/wp\/v2\/media?parent=23564"}],"curies":[{"name":"wp","href":"https:\/\/api.w.org\/{rel}","templated":true}]}}