{"id":23290,"date":"2023-02-17T12:24:07","date_gmt":"2023-02-17T11:24:07","guid":{"rendered":"https:\/\/agora.xtec.cat\/iesmarti-i-pol\/?page_id=23290"},"modified":"2023-02-17T13:11:28","modified_gmt":"2023-02-17T12:11:28","slug":"el-nostre-nom","status":"publish","type":"page","link":"https:\/\/agora.xtec.cat\/iesmarti-i-pol\/linstitut\/el-nostre-nom\/","title":{"rendered":"El nostre nom"},"content":{"rendered":"<p style=\"text-align: justify;\"><span style=\"color: #800000;\"><strong>Molts anys amb tu, Mart\u00ed i Pol<\/strong><\/span><\/p>\n<p style=\"text-align: justify;\"><span style=\"color: #0000ff;\"><em>Ignasi Riera<\/em><\/span><\/p>\n<p style=\"text-align: justify;\"><span style=\"color: #3366ff;\"><strong>Tot va comen\u00e7ar un dia dels anys 80<\/strong><\/span>. Amb la fam\u00edlia i uns quants amics del barri del Pedr\u00f3 ens v\u00e0rem decidir a visitar-te: ten\u00edem un amic com\u00fa, l&#8217;Emili Teixidor, que era responsable de la col\u00b7lecci\u00f3 de literatura juvenil &#8220;El nus&#8221;, a l&#8217;editorial L\u00e0ia, on jo treballava.<\/p>\n<p style=\"text-align: justify;\">Era el primer cop que an\u00e0vem a Roda de Ter: per arribar-hi, primer van anar a dinar a Manlleu. I a l&#8217;hora del caf\u00e8, ens present\u00e0vem al carrer de les Escoles.<\/p>\n<p style=\"text-align: justify;\">Feia anys que <strong><span style=\"color: #3366ff;\">vivies immobilitzat<\/span><\/strong> ho havies explicat al llibre teu que m\u00e9s m&#8217;emociona: <span style=\"color: #3366ff;\"><strong><em>La pell del viol\u00ed<\/em><\/strong><\/span>, per\u00f2 sab\u00edem que la teva primera sortida havia estat cap a la nostra comarca: havies fet cap a l&#8217;Escola El Puig d&#8217;Esparraguera, on els alumnes havien treballat activament sobre un grapat de poemes teus. La proposta va ser clara: &#8220;vine a Cornell\u00e0, Miquel: a l&#8217;Orfe\u00f3 Catal\u00f2nia et farem un homenatge!&#8221; I \u00e9s aix\u00ed com va comen\u00e7ar tot. <strong><span style=\"color: #3366ff;\">En lloc d&#8217;un homenatge, dos<\/span><\/strong>. I gent d&#8217;arreu de Catalunya va peregrinar cap a Cornell\u00e0 per poder-te veure i sentir. Recordo, per exemple, que les criatures petites et miraven les mans i les acaronaven. I que persones que anaven amb cadira de rodes, com a tu mateix, tamb\u00e9 volien ser presents a l&#8217;homenatge.<\/p>\n<p style=\"text-align: justify;\">Un cop acabat tot, <strong><span style=\"color: #3366ff;\">vol\u00edem que tot all\u00f2 tingu\u00e9s continu\u00eftat i que el teu nom qued\u00e9s en un centre de la nostra ciutat<\/span><\/strong>. No va ser f\u00e0cil, Miquel: em d\u00e8iem que nom\u00e9s volien dedicar centres a persones que ja haguessin travessat la frontera d&#8217;aquesta vida, i a tu et quedava encara molta i molta vida&#8230; T&#8217;he de confessar que les gestions per aconseguir que ens deixessin &#8220;batejar&#8221; un nou centre amb el teu nom varen ser dificil\u00edssimes&#8230;<\/p>\n<p style=\"text-align: justify;\">Anys a venir, els lligams entre el nou centre i tu serien cada cop m\u00e9s senzills: <strong><span style=\"color: #3366ff;\">el dia de Sant Jordi de 1990 et v\u00e0rem dedicar un homenatge<\/span><\/strong>. I quan eres l&#8217;escriptor del m\u00e9s tamb\u00e9 vas ser nostre per unes quantes hores. I quan el centre celebrava aniversari&#8230;<\/p>\n<p style=\"text-align: justify;\"><strong><span style=\"color: #3366ff;\">Cada cop et d\u00e8iem<\/span><\/strong>: els nostres s\u00f3n pobles amb riu, el teu del Ter i el nostre del Llobregat. I tots dos han estat pobles amb f\u00e0brica.<\/p>\n<p style=\"text-align: justify;\">Quan va emmalaltir la Dolors, la teva dona, i va ser operada a Bellvitge, les infermeres cornellanenques d&#8217;all\u00e0 ens portaven cada dia el missatge per dir-nos com anava tot.<\/p>\n<p style=\"text-align: justify;\">I quan va tenir lloc el refer\u00e8ndum sobre l&#8217;OTAN, <strong><span style=\"color: #3366ff;\">el teu poema sobre la pau era repartir a tots els actes perqu\u00e8 et sab\u00edem un dels nostres, Miquel Mart\u00ed i Pol<\/span><\/strong>.<\/p>\n<p style=\"text-align: justify;\">Has estat, per a nosaltres, un mestre en l&#8217;art d&#8217;estimar. \u00bfSabies que a molts casaments civils, que a Cornell\u00e0 tenen m\u00e9s lit\u00fargia que els religiosos, s\u00f3n moltes les parelles que demanen si els poden recitar alguns versos de Miquel Mart\u00ed i Pol? Quan era regidor, i casava per delegaci\u00f3 de l&#8217;alcalde, havia repetit sovint all\u00f2 que fa:<strong><span style=\"color: #3366ff;\"> &#8220;tot en l&#8217;amor s&#8217;emplena de sentit: sols per l&#8217;amor ens creixen roses als dits i se&#8217;ns revelem els misteris; i en l&#8217;amor tot \u00e9s just i necessari&#8221;<\/span><\/strong>.<\/p>\n<p style=\"text-align: justify;\"><span style=\"color: #3366ff;\"><strong>La formaci\u00f3 professional \u00e9s apassionant<\/strong><\/span>: convertir en lli\u00e7ons i en paraules i en pr\u00e0ctiques escolars les troballes de segles d&#8217;experi\u00e8ncia de gent feinera&#8230;\u00e9s tota una lli\u00e7\u00f3. Ens agrada que el &#8220;patr\u00f3&#8221; (laic) d&#8217;un centre cornellanenc de FP sigui una persona que va treballar a la f\u00e0brica i que ho sabia tot sobre la duresa de la vida d&#8217;alg\u00fa que hi treballa.<\/p>\n<p style=\"text-align: justify;\"><strong><span style=\"color: #3366ff;\">Els temps canvien, Miquel<\/span><\/strong>: a vegades, l&#8217;esperan\u00e7a se&#8217;ns torna de fum o d&#8217;anunci: tothom ens ho vol vendre tot&#8230; i el dia a dia se&#8217;ns omple d&#8217;ang\u00fanies, de perplexitats, de dubtes sobre el nostre futur immediat. Recordar la teva figura i les teves paraules ens pot alliberar de la desesperaci\u00f3, del neguit, de l&#8217;exc\u00e9s de neglig\u00e8ncia, de la tend\u00e8ncia a no fer res de res. <span style=\"color: #3366ff;\"><strong>Sabies, Miquel Mart\u00ed i Pol, que ens carregues permanentment d&#8217;energia i de ganes de viure?<\/strong><\/span><\/p>\n","protected":false},"excerpt":{"rendered":"<p>Molts anys amb tu, Mart\u00ed i Pol Ignasi Riera Tot va comen\u00e7ar un dia dels anys 80. Amb la fam\u00edlia i uns quants amics del barri del Pedr\u00f3 ens v\u00e0rem decidir a visitar-te: ten\u00edem un amic com\u00fa, l&#8217;Emili Teixidor, que era responsable de la col\u00b7lecci\u00f3 de literatura juvenil &#8220;El nus&#8221;, a l&#8217;editorial L\u00e0ia, on jo [&hellip;]<\/p>\n","protected":false},"author":1,"featured_media":0,"parent":19,"menu_order":3,"comment_status":"closed","ping_status":"closed","template":"","meta":{"_bbp_topic_count":0,"_bbp_reply_count":0,"_bbp_total_topic_count":0,"_bbp_total_reply_count":0,"_bbp_voice_count":0,"_bbp_anonymous_reply_count":0,"_bbp_topic_count_hidden":0,"_bbp_reply_count_hidden":0,"_bbp_forum_subforum_count":0,"site-sidebar-layout":"default","site-content-layout":"","ast-site-content-layout":"","site-content-style":"default","site-sidebar-style":"default","ast-global-header-display":"","ast-banner-title-visibility":"","ast-main-header-display":"","ast-hfb-above-header-display":"","ast-hfb-below-header-display":"","ast-hfb-mobile-header-display":"","site-post-title":"","ast-breadcrumbs-content":"","ast-featured-img":"","footer-sml-layout":"","theme-transparent-header-meta":"","adv-header-id-meta":"","stick-header-meta":"","header-above-stick-meta":"","header-main-stick-meta":"","header-below-stick-meta":"","astra-migrate-meta-layouts":"default","ast-page-background-enabled":"default","ast-page-background-meta":{"desktop":{"background-color":"var(--ast-global-color-4)","background-image":"","background-repeat":"repeat","background-position":"center center","background-size":"auto","background-attachment":"scroll","background-type":"","background-media":"","overlay-type":"","overlay-color":"","overlay-opacity":"","overlay-gradient":""},"tablet":{"background-color":"","background-image":"","background-repeat":"repeat","background-position":"center center","background-size":"auto","background-attachment":"scroll","background-type":"","background-media":"","overlay-type":"","overlay-color":"","overlay-opacity":"","overlay-gradient":""},"mobile":{"background-color":"","background-image":"","background-repeat":"repeat","background-position":"center center","background-size":"auto","background-attachment":"scroll","background-type":"","background-media":"","overlay-type":"","overlay-color":"","overlay-opacity":"","overlay-gradient":""}},"ast-content-background-meta":{"desktop":{"background-color":"var(--ast-global-color-5)","background-image":"","background-repeat":"repeat","background-position":"center center","background-size":"auto","background-attachment":"scroll","background-type":"","background-media":"","overlay-type":"","overlay-color":"","overlay-opacity":"","overlay-gradient":""},"tablet":{"background-color":"var(--ast-global-color-5)","background-image":"","background-repeat":"repeat","background-position":"center center","background-size":"auto","background-attachment":"scroll","background-type":"","background-media":"","overlay-type":"","overlay-color":"","overlay-opacity":"","overlay-gradient":""},"mobile":{"background-color":"var(--ast-global-color-5)","background-image":"","background-repeat":"repeat","background-position":"center center","background-size":"auto","background-attachment":"scroll","background-type":"","background-media":"","overlay-type":"","overlay-color":"","overlay-opacity":"","overlay-gradient":""}},"footnotes":""},"class_list":["post-23290","page","type-page","status-publish","hentry"],"post_mailing_queue_ids":[],"_links":{"self":[{"href":"https:\/\/agora.xtec.cat\/iesmarti-i-pol\/wp-json\/wp\/v2\/pages\/23290","targetHints":{"allow":["GET"]}}],"collection":[{"href":"https:\/\/agora.xtec.cat\/iesmarti-i-pol\/wp-json\/wp\/v2\/pages"}],"about":[{"href":"https:\/\/agora.xtec.cat\/iesmarti-i-pol\/wp-json\/wp\/v2\/types\/page"}],"author":[{"embeddable":true,"href":"https:\/\/agora.xtec.cat\/iesmarti-i-pol\/wp-json\/wp\/v2\/users\/1"}],"replies":[{"embeddable":true,"href":"https:\/\/agora.xtec.cat\/iesmarti-i-pol\/wp-json\/wp\/v2\/comments?post=23290"}],"version-history":[{"count":1,"href":"https:\/\/agora.xtec.cat\/iesmarti-i-pol\/wp-json\/wp\/v2\/pages\/23290\/revisions"}],"predecessor-version":[{"id":23291,"href":"https:\/\/agora.xtec.cat\/iesmarti-i-pol\/wp-json\/wp\/v2\/pages\/23290\/revisions\/23291"}],"up":[{"embeddable":true,"href":"https:\/\/agora.xtec.cat\/iesmarti-i-pol\/wp-json\/wp\/v2\/pages\/19"}],"wp:attachment":[{"href":"https:\/\/agora.xtec.cat\/iesmarti-i-pol\/wp-json\/wp\/v2\/media?parent=23290"}],"curies":[{"name":"wp","href":"https:\/\/api.w.org\/{rel}","templated":true}]}}