{"id":23286,"date":"2023-02-17T12:17:13","date_gmt":"2023-02-17T11:17:13","guid":{"rendered":"https:\/\/agora.xtec.cat\/iesmarti-i-pol\/?page_id=23286"},"modified":"2023-02-17T12:40:40","modified_gmt":"2023-02-17T11:40:40","slug":"qui-som-presentacio","status":"publish","type":"page","link":"https:\/\/agora.xtec.cat\/iesmarti-i-pol\/linstitut\/qui-som-presentacio\/","title":{"rendered":"Qui som? (presentaci\u00f3)"},"content":{"rendered":"<p style=\"text-align: justify;\">L&#8217;Institut<span style=\"color: #9c1905;\"> <strong><span class=\"bold\">&#8220;Miquel Mart\u00ed i Pol&#8221;<\/span><\/strong><\/span> treballa en l&#8217;educaci\u00f3 del jovent de Cornell\u00e0 i de la comarca del Baix Llobregat. En un comen\u00e7ament, com a centre de formaci\u00f3 professional i des de l&#8217;aplicaci\u00f3 de la LOGSE i la LOE, <span class=\"cursiva\" style=\"color: #9c1905;\"><strong>com a centre que imparteix ESO, batxillerat i cicles formatius de les fam\u00edlies d&#8217;electricitat i electr\u00f2nica, fusta i moble, sanitat i seguretat i medi ambient<\/strong><\/span><span class=\"cursiva\">, <\/span>amb una oferta que pot abastar l&#8217;alumnat de tot Catalunya.<\/p>\n<p class=\"texto\" style=\"text-align: justify;\"><span style=\"color: #9c1905;\"><span class=\"cursiva\"><strong>Som un centre p\u00fablic, aconfessional, no sexista, interclassista i inter\u00e8tnic, que fomenta els valors, les normes i actituds que caracteritzen una societat plural, democr\u00e0tica i solid\u00e0ria<\/strong><\/span>.<\/span> Impartim una educaci\u00f3 integral i de qualitat en mitjans i professorat, fent que l&#8217;alumnat estimi l&#8217; Institut. <span style=\"color: #9c1905;\"><strong><span class=\"bold\">En resum: un ensenyament igualitari, integrador i humanista<\/span><\/strong><span class=\"bold\">.<\/span><\/span><\/p>\n<p class=\"texto\" style=\"text-align: justify;\">A continuaci\u00f3 teniu informaci\u00f3 acurada sobre el nostre funcionament, que esperem que us sigui de profit de cara a un millor coneixement del nostre centre. De tota manera, restem a la vostra disposici\u00f3 per tal de comentar aquells aspectes concrets o generals que cregueu oportuns.<\/p>\n<p class=\"texto\"><span class=\"cursiva\" style=\"color: #9c1905;\"><strong>L&#8217;Equip Directiu<\/strong><\/span><\/p>\n","protected":false},"excerpt":{"rendered":"<p>L&#8217;Institut &#8220;Miquel Mart\u00ed i Pol&#8221; treballa en l&#8217;educaci\u00f3 del jovent de Cornell\u00e0 i de la comarca del Baix Llobregat. En un comen\u00e7ament, com a centre de formaci\u00f3 professional i des de l&#8217;aplicaci\u00f3 de la LOGSE i la LOE, com a centre que imparteix ESO, batxillerat i cicles formatius de les fam\u00edlies d&#8217;electricitat i electr\u00f2nica, fusta [&hellip;]<\/p>\n","protected":false},"author":1,"featured_media":0,"parent":19,"menu_order":1,"comment_status":"closed","ping_status":"closed","template":"","meta":{"_bbp_topic_count":0,"_bbp_reply_count":0,"_bbp_total_topic_count":0,"_bbp_total_reply_count":0,"_bbp_voice_count":0,"_bbp_anonymous_reply_count":0,"_bbp_topic_count_hidden":0,"_bbp_reply_count_hidden":0,"_bbp_forum_subforum_count":0,"site-sidebar-layout":"default","site-content-layout":"","ast-site-content-layout":"","site-content-style":"default","site-sidebar-style":"default","ast-global-header-display":"","ast-banner-title-visibility":"","ast-main-header-display":"","ast-hfb-above-header-display":"","ast-hfb-below-header-display":"","ast-hfb-mobile-header-display":"","site-post-title":"","ast-breadcrumbs-content":"","ast-featured-img":"","footer-sml-layout":"","theme-transparent-header-meta":"","adv-header-id-meta":"","stick-header-meta":"","header-above-stick-meta":"","header-main-stick-meta":"","header-below-stick-meta":"","astra-migrate-meta-layouts":"default","ast-page-background-enabled":"default","ast-page-background-meta":{"desktop":{"background-color":"var(--ast-global-color-4)","background-image":"","background-repeat":"repeat","background-position":"center center","background-size":"auto","background-attachment":"scroll","background-type":"","background-media":"","overlay-type":"","overlay-color":"","overlay-opacity":"","overlay-gradient":""},"tablet":{"background-color":"","background-image":"","background-repeat":"repeat","background-position":"center center","background-size":"auto","background-attachment":"scroll","background-type":"","background-media":"","overlay-type":"","overlay-color":"","overlay-opacity":"","overlay-gradient":""},"mobile":{"background-color":"","background-image":"","background-repeat":"repeat","background-position":"center center","background-size":"auto","background-attachment":"scroll","background-type":"","background-media":"","overlay-type":"","overlay-color":"","overlay-opacity":"","overlay-gradient":""}},"ast-content-background-meta":{"desktop":{"background-color":"var(--ast-global-color-5)","background-image":"","background-repeat":"repeat","background-position":"center center","background-size":"auto","background-attachment":"scroll","background-type":"","background-media":"","overlay-type":"","overlay-color":"","overlay-opacity":"","overlay-gradient":""},"tablet":{"background-color":"var(--ast-global-color-5)","background-image":"","background-repeat":"repeat","background-position":"center center","background-size":"auto","background-attachment":"scroll","background-type":"","background-media":"","overlay-type":"","overlay-color":"","overlay-opacity":"","overlay-gradient":""},"mobile":{"background-color":"var(--ast-global-color-5)","background-image":"","background-repeat":"repeat","background-position":"center center","background-size":"auto","background-attachment":"scroll","background-type":"","background-media":"","overlay-type":"","overlay-color":"","overlay-opacity":"","overlay-gradient":""}},"footnotes":""},"class_list":["post-23286","page","type-page","status-publish","hentry"],"post_mailing_queue_ids":[],"_links":{"self":[{"href":"https:\/\/agora.xtec.cat\/iesmarti-i-pol\/wp-json\/wp\/v2\/pages\/23286","targetHints":{"allow":["GET"]}}],"collection":[{"href":"https:\/\/agora.xtec.cat\/iesmarti-i-pol\/wp-json\/wp\/v2\/pages"}],"about":[{"href":"https:\/\/agora.xtec.cat\/iesmarti-i-pol\/wp-json\/wp\/v2\/types\/page"}],"author":[{"embeddable":true,"href":"https:\/\/agora.xtec.cat\/iesmarti-i-pol\/wp-json\/wp\/v2\/users\/1"}],"replies":[{"embeddable":true,"href":"https:\/\/agora.xtec.cat\/iesmarti-i-pol\/wp-json\/wp\/v2\/comments?post=23286"}],"version-history":[{"count":1,"href":"https:\/\/agora.xtec.cat\/iesmarti-i-pol\/wp-json\/wp\/v2\/pages\/23286\/revisions"}],"predecessor-version":[{"id":23287,"href":"https:\/\/agora.xtec.cat\/iesmarti-i-pol\/wp-json\/wp\/v2\/pages\/23286\/revisions\/23287"}],"up":[{"embeddable":true,"href":"https:\/\/agora.xtec.cat\/iesmarti-i-pol\/wp-json\/wp\/v2\/pages\/19"}],"wp:attachment":[{"href":"https:\/\/agora.xtec.cat\/iesmarti-i-pol\/wp-json\/wp\/v2\/media?parent=23286"}],"curies":[{"name":"wp","href":"https:\/\/api.w.org\/{rel}","templated":true}]}}