{"id":23088,"date":"2026-04-07T08:00:18","date_gmt":"2026-04-07T06:00:18","guid":{"rendered":"https:\/\/agora.xtec.cat\/iesmarti-i-pol\/?page_id=23088"},"modified":"2026-04-07T10:08:09","modified_gmt":"2026-04-07T08:08:09","slug":"portes-obertes-cicles-formatius","status":"publish","type":"page","link":"https:\/\/agora.xtec.cat\/iesmarti-i-pol\/portes-obertes-cicles-formatius\/","title":{"rendered":"Us agradaria assistir a les portes obertes dels nostres cicles formatius?"},"content":{"rendered":"<p>Les portes obertes d&#8217;aquest 2026 es faran en modalitat presencial, <strong>l&#8217;aforament per a l&#8217;assist\u00e8ncia \u00e9s limitat<\/strong>. Per aix\u00f2 <span style=\"text-decoration: underline;\">\u00e9s necessari que feu la inscripci\u00f3<\/span> mitjan\u00e7at els enlla\u00e7os que trobareu a continuaci\u00f3:<\/p>\n<hr \/>\n<h6><span style=\"color: #008000;\"><strong>CICLES FORMATIUS DE GRAU MITJ\u00c0 i PFI<\/strong><\/span><\/h6>\n<table style=\"border-color: #000000; border-style: solid; border-collapse: collapse;\">\n<tbody>\n<tr>\n<td style=\"border-color: #000000; border-style: solid;\">\n<h5><span style=\"color: #008000;\"><strong>Estudis<\/strong><\/span><\/h5>\n<\/td>\n<td style=\"border-color: #000000; border-style: solid;\">\n<h5><span style=\"color: #008000;\"><strong>Dia<\/strong><\/span><\/h5>\n<\/td>\n<td style=\"border-color: #000000; border-style: solid;\">\n<h5><span style=\"color: #008000;\"><strong>Hora<\/strong><\/span><\/h5>\n<\/td>\n<td style=\"border-color: #000000; border-style: solid;\">\n<h5><span style=\"color: #008000;\"><strong>Lloc<\/strong><\/span><\/h5>\n<\/td>\n<td style=\"border-color: #000000; border-style: solid;\">\n<h5><span style=\"color: #008000;\"><strong>Inscripci\u00f3<\/strong><\/span><\/h5>\n<\/td>\n<\/tr>\n<tr>\n<td style=\"border-color: #000000; border-style: solid;\" rowspan=\"2\"><strong><span style=\"color: #000000;\">Cures auxiliars d&#8217;infermeria (CAI)<\/span><\/strong><\/td>\n<td style=\"border-color: #000000; border-style: solid;\"><span style=\"color: #000000;\">Dimarts 28\/4\/2026<\/span><\/td>\n<td style=\"border-color: #000000; border-style: solid;\"><span style=\"color: #000000;\">18:15h<\/span><\/td>\n<td style=\"border-color: #000000; border-style: solid;\"><span style=\"color: #000000;\">Polivalent<\/span><\/td>\n<td style=\"border-color: #000000; border-style: solid;\"><span style=\"color: #008000;\"><a href=\"https:\/\/docs.google.com\/forms\/d\/e\/1FAIpQLSclMvT7_nKoMYi04Ueqw3gYeB-jeTUgO6ymnjfavcYGE2i8iA\/viewform?usp=dialog\">Formulari_CAI<\/a><strong><br \/>\n<\/strong><\/span><\/td>\n<\/tr>\n<tr>\n<td style=\"border-color: #000000; border-style: solid;\"><span style=\"color: #000000;\">Dimecres 29\/4\/2026<\/span><\/td>\n<td style=\"border-color: #000000; border-style: solid;\"><span style=\"color: #000000;\">17:00h<\/span><\/td>\n<td style=\"border-color: #000000; border-style: solid;\"><span style=\"color: #000000;\">Polivalent<\/span><\/td>\n<td style=\"border-color: #000000; border-style: solid;\"><span style=\"color: #008000;\"><a href=\"https:\/\/docs.google.com\/forms\/d\/e\/1FAIpQLScfnsbauLMi9EMpP1m37PIreeE4TYPrfn9iVAnzvedSYXxCTg\/viewform?usp=dialog\" target=\"_blank\" rel=\"noopener\">Formulari_CAI<\/a><\/span><\/td>\n<\/tr>\n<tr>\n<td style=\"border-color: #000000; border-style: solid;\"><span style=\"color: #000000;\"><b>Farm\u00e0cia i parafarm\u00e0cia (FiPF)<\/b><\/span><\/td>\n<td style=\"border-color: #000000; border-style: solid;\"><span style=\"color: #000000;\">Dimarts 28\/4\/2026<\/span><\/td>\n<td style=\"border-color: #000000; border-style: solid;\"><span style=\"color: #000000;\">17:00h<\/span><\/td>\n<td style=\"border-color: #000000; border-style: solid;\"><span style=\"color: #000000;\">Polivalent<\/span><\/td>\n<td style=\"border-color: #000000; border-style: solid;\"><span style=\"color: #008000;\"><a href=\"https:\/\/docs.google.com\/forms\/d\/e\/1FAIpQLSfZvs0epBpCj94uUmlwra2oWJBdu-wU5VJzyfrg2cOpZ5HPIg\/viewform?usp=sf_link\" target=\"_blank\" rel=\"noopener\">Formulari_FiPF<\/a><\/span><\/td>\n<\/tr>\n<tr>\n<td style=\"border-color: #000000; border-style: solid;\"><span style=\"color: #000000;\"><b>Instal\u00b7lacions el\u00e8ctriques i autom\u00e0tiques (IEA)<\/b><\/span><\/td>\n<td style=\"border-color: #000000; border-style: solid;\"><span style=\"color: #000000;\">Dimecres 29\/04\/2026<\/span><\/td>\n<td style=\"border-color: #000000; border-style: solid;\"><span style=\"color: #000000;\">17:30h<\/span><\/td>\n<td style=\"border-color: #000000; border-style: solid;\"><span style=\"color: #000000;\">Biblioteca<\/span><\/td>\n<td style=\"border-color: #000000; border-style: solid;\"><span style=\"color: #008000;\"><a href=\"https:\/\/docs.google.com\/forms\/d\/e\/1FAIpQLSdxUK5IZ_bsucQHLDEkKhYOH9VeSa-XtaIs-0txCWbFi4k-Ig\/viewform?usp=dialog\" target=\"_blank\" rel=\"noopener\">Formulari_IEA<\/a><\/span><\/td>\n<\/tr>\n<tr>\n<td style=\"border-color: #000000; border-style: solid;\"><span style=\"color: #000000;\"><b>Fusteria i moble (FiM)<\/b><\/span><\/td>\n<td style=\"border-color: #000000; border-style: solid;\"><span style=\"color: #000000;\">Dimecres 29\/4\/2026<\/span><\/td>\n<td style=\"border-color: #000000; border-style: solid;\"><span style=\"color: #000000;\">17:30h<\/span><\/td>\n<td style=\"border-color: #000000; border-style: solid;\"><span style=\"color: #000000;\">Biblioteca<\/span><\/td>\n<td style=\"border-color: #000000; border-style: solid;\"><span style=\"color: #008000;\"><a href=\"https:\/\/docs.google.com\/forms\/d\/e\/1FAIpQLSfR9dnwwg5Ec78hGNbfFnyNAGkF0qjveLOWklomEu3D0_zE8A\/viewform?usp=sf_link\" target=\"_blank\" rel=\"noopener\">Formulari_FiM<\/a><\/span><\/td>\n<\/tr>\n<tr>\n<td style=\"border-color: #000000; border-style: solid;\"><span style=\"color: #000000;\"><b>PFI Auxiliar de fusteria i instal\u00b7laci\u00f3 de mobles (PFI)<\/b><\/span><\/td>\n<td style=\"border-color: #000000; border-style: solid;\"><span style=\"color: #000000;\">Dimecres 29\/4\/2026<\/span><\/td>\n<td style=\"border-color: #000000; border-style: solid;\"><span style=\"color: #000000;\">17:30h<\/span><\/td>\n<td style=\"border-color: #000000; border-style: solid;\"><span style=\"color: #000000;\">Biblioteca<\/span><\/td>\n<td style=\"border-color: #000000; border-style: solid;\"><span style=\"color: #008000;\"><a href=\"https:\/\/docs.google.com\/forms\/d\/e\/1FAIpQLSdQLV9afNUX9AW2UqNqtpo7bai9rPyI3tAqMRKrZ6UxULmeJg\/viewform?usp=sf_link\" target=\"_blank\" rel=\"noopener\">Formulari_PFI<\/a><\/span><\/td>\n<\/tr>\n<\/tbody>\n<\/table>\n<h6><span style=\"color: #008000;\"><strong>CICLES FORMATIUS DE GRAU SUPERIOR<\/strong><\/span><\/h6>\n<table style=\"border-color: #000000; border-style: solid; border-collapse: collapse;\">\n<tbody>\n<tr>\n<td style=\"border-color: #000000; border-style: solid;\">\n<h5><span style=\"color: #008000;\"><b>Estudis<\/b><\/span><\/h5>\n<\/td>\n<td style=\"border-color: #000000; border-style: solid;\">\n<h5><span style=\"color: #008000;\"><b>Dia<\/b><\/span><\/h5>\n<\/td>\n<td style=\"border-color: #000000; border-style: solid;\">\n<h5><span style=\"color: #008000;\"><b>Hora\u00a0<\/b><\/span><\/h5>\n<\/td>\n<td style=\"border-color: #000000; border-style: solid;\">\n<h5><span style=\"color: #008000;\"><b>Lloc<\/b><\/span><\/h5>\n<\/td>\n<td style=\"border-color: #000000; border-style: solid;\">\n<h5><span style=\"color: #008000;\"><b>Inscripci\u00f3<\/b><\/span><\/h5>\n<\/td>\n<\/tr>\n<tr>\n<td style=\"border-color: #000000; border-style: solid;\"><b>Laboratori cl\u00ednic i biom\u00e8dic (LCB)<\/b><\/td>\n<td style=\"border-color: #000000; border-style: solid;\">Dimecres 29\/4\/2026<\/td>\n<td style=\"border-color: #000000; border-style: solid;\">18:15h<\/td>\n<td style=\"border-color: #000000; border-style: solid;\">Polivalent<\/td>\n<td style=\"border-color: #000000; border-style: solid;\"><a href=\"https:\/\/docs.google.com\/forms\/d\/e\/1FAIpQLSeW99pxn5J862ev8EeW4X4KBDJkOOsrvSv00O4rzbtK5Xac-Q\/viewform?usp=sf_link\" target=\"_blank\" rel=\"noopener\">Formulari_LCB<\/a><\/td>\n<\/tr>\n<tr>\n<td style=\"border-color: #000000; border-style: solid;\"><b>Anatomia patol\u00f2gica i citodiagn\u00f2stic (AP)<\/b><\/td>\n<td style=\"border-color: #000000; border-style: solid;\">Dimecres 29\/4\/2026<\/td>\n<td style=\"border-color: #000000; border-style: solid;\">19:30h<\/td>\n<td style=\"border-color: #000000; border-style: solid;\">Polivalent<\/td>\n<td style=\"border-color: #000000; border-style: solid;\"><a href=\"https:\/\/docs.google.com\/forms\/d\/e\/1FAIpQLSc3JjK1IUMO6cO5Z7Lfsh_u_UooG0HHkbBkWE2V4Zj08Duc7g\/viewform?usp=sf_link\" target=\"_blank\" rel=\"noopener\">Formulari_AP<\/a><\/td>\n<\/tr>\n<tr>\n<td style=\"border-color: #000000; border-style: solid;\"><b>Sistemes electrot\u00e8cnics i automatitzats (SEA)<\/b><\/td>\n<td style=\"border-color: #000000; border-style: solid;\">Dimecres 29\/4\/2026<\/td>\n<td style=\"border-color: #000000; border-style: solid;\">18:45h<\/td>\n<td style=\"border-color: #000000; border-style: solid;\">Biblioteca<\/td>\n<td style=\"border-color: #000000; border-style: solid;\"><a href=\"https:\/\/docs.google.com\/forms\/d\/e\/1FAIpQLSc14Njsp2bBKuhpW3iTyEX8YhjXpP-th5DQzdiyfWR7Oo0AGg\/viewform?usp=sf_link\" target=\"_blank\" rel=\"noopener\">Formulari_SEA<\/a><\/td>\n<\/tr>\n<tr>\n<td style=\"border-color: #000000; border-style: solid;\"><b>Disseny i moblament (DiMO)<\/b><\/td>\n<td style=\"border-color: #000000; border-style: solid;\">Dimecres 29\/4\/2026<\/td>\n<td style=\"border-color: #000000; border-style: solid;\">18:45h<\/td>\n<td style=\"border-color: #000000; border-style: solid;\">Biblioteca<\/td>\n<td style=\"border-color: #000000; border-style: solid;\"><a href=\"https:\/\/docs.google.com\/forms\/d\/e\/1FAIpQLSe9F16t4aFlkJfEL1g6eKhFHRz4u2xlbECXVFq8QhVnwjSfaw\/viewform?usp=sf_link\" target=\"_blank\" rel=\"noopener\">Formulari_DiMO<\/a><\/td>\n<\/tr>\n<tr>\n<td style=\"border-color: #000000; border-style: solid;\"><b>Qu\u00edmica i salut ambiental (QiSA)<\/b><\/td>\n<td style=\"border-color: #000000; border-style: solid;\">Dimecres 29\/4\/2026<\/td>\n<td style=\"border-color: #000000; border-style: solid;\">18:45h<\/td>\n<td style=\"border-color: #000000; border-style: solid;\">Biblioteca<\/td>\n<td style=\"border-color: #000000; border-style: solid;\"><a href=\"https:\/\/docs.google.com\/forms\/d\/e\/1FAIpQLSeeegfPcME444CLHLvuJOA_ZmPGEVVLlxjxNyvU0UsQXsI4OA\/viewform?usp=sf_link\" target=\"_blank\" rel=\"noopener\">Formulari_QiSA<\/a><\/td>\n<\/tr>\n<\/tbody>\n<\/table>\n<p>&nbsp;<\/p>\n","protected":false},"excerpt":{"rendered":"<p>Les portes obertes d&#8217;aquest 2026 es faran en modalitat presencial, l&#8217;aforament per a l&#8217;assist\u00e8ncia \u00e9s limitat. Per aix\u00f2 \u00e9s necessari que feu la inscripci\u00f3 mitjan\u00e7at els enlla\u00e7os que trobareu a continuaci\u00f3: CICLES FORMATIUS DE GRAU MITJ\u00c0 i PFI Estudis Dia Hora Lloc Inscripci\u00f3 Cures auxiliars d&#8217;infermeria (CAI) Dimarts 28\/4\/2026 18:15h Polivalent Formulari_CAI Dimecres 29\/4\/2026 17:00h [&hellip;]<\/p>\n","protected":false},"author":1,"featured_media":0,"parent":0,"menu_order":0,"comment_status":"closed","ping_status":"closed","template":"","meta":{"_bbp_topic_count":0,"_bbp_reply_count":0,"_bbp_total_topic_count":0,"_bbp_total_reply_count":0,"_bbp_voice_count":0,"_bbp_anonymous_reply_count":0,"_bbp_topic_count_hidden":0,"_bbp_reply_count_hidden":0,"_bbp_forum_subforum_count":0,"site-sidebar-layout":"default","site-content-layout":"","ast-site-content-layout":"default","site-content-style":"default","site-sidebar-style":"default","ast-global-header-display":"","ast-banner-title-visibility":"","ast-main-header-display":"","ast-hfb-above-header-display":"","ast-hfb-below-header-display":"","ast-hfb-mobile-header-display":"","site-post-title":"","ast-breadcrumbs-content":"","ast-featured-img":"","footer-sml-layout":"","theme-transparent-header-meta":"default","adv-header-id-meta":"","stick-header-meta":"","header-above-stick-meta":"","header-main-stick-meta":"","header-below-stick-meta":"","astra-migrate-meta-layouts":"set","ast-page-background-enabled":"default","ast-page-background-meta":{"desktop":{"background-color":"var(--ast-global-color-4)","background-image":"","background-repeat":"repeat","background-position":"center center","background-size":"auto","background-attachment":"scroll","background-type":"","background-media":"","overlay-type":"","overlay-color":"","overlay-opacity":"","overlay-gradient":""},"tablet":{"background-color":"","background-image":"","background-repeat":"repeat","background-position":"center center","background-size":"auto","background-attachment":"scroll","background-type":"","background-media":"","overlay-type":"","overlay-color":"","overlay-opacity":"","overlay-gradient":""},"mobile":{"background-color":"","background-image":"","background-repeat":"repeat","background-position":"center center","background-size":"auto","background-attachment":"scroll","background-type":"","background-media":"","overlay-type":"","overlay-color":"","overlay-opacity":"","overlay-gradient":""}},"ast-content-background-meta":{"desktop":{"background-color":"var(--ast-global-color-5)","background-image":"","background-repeat":"repeat","background-position":"center center","background-size":"auto","background-attachment":"scroll","background-type":"","background-media":"","overlay-type":"","overlay-color":"","overlay-opacity":"","overlay-gradient":""},"tablet":{"background-color":"var(--ast-global-color-5)","background-image":"","background-repeat":"repeat","background-position":"center center","background-size":"auto","background-attachment":"scroll","background-type":"","background-media":"","overlay-type":"","overlay-color":"","overlay-opacity":"","overlay-gradient":""},"mobile":{"background-color":"var(--ast-global-color-5)","background-image":"","background-repeat":"repeat","background-position":"center center","background-size":"auto","background-attachment":"scroll","background-type":"","background-media":"","overlay-type":"","overlay-color":"","overlay-opacity":"","overlay-gradient":""}},"footnotes":""},"class_list":["post-23088","page","type-page","status-publish","hentry"],"post_mailing_queue_ids":[],"_links":{"self":[{"href":"https:\/\/agora.xtec.cat\/iesmarti-i-pol\/wp-json\/wp\/v2\/pages\/23088","targetHints":{"allow":["GET"]}}],"collection":[{"href":"https:\/\/agora.xtec.cat\/iesmarti-i-pol\/wp-json\/wp\/v2\/pages"}],"about":[{"href":"https:\/\/agora.xtec.cat\/iesmarti-i-pol\/wp-json\/wp\/v2\/types\/page"}],"author":[{"embeddable":true,"href":"https:\/\/agora.xtec.cat\/iesmarti-i-pol\/wp-json\/wp\/v2\/users\/1"}],"replies":[{"embeddable":true,"href":"https:\/\/agora.xtec.cat\/iesmarti-i-pol\/wp-json\/wp\/v2\/comments?post=23088"}],"version-history":[{"count":6,"href":"https:\/\/agora.xtec.cat\/iesmarti-i-pol\/wp-json\/wp\/v2\/pages\/23088\/revisions"}],"predecessor-version":[{"id":29264,"href":"https:\/\/agora.xtec.cat\/iesmarti-i-pol\/wp-json\/wp\/v2\/pages\/23088\/revisions\/29264"}],"wp:attachment":[{"href":"https:\/\/agora.xtec.cat\/iesmarti-i-pol\/wp-json\/wp\/v2\/media?parent=23088"}],"curies":[{"name":"wp","href":"https:\/\/api.w.org\/{rel}","templated":true}]}}