{"id":17584,"date":"2020-10-16T13:20:37","date_gmt":"2020-10-16T11:20:37","guid":{"rendered":"http:\/\/agora.xtec.cat\/iesmarti-i-pol\/?page_id=17584"},"modified":"2025-11-12T11:51:00","modified_gmt":"2025-11-12T10:51:00","slug":"reconeixement-de-nivells-de-catala-b1-i-c2","status":"publish","type":"page","link":"https:\/\/agora.xtec.cat\/iesmarti-i-pol\/secretaria\/reconeixement-de-nivells-de-catala-b1-i-c2\/","title":{"rendered":"Reconeixement de nivells de catal\u00e0 B2 i C1"},"content":{"rendered":"<p>Els centres p\u00fablics d&#8217;Educaci\u00f3 Secund\u00e0ria de Catalunya poden expedir certificats d&#8217;equival\u00e8ncia del nivell de Catal\u00e0 a l&#8217;alumnat que ho sol\u00b7liciti i acompleixi les condicions establertes per la normativa.<\/p>\n<p>Ho poden demanar:<\/p>\n<p>Les persones nascudes a partir de l&#8217;any 1972 que volen obtenir aquest reconeixement i l&#8217;itinerari educatiu de les quals s&#8217;hagi portat a terme \u00edntegrament a Catalunya o, parcialment, a d&#8217;altres territoris on el catal\u00e0 hi fos llengua curricular i avaluable, de manera <strong>que\u00a0s&#8217;hagi acabat obtenint la titulaci\u00f3 al sistema educatiu de Catalunya<\/strong>.<\/p>\n<p>Aix\u00ed doncs, la primera promoci\u00f3 escolar que t\u00e9 dret a demanar aquest reconeixement \u00e9s la que va comen\u00e7ar el primer any de l&#8217;educaci\u00f3 general b\u00e0sica (EGB) el curs 1978-1979, a partir del qual l&#8217;ensenyament del catal\u00e0 va ser oficial al sistema educatiu de Catalunya.<\/p>\n<p>La persona interessada ha d&#8217;emplenar la <a href=\"https:\/\/drive.google.com\/file\/d\/1Zi-gdNo0Y_lgnw8hd5hTsIqWuDB3Caow\/view?usp=drive_link\" target=\"_blank\" rel=\"noopener noreferrer\">sol\u00b7licitud<\/a> i <span style=\"color: #800000;\"><strong>portar-la a la secretaria amb la seg\u00fcent documentaci\u00f3 fotocopiada i originals per tal de verificar l&#8217;autenticitat dels documents.<\/strong><\/span> Els certificats es lliuraran per correu electr\u00f2nic i no caldr\u00e0 venir a l&#8217;institut per recollir-ho.<\/p>\n<p><a href=\"https:\/\/agora.xtec.cat\/iesmarti-i-pol\/wp-content\/uploads\/usu1292\/2020\/10\/S_Nivell-B2.png\"><img loading=\"lazy\" decoding=\"async\" class=\"alignnone size-full wp-image-17593\" src=\"https:\/\/agora.xtec.cat\/iesmarti-i-pol\/wp-content\/uploads\/usu1292\/2020\/10\/S_Nivell-B2.png\" alt=\"\" width=\"760\" height=\"332\" srcset=\"https:\/\/agora.xtec.cat\/iesmarti-i-pol\/wp-content\/uploads\/usu1292\/2020\/10\/S_Nivell-B2.png 760w, https:\/\/agora.xtec.cat\/iesmarti-i-pol\/wp-content\/uploads\/usu1292\/2020\/10\/S_Nivell-B2-300x131.png 300w\" sizes=\"auto, (max-width: 760px) 100vw, 760px\" \/><\/a><\/p>\n<p><a href=\"https:\/\/agora.xtec.cat\/iesmarti-i-pol\/wp-content\/uploads\/usu1292\/2020\/10\/S_Nivell-C1.png\"><img loading=\"lazy\" decoding=\"async\" class=\"alignnone size-full wp-image-17594\" src=\"https:\/\/agora.xtec.cat\/iesmarti-i-pol\/wp-content\/uploads\/usu1292\/2020\/10\/S_Nivell-C1.png\" alt=\"\" width=\"760\" height=\"656\" srcset=\"https:\/\/agora.xtec.cat\/iesmarti-i-pol\/wp-content\/uploads\/usu1292\/2020\/10\/S_Nivell-C1.png 760w, https:\/\/agora.xtec.cat\/iesmarti-i-pol\/wp-content\/uploads\/usu1292\/2020\/10\/S_Nivell-C1-300x259.png 300w\" sizes=\"auto, (max-width: 760px) 100vw, 760px\" \/><\/a><\/p>\n<ul>\n<li>Si no es disposa del Llibre d&#8217;escolaritat tamb\u00e9 es pot presentar un certificat acreditatiu d&#8217;haver estat escolaritzat a Catalunya sense haver tingut exempci\u00f3 de catal\u00e0.<\/li>\n<\/ul>\n","protected":false},"excerpt":{"rendered":"<p>Els centres p\u00fablics d&#8217;Educaci\u00f3 Secund\u00e0ria de Catalunya poden expedir certificats d&#8217;equival\u00e8ncia del nivell de Catal\u00e0 a l&#8217;alumnat que ho sol\u00b7liciti i acompleixi les condicions establertes per la normativa. Ho poden demanar: Les persones nascudes a partir de l&#8217;any 1972 que volen obtenir aquest reconeixement i l&#8217;itinerari educatiu de les quals s&#8217;hagi portat a terme \u00edntegrament [&hellip;]<\/p>\n","protected":false},"author":1,"featured_media":0,"parent":81,"menu_order":2,"comment_status":"closed","ping_status":"closed","template":"","meta":{"_bbp_topic_count":0,"_bbp_reply_count":0,"_bbp_total_topic_count":0,"_bbp_total_reply_count":0,"_bbp_voice_count":0,"_bbp_anonymous_reply_count":0,"_bbp_topic_count_hidden":0,"_bbp_reply_count_hidden":0,"_bbp_forum_subforum_count":0,"site-sidebar-layout":"default","site-content-layout":"","ast-site-content-layout":"default","site-content-style":"default","site-sidebar-style":"default","ast-global-header-display":"","ast-banner-title-visibility":"","ast-main-header-display":"","ast-hfb-above-header-display":"","ast-hfb-below-header-display":"","ast-hfb-mobile-header-display":"","site-post-title":"","ast-breadcrumbs-content":"","ast-featured-img":"","footer-sml-layout":"","theme-transparent-header-meta":"default","adv-header-id-meta":"","stick-header-meta":"","header-above-stick-meta":"","header-main-stick-meta":"","header-below-stick-meta":"","astra-migrate-meta-layouts":"set","ast-page-background-enabled":"default","ast-page-background-meta":{"desktop":{"background-color":"var(--ast-global-color-4)","background-image":"","background-repeat":"repeat","background-position":"center center","background-size":"auto","background-attachment":"scroll","background-type":"","background-media":"","overlay-type":"","overlay-color":"","overlay-opacity":"","overlay-gradient":""},"tablet":{"background-color":"","background-image":"","background-repeat":"repeat","background-position":"center center","background-size":"auto","background-attachment":"scroll","background-type":"","background-media":"","overlay-type":"","overlay-color":"","overlay-opacity":"","overlay-gradient":""},"mobile":{"background-color":"","background-image":"","background-repeat":"repeat","background-position":"center center","background-size":"auto","background-attachment":"scroll","background-type":"","background-media":"","overlay-type":"","overlay-color":"","overlay-opacity":"","overlay-gradient":""}},"ast-content-background-meta":{"desktop":{"background-color":"var(--ast-global-color-5)","background-image":"","background-repeat":"repeat","background-position":"center center","background-size":"auto","background-attachment":"scroll","background-type":"","background-media":"","overlay-type":"","overlay-color":"","overlay-opacity":"","overlay-gradient":""},"tablet":{"background-color":"var(--ast-global-color-5)","background-image":"","background-repeat":"repeat","background-position":"center center","background-size":"auto","background-attachment":"scroll","background-type":"","background-media":"","overlay-type":"","overlay-color":"","overlay-opacity":"","overlay-gradient":""},"mobile":{"background-color":"var(--ast-global-color-5)","background-image":"","background-repeat":"repeat","background-position":"center center","background-size":"auto","background-attachment":"scroll","background-type":"","background-media":"","overlay-type":"","overlay-color":"","overlay-opacity":"","overlay-gradient":""}},"footnotes":""},"class_list":["post-17584","page","type-page","status-publish","hentry"],"post_mailing_queue_ids":[],"_links":{"self":[{"href":"https:\/\/agora.xtec.cat\/iesmarti-i-pol\/wp-json\/wp\/v2\/pages\/17584","targetHints":{"allow":["GET"]}}],"collection":[{"href":"https:\/\/agora.xtec.cat\/iesmarti-i-pol\/wp-json\/wp\/v2\/pages"}],"about":[{"href":"https:\/\/agora.xtec.cat\/iesmarti-i-pol\/wp-json\/wp\/v2\/types\/page"}],"author":[{"embeddable":true,"href":"https:\/\/agora.xtec.cat\/iesmarti-i-pol\/wp-json\/wp\/v2\/users\/1"}],"replies":[{"embeddable":true,"href":"https:\/\/agora.xtec.cat\/iesmarti-i-pol\/wp-json\/wp\/v2\/comments?post=17584"}],"version-history":[{"count":6,"href":"https:\/\/agora.xtec.cat\/iesmarti-i-pol\/wp-json\/wp\/v2\/pages\/17584\/revisions"}],"predecessor-version":[{"id":28407,"href":"https:\/\/agora.xtec.cat\/iesmarti-i-pol\/wp-json\/wp\/v2\/pages\/17584\/revisions\/28407"}],"up":[{"embeddable":true,"href":"https:\/\/agora.xtec.cat\/iesmarti-i-pol\/wp-json\/wp\/v2\/pages\/81"}],"wp:attachment":[{"href":"https:\/\/agora.xtec.cat\/iesmarti-i-pol\/wp-json\/wp\/v2\/media?parent=17584"}],"curies":[{"name":"wp","href":"https:\/\/api.w.org\/{rel}","templated":true}]}}