{"id":17576,"date":"2020-10-16T12:13:51","date_gmt":"2020-10-16T10:13:51","guid":{"rendered":"http:\/\/agora.xtec.cat\/iesmarti-i-pol\/?page_id=17576"},"modified":"2025-02-14T13:55:24","modified_gmt":"2025-02-14T12:55:24","slug":"lliurament-de-titols-13","status":"publish","type":"page","link":"https:\/\/agora.xtec.cat\/iesmarti-i-pol\/secretaria\/lliurament-de-titols-13\/","title":{"rendered":"Lliurament de t\u00edtols"},"content":{"rendered":"<p>Per recollir el t\u00edtol si no us han citat pr\u00e8viament heu de demanar hora al correu de secretaria: <a href=\"mailto:secretaria@mmpol.cat\" target=\"_blank\" rel=\"noopener noreferrer\">secretaria@mmpol.cat<\/a><\/p>\n<p>Heu de venir personalment i portar el <strong>resguard del t\u00edtol i el vostre DNI<\/strong><\/p>\n<p>Si heu extraviat el resguard del t\u00edtol heu d&#8217;emplenar i signar aquest <a href=\"https:\/\/drive.google.com\/file\/d\/1cTRLks-X9SrpzD_FEVCXI3YNgAco3RN3\/view?usp=drive_link\" target=\"_blank\" rel=\"noopener noreferrer\">full.<\/a><\/p>\n<p>Si no podeu venir personalment heu d&#8217;emplenar aquesta <a href=\"https:\/\/drive.google.com\/file\/d\/1nZw-tLgJBxK6a253fX_8RNzwFZJ9XanB\/view?usp=drive_link\" target=\"_blank\" rel=\"noopener noreferrer\">autoritzaci\u00f3<\/a>, signar-la i adjuntar c\u00f2pia del vostre DNI i del de la persona que vindr\u00e0 a fer el tr\u00e0mit.<\/p>\n<p>&nbsp;<\/p>\n","protected":false},"excerpt":{"rendered":"<p>Per recollir el t\u00edtol si no us han citat pr\u00e8viament heu de demanar hora al correu de secretaria: secretaria@mmpol.cat Heu de venir personalment i portar el resguard del t\u00edtol i el vostre DNI Si heu extraviat el resguard del t\u00edtol heu d&#8217;emplenar i signar aquest full. Si no podeu venir personalment heu d&#8217;emplenar aquesta autoritzaci\u00f3, [&hellip;]<\/p>\n","protected":false},"author":1,"featured_media":0,"parent":81,"menu_order":2,"comment_status":"closed","ping_status":"closed","template":"","meta":{"_bbp_topic_count":0,"_bbp_reply_count":0,"_bbp_total_topic_count":0,"_bbp_total_reply_count":0,"_bbp_voice_count":0,"_bbp_anonymous_reply_count":0,"_bbp_topic_count_hidden":0,"_bbp_reply_count_hidden":0,"_bbp_forum_subforum_count":0,"site-sidebar-layout":"default","site-content-layout":"","ast-site-content-layout":"","site-content-style":"default","site-sidebar-style":"default","ast-global-header-display":"","ast-banner-title-visibility":"","ast-main-header-display":"","ast-hfb-above-header-display":"","ast-hfb-below-header-display":"","ast-hfb-mobile-header-display":"","site-post-title":"","ast-breadcrumbs-content":"","ast-featured-img":"","footer-sml-layout":"","theme-transparent-header-meta":"","adv-header-id-meta":"","stick-header-meta":"","header-above-stick-meta":"","header-main-stick-meta":"","header-below-stick-meta":"","astra-migrate-meta-layouts":"default","ast-page-background-enabled":"default","ast-page-background-meta":{"desktop":{"background-color":"var(--ast-global-color-4)","background-image":"","background-repeat":"repeat","background-position":"center center","background-size":"auto","background-attachment":"scroll","background-type":"","background-media":"","overlay-type":"","overlay-color":"","overlay-opacity":"","overlay-gradient":""},"tablet":{"background-color":"","background-image":"","background-repeat":"repeat","background-position":"center center","background-size":"auto","background-attachment":"scroll","background-type":"","background-media":"","overlay-type":"","overlay-color":"","overlay-opacity":"","overlay-gradient":""},"mobile":{"background-color":"","background-image":"","background-repeat":"repeat","background-position":"center center","background-size":"auto","background-attachment":"scroll","background-type":"","background-media":"","overlay-type":"","overlay-color":"","overlay-opacity":"","overlay-gradient":""}},"ast-content-background-meta":{"desktop":{"background-color":"var(--ast-global-color-5)","background-image":"","background-repeat":"repeat","background-position":"center center","background-size":"auto","background-attachment":"scroll","background-type":"","background-media":"","overlay-type":"","overlay-color":"","overlay-opacity":"","overlay-gradient":""},"tablet":{"background-color":"var(--ast-global-color-5)","background-image":"","background-repeat":"repeat","background-position":"center center","background-size":"auto","background-attachment":"scroll","background-type":"","background-media":"","overlay-type":"","overlay-color":"","overlay-opacity":"","overlay-gradient":""},"mobile":{"background-color":"var(--ast-global-color-5)","background-image":"","background-repeat":"repeat","background-position":"center center","background-size":"auto","background-attachment":"scroll","background-type":"","background-media":"","overlay-type":"","overlay-color":"","overlay-opacity":"","overlay-gradient":""}},"footnotes":""},"class_list":["post-17576","page","type-page","status-publish","hentry"],"post_mailing_queue_ids":[],"_links":{"self":[{"href":"https:\/\/agora.xtec.cat\/iesmarti-i-pol\/wp-json\/wp\/v2\/pages\/17576","targetHints":{"allow":["GET"]}}],"collection":[{"href":"https:\/\/agora.xtec.cat\/iesmarti-i-pol\/wp-json\/wp\/v2\/pages"}],"about":[{"href":"https:\/\/agora.xtec.cat\/iesmarti-i-pol\/wp-json\/wp\/v2\/types\/page"}],"author":[{"embeddable":true,"href":"https:\/\/agora.xtec.cat\/iesmarti-i-pol\/wp-json\/wp\/v2\/users\/1"}],"replies":[{"embeddable":true,"href":"https:\/\/agora.xtec.cat\/iesmarti-i-pol\/wp-json\/wp\/v2\/comments?post=17576"}],"version-history":[{"count":4,"href":"https:\/\/agora.xtec.cat\/iesmarti-i-pol\/wp-json\/wp\/v2\/pages\/17576\/revisions"}],"predecessor-version":[{"id":26883,"href":"https:\/\/agora.xtec.cat\/iesmarti-i-pol\/wp-json\/wp\/v2\/pages\/17576\/revisions\/26883"}],"up":[{"embeddable":true,"href":"https:\/\/agora.xtec.cat\/iesmarti-i-pol\/wp-json\/wp\/v2\/pages\/81"}],"wp:attachment":[{"href":"https:\/\/agora.xtec.cat\/iesmarti-i-pol\/wp-json\/wp\/v2\/media?parent=17576"}],"curies":[{"name":"wp","href":"https:\/\/api.w.org\/{rel}","templated":true}]}}