{"id":17475,"date":"2020-10-09T12:59:37","date_gmt":"2020-10-09T10:59:37","guid":{"rendered":"http:\/\/agora.xtec.cat\/iesmarti-i-pol\/?page_id=17475"},"modified":"2026-02-05T11:46:17","modified_gmt":"2026-02-05T10:46:17","slug":"sollicitud-de-titols","status":"publish","type":"page","link":"https:\/\/agora.xtec.cat\/iesmarti-i-pol\/secretaria\/sollicitud-de-titols\/","title":{"rendered":"Sol\u00b7licitud de t\u00edtols"},"content":{"rendered":"<p>L\u00b4alumnat que vulgui tramitar el t\u00edtol dels estudis finalitzats haur\u00e0\u00a0 d\u2019enviar al correu de secretaria\u00a0 (secretaria@mmpol.cat) :<\/p>\n<ul>\n<li><strong>sol\u00b7licitud o resguard:<\/strong>\n<ul>\n<li style=\"list-style-type: none;\">\n<ul>\n<li><strong>ESO<\/strong>: la sol\u00b7licitud per tramitar el t\u00edtol degudament emplenada, descarregueu la <a href=\"https:\/\/drive.google.com\/file\/d\/1CFlmz0cNJ1CnE4cRaPwb0vm2yofzYGnL\/view?usp=drive_link\" target=\"_blank\" rel=\"noopener noreferrer\">sol\u00b7licitud.<\/a><\/li>\n<li><strong>BATXILLERAT<\/strong>: el resguard de la <a href=\"https:\/\/agora.xtec.cat\/iesmarti-i-pol\/wp-content\/uploads\/usu1292\/2026\/02\/sollicitud-primera-expedicio.pdf\" target=\"_blank\" rel=\"noopener\">sol\u00b7licitud d&#8217;expedici\u00f3<\/a>, <a href=\"https:\/\/agora.xtec.cat\/iesmarti-i-pol\/wp-content\/uploads\/usu1292\/2026\/02\/duplicat-actualitzacio.pdf\" target=\"_blank\" rel=\"noopener\">actualitzaci\u00f3 o duplicat<\/a> de t\u00edtol,tr\u00e0mit que ha de fer des de la <a href=\"https:\/\/educacio.gencat.cat\/ca\/tramits\/tramits-temes\/titols-academics-no-universitaris\" target=\"_blank\" rel=\"noopener\">p\u00e0gina del Departament d&#8217;Educaci\u00f3.<\/a><\/li>\n<li><strong>CICLES FORMATIUS: <\/strong>el resguard de la <a href=\"https:\/\/agora.xtec.cat\/iesmarti-i-pol\/wp-content\/uploads\/usu1292\/2026\/02\/sollicitud-primera-expedicio.pdf\" target=\"_blank\" rel=\"noopener\">sol\u00b7licitud d&#8217;expedici\u00f3<\/a>, <a href=\"https:\/\/agora.xtec.cat\/iesmarti-i-pol\/wp-content\/uploads\/usu1292\/2026\/02\/duplicat-actualitzacio.pdf\" target=\"_blank\" rel=\"noopener\">actualitzaci\u00f3 o duplicat<\/a> de t\u00edtol,tr\u00e0mit que ha de fer des de la <a href=\"https:\/\/educacio.gencat.cat\/ca\/tramits\/tramits-temes\/titols-academics-no-universitaris\" target=\"_blank\" rel=\"noopener\">p\u00e0gina del Departament d&#8217;Educaci\u00f3.<\/a><\/li>\n<\/ul>\n<\/li>\n<\/ul>\n<\/li>\n<li><strong>DNI<\/strong> (fotografia del seu DNI o escanejat per les dues cares),<\/li>\n<li>En cas de fam\u00edlia nombrosa o monoparental el carnet corresponent (escanejat o c\u00f2pia per les dues cares)<\/li>\n<li>Carnet de minusvalidesa.<\/li>\n<\/ul>\n<p>Un cop hagueu fet el pagament haureu d\u2019enviar el rebut d\u2019haver fet el pagament a la secretaria i, una vegada tot verificat, s&#8217;enviar\u00e0 el resguard amb c\u00f2pia. Si el tr\u00e0mit \u00e9s online, quan s&#8217;hagi fet i s&#8217;hagi conciliat el pagament, que triga entre 24 i 48 hores des de la validaci\u00f3 de la sol\u00b7licitud per part del centre, podreu descarregar el resguard del vostre t\u00edtol (aquest resguard t\u00e9 validesa legal un cop estigui signat i segellat pel centre).<\/p>\n<p>+ INF (BATX_CICLES):<\/p>\n<p><a href=\"https:\/\/agora.xtec.cat\/iesmarti-i-pol\/wp-content\/uploads\/usu1292\/2026\/02\/sollicitud-primera-expedicio.pdf\" target=\"_blank\" rel=\"noopener\">Guia pas a pas per sol\u00b7licitar un t\u00edtol online<\/a><\/p>\n<p><a href=\"https:\/\/agora.xtec.cat\/iesmarti-i-pol\/wp-content\/uploads\/usu1292\/2026\/02\/duplicat-actualitzacio.pdf\">Guia pas a pas per demanar un duplicat o actualitzaci\u00f3 d&#8217;un t\u00edtol online<\/a><\/p>\n","protected":false},"excerpt":{"rendered":"<p>L\u00b4alumnat que vulgui tramitar el t\u00edtol dels estudis finalitzats haur\u00e0\u00a0 d\u2019enviar al correu de secretaria\u00a0 (secretaria@mmpol.cat) : sol\u00b7licitud o resguard: ESO: la sol\u00b7licitud per tramitar el t\u00edtol degudament emplenada, descarregueu la sol\u00b7licitud. BATXILLERAT: el resguard de la sol\u00b7licitud d&#8217;expedici\u00f3, actualitzaci\u00f3 o duplicat de t\u00edtol,tr\u00e0mit que ha de fer des de la p\u00e0gina del Departament d&#8217;Educaci\u00f3. [&hellip;]<\/p>\n","protected":false},"author":1,"featured_media":0,"parent":81,"menu_order":2,"comment_status":"closed","ping_status":"closed","template":"","meta":{"_bbp_topic_count":0,"_bbp_reply_count":0,"_bbp_total_topic_count":0,"_bbp_total_reply_count":0,"_bbp_voice_count":0,"_bbp_anonymous_reply_count":0,"_bbp_topic_count_hidden":0,"_bbp_reply_count_hidden":0,"_bbp_forum_subforum_count":0,"site-sidebar-layout":"default","site-content-layout":"","ast-site-content-layout":"default","site-content-style":"default","site-sidebar-style":"default","ast-global-header-display":"","ast-banner-title-visibility":"","ast-main-header-display":"","ast-hfb-above-header-display":"","ast-hfb-below-header-display":"","ast-hfb-mobile-header-display":"","site-post-title":"","ast-breadcrumbs-content":"","ast-featured-img":"","footer-sml-layout":"","theme-transparent-header-meta":"default","adv-header-id-meta":"","stick-header-meta":"","header-above-stick-meta":"","header-main-stick-meta":"","header-below-stick-meta":"","astra-migrate-meta-layouts":"set","ast-page-background-enabled":"default","ast-page-background-meta":{"desktop":{"background-color":"var(--ast-global-color-4)","background-image":"","background-repeat":"repeat","background-position":"center center","background-size":"auto","background-attachment":"scroll","background-type":"","background-media":"","overlay-type":"","overlay-color":"","overlay-opacity":"","overlay-gradient":""},"tablet":{"background-color":"","background-image":"","background-repeat":"repeat","background-position":"center center","background-size":"auto","background-attachment":"scroll","background-type":"","background-media":"","overlay-type":"","overlay-color":"","overlay-opacity":"","overlay-gradient":""},"mobile":{"background-color":"","background-image":"","background-repeat":"repeat","background-position":"center center","background-size":"auto","background-attachment":"scroll","background-type":"","background-media":"","overlay-type":"","overlay-color":"","overlay-opacity":"","overlay-gradient":""}},"ast-content-background-meta":{"desktop":{"background-color":"var(--ast-global-color-5)","background-image":"","background-repeat":"repeat","background-position":"center center","background-size":"auto","background-attachment":"scroll","background-type":"","background-media":"","overlay-type":"","overlay-color":"","overlay-opacity":"","overlay-gradient":""},"tablet":{"background-color":"var(--ast-global-color-5)","background-image":"","background-repeat":"repeat","background-position":"center center","background-size":"auto","background-attachment":"scroll","background-type":"","background-media":"","overlay-type":"","overlay-color":"","overlay-opacity":"","overlay-gradient":""},"mobile":{"background-color":"var(--ast-global-color-5)","background-image":"","background-repeat":"repeat","background-position":"center center","background-size":"auto","background-attachment":"scroll","background-type":"","background-media":"","overlay-type":"","overlay-color":"","overlay-opacity":"","overlay-gradient":""}},"footnotes":""},"class_list":["post-17475","page","type-page","status-publish","hentry"],"post_mailing_queue_ids":[],"_links":{"self":[{"href":"https:\/\/agora.xtec.cat\/iesmarti-i-pol\/wp-json\/wp\/v2\/pages\/17475","targetHints":{"allow":["GET"]}}],"collection":[{"href":"https:\/\/agora.xtec.cat\/iesmarti-i-pol\/wp-json\/wp\/v2\/pages"}],"about":[{"href":"https:\/\/agora.xtec.cat\/iesmarti-i-pol\/wp-json\/wp\/v2\/types\/page"}],"author":[{"embeddable":true,"href":"https:\/\/agora.xtec.cat\/iesmarti-i-pol\/wp-json\/wp\/v2\/users\/1"}],"replies":[{"embeddable":true,"href":"https:\/\/agora.xtec.cat\/iesmarti-i-pol\/wp-json\/wp\/v2\/comments?post=17475"}],"version-history":[{"count":7,"href":"https:\/\/agora.xtec.cat\/iesmarti-i-pol\/wp-json\/wp\/v2\/pages\/17475\/revisions"}],"predecessor-version":[{"id":28782,"href":"https:\/\/agora.xtec.cat\/iesmarti-i-pol\/wp-json\/wp\/v2\/pages\/17475\/revisions\/28782"}],"up":[{"embeddable":true,"href":"https:\/\/agora.xtec.cat\/iesmarti-i-pol\/wp-json\/wp\/v2\/pages\/81"}],"wp:attachment":[{"href":"https:\/\/agora.xtec.cat\/iesmarti-i-pol\/wp-json\/wp\/v2\/media?parent=17475"}],"curies":[{"name":"wp","href":"https:\/\/api.w.org\/{rel}","templated":true}]}}