{"id":15602,"date":"2020-03-17T15:51:33","date_gmt":"2020-03-17T14:51:33","guid":{"rendered":"http:\/\/agora.xtec.cat\/iesmarti-i-pol\/?page_id=15602"},"modified":"2020-03-17T19:12:49","modified_gmt":"2020-03-17T18:12:49","slug":"erasmus-students-network","status":"publish","type":"page","link":"https:\/\/agora.xtec.cat\/iesmarti-i-pol\/erasmus-students-network\/","title":{"rendered":"ESN and ESAA"},"content":{"rendered":"<p><span style=\"color: #000080;\"><strong>ESN<\/strong><\/span>\u00a0(<strong><em>Erasmus Student Network)<\/em><\/strong> \u00e9s una xarxa que treballa per a la creaci\u00f3 d\u2019un entorn educatiu m\u00e9s m\u00f2bil i flexible donant suport i desenvolupant l\u2019<em>intercanvi d\u2019estudiants<\/em> des de <em>diferents nivells<\/em> i proporcionant una <strong>experi\u00e8ncia intercultural<\/strong> tamb\u00e9 a aquells estudiants que <strong>no<\/strong> poden accedir a un per\u00edode estranger (&#8220;internacionalitzaci\u00f3 a casa&#8221;).<\/p>\n<p>\u00c9s una xarxa en constant expansi\u00f3. Hi ha uns 15.000 membres actius en moltes seccions recolzades per anomenats companys de classe que tenen cura principalment d\u2019estudiants internacionals. Aix\u00ed, ESN implica prop de 40.000 joves que ofereixen els seus serveis a prop de 350.000 estudiants internacionals cada any. <a href=\"https:\/\/www.esn-spain.org\"><span style=\"color: #ff0000;\"><strong><em>Visita el seu web<\/em><\/strong><\/span><\/a><\/p>\n<table>\n<tbody>\n<tr>\n<td><iframe loading=\"lazy\" src=\"https:\/\/www.youtube.com\/embed\/WQ071yzhUxI\" width=\"400\" height=\"300\" frameborder=\"0\"><\/iframe><\/td>\n<td><iframe loading=\"lazy\" src=\"https:\/\/www.youtube.com\/embed\/zEEH2SFRuBo\" width=\"400\" height=\"300\" frameborder=\"0\"><\/iframe><\/td>\n<\/tr>\n<\/tbody>\n<\/table>\n<p>&nbsp;<\/p>\n<p><span style=\"color: #000080;\"><strong>L\u2019ESAA<\/strong><\/span>\u00a0(<em><strong>Erasmus+ Student and Alumni Alliance<\/strong><\/em>) \u00e9s una organitzaci\u00f3 que reuneix l\u2019Associaci\u00f3 d\u2019Estudiants i Alumni Erasmus Mundus (EMA), la xarxa d\u2019Estudiants Erasmus (ESN), garagErasmus (gE) i la xarxa OCEANS. <a href=\"https:\/\/www.esaa-eu.org\/about\/\"><span style=\"color: #ff0000;\"><strong><em>Visita el seu web<\/em><\/strong><\/span><\/a><\/p>\n<table>\n<tbody>\n<tr>\n<td><a href=\"https:\/\/agora.xtec.cat\/iesmarti-i-pol\/wp-content\/uploads\/usu1292\/2020\/03\/foto2-1.jpg\"><img loading=\"lazy\" decoding=\"async\" class=\"alignright size-full wp-image-15627\" src=\"https:\/\/agora.xtec.cat\/iesmarti-i-pol\/wp-content\/uploads\/usu1292\/2020\/03\/foto2-1.jpg\" alt=\"\" width=\"350\" height=\"374\" srcset=\"https:\/\/agora.xtec.cat\/iesmarti-i-pol\/wp-content\/uploads\/usu1292\/2020\/03\/foto2-1.jpg 350w, https:\/\/agora.xtec.cat\/iesmarti-i-pol\/wp-content\/uploads\/usu1292\/2020\/03\/foto2-1-281x300.jpg 281w\" sizes=\"auto, (max-width: 350px) 100vw, 350px\" \/><\/a><\/td>\n<td><a href=\"https:\/\/agora.xtec.cat\/iesmarti-i-pol\/wp-content\/uploads\/usu1292\/2020\/03\/foto3-1.jpg\"><img loading=\"lazy\" decoding=\"async\" class=\"alignright size-full wp-image-15629\" src=\"https:\/\/agora.xtec.cat\/iesmarti-i-pol\/wp-content\/uploads\/usu1292\/2020\/03\/foto3-1.jpg\" alt=\"\" width=\"350\" height=\"374\" \/><\/a><\/td>\n<\/tr>\n<\/tbody>\n<\/table>\n<p>Tamb\u00e9 pots rebre informaci\u00f3 enviant un mail a l&#8217;adre\u00e7a electr\u00f2nica seg\u00fcent: <a href=\"mailto:mobility_fp@mmpol.cat\">mobility_fp@mmpol.cat<\/a><\/p>\n<p><a href=\"https:\/\/agora.xtec.cat\/iesmarti-i-pol\/wp-content\/uploads\/usu1292\/2019\/12\/fonssocial.jpg\"><img loading=\"lazy\" decoding=\"async\" class=\" wp-image-14480 alignleft\" src=\"https:\/\/agora.xtec.cat\/iesmarti-i-pol\/wp-content\/uploads\/usu1292\/2019\/12\/fonssocial.jpg\" alt=\"\" width=\"178\" height=\"83\" \/><\/a><\/p>\n","protected":false},"excerpt":{"rendered":"<p>ESN\u00a0(Erasmus Student Network) \u00e9s una xarxa que treballa per a la creaci\u00f3 d\u2019un entorn educatiu m\u00e9s m\u00f2bil i flexible donant suport i desenvolupant l\u2019intercanvi d\u2019estudiants des de diferents nivells i proporcionant una experi\u00e8ncia intercultural tamb\u00e9 a aquells estudiants que no poden accedir a un per\u00edode estranger (&#8220;internacionalitzaci\u00f3 a casa&#8221;). \u00c9s una xarxa en constant expansi\u00f3. [&hellip;]<\/p>\n","protected":false},"author":37,"featured_media":0,"parent":0,"menu_order":0,"comment_status":"closed","ping_status":"closed","template":"","meta":{"_bbp_topic_count":0,"_bbp_reply_count":0,"_bbp_total_topic_count":0,"_bbp_total_reply_count":0,"_bbp_voice_count":0,"_bbp_anonymous_reply_count":0,"_bbp_topic_count_hidden":0,"_bbp_reply_count_hidden":0,"_bbp_forum_subforum_count":0,"site-sidebar-layout":"default","site-content-layout":"","ast-site-content-layout":"","site-content-style":"default","site-sidebar-style":"default","ast-global-header-display":"","ast-banner-title-visibility":"","ast-main-header-display":"","ast-hfb-above-header-display":"","ast-hfb-below-header-display":"","ast-hfb-mobile-header-display":"","site-post-title":"","ast-breadcrumbs-content":"","ast-featured-img":"","footer-sml-layout":"","theme-transparent-header-meta":"","adv-header-id-meta":"","stick-header-meta":"","header-above-stick-meta":"","header-main-stick-meta":"","header-below-stick-meta":"","astra-migrate-meta-layouts":"default","ast-page-background-enabled":"default","ast-page-background-meta":{"desktop":{"background-color":"var(--ast-global-color-4)","background-image":"","background-repeat":"repeat","background-position":"center center","background-size":"auto","background-attachment":"scroll","background-type":"","background-media":"","overlay-type":"","overlay-color":"","overlay-opacity":"","overlay-gradient":""},"tablet":{"background-color":"","background-image":"","background-repeat":"repeat","background-position":"center center","background-size":"auto","background-attachment":"scroll","background-type":"","background-media":"","overlay-type":"","overlay-color":"","overlay-opacity":"","overlay-gradient":""},"mobile":{"background-color":"","background-image":"","background-repeat":"repeat","background-position":"center center","background-size":"auto","background-attachment":"scroll","background-type":"","background-media":"","overlay-type":"","overlay-color":"","overlay-opacity":"","overlay-gradient":""}},"ast-content-background-meta":{"desktop":{"background-color":"var(--ast-global-color-5)","background-image":"","background-repeat":"repeat","background-position":"center center","background-size":"auto","background-attachment":"scroll","background-type":"","background-media":"","overlay-type":"","overlay-color":"","overlay-opacity":"","overlay-gradient":""},"tablet":{"background-color":"var(--ast-global-color-5)","background-image":"","background-repeat":"repeat","background-position":"center center","background-size":"auto","background-attachment":"scroll","background-type":"","background-media":"","overlay-type":"","overlay-color":"","overlay-opacity":"","overlay-gradient":""},"mobile":{"background-color":"var(--ast-global-color-5)","background-image":"","background-repeat":"repeat","background-position":"center center","background-size":"auto","background-attachment":"scroll","background-type":"","background-media":"","overlay-type":"","overlay-color":"","overlay-opacity":"","overlay-gradient":""}},"footnotes":""},"class_list":["post-15602","page","type-page","status-publish","hentry"],"post_mailing_queue_ids":[],"_links":{"self":[{"href":"https:\/\/agora.xtec.cat\/iesmarti-i-pol\/wp-json\/wp\/v2\/pages\/15602","targetHints":{"allow":["GET"]}}],"collection":[{"href":"https:\/\/agora.xtec.cat\/iesmarti-i-pol\/wp-json\/wp\/v2\/pages"}],"about":[{"href":"https:\/\/agora.xtec.cat\/iesmarti-i-pol\/wp-json\/wp\/v2\/types\/page"}],"author":[{"embeddable":true,"href":"https:\/\/agora.xtec.cat\/iesmarti-i-pol\/wp-json\/wp\/v2\/users\/37"}],"replies":[{"embeddable":true,"href":"https:\/\/agora.xtec.cat\/iesmarti-i-pol\/wp-json\/wp\/v2\/comments?post=15602"}],"version-history":[{"count":4,"href":"https:\/\/agora.xtec.cat\/iesmarti-i-pol\/wp-json\/wp\/v2\/pages\/15602\/revisions"}],"predecessor-version":[{"id":15634,"href":"https:\/\/agora.xtec.cat\/iesmarti-i-pol\/wp-json\/wp\/v2\/pages\/15602\/revisions\/15634"}],"wp:attachment":[{"href":"https:\/\/agora.xtec.cat\/iesmarti-i-pol\/wp-json\/wp\/v2\/media?parent=15602"}],"curies":[{"name":"wp","href":"https:\/\/api.w.org\/{rel}","templated":true}]}}