{"id":15494,"date":"2020-03-10T12:44:43","date_gmt":"2020-03-10T11:44:43","guid":{"rendered":"http:\/\/agora.xtec.cat\/iesmarti-i-pol\/?page_id=15494"},"modified":"2020-03-24T09:15:19","modified_gmt":"2020-03-24T08:15:19","slug":"student-card","status":"publish","type":"page","link":"https:\/\/agora.xtec.cat\/iesmarti-i-pol\/erasmus-plus\/student-card\/","title":{"rendered":"European Student Card"},"content":{"rendered":"<p>La iniciativa<span style=\"color: #ff0000;\"><strong> European Student Card<\/strong><\/span> digitalitzar\u00e0 els processos administratius al voltant de la mobilitat dels estudiants tant per a institucions d\u2019educaci\u00f3 superior com per a estudiants, i tamb\u00e9 facilitar\u00e0 l\u2019acc\u00e9s als estudiants durant la seva mobilitat.<\/p>\n<p><iframe loading=\"lazy\" src=\"https:\/\/www.youtube.com\/embed\/3w1aV27kY54\" width=\"400\" height=\"275\" frameborder=\"0\"><\/iframe><\/p>\n<p>per saber m\u00e9s clica sobre la imatge:\u00a0 \u00a0<a href=\"https:\/\/ec.europa.eu\/education\/events\/webinar-erasmus-goes-digital_en\"><img loading=\"lazy\" decoding=\"async\" class=\"wp-image-15495 alignnone\" src=\"https:\/\/agora.xtec.cat\/iesmarti-i-pol\/wp-content\/uploads\/usu1292\/2020\/03\/student-card.png\" alt=\"\" width=\"119\" height=\"75\" \/><\/a><\/p>\n<p>Tamb\u00e9 pots rebre informaci\u00f3 enviant un mail a l&#8217;adre\u00e7a electr\u00f2nica seg\u00fcent: <a href=\"mailto:mobility_fp@mmpol.cat\">mobility_fp@mmpol.cat<\/a><\/p>\n<p><a href=\"https:\/\/agora.xtec.cat\/iesmarti-i-pol\/wp-content\/uploads\/usu1292\/2019\/12\/fonssocial.jpg\"><img loading=\"lazy\" decoding=\"async\" class=\" wp-image-14480 alignleft\" src=\"https:\/\/agora.xtec.cat\/iesmarti-i-pol\/wp-content\/uploads\/usu1292\/2019\/12\/fonssocial.jpg\" alt=\"\" width=\"100\" height=\"60\" \/><\/a><\/p>\n","protected":false},"excerpt":{"rendered":"<p>La iniciativa European Student Card digitalitzar\u00e0 els processos administratius al voltant de la mobilitat dels estudiants tant per a institucions d\u2019educaci\u00f3 superior com per a estudiants, i tamb\u00e9 facilitar\u00e0 l\u2019acc\u00e9s als estudiants durant la seva mobilitat. per saber m\u00e9s clica sobre la imatge:\u00a0 \u00a0 Tamb\u00e9 pots rebre informaci\u00f3 enviant un mail a l&#8217;adre\u00e7a electr\u00f2nica seg\u00fcent: [&hellip;]<\/p>\n","protected":false},"author":37,"featured_media":0,"parent":12077,"menu_order":0,"comment_status":"closed","ping_status":"closed","template":"","meta":{"_bbp_topic_count":0,"_bbp_reply_count":0,"_bbp_total_topic_count":0,"_bbp_total_reply_count":0,"_bbp_voice_count":0,"_bbp_anonymous_reply_count":0,"_bbp_topic_count_hidden":0,"_bbp_reply_count_hidden":0,"_bbp_forum_subforum_count":0,"site-sidebar-layout":"default","site-content-layout":"","ast-site-content-layout":"","site-content-style":"default","site-sidebar-style":"default","ast-global-header-display":"","ast-banner-title-visibility":"","ast-main-header-display":"","ast-hfb-above-header-display":"","ast-hfb-below-header-display":"","ast-hfb-mobile-header-display":"","site-post-title":"","ast-breadcrumbs-content":"","ast-featured-img":"","footer-sml-layout":"","theme-transparent-header-meta":"","adv-header-id-meta":"","stick-header-meta":"","header-above-stick-meta":"","header-main-stick-meta":"","header-below-stick-meta":"","astra-migrate-meta-layouts":"default","ast-page-background-enabled":"default","ast-page-background-meta":{"desktop":{"background-color":"var(--ast-global-color-4)","background-image":"","background-repeat":"repeat","background-position":"center center","background-size":"auto","background-attachment":"scroll","background-type":"","background-media":"","overlay-type":"","overlay-color":"","overlay-opacity":"","overlay-gradient":""},"tablet":{"background-color":"","background-image":"","background-repeat":"repeat","background-position":"center center","background-size":"auto","background-attachment":"scroll","background-type":"","background-media":"","overlay-type":"","overlay-color":"","overlay-opacity":"","overlay-gradient":""},"mobile":{"background-color":"","background-image":"","background-repeat":"repeat","background-position":"center center","background-size":"auto","background-attachment":"scroll","background-type":"","background-media":"","overlay-type":"","overlay-color":"","overlay-opacity":"","overlay-gradient":""}},"ast-content-background-meta":{"desktop":{"background-color":"var(--ast-global-color-5)","background-image":"","background-repeat":"repeat","background-position":"center center","background-size":"auto","background-attachment":"scroll","background-type":"","background-media":"","overlay-type":"","overlay-color":"","overlay-opacity":"","overlay-gradient":""},"tablet":{"background-color":"var(--ast-global-color-5)","background-image":"","background-repeat":"repeat","background-position":"center center","background-size":"auto","background-attachment":"scroll","background-type":"","background-media":"","overlay-type":"","overlay-color":"","overlay-opacity":"","overlay-gradient":""},"mobile":{"background-color":"var(--ast-global-color-5)","background-image":"","background-repeat":"repeat","background-position":"center center","background-size":"auto","background-attachment":"scroll","background-type":"","background-media":"","overlay-type":"","overlay-color":"","overlay-opacity":"","overlay-gradient":""}},"footnotes":""},"class_list":["post-15494","page","type-page","status-publish","hentry"],"post_mailing_queue_ids":[],"_links":{"self":[{"href":"https:\/\/agora.xtec.cat\/iesmarti-i-pol\/wp-json\/wp\/v2\/pages\/15494","targetHints":{"allow":["GET"]}}],"collection":[{"href":"https:\/\/agora.xtec.cat\/iesmarti-i-pol\/wp-json\/wp\/v2\/pages"}],"about":[{"href":"https:\/\/agora.xtec.cat\/iesmarti-i-pol\/wp-json\/wp\/v2\/types\/page"}],"author":[{"embeddable":true,"href":"https:\/\/agora.xtec.cat\/iesmarti-i-pol\/wp-json\/wp\/v2\/users\/37"}],"replies":[{"embeddable":true,"href":"https:\/\/agora.xtec.cat\/iesmarti-i-pol\/wp-json\/wp\/v2\/comments?post=15494"}],"version-history":[{"count":3,"href":"https:\/\/agora.xtec.cat\/iesmarti-i-pol\/wp-json\/wp\/v2\/pages\/15494\/revisions"}],"predecessor-version":[{"id":15707,"href":"https:\/\/agora.xtec.cat\/iesmarti-i-pol\/wp-json\/wp\/v2\/pages\/15494\/revisions\/15707"}],"up":[{"embeddable":true,"href":"https:\/\/agora.xtec.cat\/iesmarti-i-pol\/wp-json\/wp\/v2\/pages\/12077"}],"wp:attachment":[{"href":"https:\/\/agora.xtec.cat\/iesmarti-i-pol\/wp-json\/wp\/v2\/media?parent=15494"}],"curies":[{"name":"wp","href":"https:\/\/api.w.org\/{rel}","templated":true}]}}