{"id":14411,"date":"2019-12-18T10:57:14","date_gmt":"2019-12-18T09:57:14","guid":{"rendered":"http:\/\/agora.xtec.cat\/iesmarti-i-pol\/?page_id=14411"},"modified":"2019-12-22T19:42:50","modified_gmt":"2019-12-22T18:42:50","slug":"eurodisea","status":"publish","type":"page","link":"https:\/\/agora.xtec.cat\/iesmarti-i-pol\/eurodisea\/","title":{"rendered":"Eurodissea"},"content":{"rendered":"<p><span style=\"color: #000080;\"><em><strong>Eurodissea<\/strong><\/em><\/span> \u00e9s un programa d&#8217;intercanvi de l&#8217;<em>Assemblea de les Regions d&#8217;Europa<\/em> (ARE) que ofereix pr\u00e0ctiques de <strong>tres<\/strong> a <strong>set<\/strong> mesos, a l&#8217;estranger, als joves que estan buscant feina i que tinguin de <strong>18<\/strong> a <strong>30<\/strong> anys. L&#8217;objectiu \u00e9s proporcionar als joves alguna experi\u00e8ncia professional i, alhora, donar-los l&#8217;oportunitat d&#8217;aprendre una llengua estrangera o millorar el seu coneixement sobre ella.<\/p>\n<table>\n<tbody>\n<tr>\n<td><a href=\"https:\/\/agora.xtec.cat\/iesmarti-i-pol\/wp-content\/uploads\/usu1292\/2019\/12\/mapa-regions.png\"><img loading=\"lazy\" decoding=\"async\" class=\"alignright size-full wp-image-14471\" src=\"https:\/\/agora.xtec.cat\/iesmarti-i-pol\/wp-content\/uploads\/usu1292\/2019\/12\/mapa-regions.png\" alt=\"\" width=\"600\" height=\"450\" \/><\/a><\/td>\n<\/tr>\n<tr>\n<td>Mapa de les regions europees que poden participar en el programa.<\/td>\n<\/tr>\n<\/tbody>\n<\/table>\n<p>Per a m\u00e9s informaci\u00f3 clica sobre el logo d&#8217;<em>Eurodyssey<\/em> o del <em>SOC (Servei Catal\u00e0 d&#8217;Ocupaci\u00f3)<\/em><\/p>\n<table style=\"height: 165px;\" width=\"528\">\n<tbody>\n<tr>\n<td style=\"width: 258.921875px;\"><a href=\"http:\/\/www.eurodyssee.eu\/es\/juventud\/como-participar.html\"><img loading=\"lazy\" decoding=\"async\" class=\"alignright size-full wp-image-14469\" src=\"https:\/\/agora.xtec.cat\/iesmarti-i-pol\/wp-content\/uploads\/usu1292\/2019\/12\/eurodyssey.png\" alt=\"\" width=\"318\" height=\"159\" srcset=\"https:\/\/agora.xtec.cat\/iesmarti-i-pol\/wp-content\/uploads\/usu1292\/2019\/12\/eurodyssey.png 318w, https:\/\/agora.xtec.cat\/iesmarti-i-pol\/wp-content\/uploads\/usu1292\/2019\/12\/eurodyssey-300x150.png 300w\" sizes=\"auto, (max-width: 318px) 100vw, 318px\" \/><\/a><\/td>\n<td style=\"width: 261.09375px;\"><a href=\"https:\/\/serveiocupacio.gencat.cat\/ca\/soc\/ambits\/mobilitat-laboral\/programa-eurodissea\/\"><img loading=\"lazy\" decoding=\"async\" class=\"alignright size-full wp-image-14470\" src=\"https:\/\/agora.xtec.cat\/iesmarti-i-pol\/wp-content\/uploads\/usu1292\/2019\/12\/soc.png\" alt=\"\" width=\"321\" height=\"157\" srcset=\"https:\/\/agora.xtec.cat\/iesmarti-i-pol\/wp-content\/uploads\/usu1292\/2019\/12\/soc.png 321w, https:\/\/agora.xtec.cat\/iesmarti-i-pol\/wp-content\/uploads\/usu1292\/2019\/12\/soc-300x147.png 300w\" sizes=\"auto, (max-width: 321px) 100vw, 321px\" \/><\/a><\/td>\n<\/tr>\n<\/tbody>\n<\/table>\n<p>Tamb\u00e9 pots rebre informaci\u00f3 enviant un mail a l&#8217;adre\u00e7a electr\u00f2nica seg\u00fcent: <a href=\"mailto:mobility_fp@mmpol.cat\">mobility_fp@mmpol.cat<\/a><\/p>\n<p><a href=\"https:\/\/agora.xtec.cat\/iesmarti-i-pol\/wp-content\/uploads\/usu1292\/2019\/12\/fonssocial.jpg\"><img loading=\"lazy\" decoding=\"async\" class=\" wp-image-14480 alignleft\" src=\"https:\/\/agora.xtec.cat\/iesmarti-i-pol\/wp-content\/uploads\/usu1292\/2019\/12\/fonssocial.jpg\" alt=\"\" width=\"178\" height=\"83\" \/><\/a><\/p>\n","protected":false},"excerpt":{"rendered":"<p>Eurodissea \u00e9s un programa d&#8217;intercanvi de l&#8217;Assemblea de les Regions d&#8217;Europa (ARE) que ofereix pr\u00e0ctiques de tres a set mesos, a l&#8217;estranger, als joves que estan buscant feina i que tinguin de 18 a 30 anys. L&#8217;objectiu \u00e9s proporcionar als joves alguna experi\u00e8ncia professional i, alhora, donar-los l&#8217;oportunitat d&#8217;aprendre una llengua estrangera o millorar el [&hellip;]<\/p>\n","protected":false},"author":1,"featured_media":0,"parent":0,"menu_order":0,"comment_status":"closed","ping_status":"closed","template":"page-templates\/side-menu.php","meta":{"_bbp_topic_count":0,"_bbp_reply_count":0,"_bbp_total_topic_count":0,"_bbp_total_reply_count":0,"_bbp_voice_count":0,"_bbp_anonymous_reply_count":0,"_bbp_topic_count_hidden":0,"_bbp_reply_count_hidden":0,"_bbp_forum_subforum_count":0,"site-sidebar-layout":"default","site-content-layout":"","ast-site-content-layout":"","site-content-style":"default","site-sidebar-style":"default","ast-global-header-display":"","ast-banner-title-visibility":"","ast-main-header-display":"","ast-hfb-above-header-display":"","ast-hfb-below-header-display":"","ast-hfb-mobile-header-display":"","site-post-title":"","ast-breadcrumbs-content":"","ast-featured-img":"","footer-sml-layout":"","theme-transparent-header-meta":"","adv-header-id-meta":"","stick-header-meta":"","header-above-stick-meta":"","header-main-stick-meta":"","header-below-stick-meta":"","astra-migrate-meta-layouts":"default","ast-page-background-enabled":"default","ast-page-background-meta":{"desktop":{"background-color":"var(--ast-global-color-4)","background-image":"","background-repeat":"repeat","background-position":"center center","background-size":"auto","background-attachment":"scroll","background-type":"","background-media":"","overlay-type":"","overlay-color":"","overlay-opacity":"","overlay-gradient":""},"tablet":{"background-color":"","background-image":"","background-repeat":"repeat","background-position":"center center","background-size":"auto","background-attachment":"scroll","background-type":"","background-media":"","overlay-type":"","overlay-color":"","overlay-opacity":"","overlay-gradient":""},"mobile":{"background-color":"","background-image":"","background-repeat":"repeat","background-position":"center center","background-size":"auto","background-attachment":"scroll","background-type":"","background-media":"","overlay-type":"","overlay-color":"","overlay-opacity":"","overlay-gradient":""}},"ast-content-background-meta":{"desktop":{"background-color":"var(--ast-global-color-5)","background-image":"","background-repeat":"repeat","background-position":"center center","background-size":"auto","background-attachment":"scroll","background-type":"","background-media":"","overlay-type":"","overlay-color":"","overlay-opacity":"","overlay-gradient":""},"tablet":{"background-color":"var(--ast-global-color-5)","background-image":"","background-repeat":"repeat","background-position":"center center","background-size":"auto","background-attachment":"scroll","background-type":"","background-media":"","overlay-type":"","overlay-color":"","overlay-opacity":"","overlay-gradient":""},"mobile":{"background-color":"var(--ast-global-color-5)","background-image":"","background-repeat":"repeat","background-position":"center center","background-size":"auto","background-attachment":"scroll","background-type":"","background-media":"","overlay-type":"","overlay-color":"","overlay-opacity":"","overlay-gradient":""}},"footnotes":""},"class_list":["post-14411","page","type-page","status-publish","hentry"],"post_mailing_queue_ids":[],"_links":{"self":[{"href":"https:\/\/agora.xtec.cat\/iesmarti-i-pol\/wp-json\/wp\/v2\/pages\/14411","targetHints":{"allow":["GET"]}}],"collection":[{"href":"https:\/\/agora.xtec.cat\/iesmarti-i-pol\/wp-json\/wp\/v2\/pages"}],"about":[{"href":"https:\/\/agora.xtec.cat\/iesmarti-i-pol\/wp-json\/wp\/v2\/types\/page"}],"author":[{"embeddable":true,"href":"https:\/\/agora.xtec.cat\/iesmarti-i-pol\/wp-json\/wp\/v2\/users\/1"}],"replies":[{"embeddable":true,"href":"https:\/\/agora.xtec.cat\/iesmarti-i-pol\/wp-json\/wp\/v2\/comments?post=14411"}],"version-history":[{"count":4,"href":"https:\/\/agora.xtec.cat\/iesmarti-i-pol\/wp-json\/wp\/v2\/pages\/14411\/revisions"}],"predecessor-version":[{"id":14485,"href":"https:\/\/agora.xtec.cat\/iesmarti-i-pol\/wp-json\/wp\/v2\/pages\/14411\/revisions\/14485"}],"wp:attachment":[{"href":"https:\/\/agora.xtec.cat\/iesmarti-i-pol\/wp-json\/wp\/v2\/media?parent=14411"}],"curies":[{"name":"wp","href":"https:\/\/api.w.org\/{rel}","templated":true}]}}