{"id":14407,"date":"2019-12-18T10:55:22","date_gmt":"2019-12-18T09:55:22","guid":{"rendered":"http:\/\/agora.xtec.cat\/iesmarti-i-pol\/?page_id=14407"},"modified":"2020-01-29T12:14:49","modified_gmt":"2020-01-29T11:14:49","slug":"voluntariat","status":"publish","type":"page","link":"https:\/\/agora.xtec.cat\/iesmarti-i-pol\/voluntariat\/","title":{"rendered":"Volunteering"},"content":{"rendered":"<p>El <span style=\"color: #000080;\"><strong>Cos Europeu de Solidaritat<\/strong><\/span> \u00e9s una iniciativa de la <em>Uni\u00f3 Europea.\u00a0<\/em> L&#8217;objectiu \u00e9s crear oportunitats perqu\u00e8 els joves treballin com a <strong>voluntaris<\/strong> o <strong>col\u00b7laborin en projectes<\/strong> -en els seus propis pa\u00efsos o en l&#8217;estranger- que benefici\u00efn a comunitats i ciutadans de tot Europa.<br \/>\nPer inscriure&#8217;t al Cos Europeu de Solidaritat has de tenir 17 anys, per\u00f2 no podr\u00e0s comen\u00e7ar el projecte fins que hagis complert els <span style=\"color: #ff0000;\"><strong>18<\/strong><\/span>. En els projectes de l&#8217;Cos Europeu de Solidaritat podran participar persones de fins a <span style=\"color: #ff0000;\"><strong>30 anys<\/strong><\/span>.<\/p>\n<p>Despr\u00e9s d&#8217;un senzill proc\u00e9s d&#8217;inscripci\u00f3, es realitzar\u00e0 la selecci\u00f3 dels participants, que podran incorporar-se a una \u00e0mplia gamma de projectes relacionats, per exemple, amb l&#8217;ajuda a la prevenci\u00f3 de cat\u00e0strofes naturals o la posterior reconstrucci\u00f3, l&#8217;assist\u00e8ncia en centres d&#8217;acollida de sol\u00b7licitants d&#8217;asil o altres problemes de tipus social.<\/p>\n<p>Els projectes de l&#8217;Cos d&#8217;Europeu de Solidaritat tindran una durada compresa entre <span style=\"color: #000080;\"><strong><em>dos mesos i un any<\/em><\/strong><\/span>.<\/p>\n<p><iframe loading=\"lazy\" id=\"videoplayer\" src=\"https:\/\/europa.eu\/!tD37fT\" width=\"425\" height=\"240\" frameborder=\"0\" scrolling=\"no\" allowfullscreen=\"allowfullscreen\"><\/iframe><\/p>\n<p>Per a m\u00e9s informaci\u00f3 fes un clic a sobre els logos del nostre soci col\u00b7laborador <em>MUNDUS<\/em> o a <em>Erasmus+<\/em><\/p>\n<table>\n<tbody>\n<tr>\n<td><a href=\"https:\/\/asociacionmundus.com\/voluntariado\/oportunidades-voluntariado\/plazas-disponibles\/\"><img loading=\"lazy\" decoding=\"async\" class=\"alignright size-full wp-image-14426\" src=\"https:\/\/agora.xtec.cat\/iesmarti-i-pol\/wp-content\/uploads\/usu1292\/2019\/12\/mundus.png\" alt=\"\" width=\"225\" height=\"225\" srcset=\"https:\/\/agora.xtec.cat\/iesmarti-i-pol\/wp-content\/uploads\/usu1292\/2019\/12\/mundus.png 225w, https:\/\/agora.xtec.cat\/iesmarti-i-pol\/wp-content\/uploads\/usu1292\/2019\/12\/mundus-150x150.png 150w\" sizes=\"auto, (max-width: 225px) 100vw, 225px\" \/><\/a><\/td>\n<td><a href=\"https:\/\/europa.eu\/youth\/solidarity\/projects_es#search\/keyword=\"><img loading=\"lazy\" decoding=\"async\" class=\"alignright size-full wp-image-14425\" src=\"https:\/\/agora.xtec.cat\/iesmarti-i-pol\/wp-content\/uploads\/usu1292\/2019\/12\/erasmus.png\" alt=\"\" width=\"341\" height=\"148\" srcset=\"https:\/\/agora.xtec.cat\/iesmarti-i-pol\/wp-content\/uploads\/usu1292\/2019\/12\/erasmus.png 341w, https:\/\/agora.xtec.cat\/iesmarti-i-pol\/wp-content\/uploads\/usu1292\/2019\/12\/erasmus-300x130.png 300w\" sizes=\"auto, (max-width: 341px) 100vw, 341px\" \/><\/a><\/td>\n<\/tr>\n<\/tbody>\n<\/table>\n<p>Tamb\u00e9 podeu obtenir m\u00e9s informaci\u00f3 contactant amb nosaltres al seg\u00fcent correu:<\/p>\n<p><a href=\"mailto:mobility_fp@mmpol.cat\">mobility_fp@mmpol.cat<\/a><\/p>\n<p><a href=\"https:\/\/agora.xtec.cat\/iesmarti-i-pol\/wp-content\/uploads\/usu1292\/2019\/11\/cofinanciado.png\"><img loading=\"lazy\" decoding=\"async\" class=\"wp-image-14213 alignleft\" src=\"https:\/\/agora.xtec.cat\/iesmarti-i-pol\/wp-content\/uploads\/usu1292\/2019\/11\/cofinanciado.png\" alt=\"\" width=\"155\" height=\"41\" srcset=\"https:\/\/agora.xtec.cat\/iesmarti-i-pol\/wp-content\/uploads\/usu1292\/2019\/11\/cofinanciado.png 596w, https:\/\/agora.xtec.cat\/iesmarti-i-pol\/wp-content\/uploads\/usu1292\/2019\/11\/cofinanciado-300x80.png 300w\" sizes=\"auto, (max-width: 155px) 100vw, 155px\" \/><\/a><\/p>\n","protected":false},"excerpt":{"rendered":"<p>El Cos Europeu de Solidaritat \u00e9s una iniciativa de la Uni\u00f3 Europea.\u00a0 L&#8217;objectiu \u00e9s crear oportunitats perqu\u00e8 els joves treballin com a voluntaris o col\u00b7laborin en projectes -en els seus propis pa\u00efsos o en l&#8217;estranger- que benefici\u00efn a comunitats i ciutadans de tot Europa. Per inscriure&#8217;t al Cos Europeu de Solidaritat has de tenir 17 [&hellip;]<\/p>\n","protected":false},"author":1,"featured_media":0,"parent":0,"menu_order":0,"comment_status":"closed","ping_status":"closed","template":"page-templates\/side-menu.php","meta":{"_bbp_topic_count":0,"_bbp_reply_count":0,"_bbp_total_topic_count":0,"_bbp_total_reply_count":0,"_bbp_voice_count":0,"_bbp_anonymous_reply_count":0,"_bbp_topic_count_hidden":0,"_bbp_reply_count_hidden":0,"_bbp_forum_subforum_count":0,"site-sidebar-layout":"default","site-content-layout":"","ast-site-content-layout":"","site-content-style":"default","site-sidebar-style":"default","ast-global-header-display":"","ast-banner-title-visibility":"","ast-main-header-display":"","ast-hfb-above-header-display":"","ast-hfb-below-header-display":"","ast-hfb-mobile-header-display":"","site-post-title":"","ast-breadcrumbs-content":"","ast-featured-img":"","footer-sml-layout":"","theme-transparent-header-meta":"","adv-header-id-meta":"","stick-header-meta":"","header-above-stick-meta":"","header-main-stick-meta":"","header-below-stick-meta":"","astra-migrate-meta-layouts":"default","ast-page-background-enabled":"default","ast-page-background-meta":{"desktop":{"background-color":"var(--ast-global-color-4)","background-image":"","background-repeat":"repeat","background-position":"center center","background-size":"auto","background-attachment":"scroll","background-type":"","background-media":"","overlay-type":"","overlay-color":"","overlay-opacity":"","overlay-gradient":""},"tablet":{"background-color":"","background-image":"","background-repeat":"repeat","background-position":"center center","background-size":"auto","background-attachment":"scroll","background-type":"","background-media":"","overlay-type":"","overlay-color":"","overlay-opacity":"","overlay-gradient":""},"mobile":{"background-color":"","background-image":"","background-repeat":"repeat","background-position":"center center","background-size":"auto","background-attachment":"scroll","background-type":"","background-media":"","overlay-type":"","overlay-color":"","overlay-opacity":"","overlay-gradient":""}},"ast-content-background-meta":{"desktop":{"background-color":"var(--ast-global-color-5)","background-image":"","background-repeat":"repeat","background-position":"center center","background-size":"auto","background-attachment":"scroll","background-type":"","background-media":"","overlay-type":"","overlay-color":"","overlay-opacity":"","overlay-gradient":""},"tablet":{"background-color":"var(--ast-global-color-5)","background-image":"","background-repeat":"repeat","background-position":"center center","background-size":"auto","background-attachment":"scroll","background-type":"","background-media":"","overlay-type":"","overlay-color":"","overlay-opacity":"","overlay-gradient":""},"mobile":{"background-color":"var(--ast-global-color-5)","background-image":"","background-repeat":"repeat","background-position":"center center","background-size":"auto","background-attachment":"scroll","background-type":"","background-media":"","overlay-type":"","overlay-color":"","overlay-opacity":"","overlay-gradient":""}},"footnotes":""},"class_list":["post-14407","page","type-page","status-publish","hentry"],"post_mailing_queue_ids":[],"_links":{"self":[{"href":"https:\/\/agora.xtec.cat\/iesmarti-i-pol\/wp-json\/wp\/v2\/pages\/14407","targetHints":{"allow":["GET"]}}],"collection":[{"href":"https:\/\/agora.xtec.cat\/iesmarti-i-pol\/wp-json\/wp\/v2\/pages"}],"about":[{"href":"https:\/\/agora.xtec.cat\/iesmarti-i-pol\/wp-json\/wp\/v2\/types\/page"}],"author":[{"embeddable":true,"href":"https:\/\/agora.xtec.cat\/iesmarti-i-pol\/wp-json\/wp\/v2\/users\/1"}],"replies":[{"embeddable":true,"href":"https:\/\/agora.xtec.cat\/iesmarti-i-pol\/wp-json\/wp\/v2\/comments?post=14407"}],"version-history":[{"count":3,"href":"https:\/\/agora.xtec.cat\/iesmarti-i-pol\/wp-json\/wp\/v2\/pages\/14407\/revisions"}],"predecessor-version":[{"id":14913,"href":"https:\/\/agora.xtec.cat\/iesmarti-i-pol\/wp-json\/wp\/v2\/pages\/14407\/revisions\/14913"}],"wp:attachment":[{"href":"https:\/\/agora.xtec.cat\/iesmarti-i-pol\/wp-json\/wp\/v2\/media?parent=14407"}],"curies":[{"name":"wp","href":"https:\/\/api.w.org\/{rel}","templated":true}]}}