{"id":14404,"date":"2019-12-18T10:52:18","date_gmt":"2019-12-18T09:52:18","guid":{"rendered":"http:\/\/agora.xtec.cat\/iesmarti-i-pol\/?page_id=14404"},"modified":"2020-07-07T18:32:01","modified_gmt":"2020-07-07T16:32:01","slug":"intercanvis-juvenils","status":"publish","type":"page","link":"https:\/\/agora.xtec.cat\/iesmarti-i-pol\/intercanvis-juvenils\/","title":{"rendered":"Youth exchanges"},"content":{"rendered":"<p>Un <span style=\"color: #000080;\"><em><strong>intercanvi juvenil<\/strong><\/em><\/span> \u00e9s un projecte finan\u00e7at per la <em><strong>Comissi\u00f3 Europea i el programa Erasmus+<\/strong><\/em>, en el qual participen grups de joves de diferents pa\u00efsos europeus. Aquest tipus de projectes permeten als participants trobar-se en un pa\u00eds estranger i intercanviar coneixements i experi\u00e8ncies entorn d\u2019un tema social espec\u00edfic.<\/p>\n<p><iframe loading=\"lazy\" src=\"https:\/\/www.youtube.com\/embed\/myhRLRrV8Io\" width=\"560\" height=\"315\" frameborder=\"0\"><\/iframe><\/p>\n<p>Per a m\u00e9s informaci\u00f3, feu clic a sobre el logo de MUNDUS o d&#8217;Erasmus +<\/p>\n<table>\n<tbody>\n<tr>\n<td><a href=\"https:\/\/asociacionmundus.com\/intercambios-y-formaciones\/intercambios-juveniles\/youth-exchange\/\"><img loading=\"lazy\" decoding=\"async\" class=\"alignright size-full wp-image-14426\" src=\"https:\/\/agora.xtec.cat\/iesmarti-i-pol\/wp-content\/uploads\/usu1292\/2019\/12\/mundus.png\" alt=\"\" width=\"225\" height=\"225\" srcset=\"https:\/\/agora.xtec.cat\/iesmarti-i-pol\/wp-content\/uploads\/usu1292\/2019\/12\/mundus.png 225w, https:\/\/agora.xtec.cat\/iesmarti-i-pol\/wp-content\/uploads\/usu1292\/2019\/12\/mundus-150x150.png 150w\" sizes=\"auto, (max-width: 225px) 100vw, 225px\" \/><\/a><\/td>\n<td><a href=\"https:\/\/ec.europa.eu\/programmes\/erasmus-plus\/opportunities\/individuals\/young-people\/youth-exchanges_es\"><img loading=\"lazy\" decoding=\"async\" class=\"alignright size-full wp-image-14425\" src=\"https:\/\/agora.xtec.cat\/iesmarti-i-pol\/wp-content\/uploads\/usu1292\/2019\/12\/erasmus.png\" alt=\"\" width=\"341\" height=\"148\" srcset=\"https:\/\/agora.xtec.cat\/iesmarti-i-pol\/wp-content\/uploads\/usu1292\/2019\/12\/erasmus.png 341w, https:\/\/agora.xtec.cat\/iesmarti-i-pol\/wp-content\/uploads\/usu1292\/2019\/12\/erasmus-300x130.png 300w\" sizes=\"auto, (max-width: 341px) 100vw, 341px\" \/><\/a><\/td>\n<\/tr>\n<\/tbody>\n<\/table>\n<p>Tamb\u00e9 podeu obtenir m\u00e9s informaci\u00f3 contactant amb nosaltres al seg\u00fcent correu:<\/p>\n<p><a href=\"mailto:mobility_fp@mmpol.cat\">mobility_fp@mmpol.cat<\/a><\/p>\n<p><span style=\"color: #ff0000;\"><strong><a href=\"https:\/\/agora.xtec.cat\/iesmarti-i-pol\/wp-content\/uploads\/usu1292\/2020\/07\/new.gif\"><img loading=\"lazy\" decoding=\"async\" class=\"wp-image-17050 alignleft\" src=\"https:\/\/agora.xtec.cat\/iesmarti-i-pol\/wp-content\/uploads\/usu1292\/2020\/07\/new.gif\" alt=\"\" width=\"77\" height=\"72\" \/><\/a><\/strong><\/span><\/p>\n<p>&nbsp;<\/p>\n<p><a href=\"https:\/\/agora.xtec.cat\/iesmarti-i-pol\/wp-content\/uploads\/usu1292\/2020\/07\/InfoPack-Cultural-experience-iunie-2.pdf\">Projecte d&#8217;intercanvi juvenil a Romania agost 2020<\/a><\/p>\n<p>&nbsp;<\/p>\n<p>&nbsp;<\/p>\n","protected":false},"excerpt":{"rendered":"<p>Un intercanvi juvenil \u00e9s un projecte finan\u00e7at per la Comissi\u00f3 Europea i el programa Erasmus+, en el qual participen grups de joves de diferents pa\u00efsos europeus. Aquest tipus de projectes permeten als participants trobar-se en un pa\u00eds estranger i intercanviar coneixements i experi\u00e8ncies entorn d\u2019un tema social espec\u00edfic. Per a m\u00e9s informaci\u00f3, feu clic a [&hellip;]<\/p>\n","protected":false},"author":1,"featured_media":0,"parent":0,"menu_order":0,"comment_status":"closed","ping_status":"closed","template":"page-templates\/side-menu.php","meta":{"_bbp_topic_count":0,"_bbp_reply_count":0,"_bbp_total_topic_count":0,"_bbp_total_reply_count":0,"_bbp_voice_count":0,"_bbp_anonymous_reply_count":0,"_bbp_topic_count_hidden":0,"_bbp_reply_count_hidden":0,"_bbp_forum_subforum_count":0,"site-sidebar-layout":"default","site-content-layout":"","ast-site-content-layout":"","site-content-style":"default","site-sidebar-style":"default","ast-global-header-display":"","ast-banner-title-visibility":"","ast-main-header-display":"","ast-hfb-above-header-display":"","ast-hfb-below-header-display":"","ast-hfb-mobile-header-display":"","site-post-title":"","ast-breadcrumbs-content":"","ast-featured-img":"","footer-sml-layout":"","theme-transparent-header-meta":"","adv-header-id-meta":"","stick-header-meta":"","header-above-stick-meta":"","header-main-stick-meta":"","header-below-stick-meta":"","astra-migrate-meta-layouts":"default","ast-page-background-enabled":"default","ast-page-background-meta":{"desktop":{"background-color":"var(--ast-global-color-4)","background-image":"","background-repeat":"repeat","background-position":"center center","background-size":"auto","background-attachment":"scroll","background-type":"","background-media":"","overlay-type":"","overlay-color":"","overlay-opacity":"","overlay-gradient":""},"tablet":{"background-color":"","background-image":"","background-repeat":"repeat","background-position":"center center","background-size":"auto","background-attachment":"scroll","background-type":"","background-media":"","overlay-type":"","overlay-color":"","overlay-opacity":"","overlay-gradient":""},"mobile":{"background-color":"","background-image":"","background-repeat":"repeat","background-position":"center center","background-size":"auto","background-attachment":"scroll","background-type":"","background-media":"","overlay-type":"","overlay-color":"","overlay-opacity":"","overlay-gradient":""}},"ast-content-background-meta":{"desktop":{"background-color":"var(--ast-global-color-5)","background-image":"","background-repeat":"repeat","background-position":"center center","background-size":"auto","background-attachment":"scroll","background-type":"","background-media":"","overlay-type":"","overlay-color":"","overlay-opacity":"","overlay-gradient":""},"tablet":{"background-color":"var(--ast-global-color-5)","background-image":"","background-repeat":"repeat","background-position":"center center","background-size":"auto","background-attachment":"scroll","background-type":"","background-media":"","overlay-type":"","overlay-color":"","overlay-opacity":"","overlay-gradient":""},"mobile":{"background-color":"var(--ast-global-color-5)","background-image":"","background-repeat":"repeat","background-position":"center center","background-size":"auto","background-attachment":"scroll","background-type":"","background-media":"","overlay-type":"","overlay-color":"","overlay-opacity":"","overlay-gradient":""}},"footnotes":""},"class_list":["post-14404","page","type-page","status-publish","hentry"],"post_mailing_queue_ids":[],"_links":{"self":[{"href":"https:\/\/agora.xtec.cat\/iesmarti-i-pol\/wp-json\/wp\/v2\/pages\/14404","targetHints":{"allow":["GET"]}}],"collection":[{"href":"https:\/\/agora.xtec.cat\/iesmarti-i-pol\/wp-json\/wp\/v2\/pages"}],"about":[{"href":"https:\/\/agora.xtec.cat\/iesmarti-i-pol\/wp-json\/wp\/v2\/types\/page"}],"author":[{"embeddable":true,"href":"https:\/\/agora.xtec.cat\/iesmarti-i-pol\/wp-json\/wp\/v2\/users\/1"}],"replies":[{"embeddable":true,"href":"https:\/\/agora.xtec.cat\/iesmarti-i-pol\/wp-json\/wp\/v2\/comments?post=14404"}],"version-history":[{"count":4,"href":"https:\/\/agora.xtec.cat\/iesmarti-i-pol\/wp-json\/wp\/v2\/pages\/14404\/revisions"}],"predecessor-version":[{"id":17054,"href":"https:\/\/agora.xtec.cat\/iesmarti-i-pol\/wp-json\/wp\/v2\/pages\/14404\/revisions\/17054"}],"wp:attachment":[{"href":"https:\/\/agora.xtec.cat\/iesmarti-i-pol\/wp-json\/wp\/v2\/media?parent=14404"}],"curies":[{"name":"wp","href":"https:\/\/api.w.org\/{rel}","templated":true}]}}