{"id":12809,"date":"2019-03-27T11:28:45","date_gmt":"2019-03-27T10:28:45","guid":{"rendered":"http:\/\/agora.xtec.cat\/iesmarti-i-pol\/?page_id=12809"},"modified":"2019-09-29T09:35:07","modified_gmt":"2019-09-29T07:35:07","slug":"politica-linguistica","status":"publish","type":"page","link":"https:\/\/agora.xtec.cat\/iesmarti-i-pol\/erasmus-plus\/politica-linguistica\/","title":{"rendered":"Pol\u00edtica ling\u00fc\u00edstica"},"content":{"rendered":"<p><span class=\"tlid-translation translation\" lang=\"ca\"><span title=\"\">Les necessitats d\u2019un mercat laboral integrat a la UE fan que l\u2019idioma angl\u00e8s sigui essencial en la inserci\u00f3 laboral dels estudiants de formaci\u00f3 professional.<\/span> <span title=\"\">Estem treballant per oferir llengua anglesa en diferents mat\u00e8ries i alguns professors de FP estan aprenent metodologies AICLE per tal d&#8217;aplicar el GEP als cursos VET.<\/span> <span class=\"\" title=\"\">Tamb\u00e9 oferim el club angl\u00e8s, que els permet parlar trenta minuts en angl\u00e8s sobre un tema amb un nombre redu\u00eft d\u2019estudiants. Aquesta activitat \u00e9s moderada per un professor.<\/span><br \/>\n<span class=\"\" title=\"\">Per als estudiants i el personal, abans de la seva mobilitat, el pla OLS gratu\u00eft els permetr\u00e0 practicar la llengua.<\/span><\/span><\/p>\n<table style=\"border-collapse: collapse; width: 100%;\" border=\"1\">\n<tbody>\n<tr>\n<td style=\"width: 33.333333333333336%;\"><a href=\"https:\/\/agora.xtec.cat\/iesmarti-i-pol\/wp-content\/uploads\/usu1292\/2019\/03\/elglishclub.jpg\"><img loading=\"lazy\" decoding=\"async\" class=\"aligncenter wp-image-12779\" src=\"https:\/\/agora.xtec.cat\/iesmarti-i-pol\/wp-content\/uploads\/usu1292\/2019\/03\/elglishclub.jpg\" alt=\"\" width=\"111\" height=\"111\" srcset=\"https:\/\/agora.xtec.cat\/iesmarti-i-pol\/wp-content\/uploads\/usu1292\/2019\/03\/elglishclub.jpg 225w, https:\/\/agora.xtec.cat\/iesmarti-i-pol\/wp-content\/uploads\/usu1292\/2019\/03\/elglishclub-150x150.jpg 150w\" sizes=\"auto, (max-width: 111px) 100vw, 111px\" \/><\/a><\/td>\n<td style=\"width: 33.333333333333336%;\"><a href=\"https:\/\/agora.xtec.cat\/iesmarti-i-pol\/categoria\/gep\/\"><img loading=\"lazy\" decoding=\"async\" class=\"aligncenter wp-image-12778\" src=\"https:\/\/agora.xtec.cat\/iesmarti-i-pol\/wp-content\/uploads\/usu1292\/2019\/03\/gep11.jpg\" alt=\"\" width=\"101\" height=\"101\" srcset=\"https:\/\/agora.xtec.cat\/iesmarti-i-pol\/wp-content\/uploads\/usu1292\/2019\/03\/gep11.jpg 200w, https:\/\/agora.xtec.cat\/iesmarti-i-pol\/wp-content\/uploads\/usu1292\/2019\/03\/gep11-150x150.jpg 150w\" sizes=\"auto, (max-width: 101px) 100vw, 101px\" \/><\/a><\/td>\n<td style=\"width: 33.333333333333336%;\"><a href=\"https:\/\/erasmusplusols.eu\/en\/\"><img loading=\"lazy\" decoding=\"async\" class=\"aligncenter wp-image-12782\" src=\"https:\/\/agora.xtec.cat\/iesmarti-i-pol\/wp-content\/uploads\/usu1292\/2019\/03\/ols.png\" alt=\"\" width=\"205\" height=\"57\" srcset=\"https:\/\/agora.xtec.cat\/iesmarti-i-pol\/wp-content\/uploads\/usu1292\/2019\/03\/ols.png 425w, https:\/\/agora.xtec.cat\/iesmarti-i-pol\/wp-content\/uploads\/usu1292\/2019\/03\/ols-300x84.png 300w\" sizes=\"auto, (max-width: 205px) 100vw, 205px\" \/><\/a><\/td>\n<\/tr>\n<\/tbody>\n<\/table>\n","protected":false},"excerpt":{"rendered":"<p>Les necessitats d\u2019un mercat laboral integrat a la UE fan que l\u2019idioma angl\u00e8s sigui essencial en la inserci\u00f3 laboral dels estudiants de formaci\u00f3 professional. Estem treballant per oferir llengua anglesa en diferents mat\u00e8ries i alguns professors de FP estan aprenent metodologies AICLE per tal d&#8217;aplicar el GEP als cursos VET. Tamb\u00e9 oferim el club angl\u00e8s, [&hellip;]<\/p>\n","protected":false},"author":1,"featured_media":0,"parent":12077,"menu_order":10,"comment_status":"closed","ping_status":"closed","template":"page-templates\/side-menu.php","meta":{"_bbp_topic_count":0,"_bbp_reply_count":0,"_bbp_total_topic_count":0,"_bbp_total_reply_count":0,"_bbp_voice_count":0,"_bbp_anonymous_reply_count":0,"_bbp_topic_count_hidden":0,"_bbp_reply_count_hidden":0,"_bbp_forum_subforum_count":0,"site-sidebar-layout":"default","site-content-layout":"","ast-site-content-layout":"","site-content-style":"default","site-sidebar-style":"default","ast-global-header-display":"","ast-banner-title-visibility":"","ast-main-header-display":"","ast-hfb-above-header-display":"","ast-hfb-below-header-display":"","ast-hfb-mobile-header-display":"","site-post-title":"","ast-breadcrumbs-content":"","ast-featured-img":"","footer-sml-layout":"","theme-transparent-header-meta":"","adv-header-id-meta":"","stick-header-meta":"","header-above-stick-meta":"","header-main-stick-meta":"","header-below-stick-meta":"","astra-migrate-meta-layouts":"default","ast-page-background-enabled":"default","ast-page-background-meta":{"desktop":{"background-color":"var(--ast-global-color-4)","background-image":"","background-repeat":"repeat","background-position":"center center","background-size":"auto","background-attachment":"scroll","background-type":"","background-media":"","overlay-type":"","overlay-color":"","overlay-opacity":"","overlay-gradient":""},"tablet":{"background-color":"","background-image":"","background-repeat":"repeat","background-position":"center center","background-size":"auto","background-attachment":"scroll","background-type":"","background-media":"","overlay-type":"","overlay-color":"","overlay-opacity":"","overlay-gradient":""},"mobile":{"background-color":"","background-image":"","background-repeat":"repeat","background-position":"center center","background-size":"auto","background-attachment":"scroll","background-type":"","background-media":"","overlay-type":"","overlay-color":"","overlay-opacity":"","overlay-gradient":""}},"ast-content-background-meta":{"desktop":{"background-color":"var(--ast-global-color-5)","background-image":"","background-repeat":"repeat","background-position":"center center","background-size":"auto","background-attachment":"scroll","background-type":"","background-media":"","overlay-type":"","overlay-color":"","overlay-opacity":"","overlay-gradient":""},"tablet":{"background-color":"var(--ast-global-color-5)","background-image":"","background-repeat":"repeat","background-position":"center center","background-size":"auto","background-attachment":"scroll","background-type":"","background-media":"","overlay-type":"","overlay-color":"","overlay-opacity":"","overlay-gradient":""},"mobile":{"background-color":"var(--ast-global-color-5)","background-image":"","background-repeat":"repeat","background-position":"center center","background-size":"auto","background-attachment":"scroll","background-type":"","background-media":"","overlay-type":"","overlay-color":"","overlay-opacity":"","overlay-gradient":""}},"footnotes":""},"class_list":["post-12809","page","type-page","status-publish","hentry"],"post_mailing_queue_ids":[],"_links":{"self":[{"href":"https:\/\/agora.xtec.cat\/iesmarti-i-pol\/wp-json\/wp\/v2\/pages\/12809","targetHints":{"allow":["GET"]}}],"collection":[{"href":"https:\/\/agora.xtec.cat\/iesmarti-i-pol\/wp-json\/wp\/v2\/pages"}],"about":[{"href":"https:\/\/agora.xtec.cat\/iesmarti-i-pol\/wp-json\/wp\/v2\/types\/page"}],"author":[{"embeddable":true,"href":"https:\/\/agora.xtec.cat\/iesmarti-i-pol\/wp-json\/wp\/v2\/users\/1"}],"replies":[{"embeddable":true,"href":"https:\/\/agora.xtec.cat\/iesmarti-i-pol\/wp-json\/wp\/v2\/comments?post=12809"}],"version-history":[{"count":2,"href":"https:\/\/agora.xtec.cat\/iesmarti-i-pol\/wp-json\/wp\/v2\/pages\/12809\/revisions"}],"predecessor-version":[{"id":12814,"href":"https:\/\/agora.xtec.cat\/iesmarti-i-pol\/wp-json\/wp\/v2\/pages\/12809\/revisions\/12814"}],"up":[{"embeddable":true,"href":"https:\/\/agora.xtec.cat\/iesmarti-i-pol\/wp-json\/wp\/v2\/pages\/12077"}],"wp:attachment":[{"href":"https:\/\/agora.xtec.cat\/iesmarti-i-pol\/wp-json\/wp\/v2\/media?parent=12809"}],"curies":[{"name":"wp","href":"https:\/\/api.w.org\/{rel}","templated":true}]}}