{"id":12793,"date":"2019-03-27T11:20:33","date_gmt":"2019-03-27T10:20:33","guid":{"rendered":"http:\/\/agora.xtec.cat\/iesmarti-i-pol\/?page_id=12793"},"modified":"2019-04-02T17:14:31","modified_gmt":"2019-04-02T15:14:31","slug":"cicles-de-grau-superior","status":"publish","type":"page","link":"https:\/\/agora.xtec.cat\/iesmarti-i-pol\/erasmus-plus\/cicles-de-grau-superior\/","title":{"rendered":"Cicles de grau superior"},"content":{"rendered":"<p>CFGS oferts per l&#8217;IES, amb els m\u00f2duls professionals i els seus respectius resultats d&#8217;aprenentatge, en <span style=\"color: #000080;\"><strong>angl\u00e8s<\/strong><\/span>, adquirits per l&#8217;estudiant, en el cas dels cursos LOE, a m\u00e9s \u00e9s mostra la correspond\u00e8ncia amb els cr\u00e8dits <span style=\"color: #000080;\"><strong>ECTS<\/strong><\/span> de cada m\u00f2dul.<\/p>\n<p>&#8211; <a href=\"http:\/\/agora.xtec.cat\/iesmarti-i-pol\/reasmus-plus-en\/erasmus-training-cycles\/advanced-training-cycles\/electricity-and-electronics-vet-family\/\">fam\u00edlia d&#8217;electricitat<\/a><br \/>\n&#8211; <a href=\"http:\/\/agora.xtec.cat\/iesmarti-i-pol\/reasmus-plus-en\/erasmus-training-cycles\/advanced-training-cycles\/wood-furniture-and-cork-vet-family\/\">fam\u00edlia de fusta<\/a><br \/>\n&#8211; <a href=\"http:\/\/agora.xtec.cat\/iesmarti-i-pol\/reasmus-plus-en\/erasmus-training-cycles\/advanced-training-cycles\/health-vet-family\/\">fam\u00edlia sanit\u00e0ria<\/a><\/p>\n<p>CFGS oferts per l&#8217;IES, amb els m\u00f2duls professionals i els seus respectius resultats d&#8217;aprenentatge, en llengua <span style=\"color: #000080;\"><strong>catalana<\/strong><\/span>, adquirits per l&#8217;estudiant, mostra la <span style=\"color: #000080;\"><strong>distribuci\u00f3 hor\u00e0ria<\/strong><\/span> de cada unitat de formaci\u00f3 i la formaci\u00f3 obligat\u00f2ria a l&#8217;empresa (FCT).<\/p>\n<p>&#8211; <a href=\"https:\/\/agora.xtec.cat\/iesmarti-i-pol\/estudis\/cicles-formatius\/grau-superior\/\">CFGS a l&#8217;institut MMPol<\/a><\/p>\n<p><a href=\"http:\/\/xtec.gencat.cat\/ca\/curriculum\/professionals\/fp\/\"><img loading=\"lazy\" decoding=\"async\" class=\"alignleft wp-image-12841\" title=\"per a m\u00e9s informaci\u00f3 sobre els curr\u00edculums dels nostres estudis, visiteu el web de l'XTEC\" src=\"https:\/\/agora.xtec.cat\/iesmarti-i-pol\/wp-content\/uploads\/usu1292\/2019\/03\/xtec.jpg\" alt=\"\" width=\"158\" height=\"94\" \/><\/a><\/p>\n","protected":false},"excerpt":{"rendered":"<p>CFGS oferts per l&#8217;IES, amb els m\u00f2duls professionals i els seus respectius resultats d&#8217;aprenentatge, en angl\u00e8s, adquirits per l&#8217;estudiant, en el cas dels cursos LOE, a m\u00e9s \u00e9s mostra la correspond\u00e8ncia amb els cr\u00e8dits ECTS de cada m\u00f2dul. &#8211; fam\u00edlia d&#8217;electricitat &#8211; fam\u00edlia de fusta &#8211; fam\u00edlia sanit\u00e0ria CFGS oferts per l&#8217;IES, amb els m\u00f2duls [&hellip;]<\/p>\n","protected":false},"author":1,"featured_media":0,"parent":12077,"menu_order":0,"comment_status":"closed","ping_status":"closed","template":"page-templates\/side-menu.php","meta":{"_bbp_topic_count":0,"_bbp_reply_count":0,"_bbp_total_topic_count":0,"_bbp_total_reply_count":0,"_bbp_voice_count":0,"_bbp_anonymous_reply_count":0,"_bbp_topic_count_hidden":0,"_bbp_reply_count_hidden":0,"_bbp_forum_subforum_count":0,"site-sidebar-layout":"default","site-content-layout":"","ast-site-content-layout":"","site-content-style":"default","site-sidebar-style":"default","ast-global-header-display":"","ast-banner-title-visibility":"","ast-main-header-display":"","ast-hfb-above-header-display":"","ast-hfb-below-header-display":"","ast-hfb-mobile-header-display":"","site-post-title":"","ast-breadcrumbs-content":"","ast-featured-img":"","footer-sml-layout":"","theme-transparent-header-meta":"","adv-header-id-meta":"","stick-header-meta":"","header-above-stick-meta":"","header-main-stick-meta":"","header-below-stick-meta":"","astra-migrate-meta-layouts":"default","ast-page-background-enabled":"default","ast-page-background-meta":{"desktop":{"background-color":"var(--ast-global-color-4)","background-image":"","background-repeat":"repeat","background-position":"center center","background-size":"auto","background-attachment":"scroll","background-type":"","background-media":"","overlay-type":"","overlay-color":"","overlay-opacity":"","overlay-gradient":""},"tablet":{"background-color":"","background-image":"","background-repeat":"repeat","background-position":"center center","background-size":"auto","background-attachment":"scroll","background-type":"","background-media":"","overlay-type":"","overlay-color":"","overlay-opacity":"","overlay-gradient":""},"mobile":{"background-color":"","background-image":"","background-repeat":"repeat","background-position":"center center","background-size":"auto","background-attachment":"scroll","background-type":"","background-media":"","overlay-type":"","overlay-color":"","overlay-opacity":"","overlay-gradient":""}},"ast-content-background-meta":{"desktop":{"background-color":"var(--ast-global-color-5)","background-image":"","background-repeat":"repeat","background-position":"center center","background-size":"auto","background-attachment":"scroll","background-type":"","background-media":"","overlay-type":"","overlay-color":"","overlay-opacity":"","overlay-gradient":""},"tablet":{"background-color":"var(--ast-global-color-5)","background-image":"","background-repeat":"repeat","background-position":"center center","background-size":"auto","background-attachment":"scroll","background-type":"","background-media":"","overlay-type":"","overlay-color":"","overlay-opacity":"","overlay-gradient":""},"mobile":{"background-color":"var(--ast-global-color-5)","background-image":"","background-repeat":"repeat","background-position":"center center","background-size":"auto","background-attachment":"scroll","background-type":"","background-media":"","overlay-type":"","overlay-color":"","overlay-opacity":"","overlay-gradient":""}},"footnotes":""},"class_list":["post-12793","page","type-page","status-publish","hentry"],"post_mailing_queue_ids":[],"_links":{"self":[{"href":"https:\/\/agora.xtec.cat\/iesmarti-i-pol\/wp-json\/wp\/v2\/pages\/12793","targetHints":{"allow":["GET"]}}],"collection":[{"href":"https:\/\/agora.xtec.cat\/iesmarti-i-pol\/wp-json\/wp\/v2\/pages"}],"about":[{"href":"https:\/\/agora.xtec.cat\/iesmarti-i-pol\/wp-json\/wp\/v2\/types\/page"}],"author":[{"embeddable":true,"href":"https:\/\/agora.xtec.cat\/iesmarti-i-pol\/wp-json\/wp\/v2\/users\/1"}],"replies":[{"embeddable":true,"href":"https:\/\/agora.xtec.cat\/iesmarti-i-pol\/wp-json\/wp\/v2\/comments?post=12793"}],"version-history":[{"count":2,"href":"https:\/\/agora.xtec.cat\/iesmarti-i-pol\/wp-json\/wp\/v2\/pages\/12793\/revisions"}],"predecessor-version":[{"id":12995,"href":"https:\/\/agora.xtec.cat\/iesmarti-i-pol\/wp-json\/wp\/v2\/pages\/12793\/revisions\/12995"}],"up":[{"embeddable":true,"href":"https:\/\/agora.xtec.cat\/iesmarti-i-pol\/wp-json\/wp\/v2\/pages\/12077"}],"wp:attachment":[{"href":"https:\/\/agora.xtec.cat\/iesmarti-i-pol\/wp-json\/wp\/v2\/media?parent=12793"}],"curies":[{"name":"wp","href":"https:\/\/api.w.org\/{rel}","templated":true}]}}