{"id":12077,"date":"2019-03-11T15:56:11","date_gmt":"2019-03-11T14:56:11","guid":{"rendered":"http:\/\/agora.xtec.cat\/iesmarti-i-pol\/?page_id=12077"},"modified":"2025-11-19T13:37:46","modified_gmt":"2025-11-19T12:37:46","slug":"erasmus-plus","status":"publish","type":"page","link":"https:\/\/agora.xtec.cat\/iesmarti-i-pol\/erasmus-plus\/","title":{"rendered":"Erasmus+"},"content":{"rendered":"<p><a href=\"https:\/\/agora.xtec.cat\/iesmarti-i-pol\/wp-content\/uploads\/usu1292\/2019\/09\/cofinanciadorrrrr.png\"><img loading=\"lazy\" decoding=\"async\" class=\"wp-image-13963 alignleft\" src=\"https:\/\/agora.xtec.cat\/iesmarti-i-pol\/wp-content\/uploads\/usu1292\/2019\/09\/cofinanciadorrrrr.png\" alt=\"\" width=\"171\" height=\"54\" srcset=\"https:\/\/agora.xtec.cat\/iesmarti-i-pol\/wp-content\/uploads\/usu1292\/2019\/09\/cofinanciadorrrrr.png 450w, https:\/\/agora.xtec.cat\/iesmarti-i-pol\/wp-content\/uploads\/usu1292\/2019\/09\/cofinanciadorrrrr-300x94.png 300w\" sizes=\"auto, (max-width: 171px) 100vw, 171px\" \/><\/a><\/p>\n<p>&nbsp;<\/p>\n<p>&nbsp;<\/p>\n<p><span style=\"color: #000080;\"><em><strong>Erasmus+<\/strong><\/em><\/span> \u00e9s un programa de finan\u00e7ament per donar suport a activitats en els camps de l&#8217;educaci\u00f3, la formaci\u00f3, la joventut i l&#8217;esport, que est\u00e0 gestionat en part per les ag\u00e8ncies nacionals i en part a nivell europeu per l&#8217;EACEA.<\/p>\n<p><a href=\"https:\/\/agora.xtec.cat\/iesmarti-i-pol\/wp-content\/uploads\/usu1292\/2019\/04\/foto-pagina-inici-erasmus.jpg\"><img loading=\"lazy\" decoding=\"async\" class=\"wp-image-12943 size-full aligncenter\" src=\"https:\/\/agora.xtec.cat\/iesmarti-i-pol\/wp-content\/uploads\/usu1292\/2019\/04\/foto-pagina-inici-erasmus.jpg\" alt=\"\" width=\"1000\" height=\"348\" srcset=\"https:\/\/agora.xtec.cat\/iesmarti-i-pol\/wp-content\/uploads\/usu1292\/2019\/04\/foto-pagina-inici-erasmus.jpg 1000w, https:\/\/agora.xtec.cat\/iesmarti-i-pol\/wp-content\/uploads\/usu1292\/2019\/04\/foto-pagina-inici-erasmus-300x104.jpg 300w, https:\/\/agora.xtec.cat\/iesmarti-i-pol\/wp-content\/uploads\/usu1292\/2019\/04\/foto-pagina-inici-erasmus-768x267.jpg 768w\" sizes=\"auto, (max-width: 1000px) 100vw, 1000px\" \/><\/a><\/p>\n<p>La <span style=\"color: #000080;\"><strong><em>Comissi\u00f3 Europea<\/em><\/strong><\/span> \u00e9s responsable de les pol\u00edtiques Erasmus+ i supervisa la implementaci\u00f3 global del programa Erasmu +, oferint beques per a activitats en els camps de l&#8217;educaci\u00f3, la formaci\u00f3, la joventut i l&#8217;esport. Ofereix oportunitats per a:<\/p>\n<ul>\n<li><em><strong>persones<\/strong><\/em> que tenen un per\u00edode de mobilitat o voluntariat a l&#8217;estranger i que reben formaci\u00f3 d&#8217;idiomes.<\/li>\n<li><em><strong>Organitzacions<\/strong><\/em> que col\u00b7laboren en associacions de projectes en els camps de l&#8217;educaci\u00f3 acad\u00e8mica i professional, escoles, aprenentatge d&#8217;adults i esdeveniments esportius europeus.<\/li>\n<\/ul>\n<p>L&#8217;<em><strong>Erasmus+<\/strong><\/em> tamb\u00e9 d\u00f3na suport a la doc\u00e8ncia , recerca, treball en xarxa i debat sobre temes de la UE. La nostra escola treballa amb projectes Erasmus+ per aconseguir m\u00e9s internacionalitzaci\u00f3, modernitzaci\u00f3 i projecci\u00f3 europea de l\u2019escola. Ofereix suport econ\u00f2mic als estudiants que vulguin millorar les seves habilitats mitjan\u00e7ant l&#8217;experi\u00e8ncia laboral a l&#8217;estranger. Fa possible visitar altres centres per replicar m\u00e8todes d\u2019ensenyament innovadors, promoure les habilitats ling\u00fc\u00edstiques dels estudiants i del personal i fomentar el concepte de ciutadania europea, alhora que educa persones respectuoses amb la diversitat i el pensament cr\u00edtic contra la intoler\u00e0ncia.<\/p>\n<p><a href=\"http:\/\/sepie.es\"><img loading=\"lazy\" decoding=\"async\" class=\"wp-image-13930 alignleft\" src=\"https:\/\/agora.xtec.cat\/iesmarti-i-pol\/wp-content\/uploads\/usu1292\/2019\/09\/SEPIE_erasmus_plus.gif\" alt=\"\" width=\"236\" height=\"59\" \/> \u00a0 \u00a0 <\/a><strong>\u00a0<\/strong><\/p>\n<h3><strong><a href=\"https:\/\/agora.xtec.cat\/iesmarti-i-pol\/wp-content\/uploads\/usu1292\/2019\/09\/nota-de-prensa-responsabilidad.png\" target=\"_blank\" rel=\"noopener noreferrer\"><br \/>\n<img loading=\"lazy\" decoding=\"async\" class=\"alignright wp-image-13969\" title=\"text d'exempci\u00f3 de responsabilitat\" src=\"https:\/\/agora.xtec.cat\/iesmarti-i-pol\/wp-content\/uploads\/usu1292\/2019\/09\/sobre.png\" alt=\"\" width=\"57\" height=\"53\" \/><\/a><\/strong><\/h3>\n","protected":false},"excerpt":{"rendered":"<p>&nbsp; &nbsp; Erasmus+ \u00e9s un programa de finan\u00e7ament per donar suport a activitats en els camps de l&#8217;educaci\u00f3, la formaci\u00f3, la joventut i l&#8217;esport, que est\u00e0 gestionat en part per les ag\u00e8ncies nacionals i en part a nivell europeu per l&#8217;EACEA. La Comissi\u00f3 Europea \u00e9s responsable de les pol\u00edtiques Erasmus+ i supervisa la implementaci\u00f3 global [&hellip;]<\/p>\n","protected":false},"author":1,"featured_media":0,"parent":0,"menu_order":0,"comment_status":"closed","ping_status":"closed","template":"","meta":{"_bbp_topic_count":0,"_bbp_reply_count":0,"_bbp_total_topic_count":0,"_bbp_total_reply_count":0,"_bbp_voice_count":0,"_bbp_anonymous_reply_count":0,"_bbp_topic_count_hidden":0,"_bbp_reply_count_hidden":0,"_bbp_forum_subforum_count":0,"site-sidebar-layout":"default","site-content-layout":"","ast-site-content-layout":"default","site-content-style":"default","site-sidebar-style":"default","ast-global-header-display":"","ast-banner-title-visibility":"","ast-main-header-display":"","ast-hfb-above-header-display":"","ast-hfb-below-header-display":"","ast-hfb-mobile-header-display":"","site-post-title":"","ast-breadcrumbs-content":"","ast-featured-img":"","footer-sml-layout":"","theme-transparent-header-meta":"default","adv-header-id-meta":"","stick-header-meta":"","header-above-stick-meta":"","header-main-stick-meta":"","header-below-stick-meta":"","astra-migrate-meta-layouts":"set","ast-page-background-enabled":"default","ast-page-background-meta":{"desktop":{"background-color":"var(--ast-global-color-4)","background-image":"","background-repeat":"repeat","background-position":"center center","background-size":"auto","background-attachment":"scroll","background-type":"","background-media":"","overlay-type":"","overlay-color":"","overlay-opacity":"","overlay-gradient":""},"tablet":{"background-color":"","background-image":"","background-repeat":"repeat","background-position":"center center","background-size":"auto","background-attachment":"scroll","background-type":"","background-media":"","overlay-type":"","overlay-color":"","overlay-opacity":"","overlay-gradient":""},"mobile":{"background-color":"","background-image":"","background-repeat":"repeat","background-position":"center center","background-size":"auto","background-attachment":"scroll","background-type":"","background-media":"","overlay-type":"","overlay-color":"","overlay-opacity":"","overlay-gradient":""}},"ast-content-background-meta":{"desktop":{"background-color":"var(--ast-global-color-5)","background-image":"","background-repeat":"repeat","background-position":"center center","background-size":"auto","background-attachment":"scroll","background-type":"","background-media":"","overlay-type":"","overlay-color":"","overlay-opacity":"","overlay-gradient":""},"tablet":{"background-color":"var(--ast-global-color-5)","background-image":"","background-repeat":"repeat","background-position":"center center","background-size":"auto","background-attachment":"scroll","background-type":"","background-media":"","overlay-type":"","overlay-color":"","overlay-opacity":"","overlay-gradient":""},"mobile":{"background-color":"var(--ast-global-color-5)","background-image":"","background-repeat":"repeat","background-position":"center center","background-size":"auto","background-attachment":"scroll","background-type":"","background-media":"","overlay-type":"","overlay-color":"","overlay-opacity":"","overlay-gradient":""}},"footnotes":""},"class_list":["post-12077","page","type-page","status-publish","hentry"],"post_mailing_queue_ids":[],"_links":{"self":[{"href":"https:\/\/agora.xtec.cat\/iesmarti-i-pol\/wp-json\/wp\/v2\/pages\/12077","targetHints":{"allow":["GET"]}}],"collection":[{"href":"https:\/\/agora.xtec.cat\/iesmarti-i-pol\/wp-json\/wp\/v2\/pages"}],"about":[{"href":"https:\/\/agora.xtec.cat\/iesmarti-i-pol\/wp-json\/wp\/v2\/types\/page"}],"author":[{"embeddable":true,"href":"https:\/\/agora.xtec.cat\/iesmarti-i-pol\/wp-json\/wp\/v2\/users\/1"}],"replies":[{"embeddable":true,"href":"https:\/\/agora.xtec.cat\/iesmarti-i-pol\/wp-json\/wp\/v2\/comments?post=12077"}],"version-history":[{"count":7,"href":"https:\/\/agora.xtec.cat\/iesmarti-i-pol\/wp-json\/wp\/v2\/pages\/12077\/revisions"}],"predecessor-version":[{"id":28454,"href":"https:\/\/agora.xtec.cat\/iesmarti-i-pol\/wp-json\/wp\/v2\/pages\/12077\/revisions\/28454"}],"wp:attachment":[{"href":"https:\/\/agora.xtec.cat\/iesmarti-i-pol\/wp-json\/wp\/v2\/media?parent=12077"}],"curies":[{"name":"wp","href":"https:\/\/api.w.org\/{rel}","templated":true}]}}