{"id":11822,"date":"2019-02-25T11:05:14","date_gmt":"2019-02-25T10:05:14","guid":{"rendered":"http:\/\/agora.xtec.cat\/iesmarti-i-pol\/?page_id=11822"},"modified":"2026-01-09T18:05:12","modified_gmt":"2026-01-09T17:05:12","slug":"consell-escolar","status":"publish","type":"page","link":"https:\/\/agora.xtec.cat\/iesmarti-i-pol\/linstitut\/consell-escolar\/","title":{"rendered":"Consell escolar"},"content":{"rendered":"<h3 style=\"text-align: center;\"><span style=\"color: #808080;\">Composici\u00f3 del Consell Escolar<\/span><\/h3>\n<table style=\"height: 30px;\" border=\"0\" width=\"800\" align=\"center\">\n<tbody>\n<tr style=\"height: 34px;\">\n<td style=\"height: 30px; width: 377.3px;\" rowspan=\"3\" bgcolor=\"#ccffcc\">\n<pre><span class=\"texto\" style=\"color: #808080;\"><b><span style=\"font-family: Verdana;\">Funcionament del Consell: plenari i comissions<\/span><\/b><\/span><\/pre>\n<\/td>\n<td style=\"height: 10px; width: 555.3px;\" bgcolor=\"#ccffff\">\n<pre><span class=\"texto\" style=\"color: #808080;\"><b><span style=\"font-family: Verdana;\">Comissi\u00f3 Permanent<\/span><\/b><span style=\"font-family: Verdana;\"> (Decret 199\/96, article 38)<\/span><\/span><\/pre>\n<\/td>\n<\/tr>\n<tr style=\"height: 40px;\">\n<td style=\"height: 10px; width: 555.3px;\" bgcolor=\"#ffecff\">\n<pre><span class=\"texto\" style=\"color: #808080;\"><b><span style=\"font-family: Verdana;\">Comissi\u00f3 Econ\u00f2mica<\/span><\/b><span style=\"font-family: Verdana;\"> (Decret 199\/96, article 38)<\/span><\/span><\/pre>\n<\/td>\n<\/tr>\n<tr style=\"height: 40px;\">\n<td style=\"height: 10px; width: 555.3px;\" bgcolor=\"#ffffcc\">\n<pre><span class=\"texto\" style=\"color: #808080;\"><b><span style=\"font-family: Verdana;\">Comissi\u00f3 de Conviv\u00e8ncia<\/span><\/b><span style=\"font-family: Verdana;\"> (Decret 266\/1997 de 17 d\u2019octubre, article 25.4)<\/span><\/span><\/pre>\n<\/td>\n<\/tr>\n<\/tbody>\n<\/table>\n<p>&nbsp;<\/p>\n<table style=\"height: 219px; width: 59.3366%;\" align=\"center\">\n<tbody>\n<tr style=\"height: 39px;\">\n<td style=\"width: 76.5034%; height: 39px;\" colspan=\"2\" align=\"center\" valign=\"top\" bgcolor=\"#ff9900\" height=\"18\">\n<div align=\"left\"><span class=\"texto\"><b><span style=\"font-family: Verdana; font-size: medium;\">Consell Escolar<\/span><\/b><\/span><\/div>\n<\/td>\n<\/tr>\n<tr style=\"height: 10px;\">\n<td style=\"width: 29.194%; height: 10px;\" valign=\"top\" bgcolor=\"#ffcc00\" height=\"18\">\n<pre>Sergi Paul\u00ed Bonan<\/pre>\n<\/td>\n<td style=\"width: 47.3094%; height: 10px;\" valign=\"top\" bgcolor=\"#ffff99\" height=\"18\">\n<pre><span class=\"texto\"><span style=\"font-family: Verdana;\">President<\/span><\/span><\/pre>\n<\/td>\n<\/tr>\n<tr style=\"height: 10px;\">\n<td style=\"width: 29.194%; height: 10px;\" valign=\"top\" bgcolor=\"#ffcc00\" height=\"18\">\n<pre><span class=\"texto\"><span style=\"font-family: Verdana;\">M\u00f3nica S\u00e1nchez Sarri\u00e0<\/span><\/span><\/pre>\n<\/td>\n<td style=\"width: 47.3094%; height: 10px;\" valign=\"top\" bgcolor=\"#ffff99\" height=\"18\">\n<pre><span class=\"texto\"><span style=\"font-family: Verdana;\">Cap d\u2019estudis<\/span><\/span><\/pre>\n<\/td>\n<\/tr>\n<tr style=\"height: 10px;\">\n<td style=\"width: 29.194%; height: 10px;\" valign=\"top\" bgcolor=\"#ffcc00\" height=\"19\">\n<pre><span lang=\"CA\"><span class=\"texto\"><span style=\"font-family: Verdana;\">Enrique Vanacloy Valiente<\/span><\/span><\/span><\/pre>\n<\/td>\n<td style=\"width: 47.3094%; height: 10px;\" valign=\"top\" bgcolor=\"#ffff99\" height=\"19\">\n<pre><span class=\"texto\"><span style=\"font-family: Verdana;\">Regidor o representant de l\u2019Ajuntament<\/span><\/span><\/pre>\n<\/td>\n<\/tr>\n<tr style=\"height: 10px;\">\n<td style=\"width: 29.194%; height: 10px;\" valign=\"top\" bgcolor=\"#ffcc00\" height=\"18\"><span style=\"font-weight: 400;\"><span class=\"texto\"><span style=\"font-family: Verdana;\">\u00a0 \u00a0 \u00a0 \u00a0 <\/span><span style=\"font-family: Verdana;\">Gemma Ribes Gonz\u00e1lez<\/span><\/span><\/span><\/td>\n<td style=\"width: 47.3094%; height: 10px;\" valign=\"top\" bgcolor=\"#ffff99\" height=\"18\">\n<pre><span class=\"texto\"><span style=\"font-family: Verdana;\">Representant sector professors i professores<\/span><\/span><\/pre>\n<\/td>\n<\/tr>\n<tr style=\"height: 10px;\">\n<td style=\"width: 29.194%; height: 10px; text-align: left;\" valign=\"top\" bgcolor=\"#ffcc00\" height=\"16\">\n<pre><span class=\"texto\"><span style=\"font-family: Verdana;\">Eug\u00e8nia Pujol i Brug\u00e9s<\/span><\/span><\/pre>\n<\/td>\n<td style=\"width: 47.3094%; height: 10px;\" valign=\"top\" bgcolor=\"#ffff99\" height=\"16\">\n<pre><span class=\"texto\"><span style=\"font-family: Verdana;\">Representant sector professors i professores<\/span><\/span><\/pre>\n<\/td>\n<\/tr>\n<tr style=\"height: 10px;\">\n<td style=\"width: 29.194%; height: 10px;\" valign=\"top\" bgcolor=\"#ffcc00\" height=\"18\"><span class=\"texto\"><span style=\"font-family: Verdana;\">\u00a0 \u00a0 \u00a0Xavier Bastante Luna<\/span><\/span><\/td>\n<td style=\"width: 47.3094%; height: 10px;\" valign=\"top\" bgcolor=\"#ffff99\" height=\"18\">\n<pre><span class=\"texto\"><span style=\"font-family: Verdana;\">Representant sector professors i professores<\/span><\/span><\/pre>\n<\/td>\n<\/tr>\n<tr style=\"height: 10px;\">\n<td style=\"width: 29.194%; height: 10px;\" valign=\"top\" bgcolor=\"#ffcc00\" height=\"18\">\n<pre><span class=\"texto\"><span style=\"font-family: Verdana;\">Mireia Menal L\u00f3pez<\/span><\/span><\/pre>\n<\/td>\n<td style=\"width: 47.3094%; height: 10px;\" valign=\"top\" bgcolor=\"#ffff99\" height=\"18\">\n<pre><span class=\"texto\"><span style=\"font-family: Verdana;\">Representant sector professors i professores<\/span><\/span><\/pre>\n<\/td>\n<\/tr>\n<tr style=\"height: 10px;\">\n<td style=\"width: 29.194%; height: 10px;\" valign=\"top\" bgcolor=\"#ffcc00\" height=\"18\">\n<pre><span style=\"font-family: Verdana;\">Mar\u00eda Luc\u00eda Ucl\u00e9s Hu\u00e9lamo<\/span><\/pre>\n<\/td>\n<td style=\"width: 47.3094%; height: 10px;\" valign=\"top\" bgcolor=\"#ffff99\" height=\"18\">\n<pre><span class=\"texto\"><span style=\"font-family: Verdana;\">Representant sector professors i professores<\/span><\/span><\/pre>\n<\/td>\n<\/tr>\n<tr style=\"height: 10px;\">\n<td style=\"width: 29.194%; height: 10px;\" valign=\"top\" bgcolor=\"#ffcc00\" height=\"18\">\n<pre><span style=\"font-family: Verdana;\">Balbino Soriano Segovia<\/span><\/pre>\n<\/td>\n<td style=\"width: 47.3094%; height: 10px;\" valign=\"top\" bgcolor=\"#ffff99\" height=\"18\">\n<pre><span class=\"texto\"><span style=\"font-family: Verdana;\">Representant sector professors i professores<\/span><\/span><\/pre>\n<\/td>\n<\/tr>\n<tr style=\"height: 10px;\">\n<td style=\"width: 29.194%; height: 10px;\" valign=\"top\" bgcolor=\"#ffcc00\" height=\"18\">\n<pre><span class=\"texto\"><span style=\"font-family: Verdana;\">Laia Combalia Masip<\/span><\/span><\/pre>\n<\/td>\n<td style=\"width: 47.3094%; height: 10px;\" valign=\"top\" bgcolor=\"#ffff99\" height=\"18\">\n<pre><span class=\"texto\"><span style=\"font-family: Verdana;\">Representant sector alumnes<\/span><\/span><\/pre>\n<\/td>\n<\/tr>\n<tr style=\"height: 10px;\">\n<td style=\"width: 29.194%; height: 10px;\" valign=\"top\" bgcolor=\"#ffcc00\" height=\"18\">\n<pre><span class=\"texto\"><span style=\"font-family: Verdana;\">Vicente Tebar Guerrero<\/span><\/span><\/pre>\n<\/td>\n<td style=\"width: 47.3094%; height: 10px;\" valign=\"top\" bgcolor=\"#ffff99\" height=\"18\">\n<pre><span class=\"texto\"><span style=\"font-family: Verdana;\">Representant sector alumnes<\/span><\/span><\/pre>\n<\/td>\n<\/tr>\n<tr style=\"height: 10px;\">\n<td style=\"width: 29.194%; height: 10px;\" valign=\"top\" bgcolor=\"#ffcc00\" height=\"18\">\n<pre><span class=\"texto\"><span style=\"font-family: Verdana;\">Ismael Bouddoukou Habela<\/span><\/span><\/pre>\n<\/td>\n<td style=\"width: 47.3094%; height: 10px;\" valign=\"top\" bgcolor=\"#ffff99\" height=\"18\">\n<pre><span class=\"texto\"><span style=\"font-family: Verdana;\">Representant sector alumnes<\/span><\/span><\/pre>\n<\/td>\n<\/tr>\n<tr style=\"height: 10px;\">\n<td style=\"width: 29.194%; height: 10px;\" valign=\"top\" bgcolor=\"#ffcc00\" height=\"18\">\n<pre><span style=\"font-family: Verdana;\">Ruth Santos Garc\u00eda<\/span><\/pre>\n<\/td>\n<td style=\"width: 47.3094%; height: 10px;\" valign=\"top\" bgcolor=\"#ffff99\" height=\"18\">\n<pre><span class=\"texto\"><span style=\"font-family: Verdana;\">Representant sector pares i mares<\/span><\/span><\/pre>\n<\/td>\n<\/tr>\n<tr style=\"height: 10px;\">\n<td style=\"width: 29.194%; height: 10px;\" valign=\"top\" bgcolor=\"#ffcc00\" height=\"18\"><span style=\"font-family: Verdana;\"><span style=\"font-family: Verdana;\">\u00a0 \u00a0 Elisabet Hermoso Cort\u00e9s<\/span><\/span><\/td>\n<td style=\"width: 47.3094%; height: 10px;\" valign=\"top\" bgcolor=\"#ffff99\" height=\"18\">\n<pre><span class=\"texto\"><span style=\"font-family: Verdana;\">Representant sector pares i mares<\/span><\/span><\/pre>\n<\/td>\n<\/tr>\n<tr style=\"height: 10px;\">\n<td style=\"width: 29.194%; height: 10px;\" valign=\"top\" bgcolor=\"#ffcc00\" height=\"18\">\n<pre><span style=\"font-family: Verdana;\">Montserrat Ruiz<\/span><\/pre>\n<\/td>\n<td style=\"width: 47.3094%; height: 10px;\" valign=\"top\" bgcolor=\"#ffff99\" height=\"18\">\n<pre><span class=\"texto\"><span style=\"font-family: Verdana;\">Representant AFA<\/span><\/span><\/pre>\n<\/td>\n<\/tr>\n<tr style=\"height: 10px;\">\n<td style=\"width: 29.194%; height: 10px;\" valign=\"top\" bgcolor=\"#ffcc00\" height=\"18\">\n<pre><span class=\"texto\"><span style=\"font-family: Verdana;\">Teresa Blanco S\u00e1nchez<\/span><\/span><\/pre>\n<\/td>\n<td style=\"width: 47.3094%; height: 10px;\" valign=\"top\" bgcolor=\"#ffff99\" height=\"18\">\n<pre><span class=\"texto\"><span style=\"font-family: Verdana;\">Representant sector PAS<\/span><\/span><\/pre>\n<\/td>\n<\/tr>\n<tr style=\"height: 10px;\">\n<td style=\"width: 29.194%; height: 10px;\" valign=\"top\" bgcolor=\"#ffcc00\" height=\"18\">\n<pre><strong>sense representant<\/strong><\/pre>\n<\/td>\n<td style=\"width: 47.3094%; height: 10px;\" valign=\"top\" bgcolor=\"#ffff99\" height=\"18\">\n<pre><span class=\"texto\"><span style=\"font-family: Verdana;\">Representant del PAE<\/span><\/span><\/pre>\n<\/td>\n<\/tr>\n<tr style=\"height: 10px;\">\n<td style=\"width: 29.194%; height: 10px;\" valign=\"top\" bgcolor=\"#ffcc00\" height=\"18\">\n<pre><span class=\"texto\"><span style=\"font-family: Verdana;\">Maribel Hern\u00e1ndez L\u00f3pez<\/span><\/span><\/pre>\n<\/td>\n<td style=\"width: 47.3094%; height: 10px;\" valign=\"top\" bgcolor=\"#ffff99\" height=\"18\">\n<pre><span class=\"texto\"><span style=\"font-family: Verdana;\">Secret\u00e0ria<\/span><\/span><\/pre>\n<\/td>\n<\/tr>\n<\/tbody>\n<\/table>\n<p>&nbsp;<\/p>\n<table style=\"height: 99px;\" width=\"808\" align=\"center\">\n<tbody>\n<tr style=\"height: 39px;\">\n<td style=\"width: 802px; height: 39px;\" colspan=\"2\" align=\"center\" valign=\"top\" bgcolor=\"#80ffff\" height=\"18\">\n<div align=\"left\">\n<pre>     <span class=\"texto\"><b><span style=\"font-family: Verdana; font-size: medium;\">Comissi\u00f3 Permanent<\/span><\/b><\/span><\/pre>\n<\/div>\n<\/td>\n<\/tr>\n<tr style=\"height: 10px;\">\n<td style=\"width: 300.917px; height: 10px;\" valign=\"top\" bgcolor=\"#ccffff\" height=\"18\">\n<pre><span class=\"texto\"><span style=\"font-family: Verdana;\">Sergi Paul\u00ed Bonan\r\n<\/span><\/span><\/pre>\n<\/td>\n<td style=\"width: 499.083px; height: 10px;\" valign=\"top\" bgcolor=\"#e3ffff\" height=\"18\">\n<pre><span class=\"texto\"><span style=\"font-family: Verdana;\">President (director del centre)<\/span><\/span><\/pre>\n<\/td>\n<\/tr>\n<tr style=\"height: 10px;\">\n<td style=\"width: 300.917px; height: 10px;\" valign=\"top\" bgcolor=\"#ccffff\" height=\"18\">\n<pre><span class=\"texto\"><span style=\"font-family: Verdana;\">M\u00f3nica S\u00e1nchez Sarri\u00e0<\/span><\/span><\/pre>\n<\/td>\n<td style=\"width: 499.083px; height: 10px;\" valign=\"top\" bgcolor=\"#e3ffff\" height=\"18\">\n<pre><span class=\"texto\"><span style=\"font-family: Verdana;\">Cap d\u2019estudis<\/span><\/span><\/pre>\n<\/td>\n<\/tr>\n<tr style=\"height: 10px;\">\n<td style=\"width: 300.917px; height: 10px;\" valign=\"top\" bgcolor=\"#ccffff\" height=\"19\">\n<pre><span style=\"font-family: Verdana;\">Montserrat Ruiz<\/span><\/pre>\n<\/td>\n<td style=\"width: 499.083px; height: 10px;\" valign=\"top\" bgcolor=\"#e3ffff\" height=\"19\">\n<pre><span class=\"texto\"><span style=\"font-family: Verdana;\">Representant AFA<\/span><\/span><\/pre>\n<\/td>\n<\/tr>\n<tr style=\"height: 10px;\">\n<td style=\"width: 300.917px; height: 10px;\" valign=\"top\" bgcolor=\"#ccffff\" height=\"18\">\n<pre><span class=\"texto\"><span style=\"font-family: Verdana;\">Eug\u00e8nia Pujol i Brug\u00e9s<\/span><\/span><\/pre>\n<\/td>\n<td style=\"width: 499.083px; height: 10px;\" valign=\"top\" bgcolor=\"#e3ffff\" height=\"18\">\n<pre><span class=\"texto\"><span style=\"font-family: Verdana;\">Representant professors i professores<\/span><\/span><\/pre>\n<\/td>\n<\/tr>\n<tr style=\"height: 10px;\">\n<td style=\"width: 300.917px; height: 10px;\" valign=\"top\" bgcolor=\"#ccffff\" height=\"18\">\n<pre><span class=\"texto\"><span style=\"font-family: Verdana;\">Ismael Boukouddou Habela<\/span><\/span><\/pre>\n<\/td>\n<td style=\"width: 499.083px; height: 10px;\" valign=\"top\" bgcolor=\"#e3ffff\" height=\"18\">\n<pre><span class=\"texto\"><span style=\"font-family: Verdana;\">Representant alumnes (secund\u00e0ria)<\/span><\/span><\/pre>\n<\/td>\n<\/tr>\n<tr style=\"height: 10px;\">\n<td style=\"width: 300.917px; height: 10px;\" valign=\"top\" bgcolor=\"#ccffff\" height=\"18\">\n<pre><span class=\"texto\"><span style=\"font-family: Verdana;\">Maribel Hern\u00e1ndez L\u00f3pez<\/span><\/span><\/pre>\n<\/td>\n<td style=\"width: 499.083px; height: 10px;\" valign=\"top\" bgcolor=\"#e3ffff\" height=\"18\">\n<pre><span class=\"texto\"><span style=\"font-family: Verdana;\">Secret\u00e0ria (secret\u00e0ria del centre)<\/span><\/span><\/pre>\n<\/td>\n<\/tr>\n<\/tbody>\n<\/table>\n<p>&nbsp;<\/p>\n<table style=\"height: 122px; width: 59.4096%;\" width=\"808\" align=\"center\">\n<tbody>\n<tr style=\"height: 48px;\">\n<td style=\"width: 99.0232%; height: 48px;\" colspan=\"2\" align=\"center\" valign=\"top\" bgcolor=\"#ffbbff\" height=\"18\">\n<div align=\"left\">\n<pre>     <span class=\"texto\"><b><span style=\"font-family: Verdana; font-size: medium;\">Comissi\u00f3 Econ\u00f2mica<\/span><\/b><\/span><\/pre>\n<\/div>\n<\/td>\n<\/tr>\n<tr style=\"height: 10px;\">\n<td style=\"width: 37.4847%; height: 10px;\" valign=\"top\" bgcolor=\"#ffddff\" height=\"18\">\n<pre>Sergi Paul\u00ed Bonan<\/pre>\n<\/td>\n<td style=\"width: 61.5385%; height: 10px;\" valign=\"top\" bgcolor=\"#fff4ff\" height=\"18\">\n<pre><span class=\"texto\"><span style=\"font-family: Verdana;\">President (director del centre)<\/span><\/span><\/pre>\n<\/td>\n<\/tr>\n<tr style=\"height: 10px;\">\n<td style=\"width: 37.4847%; height: 10px;\" valign=\"top\" bgcolor=\"#ffddff\" height=\"18\">\n<pre><span class=\"texto\"><span style=\"font-family: Verdana;\">Ruth Santos Garc\u00eda<\/span><\/span><\/pre>\n<\/td>\n<td style=\"width: 61.5385%; height: 10px;\" valign=\"top\" bgcolor=\"#fff4ff\" height=\"18\">\n<pre><span class=\"texto\"><span style=\"font-family: Verdana;\">Representant pares i mares<\/span><\/span><\/pre>\n<\/td>\n<\/tr>\n<tr style=\"height: 10px;\">\n<td style=\"width: 37.4847%; height: 10px;\" valign=\"top\" bgcolor=\"#ffddff\" height=\"18\">\n<pre><span class=\"texto\"><span style=\"font-family: Verdana;\"><span style=\"font-weight: 400;\">Gemma Ribes Gonz\u00e1lez<\/span><\/span><\/span><\/pre>\n<\/td>\n<td style=\"width: 61.5385%; height: 10px;\" valign=\"top\" bgcolor=\"#fff4ff\" height=\"18\">\n<pre><span class=\"texto\"><span style=\"font-family: Verdana;\">Representant pares i mares<\/span><\/span><\/pre>\n<\/td>\n<\/tr>\n<tr style=\"height: 10px;\">\n<td style=\"width: 37.4847%; height: 10px;\" valign=\"top\" bgcolor=\"#ffddff\" height=\"18\">\n<pre><span class=\"texto\"><span style=\"font-family: Verdana;\">Vicente Tebar <\/span><\/span><\/pre>\n<\/td>\n<td style=\"width: 61.5385%; height: 10px;\" valign=\"top\" bgcolor=\"#fff4ff\" height=\"18\">\n<pre><span class=\"texto\"><span style=\"font-family: Verdana;\">Representant alumnes (secund\u00e0ria)<\/span><\/span><\/pre>\n<\/td>\n<\/tr>\n<tr style=\"height: 10px;\">\n<td style=\"width: 37.4847%; height: 10px;\" valign=\"top\" bgcolor=\"#ffddff\" height=\"18\">\n<pre><span class=\"texto\"><span style=\"font-family: Verdana;\">Maribel Hern\u00e1ndez L\u00f3pez<\/span><\/span><\/pre>\n<\/td>\n<td style=\"width: 61.5385%; height: 10px;\" valign=\"top\" bgcolor=\"#fff4ff\" height=\"18\">\n<pre><span class=\"texto\"><span style=\"font-family: Verdana;\">Secret\u00e0ria (secret\u00e0ria del centre)<\/span><\/span><\/pre>\n<\/td>\n<\/tr>\n<\/tbody>\n<\/table>\n<p>&nbsp;<\/p>\n<table style=\"height: 89px; width: 59.4832%;\" width=\"807\" align=\"center\">\n<tbody>\n<tr style=\"height: 39px;\">\n<td style=\"width: 801px; height: 39px;\" colspan=\"2\" align=\"center\" valign=\"top\" bgcolor=\"#ffffa6\" height=\"18\">\n<div align=\"left\">\n<pre>     <span class=\"texto\"><b><span style=\"font-family: Verdana; font-size: medium;\">Comissi\u00f3 de Conviv\u00e8ncia<\/span><\/b><\/span><\/pre>\n<\/div>\n<\/td>\n<\/tr>\n<tr style=\"height: 10px;\">\n<td style=\"width: 300.883px; height: 10px;\" valign=\"top\" bgcolor=\"#ffffcc\" height=\"18\">\n<pre>Sergi Paul\u00ed Bonan<\/pre>\n<\/td>\n<td style=\"width: 498.117px; height: 10px;\" valign=\"top\" bgcolor=\"#ffffe1\" height=\"18\">\n<pre><span class=\"texto\"><span style=\"font-family: Verdana;\">President (director del centre)<\/span><\/span><\/pre>\n<\/td>\n<\/tr>\n<tr style=\"height: 10px;\">\n<td style=\"width: 300.883px; height: 10px;\" valign=\"top\" bgcolor=\"#ffffcc\" height=\"18\">\n<pre><span class=\"texto\"><span style=\"font-family: Verdana;\">M\u00f2nica S\u00e1nchez Sarri\u00e0<\/span><\/span><\/pre>\n<\/td>\n<td style=\"width: 498.117px; height: 10px;\" valign=\"top\" bgcolor=\"#ffffe1\" height=\"18\">\n<pre><span class=\"texto\"><span style=\"font-family: Verdana;\">Cap d\u2019estudis<\/span><\/span><\/pre>\n<\/td>\n<\/tr>\n<tr style=\"height: 10px;\">\n<td style=\"width: 300.883px; height: 10px;\" valign=\"top\" bgcolor=\"#ffffcc\" height=\"19\">\n<pre><span style=\"font-family: Verdana;\">Elisabet Hermoso<\/span><\/pre>\n<\/td>\n<td style=\"width: 498.117px; height: 10px;\" valign=\"top\" bgcolor=\"#ffffe1\" height=\"19\">\n<pre><span class=\"texto\"><span style=\"font-family: Verdana;\">Representant pares i mares<\/span><\/span><\/pre>\n<\/td>\n<\/tr>\n<tr style=\"height: 10px;\">\n<td style=\"width: 300.883px; height: 10px;\" valign=\"top\" bgcolor=\"#ffffcc\" height=\"18\">\n<pre><span style=\"font-family: Verdana;\">Mar\u00eda Luc\u00eda Ucl\u00e9s Hu\u00e9lamo<\/span><\/pre>\n<\/td>\n<td style=\"width: 498.117px; height: 10px;\" valign=\"top\" bgcolor=\"#ffffe1\" height=\"18\">\n<pre><span class=\"texto\"><span style=\"font-family: Verdana;\">Representant professors i professores<\/span><\/span><\/pre>\n<\/td>\n<\/tr>\n<tr style=\"height: 10px;\">\n<td style=\"width: 300.883px; height: 10px;\" valign=\"top\" bgcolor=\"#ffffcc\" height=\"18\">\n<pre><span class=\"texto\"><span style=\"font-family: Verdana;\">Maribel Hern\u00e1ndez L\u00f3pez<\/span><\/span><\/pre>\n<\/td>\n<td style=\"width: 498.117px; height: 10px;\" valign=\"top\" bgcolor=\"#ffffe1\" height=\"18\">\n<pre><span class=\"texto\"><span style=\"font-family: Verdana;\">Secret\u00e0ria (secret\u00e0ria del centre)<\/span><\/span><\/pre>\n<\/td>\n<\/tr>\n<\/tbody>\n<\/table>\n<h2><\/h2>\n<h2 style=\"text-align: center;\"><\/h2>\n<table align=\"center\">\n<tbody>\n<tr style=\"height: 39px;\">\n<td style=\"height: 39px;\" colspan=\"2\" align=\"center\" valign=\"top\" bgcolor=\"#ffffa6\" height=\"18\">\n<div align=\"left\">\n<pre>     <span class=\"texto\"><b><span style=\"font-family: Verdana; font-size: medium;\">Responsable de coeducaci\u00f3<\/span><\/b><\/span><\/pre>\n<\/div>\n<\/td>\n<\/tr>\n<tr style=\"height: 10px;\">\n<td style=\"width: 300.883px; height: 10px;\" valign=\"top\" bgcolor=\"#ffffcc\" height=\"18\">\n<pre><span class=\"texto\"><span style=\"font-family: Verdana;\">Balbino Soriano <\/span><\/span><\/pre>\n<\/td>\n<td style=\"width: 498.117px; height: 10px;\" valign=\"top\" bgcolor=\"#ffffe1\" height=\"18\"><\/td>\n<\/tr>\n<\/tbody>\n<\/table>\n<h2 style=\"text-align: center;\"><a href=\"https:\/\/docs.google.com\/document\/d\/1x-NH681QgNyqXN_B1o1Im8Q8Lea3qpkM\/edit\" target=\"_blank\" rel=\"noopener\">Acords consell escolar<\/a><\/h2>\n<p>&nbsp;<\/p>\n","protected":false},"excerpt":{"rendered":"<p>Composici\u00f3 del Consell Escolar Funcionament del Consell: plenari i comissions Comissi\u00f3 Permanent (Decret 199\/96, article 38) Comissi\u00f3 Econ\u00f2mica (Decret 199\/96, article 38) Comissi\u00f3 de Conviv\u00e8ncia (Decret 266\/1997 de 17 d\u2019octubre, article 25.4) &nbsp; Consell Escolar Sergi Paul\u00ed Bonan President M\u00f3nica S\u00e1nchez Sarri\u00e0 Cap d\u2019estudis Enrique Vanacloy Valiente Regidor o representant de l\u2019Ajuntament \u00a0 \u00a0 \u00a0 [&hellip;]<\/p>\n","protected":false},"author":1,"featured_media":0,"parent":19,"menu_order":4,"comment_status":"closed","ping_status":"closed","template":"","meta":{"_bbp_topic_count":0,"_bbp_reply_count":0,"_bbp_total_topic_count":0,"_bbp_total_reply_count":0,"_bbp_voice_count":0,"_bbp_anonymous_reply_count":0,"_bbp_topic_count_hidden":0,"_bbp_reply_count_hidden":0,"_bbp_forum_subforum_count":0,"site-sidebar-layout":"default","site-content-layout":"","ast-site-content-layout":"default","site-content-style":"default","site-sidebar-style":"default","ast-global-header-display":"","ast-banner-title-visibility":"","ast-main-header-display":"","ast-hfb-above-header-display":"","ast-hfb-below-header-display":"","ast-hfb-mobile-header-display":"","site-post-title":"","ast-breadcrumbs-content":"","ast-featured-img":"","footer-sml-layout":"","theme-transparent-header-meta":"default","adv-header-id-meta":"","stick-header-meta":"","header-above-stick-meta":"","header-main-stick-meta":"","header-below-stick-meta":"","astra-migrate-meta-layouts":"set","ast-page-background-enabled":"default","ast-page-background-meta":{"desktop":{"background-color":"var(--ast-global-color-4)","background-image":"","background-repeat":"repeat","background-position":"center center","background-size":"auto","background-attachment":"scroll","background-type":"","background-media":"","overlay-type":"","overlay-color":"","overlay-opacity":"","overlay-gradient":""},"tablet":{"background-color":"","background-image":"","background-repeat":"repeat","background-position":"center center","background-size":"auto","background-attachment":"scroll","background-type":"","background-media":"","overlay-type":"","overlay-color":"","overlay-opacity":"","overlay-gradient":""},"mobile":{"background-color":"","background-image":"","background-repeat":"repeat","background-position":"center center","background-size":"auto","background-attachment":"scroll","background-type":"","background-media":"","overlay-type":"","overlay-color":"","overlay-opacity":"","overlay-gradient":""}},"ast-content-background-meta":{"desktop":{"background-color":"var(--ast-global-color-5)","background-image":"","background-repeat":"repeat","background-position":"center center","background-size":"auto","background-attachment":"scroll","background-type":"","background-media":"","overlay-type":"","overlay-color":"","overlay-opacity":"","overlay-gradient":""},"tablet":{"background-color":"var(--ast-global-color-5)","background-image":"","background-repeat":"repeat","background-position":"center center","background-size":"auto","background-attachment":"scroll","background-type":"","background-media":"","overlay-type":"","overlay-color":"","overlay-opacity":"","overlay-gradient":""},"mobile":{"background-color":"var(--ast-global-color-5)","background-image":"","background-repeat":"repeat","background-position":"center center","background-size":"auto","background-attachment":"scroll","background-type":"","background-media":"","overlay-type":"","overlay-color":"","overlay-opacity":"","overlay-gradient":""}},"footnotes":""},"class_list":["post-11822","page","type-page","status-publish","hentry"],"post_mailing_queue_ids":[],"_links":{"self":[{"href":"https:\/\/agora.xtec.cat\/iesmarti-i-pol\/wp-json\/wp\/v2\/pages\/11822","targetHints":{"allow":["GET"]}}],"collection":[{"href":"https:\/\/agora.xtec.cat\/iesmarti-i-pol\/wp-json\/wp\/v2\/pages"}],"about":[{"href":"https:\/\/agora.xtec.cat\/iesmarti-i-pol\/wp-json\/wp\/v2\/types\/page"}],"author":[{"embeddable":true,"href":"https:\/\/agora.xtec.cat\/iesmarti-i-pol\/wp-json\/wp\/v2\/users\/1"}],"replies":[{"embeddable":true,"href":"https:\/\/agora.xtec.cat\/iesmarti-i-pol\/wp-json\/wp\/v2\/comments?post=11822"}],"version-history":[{"count":8,"href":"https:\/\/agora.xtec.cat\/iesmarti-i-pol\/wp-json\/wp\/v2\/pages\/11822\/revisions"}],"predecessor-version":[{"id":28632,"href":"https:\/\/agora.xtec.cat\/iesmarti-i-pol\/wp-json\/wp\/v2\/pages\/11822\/revisions\/28632"}],"up":[{"embeddable":true,"href":"https:\/\/agora.xtec.cat\/iesmarti-i-pol\/wp-json\/wp\/v2\/pages\/19"}],"wp:attachment":[{"href":"https:\/\/agora.xtec.cat\/iesmarti-i-pol\/wp-json\/wp\/v2\/media?parent=11822"}],"curies":[{"name":"wp","href":"https:\/\/api.w.org\/{rel}","templated":true}]}}