{"id":11176,"date":"2018-11-13T16:49:06","date_gmt":"2018-11-13T15:49:06","guid":{"rendered":"http:\/\/agora.xtec.cat\/iesmarti-i-pol\/?page_id=11176"},"modified":"2025-07-15T21:10:22","modified_gmt":"2025-07-15T19:10:22","slug":"cfgs-anatomia-patologica-i-citodiagnostic","status":"publish","type":"page","link":"https:\/\/agora.xtec.cat\/iesmarti-i-pol\/cfgs-anatomia-patologica-i-citodiagnostic\/","title":{"rendered":"CFGS Anatomia patol\u00f2gica i citodiagn\u00f2stic"},"content":{"rendered":"\n<p>Aquests estudis formen <em>t\u00e8cnics superiors en Anatomia patol\u00f2gica i citodiagn\u00f2stic<\/em>, que adquireixen els coneixements i les habilitats per a processar mostres histol\u00f2giques i citol\u00f2giques, seleccionar i fer l&#8217;aproximaci\u00f3 diagn\u00f2stica de citologies ginecol\u00f2giques i generals, i col\u00b7laborar en la realitzaci\u00f3 de necr\u00f2psies cl\u00edniques i forenses, de manera que serveixin com a suport al diagn\u00f2stic cl\u00ednic o medicolegal, organitzant i programant el treball, i complint criteris de qualitat del servei i d&#8217;optimitzaci\u00f3 de recursos, sota la supervisi\u00f3 facultativa corresponent.<\/p>\n<p><strong><span style=\"color: #3366ff;\">Distribuci\u00f3 de m\u00f2duls i unitats formatives a 1r curs (MATINS):<\/span><\/strong><\/p>\n<table dir=\"ltr\" style=\"width: 42.3171%; border-style: solid; border-color: #000000;\" border=\"1\" cellspacing=\"0\" cellpadding=\"0\" data-sheets-root=\"1\">\n<colgroup>\n<col width=\"321\" \/>\n<col width=\"102\" \/><\/colgroup>\n<tbody>\n<tr>\n<td style=\"width: 88.1681%; border-style: solid; border-color: #000000;\">\n<h5><strong><span style=\"color: #800000;\">M\u00d2DUL<\/span><\/strong><\/h5>\n<\/td>\n<td style=\"width: 44.7307%; border-style: solid; border-color: #000000;\">\n<h5><strong><span style=\"color: #800000;\">HORES<\/span><\/strong><\/h5>\n<\/td>\n<\/tr>\n<tr>\n<td style=\"width: 88.1681%; border-style: solid; border-color: #000000;\" data-sheets-value=\"{&quot;1&quot;:2,&quot;2&quot;:&quot;1367. Gesti\u00f3 de mostres biol\u00f2giques&quot;}\">1367. Gesti\u00f3 de mostres biol\u00f2giques<\/td>\n<td style=\"width: 44.7307%; border-style: solid; border-color: #000000;\" data-sheets-value=\"{&quot;1&quot;:3,&quot;3&quot;:99}\">99<\/td>\n<\/tr>\n<tr>\n<td style=\"width: 88.1681%; border-style: solid; border-color: #000000;\" data-sheets-value=\"{&quot;1&quot;:2,&quot;2&quot;:&quot;1368. T\u00e8cniques generals de laboratori&quot;}\">1368. T\u00e8cniques generals de laboratori<\/td>\n<td style=\"width: 44.7307%; border-style: solid; border-color: #000000;\" data-sheets-value=\"{&quot;1&quot;:3,&quot;3&quot;:132}\">132<\/td>\n<\/tr>\n<tr>\n<td style=\"width: 88.1681%; border-style: solid; border-color: #000000;\" data-sheets-value=\"{&quot;1&quot;:2,&quot;2&quot;:&quot;1369. Biologia molecular i citogen\u00e8tica&quot;}\">1369. Biologia molecular i citogen\u00e8tica<\/td>\n<td style=\"width: 44.7307%; border-style: solid; border-color: #000000;\" data-sheets-value=\"{&quot;1&quot;:3,&quot;3&quot;:99}\">99<\/td>\n<\/tr>\n<tr>\n<td style=\"width: 88.1681%; border-style: solid; border-color: #000000;\" data-sheets-value=\"{&quot;1&quot;:2,&quot;2&quot;:&quot;1370. Fisiopatologia general&quot;}\">1370. Fisiopatologia general<\/td>\n<td style=\"width: 44.7307%; border-style: solid; border-color: #000000;\" data-sheets-value=\"{&quot;1&quot;:3,&quot;3&quot;:99}\">99<\/td>\n<\/tr>\n<tr>\n<td style=\"width: 88.1681%; border-style: solid; border-color: #000000;\" data-sheets-value=\"{&quot;1&quot;:2,&quot;2&quot;:&quot;1379. Necr\u00f2psies&quot;}\">1379. Necr\u00f2psies<\/td>\n<td style=\"width: 44.7307%; border-style: solid; border-color: #000000;\" data-sheets-value=\"{&quot;1&quot;:3,&quot;3&quot;:66}\">66<\/td>\n<\/tr>\n<tr>\n<td style=\"width: 88.1681%; border-style: solid; border-color: #000000;\" data-sheets-value=\"{&quot;1&quot;:2,&quot;2&quot;:&quot;1380. Processament citol\u00f2gic i tissular&quot;}\">1380. Processament citol\u00f2gic i tissular<\/td>\n<td style=\"width: 44.7307%; border-style: solid; border-color: #000000;\" data-sheets-value=\"{&quot;1&quot;:3,&quot;3&quot;:132}\">132<\/td>\n<\/tr>\n<tr>\n<td style=\"width: 88.1681%; border-style: solid; border-color: #000000;\" data-sheets-value=\"{&quot;1&quot;:2,&quot;2&quot;:&quot;1381. Citologia ginecol\u00f2gica&quot;}\">1381. Citologia ginecol\u00f2gica<\/td>\n<td style=\"width: 44.7307%; border-style: solid; border-color: #000000;\" data-sheets-value=\"{&quot;1&quot;:3,&quot;3&quot;:132}\">132<\/td>\n<\/tr>\n<tr>\n<td style=\"width: 88.1681%; border-style: solid; border-color: #000000;\" data-sheets-value=\"{&quot;1&quot;:2,&quot;2&quot;:&quot;1665. Digitalitzaci\u00f3 aplicada als sectors productius&quot;}\">1665. Digitalitzaci\u00f3 aplicada als sectors productius<\/td>\n<td style=\"width: 44.7307%; border-style: solid; border-color: #000000;\" data-sheets-value=\"{&quot;1&quot;:3,&quot;3&quot;:33}\">33<\/td>\n<\/tr>\n<tr>\n<td style=\"width: 88.1681%; border-style: solid; border-color: #000000;\" data-sheets-value=\"{&quot;1&quot;:2,&quot;2&quot;:&quot;1709. Itinerari personal per a l'ocupabilitat I&quot;}\">1709. Itinerari personal per a l&#8217;ocupabilitat I<\/td>\n<td style=\"width: 44.7307%; border-style: solid; border-color: #000000;\" data-sheets-value=\"{&quot;1&quot;:3,&quot;3&quot;:99}\">99<\/td>\n<\/tr>\n<tr>\n<td style=\"width: 88.1681%; border-style: solid; border-color: #000000;\" data-sheets-value=\"{&quot;1&quot;:2,&quot;2&quot;:&quot;1708. Sostenibilitat aplicada al sistema productiu&quot;}\">1708. Sostenibilitat aplicada al sistema productiu<\/td>\n<td style=\"width: 44.7307%; border-style: solid; border-color: #000000;\" data-sheets-value=\"{&quot;1&quot;:3,&quot;3&quot;:33}\">33<\/td>\n<\/tr>\n<\/tbody>\n<\/table>\n<p><strong><span style=\"color: #3366ff;\">Distribuci\u00f3 de m\u00f2duls i unitats formatives a 2n curs (TARDES):<\/span><\/strong><\/p>\n<table dir=\"ltr\" style=\"width: 42.4765%; border-style: solid; border-color: #000000;\" border=\"1\" cellspacing=\"0\" cellpadding=\"0\" data-sheets-root=\"1\">\n<colgroup>\n<col width=\"321\" \/>\n<col width=\"102\" \/><\/colgroup>\n<tbody>\n<tr>\n<td style=\"width: 87.1568%; border-style: solid; border-color: #000000;\">\n<h5><strong><span style=\"color: #800000;\">M\u00d2DUL<\/span><\/strong><\/h5>\n<\/td>\n<td style=\"width: 46.7224%; border-style: solid; border-color: #000000;\">\n<h5><strong><span style=\"color: #800000;\">HORES<\/span><\/strong><\/h5>\n<\/td>\n<\/tr>\n<tr>\n<td style=\"width: 87.1568%; border-style: solid; border-color: #000000;\" data-sheets-value=\"{&quot;1&quot;:2,&quot;2&quot;:&quot;1382. Citologia general&quot;}\">1382. Citologia general<\/td>\n<td style=\"width: 46.7224%; border-style: solid; border-color: #000000;\" data-sheets-value=\"{&quot;1&quot;:3,&quot;3&quot;:132}\">132<\/td>\n<\/tr>\n<tr>\n<td style=\"width: 87.1568%; border-style: solid; border-color: #000000;\" data-sheets-value=\"{&quot;1&quot;:2,&quot;2&quot;:&quot;0179. Angl\u00e8s professional&quot;}\">0179. Angl\u00e8s professional<\/td>\n<td style=\"width: 46.7224%; border-style: solid; border-color: #000000;\" data-sheets-value=\"{&quot;1&quot;:3,&quot;3&quot;:66}\">66<\/td>\n<\/tr>\n<tr>\n<td style=\"width: 87.1568%; border-style: solid; border-color: #000000;\" data-sheets-value=\"{&quot;1&quot;:2,&quot;2&quot;:&quot;1708. Sostenibilitat aplicada al sistema productiu&quot;}\">1708. Sostenibilitat aplicada al sistema productiu<\/td>\n<td style=\"width: 46.7224%; border-style: solid; border-color: #000000;\" data-sheets-value=\"{&quot;1&quot;:3,&quot;3&quot;:33}\">33<\/td>\n<\/tr>\n<tr>\n<td style=\"width: 87.1568%; border-style: solid; border-color: #000000;\" data-sheets-value=\"{&quot;1&quot;:2,&quot;2&quot;:&quot;1710. Itinerari personal per a l'ocupabilitat II&quot;}\">1710. Itinerari personal per a l&#8217;ocupabilitat II<\/td>\n<td style=\"width: 46.7224%; border-style: solid; border-color: #000000;\" data-sheets-value=\"{&quot;1&quot;:3,&quot;3&quot;:66}\">66<\/td>\n<\/tr>\n<tr>\n<td style=\"width: 87.1568%; border-style: solid; border-color: #000000;\" data-sheets-value=\"{&quot;1&quot;:2,&quot;2&quot;:&quot;1383. Projecte intermodular&quot;}\">1383. Projecte intermodular<\/td>\n<td style=\"width: 46.7224%; border-style: solid; border-color: #000000;\" data-sheets-value=\"{&quot;1&quot;:3,&quot;3&quot;:198}\">198<\/td>\n<\/tr>\n<tr>\n<td style=\"width: 87.1568%; border-style: solid; border-color: #000000;\" data-sheets-value=\"{&quot;1&quot;:2,&quot;2&quot;:&quot;M\u00f2dul professional optatiu&quot;}\">MPO Organografia microscopica<\/td>\n<td style=\"width: 46.7224%; border-style: solid; border-color: #000000;\" data-sheets-value=\"{&quot;1&quot;:3,&quot;3&quot;:99}\">99<\/td>\n<\/tr>\n<tr>\n<td style=\"width: 87.1568%; border-style: solid; border-color: #000000;\">Estada en empresas<\/td>\n<td style=\"width: 46.7224%; border-style: solid; border-color: #000000;\">515<\/td>\n<\/tr>\n<\/tbody>\n<\/table>\n<p>&nbsp;<\/p>\n","protected":false},"excerpt":{"rendered":"<p>Aquests estudis formen t\u00e8cnics superiors en Anatomia patol\u00f2gica i citodiagn\u00f2stic, que adquireixen els coneixements i les habilitats per a processar mostres histol\u00f2giques i citol\u00f2giques, seleccionar i fer l&#8217;aproximaci\u00f3 diagn\u00f2stica de citologies ginecol\u00f2giques i generals, i col\u00b7laborar en la realitzaci\u00f3 de necr\u00f2psies cl\u00edniques i forenses, de manera que serveixin com a suport al diagn\u00f2stic cl\u00ednic o [&hellip;]<\/p>\n","protected":false},"author":37,"featured_media":0,"parent":0,"menu_order":0,"comment_status":"closed","ping_status":"closed","template":"","meta":{"_bbp_topic_count":0,"_bbp_reply_count":0,"_bbp_total_topic_count":0,"_bbp_total_reply_count":0,"_bbp_voice_count":0,"_bbp_anonymous_reply_count":0,"_bbp_topic_count_hidden":0,"_bbp_reply_count_hidden":0,"_bbp_forum_subforum_count":0,"site-sidebar-layout":"default","site-content-layout":"","ast-site-content-layout":"default","site-content-style":"default","site-sidebar-style":"default","ast-global-header-display":"","ast-banner-title-visibility":"","ast-main-header-display":"","ast-hfb-above-header-display":"","ast-hfb-below-header-display":"","ast-hfb-mobile-header-display":"","site-post-title":"","ast-breadcrumbs-content":"","ast-featured-img":"","footer-sml-layout":"","theme-transparent-header-meta":"default","adv-header-id-meta":"","stick-header-meta":"","header-above-stick-meta":"","header-main-stick-meta":"","header-below-stick-meta":"","astra-migrate-meta-layouts":"set","ast-page-background-enabled":"default","ast-page-background-meta":{"desktop":{"background-color":"var(--ast-global-color-4)","background-image":"","background-repeat":"repeat","background-position":"center center","background-size":"auto","background-attachment":"scroll","background-type":"","background-media":"","overlay-type":"","overlay-color":"","overlay-opacity":"","overlay-gradient":""},"tablet":{"background-color":"","background-image":"","background-repeat":"repeat","background-position":"center center","background-size":"auto","background-attachment":"scroll","background-type":"","background-media":"","overlay-type":"","overlay-color":"","overlay-opacity":"","overlay-gradient":""},"mobile":{"background-color":"","background-image":"","background-repeat":"repeat","background-position":"center center","background-size":"auto","background-attachment":"scroll","background-type":"","background-media":"","overlay-type":"","overlay-color":"","overlay-opacity":"","overlay-gradient":""}},"ast-content-background-meta":{"desktop":{"background-color":"var(--ast-global-color-5)","background-image":"","background-repeat":"repeat","background-position":"center center","background-size":"auto","background-attachment":"scroll","background-type":"","background-media":"","overlay-type":"","overlay-color":"","overlay-opacity":"","overlay-gradient":""},"tablet":{"background-color":"var(--ast-global-color-5)","background-image":"","background-repeat":"repeat","background-position":"center center","background-size":"auto","background-attachment":"scroll","background-type":"","background-media":"","overlay-type":"","overlay-color":"","overlay-opacity":"","overlay-gradient":""},"mobile":{"background-color":"var(--ast-global-color-5)","background-image":"","background-repeat":"repeat","background-position":"center center","background-size":"auto","background-attachment":"scroll","background-type":"","background-media":"","overlay-type":"","overlay-color":"","overlay-opacity":"","overlay-gradient":""}},"footnotes":""},"class_list":["post-11176","page","type-page","status-publish","hentry"],"post_mailing_queue_ids":[],"_links":{"self":[{"href":"https:\/\/agora.xtec.cat\/iesmarti-i-pol\/wp-json\/wp\/v2\/pages\/11176","targetHints":{"allow":["GET"]}}],"collection":[{"href":"https:\/\/agora.xtec.cat\/iesmarti-i-pol\/wp-json\/wp\/v2\/pages"}],"about":[{"href":"https:\/\/agora.xtec.cat\/iesmarti-i-pol\/wp-json\/wp\/v2\/types\/page"}],"author":[{"embeddable":true,"href":"https:\/\/agora.xtec.cat\/iesmarti-i-pol\/wp-json\/wp\/v2\/users\/37"}],"replies":[{"embeddable":true,"href":"https:\/\/agora.xtec.cat\/iesmarti-i-pol\/wp-json\/wp\/v2\/comments?post=11176"}],"version-history":[{"count":6,"href":"https:\/\/agora.xtec.cat\/iesmarti-i-pol\/wp-json\/wp\/v2\/pages\/11176\/revisions"}],"predecessor-version":[{"id":28093,"href":"https:\/\/agora.xtec.cat\/iesmarti-i-pol\/wp-json\/wp\/v2\/pages\/11176\/revisions\/28093"}],"wp:attachment":[{"href":"https:\/\/agora.xtec.cat\/iesmarti-i-pol\/wp-json\/wp\/v2\/media?parent=11176"}],"curies":[{"name":"wp","href":"https:\/\/api.w.org\/{rel}","templated":true}]}}