{"id":11137,"date":"2018-11-11T18:01:19","date_gmt":"2018-11-11T17:01:19","guid":{"rendered":"http:\/\/agora.xtec.cat\/iesmarti-i-pol\/?page_id=11137"},"modified":"2025-07-15T21:39:30","modified_gmt":"2025-07-15T19:39:30","slug":"laboratori-clinic-i-biomedic","status":"publish","type":"page","link":"https:\/\/agora.xtec.cat\/iesmarti-i-pol\/laboratori-clinic-i-biomedic\/","title":{"rendered":"CFGS Laboratori cl\u00ednic i biom\u00e8dic"},"content":{"rendered":"\n<p>Aquests estudis formen<em> t\u00e8cnics superiors en Laboratori cl\u00ednic<\/em> <em>i biom\u00e8dic<\/em>, que adquireixen els coneixements i les habilitats per a realitzar estudis anal\u00edtics de\u00a0mostres biol\u00f2giques, seguint els protocols normalitzats de treball (PNTs), aplicant les normes de qualitat, seguretat i mediambientals establertes, i valorar els resultats t\u00e8cnics, perqu\u00e8 serveixin com a suport a la prevenci\u00f3, al diagn\u00f2stic, al control de l&#8217;evoluci\u00f3 i al tractament de la malaltia, aix\u00ed com a la investigaci\u00f3, seguint els protocols establerts en la unitat de treball.<\/p>\n<ul>\n<li><a href=\"https:\/\/docs.google.com\/presentation\/u\/0\/d\/1vTwnJ-YP45o1S_4LAEYfFxh02Km704YE\/preview?usp=embed_googleplusYE\/edit?usp=drive_link&amp;ouid=112378884863361421887&amp;rtpof=true&amp;sd=true&amp;usp=embed_googleplus\" target=\"_blank\" rel=\"noopener\">Coneixements previs necessaris 1r LCB<\/a><\/li>\n<li><a href=\"https:\/\/docs.google.com\/presentation\/u\/0\/d\/1ICr745ZA6aJ34Ky_SYtVm1P2jc9_i3Q8\/preview?usp=embed_googleplus\" target=\"_blank\" rel=\"noopener\">Coneixements previs necessaris 2n LCB<\/a><\/li>\n<\/ul>\n<p><strong><span style=\"color: #3366ff;\">Distribuci\u00f3 de m\u00f2duls i unitats formatives a 1r curs (MATINS):<\/span><\/strong><\/p>\n<table dir=\"ltr\" style=\"width: 45.4535%; border-style: solid; border-color: #000000;\" border=\"1\" cellspacing=\"0\" cellpadding=\"0\" data-sheets-root=\"1\">\n<colgroup>\n<col width=\"306\" \/>\n<col width=\"100\" \/><\/colgroup>\n<tbody>\n<tr>\n<td style=\"width: 65.0309%; border-style: solid; border-color: #000000;\">\n<h5><span style=\"color: #993300;\"><strong>M\u00d2DULS<\/strong><\/span><\/h5>\n<\/td>\n<td style=\"width: 8.57924%; border-style: solid; border-color: #000000;\">\n<h5><span style=\"color: #993300;\"><strong>HORES<\/strong><\/span><\/h5>\n<\/td>\n<\/tr>\n<tr>\n<td style=\"width: 65.0309%; border-style: solid; border-color: #000000;\" data-sheets-value=\"{&quot;1&quot;:2,&quot;2&quot;:&quot;1367. Gesti\u00f3 de mostres biol\u00f2giques&quot;}\">1367. Gesti\u00f3 de mostres biol\u00f2giques<\/td>\n<td style=\"width: 8.57924%; border-style: solid; border-color: #000000;\" data-sheets-value=\"{&quot;1&quot;:3,&quot;3&quot;:132}\">132<\/td>\n<\/tr>\n<tr>\n<td style=\"width: 65.0309%; border-style: solid; border-color: #000000;\" data-sheets-value=\"{&quot;1&quot;:2,&quot;2&quot;:&quot;1368. T\u00e8cniques generals de laboratori&quot;}\">1368. T\u00e8cniques generals de laboratori<\/td>\n<td style=\"width: 8.57924%; border-style: solid; border-color: #000000;\" data-sheets-value=\"{&quot;1&quot;:3,&quot;3&quot;:132}\">132<\/td>\n<\/tr>\n<tr>\n<td style=\"width: 65.0309%; border-style: solid; border-color: #000000;\" data-sheets-value=\"{&quot;1&quot;:2,&quot;2&quot;:&quot;1369. Biologia molecular i citogen\u00e8tica&quot;}\">1369. Biologia molecular i citogen\u00e8tica<\/td>\n<td style=\"width: 8.57924%; border-style: solid; border-color: #000000;\" data-sheets-value=\"{&quot;1&quot;:3,&quot;3&quot;:99}\">99<\/td>\n<\/tr>\n<tr>\n<td style=\"width: 65.0309%; border-style: solid; border-color: #000000;\" data-sheets-value=\"{&quot;1&quot;:2,&quot;2&quot;:&quot;1370. Fisiopatologia general&quot;}\">1370. Fisiopatologia general<\/td>\n<td style=\"width: 8.57924%; border-style: solid; border-color: #000000;\" data-sheets-value=\"{&quot;1&quot;:3,&quot;3&quot;:99}\">99<\/td>\n<\/tr>\n<tr>\n<td style=\"width: 65.0309%; border-style: solid; border-color: #000000;\" data-sheets-value=\"{&quot;1&quot;:2,&quot;2&quot;:&quot;1373. Microbiologia cl\u00ednica&quot;}\">1373. Microbiologia cl\u00ednica<\/td>\n<td style=\"width: 8.57924%; border-style: solid; border-color: #000000;\" data-sheets-value=\"{&quot;1&quot;:3,&quot;3&quot;:99}\">99<\/td>\n<\/tr>\n<tr>\n<td style=\"width: 65.0309%; border-style: solid; border-color: #000000;\" data-sheets-value=\"{&quot;1&quot;:2,&quot;2&quot;:&quot;1374. T\u00e8cniques d\u2019an\u00e0lisi hematol\u00f2gic&quot;}\">1374. T\u00e8cniques d\u2019an\u00e0lisi hematol\u00f2gic<\/td>\n<td style=\"width: 8.57924%; border-style: solid; border-color: #000000;\" data-sheets-value=\"{&quot;1&quot;:3,&quot;3&quot;:99}\">99<\/td>\n<\/tr>\n<tr>\n<td style=\"width: 65.0309%; border-style: solid; border-color: #000000;\" data-sheets-value=\"{&quot;1&quot;:2,&quot;2&quot;:&quot;0179. Angl\u00e8s professional&quot;}\">0179. Angl\u00e8s professional<\/td>\n<td style=\"width: 8.57924%; border-style: solid; border-color: #000000;\" data-sheets-value=\"{&quot;1&quot;:3,&quot;3&quot;:66}\">66<\/td>\n<\/tr>\n<tr>\n<td style=\"width: 65.0309%; border-style: solid; border-color: #000000;\" data-sheets-value=\"{&quot;1&quot;:2,&quot;2&quot;:&quot;1665. Digitalitzaci\u00f3 aplicada als sectors productius&quot;}\">1665. Digitalitzaci\u00f3 aplicada als sectors productius<\/td>\n<td style=\"width: 8.57924%; border-style: solid; border-color: #000000;\" data-sheets-value=\"{&quot;1&quot;:3,&quot;3&quot;:33}\">33<\/td>\n<\/tr>\n<tr>\n<td style=\"width: 65.0309%; border-style: solid; border-color: #000000;\" data-sheets-value=\"{&quot;1&quot;:2,&quot;2&quot;:&quot;1708. Sostenibilitat aplicada al sistema productiu&quot;}\">1708. Sostenibilitat aplicada al sistema productiu<\/td>\n<td style=\"width: 8.57924%; border-style: solid; border-color: #000000;\" data-sheets-value=\"{&quot;1&quot;:3,&quot;3&quot;:33}\">33<\/td>\n<\/tr>\n<tr>\n<td style=\"width: 65.0309%; border-style: solid; border-color: #000000;\" data-sheets-value=\"{&quot;1&quot;:2,&quot;2&quot;:&quot;1709. Itinerari personal per a l'ocupabilitat I&quot;}\">1709. Itinerari personal per a l&#8217;ocupabilitat I<\/td>\n<td style=\"width: 8.57924%; border-style: solid; border-color: #000000;\" data-sheets-value=\"{&quot;1&quot;:3,&quot;3&quot;:99}\">99<\/td>\n<\/tr>\n<tr>\n<td style=\"width: 65.0309%; border-style: solid; border-color: #000000;\" data-sheets-value=\"{&quot;1&quot;:2,&quot;2&quot;:&quot;M\u00f2dul professional optatiu&quot;}\">MPO1 Coprologia parasit\u00e0ria<\/td>\n<td style=\"width: 8.57924%; border-style: solid; border-color: #000000;\" data-sheets-value=\"{&quot;1&quot;:3,&quot;3&quot;:99}\">33<\/td>\n<\/tr>\n<\/tbody>\n<\/table>\n<p><strong><span style=\"color: #3366ff;\">Distribuci\u00f3 de m\u00f2duls i unitats formatives a 2n curs (TARDES):<\/span><\/strong><\/p>\n<table dir=\"ltr\" style=\"width: 44.895%; border-style: solid; border-color: #000000;\" border=\"1\" cellspacing=\"0\" cellpadding=\"0\" data-sheets-root=\"1\">\n<colgroup>\n<col width=\"306\" \/>\n<col width=\"100\" \/><\/colgroup>\n<tbody>\n<tr>\n<td style=\"width: 87.1571%; border-style: solid; border-color: #000000;\">\n<h5><span style=\"color: #993300;\"><strong>M\u00d2DULS<\/strong><\/span><\/h5>\n<\/td>\n<td style=\"width: 67.2253%; border-style: solid; border-color: #000000;\">\n<h5><span style=\"color: #993300;\"><strong>HORES<\/strong><\/span><\/h5>\n<\/td>\n<\/tr>\n<tr>\n<td style=\"width: 87.1571%; border-style: solid; border-color: #000000;\" data-sheets-value=\"{&quot;1&quot;:2,&quot;2&quot;:&quot;1371. An\u00e0lisis bioqu\u00edmic&quot;}\">1371. An\u00e0lisis bioqu\u00edmic<\/td>\n<td style=\"width: 67.2253%; border-style: solid; border-color: #000000;\" data-sheets-value=\"{&quot;1&quot;:3,&quot;3&quot;:132}\">132<\/td>\n<\/tr>\n<tr>\n<td style=\"width: 87.1571%; border-style: solid; border-color: #000000;\" data-sheets-value=\"{&quot;1&quot;:2,&quot;2&quot;:&quot;1372. T\u00e8cniques d\u2019immunodiagn\u00f2stic&quot;}\">1372. T\u00e8cniques d\u2019immunodiagn\u00f2stic<\/td>\n<td style=\"width: 67.2253%; border-style: solid; border-color: #000000;\" data-sheets-value=\"{&quot;1&quot;:3,&quot;3&quot;:99}\">99<\/td>\n<\/tr>\n<tr>\n<td style=\"width: 87.1571%; border-style: solid; border-color: #000000;\" data-sheets-value=\"{&quot;1&quot;:2,&quot;2&quot;:&quot;1710. Itinerari personal per a l'ocupabilitat II&quot;}\">1710. Itinerari personal per a l&#8217;ocupabilitat II<\/td>\n<td style=\"width: 67.2253%; border-style: solid; border-color: #000000;\" data-sheets-value=\"{&quot;1&quot;:3,&quot;3&quot;:66}\">66<\/td>\n<\/tr>\n<tr>\n<td style=\"width: 87.1571%; border-style: solid; border-color: #000000;\" data-sheets-value=\"{&quot;1&quot;:2,&quot;2&quot;:&quot;1375. Projecte intermodular&quot;}\">1375. Projecte intermodular<\/td>\n<td style=\"width: 67.2253%; border-style: solid; border-color: #000000;\" data-sheets-value=\"{&quot;1&quot;:3,&quot;3&quot;:198}\">198<\/td>\n<\/tr>\n<tr>\n<td style=\"width: 87.1571%; border-style: solid; border-color: #000000;\" data-sheets-value=\"{&quot;1&quot;:2,&quot;2&quot;:&quot;M\u00f2dul professional optatiu&quot;}\">MPO2 Actualitzaci\u00f3 en hemodonaci\u00f3 i medul\u00b7la \u00f2ssia<\/td>\n<td style=\"width: 67.2253%; border-style: solid; border-color: #000000;\" data-sheets-value=\"{&quot;1&quot;:3,&quot;3&quot;:99}\">33<\/td>\n<\/tr>\n<tr>\n<td style=\"width: 87.1571%; border-style: solid; border-color: #000000;\">MPO3 T\u00e8cniques instrumentals aplicades a la Bioqu\u00edmica cl\u00ednica<\/td>\n<td style=\"width: 67.2253%; border-style: solid; border-color: #000000;\">66<\/td>\n<\/tr>\n<tr>\n<td style=\"width: 87.1571%; border-style: solid; border-color: #000000;\">Estada en empresa<\/td>\n<td style=\"width: 67.2253%; border-style: solid; border-color: #000000;\">515<\/td>\n<\/tr>\n<\/tbody>\n<\/table>\n<p>&nbsp;<\/p>\n","protected":false},"excerpt":{"rendered":"<p>Aquests estudis formen t\u00e8cnics superiors en Laboratori cl\u00ednic i biom\u00e8dic, que adquireixen els coneixements i les habilitats per a realitzar estudis anal\u00edtics de\u00a0mostres biol\u00f2giques, seguint els protocols normalitzats de treball (PNTs), aplicant les normes de qualitat, seguretat i mediambientals establertes, i valorar els resultats t\u00e8cnics, perqu\u00e8 serveixin com a suport a la prevenci\u00f3, al diagn\u00f2stic, [&hellip;]<\/p>\n","protected":false},"author":37,"featured_media":0,"parent":0,"menu_order":0,"comment_status":"closed","ping_status":"closed","template":"","meta":{"_bbp_topic_count":0,"_bbp_reply_count":0,"_bbp_total_topic_count":0,"_bbp_total_reply_count":0,"_bbp_voice_count":0,"_bbp_anonymous_reply_count":0,"_bbp_topic_count_hidden":0,"_bbp_reply_count_hidden":0,"_bbp_forum_subforum_count":0,"site-sidebar-layout":"default","site-content-layout":"","ast-site-content-layout":"default","site-content-style":"default","site-sidebar-style":"default","ast-global-header-display":"","ast-banner-title-visibility":"","ast-main-header-display":"","ast-hfb-above-header-display":"","ast-hfb-below-header-display":"","ast-hfb-mobile-header-display":"","site-post-title":"","ast-breadcrumbs-content":"","ast-featured-img":"","footer-sml-layout":"","theme-transparent-header-meta":"default","adv-header-id-meta":"","stick-header-meta":"","header-above-stick-meta":"","header-main-stick-meta":"","header-below-stick-meta":"","astra-migrate-meta-layouts":"set","ast-page-background-enabled":"default","ast-page-background-meta":{"desktop":{"background-color":"var(--ast-global-color-4)","background-image":"","background-repeat":"repeat","background-position":"center center","background-size":"auto","background-attachment":"scroll","background-type":"","background-media":"","overlay-type":"","overlay-color":"","overlay-opacity":"","overlay-gradient":""},"tablet":{"background-color":"","background-image":"","background-repeat":"repeat","background-position":"center center","background-size":"auto","background-attachment":"scroll","background-type":"","background-media":"","overlay-type":"","overlay-color":"","overlay-opacity":"","overlay-gradient":""},"mobile":{"background-color":"","background-image":"","background-repeat":"repeat","background-position":"center center","background-size":"auto","background-attachment":"scroll","background-type":"","background-media":"","overlay-type":"","overlay-color":"","overlay-opacity":"","overlay-gradient":""}},"ast-content-background-meta":{"desktop":{"background-color":"var(--ast-global-color-5)","background-image":"","background-repeat":"repeat","background-position":"center center","background-size":"auto","background-attachment":"scroll","background-type":"","background-media":"","overlay-type":"","overlay-color":"","overlay-opacity":"","overlay-gradient":""},"tablet":{"background-color":"var(--ast-global-color-5)","background-image":"","background-repeat":"repeat","background-position":"center center","background-size":"auto","background-attachment":"scroll","background-type":"","background-media":"","overlay-type":"","overlay-color":"","overlay-opacity":"","overlay-gradient":""},"mobile":{"background-color":"var(--ast-global-color-5)","background-image":"","background-repeat":"repeat","background-position":"center center","background-size":"auto","background-attachment":"scroll","background-type":"","background-media":"","overlay-type":"","overlay-color":"","overlay-opacity":"","overlay-gradient":""}},"footnotes":""},"class_list":["post-11137","page","type-page","status-publish","hentry"],"post_mailing_queue_ids":[],"_links":{"self":[{"href":"https:\/\/agora.xtec.cat\/iesmarti-i-pol\/wp-json\/wp\/v2\/pages\/11137","targetHints":{"allow":["GET"]}}],"collection":[{"href":"https:\/\/agora.xtec.cat\/iesmarti-i-pol\/wp-json\/wp\/v2\/pages"}],"about":[{"href":"https:\/\/agora.xtec.cat\/iesmarti-i-pol\/wp-json\/wp\/v2\/types\/page"}],"author":[{"embeddable":true,"href":"https:\/\/agora.xtec.cat\/iesmarti-i-pol\/wp-json\/wp\/v2\/users\/37"}],"replies":[{"embeddable":true,"href":"https:\/\/agora.xtec.cat\/iesmarti-i-pol\/wp-json\/wp\/v2\/comments?post=11137"}],"version-history":[{"count":7,"href":"https:\/\/agora.xtec.cat\/iesmarti-i-pol\/wp-json\/wp\/v2\/pages\/11137\/revisions"}],"predecessor-version":[{"id":21080,"href":"https:\/\/agora.xtec.cat\/iesmarti-i-pol\/wp-json\/wp\/v2\/pages\/11137\/revisions\/21080"}],"wp:attachment":[{"href":"https:\/\/agora.xtec.cat\/iesmarti-i-pol\/wp-json\/wp\/v2\/media?parent=11137"}],"curies":[{"name":"wp","href":"https:\/\/api.w.org\/{rel}","templated":true}]}}