{"id":679,"date":"2020-02-20T23:10:40","date_gmt":"2020-02-20T22:10:40","guid":{"rendered":"https:\/\/agora.xtec.cat\/iesmartamata\/?page_id=679"},"modified":"2022-06-27T08:18:20","modified_gmt":"2022-06-27T06:18:20","slug":"ampa","status":"publish","type":"page","link":"https:\/\/agora.xtec.cat\/iesmartamata\/admin-serveis\/ampa\/","title":{"rendered":"AMPA"},"content":{"rendered":"<p>L\u2019AMPA de l&#8217;Institut Marta Mata \u00e9s l\u2019agrupaci\u00f3 de pares i mares que permet, juntament amb l\u2019equip directiu i el claustre de professorat, reflexionar i opinar sobre el funcionament quotidi\u00e0 del centre, sobre temes educatius d\u2019abast m\u00e9s general i ajudar al centre a tirar endavant. L\u2019AMPA col\u00b7labora en l\u2019organitzaci\u00f3 de les festes al centre, en activitats per a pares, mares i alumnes i tamb\u00e9 en la coordinaci\u00f3 de la gesti\u00f3 de venda de llibres.<\/p>\n<p>Formar part de l&#8217;AMPA i col\u00b7laborar-hi \u00e9s una manera pr\u00e0ctica de seguir de m\u00e9s a prop l\u2019educaci\u00f3 dels vostres fills i filles, de contribuir a la millora de la qualitat de l\u2019ensenyament perqu\u00e8 els pares i mares som part de la comunitat educativa.<\/p>\n<p>Si us interessa col\u00b7laborar podeu contactar a trav\u00e9s del correu electr\u00f2nic: ampaiesmartamata@gmail.com<\/p>\n<p>Animeu-vos a participar, estarem encantats de donar-vos la benvinguda!<\/p>\n<p>&nbsp;<\/p>\n<p><strong>Dades de contacte<\/strong><\/p>\n<ul>\n<li>P\u00e0gina web de l&#8217;AMPA: <a href=\"http:\/\/ampamartamata.cat\/\" rel=\"nofollow\">http:\/\/ampamartamata.cat<\/a><\/li>\n<li>Correu electr\u00f2nic: <a href=\"mailto:ampaiesmartamata@gmail.com\">ampaiesmartamata@gmail.com<\/a><\/li>\n<li>Tel\u00e8fon de l&#8217;AMPA\u00a0678 241 611<\/li>\n<li>Tamb\u00e9 ens trobareu a\u00a0<a href=\"http:\/\/www.facebook.com\/pages\/AMPA-IES-Marta-Mata\/166968629988350?sk=info\" target=\"_blank\" rel=\"nofollow noopener noreferrer\">Facebook<\/a><\/li>\n<li>Presidenta de l&#8217;AMPA: Sra. Mireia L\u00f3pez Caritg<\/li>\n<\/ul>\n","protected":false},"excerpt":{"rendered":"<p>L\u2019AMPA de l&#8217;Institut Marta Mata \u00e9s l\u2019agrupaci\u00f3 de pares i mares que permet, juntament amb l\u2019equip directiu i el claustre de professorat, reflexionar i opinar sobre el funcionament quotidi\u00e0 del centre, sobre temes educatius d\u2019abast m\u00e9s general i ajudar al centre a tirar endavant. L\u2019AMPA&hellip;  <a href=\"https:\/\/agora.xtec.cat\/iesmartamata\/admin-serveis\/ampa\/\" title=\"Read AMPA\">Llegeix m\u00e9s\u00bb<\/a><\/p>\n","protected":false},"author":1,"featured_media":0,"parent":81,"menu_order":0,"comment_status":"closed","ping_status":"closed","template":"page-templates\/side-menu.php","meta":{"_bbp_topic_count":0,"_bbp_reply_count":0,"_bbp_total_topic_count":0,"_bbp_total_reply_count":0,"_bbp_voice_count":0,"_bbp_anonymous_reply_count":0,"_bbp_topic_count_hidden":0,"_bbp_reply_count_hidden":0,"_bbp_forum_subforum_count":0,"footnotes":""},"class_list":["post-679","page","type-page","status-publish","hentry"],"post_mailing_queue_ids":[],"_links":{"self":[{"href":"https:\/\/agora.xtec.cat\/iesmartamata\/wp-json\/wp\/v2\/pages\/679","targetHints":{"allow":["GET"]}}],"collection":[{"href":"https:\/\/agora.xtec.cat\/iesmartamata\/wp-json\/wp\/v2\/pages"}],"about":[{"href":"https:\/\/agora.xtec.cat\/iesmartamata\/wp-json\/wp\/v2\/types\/page"}],"author":[{"embeddable":true,"href":"https:\/\/agora.xtec.cat\/iesmartamata\/wp-json\/wp\/v2\/users\/1"}],"replies":[{"embeddable":true,"href":"https:\/\/agora.xtec.cat\/iesmartamata\/wp-json\/wp\/v2\/comments?post=679"}],"version-history":[{"count":3,"href":"https:\/\/agora.xtec.cat\/iesmartamata\/wp-json\/wp\/v2\/pages\/679\/revisions"}],"predecessor-version":[{"id":1403,"href":"https:\/\/agora.xtec.cat\/iesmartamata\/wp-json\/wp\/v2\/pages\/679\/revisions\/1403"}],"up":[{"embeddable":true,"href":"https:\/\/agora.xtec.cat\/iesmartamata\/wp-json\/wp\/v2\/pages\/81"}],"wp:attachment":[{"href":"https:\/\/agora.xtec.cat\/iesmartamata\/wp-json\/wp\/v2\/media?parent=679"}],"curies":[{"name":"wp","href":"https:\/\/api.w.org\/{rel}","templated":true}]}}