{"id":622,"date":"2020-02-20T21:40:22","date_gmt":"2020-02-20T20:40:22","guid":{"rendered":"https:\/\/agora.xtec.cat\/iesmartamata\/?page_id=622"},"modified":"2025-09-25T19:47:32","modified_gmt":"2025-09-25T17:47:32","slug":"4t-eso","status":"publish","type":"page","link":"https:\/\/agora.xtec.cat\/iesmartamata\/estudis\/4t-eso\/","title":{"rendered":"4t ESO"},"content":{"rendered":"<p>EQUIP DOCENT 4t:<br \/>\nMart\u00ed Casta\u00f1\u00e9 (Cap)<br \/>\n\u00c0ngels S\u00e0nchez<\/p>\n<p>Ester S\u00e0nchez<\/p>\n<p>Yolanda Vega<br \/>\nRuth Iglesias<br \/>\nAlbert Garolera<\/p>\n<p>N\u00faria Jim\u00e9nez<br \/>\nMart\u00ed Mir\u00f3<br \/>\nAnabel Pozo<br \/>\nAnna Salazar<\/p>\n","protected":false},"excerpt":{"rendered":"<p>EQUIP DOCENT 4t:<br \/>\nMart\u00ed Casta\u00f1\u00e9 (Cap)<br \/>\n\u00c0ngels S\u00e0nchez<br \/>\nEster S\u00e0nchez<br \/>\nYolanda Vega<br \/>\nRuth Iglesias<br \/>\nAlbert Garolera<br \/>\nN\u00faria Jim\u00e9nez<br \/>\nMart\u00ed Mir\u00f3<br \/>\nAnabel Pozo<br \/>\nAnna Salazar<\/p>\n","protected":false},"author":1,"featured_media":0,"parent":195,"menu_order":4,"comment_status":"closed","ping_status":"closed","template":"page-templates\/side-menu.php","meta":{"_bbp_topic_count":0,"_bbp_reply_count":0,"_bbp_total_topic_count":0,"_bbp_total_reply_count":0,"_bbp_voice_count":0,"_bbp_anonymous_reply_count":0,"_bbp_topic_count_hidden":0,"_bbp_reply_count_hidden":0,"_bbp_forum_subforum_count":0,"footnotes":""},"class_list":["post-622","page","type-page","status-publish","hentry"],"post_mailing_queue_ids":[],"_links":{"self":[{"href":"https:\/\/agora.xtec.cat\/iesmartamata\/wp-json\/wp\/v2\/pages\/622","targetHints":{"allow":["GET"]}}],"collection":[{"href":"https:\/\/agora.xtec.cat\/iesmartamata\/wp-json\/wp\/v2\/pages"}],"about":[{"href":"https:\/\/agora.xtec.cat\/iesmartamata\/wp-json\/wp\/v2\/types\/page"}],"author":[{"embeddable":true,"href":"https:\/\/agora.xtec.cat\/iesmartamata\/wp-json\/wp\/v2\/users\/1"}],"replies":[{"embeddable":true,"href":"https:\/\/agora.xtec.cat\/iesmartamata\/wp-json\/wp\/v2\/comments?post=622"}],"version-history":[{"count":6,"href":"https:\/\/agora.xtec.cat\/iesmartamata\/wp-json\/wp\/v2\/pages\/622\/revisions"}],"predecessor-version":[{"id":3477,"href":"https:\/\/agora.xtec.cat\/iesmartamata\/wp-json\/wp\/v2\/pages\/622\/revisions\/3477"}],"up":[{"embeddable":true,"href":"https:\/\/agora.xtec.cat\/iesmartamata\/wp-json\/wp\/v2\/pages\/195"}],"wp:attachment":[{"href":"https:\/\/agora.xtec.cat\/iesmartamata\/wp-json\/wp\/v2\/media?parent=622"}],"curies":[{"name":"wp","href":"https:\/\/api.w.org\/{rel}","templated":true}]}}