{"id":57,"date":"2014-09-17T17:01:07","date_gmt":"2014-09-17T15:01:07","guid":{"rendered":"http:\/\/agora.xtec.cat\/iesmartamata\/?page_id=57"},"modified":"2022-06-27T08:18:20","modified_gmt":"2022-06-27T06:18:20","slug":"com-treballem","status":"publish","type":"page","link":"https:\/\/agora.xtec.cat\/iesmartamata\/com-treballem\/","title":{"rendered":"Com treballem"},"content":{"rendered":"<p><strong>L\u2019Institut considera cadascun dels alumnes com a centre i objectiu del proc\u00e9s educatiu.<\/strong>\u00a0\u00c9s a l\u2019alumnat a qui va adre\u00e7at l\u2019esfor\u00e7 quotidi\u00e0 i el comprom\u00eds del professorat. Els sabers i les compet\u00e8ncies ocupen un lloc central en la seva formaci\u00f3.<\/p>\n<p><a href=\"https:\/\/agora.xtec.cat\/iesmartamata\/wp-content\/uploads\/usu1685\/2020\/09\/PLA-organitzaci\u00f3-de-lI.-Marta-Mata-Setembre.pdf\">PLA organitzaci\u00f3 de l&#8217;I. Marta Mata Setembre<\/a><\/p>\n<p>&nbsp;<\/p>\n","protected":false},"excerpt":{"rendered":"<p>L\u2019Institut considera cadascun dels alumnes com a centre i objectiu del proc\u00e9s educatiu.\u00a0\u00c9s a l\u2019alumnat a qui va adre\u00e7at l\u2019esfor\u00e7 quotidi\u00e0 i el comprom\u00eds del professorat. Els sabers i les compet\u00e8ncies ocupen un lloc central en la seva formaci\u00f3.<br \/>\n<a href=\"https:\/\/agora.xtec.cat\/iesmartamata\/wp-content\/uploads\/usu1685\/2020\/09\/PLA-organitzaci\u00f3-de-lI.-Marta-Mata-Setembre.pdf\">PLA organitzaci\u00f3 de l&#8217;I. Marta Mata&hellip;  <a href=\"https:\/\/agora.xtec.cat\/iesmartamata\/com-treballem\/\" title=\"Read Com treballem\">Llegeix m\u00e9s\u00bb<\/a><\/p>\n","protected":false},"author":1,"featured_media":0,"parent":0,"menu_order":0,"comment_status":"closed","ping_status":"closed","template":"page-templates\/side-menu.php","meta":{"_bbp_topic_count":0,"_bbp_reply_count":0,"_bbp_total_topic_count":0,"_bbp_total_reply_count":0,"_bbp_voice_count":0,"_bbp_anonymous_reply_count":0,"_bbp_topic_count_hidden":0,"_bbp_reply_count_hidden":0,"_bbp_forum_subforum_count":0,"footnotes":""},"class_list":["post-57","page","type-page","status-publish","hentry"],"post_mailing_queue_ids":[],"_links":{"self":[{"href":"https:\/\/agora.xtec.cat\/iesmartamata\/wp-json\/wp\/v2\/pages\/57","targetHints":{"allow":["GET"]}}],"collection":[{"href":"https:\/\/agora.xtec.cat\/iesmartamata\/wp-json\/wp\/v2\/pages"}],"about":[{"href":"https:\/\/agora.xtec.cat\/iesmartamata\/wp-json\/wp\/v2\/types\/page"}],"author":[{"embeddable":true,"href":"https:\/\/agora.xtec.cat\/iesmartamata\/wp-json\/wp\/v2\/users\/1"}],"replies":[{"embeddable":true,"href":"https:\/\/agora.xtec.cat\/iesmartamata\/wp-json\/wp\/v2\/comments?post=57"}],"version-history":[{"count":2,"href":"https:\/\/agora.xtec.cat\/iesmartamata\/wp-json\/wp\/v2\/pages\/57\/revisions"}],"predecessor-version":[{"id":1270,"href":"https:\/\/agora.xtec.cat\/iesmartamata\/wp-json\/wp\/v2\/pages\/57\/revisions\/1270"}],"wp:attachment":[{"href":"https:\/\/agora.xtec.cat\/iesmartamata\/wp-json\/wp\/v2\/media?parent=57"}],"curies":[{"name":"wp","href":"https:\/\/api.w.org\/{rel}","templated":true}]}}