{"id":55,"date":"2014-09-17T16:59:49","date_gmt":"2014-09-17T16:59:49","guid":{"rendered":"http:\/\/agora.xtec.cat\/iesmartamata\/?page_id=55"},"modified":"2025-02-13T10:49:00","modified_gmt":"2025-02-13T09:49:00","slug":"horaris","status":"publish","type":"page","link":"https:\/\/agora.xtec.cat\/iesmartamata\/linstitut\/horaris\/","title":{"rendered":"Pol\u00edtica de Qualitat"},"content":{"rendered":"<p><span style=\"color: #008080;\"><strong>POL\u00cdTICA DE QUALITAT<\/strong><\/span><\/p>\n<p>L&#8217;Institut Marta Mata entra a formar part del Projecte de Qualitat i Millora Cont\u00ednua (PQiMC) del Departament d&#8217;Ensenyament al setembre de 2018, com a part de l\u2019estrat\u00e8gia per assolir els objectius del nou Projecte de Direcci\u00f3 (2018-22).<\/p>\n<p>El projecte contempla que l\u2019Institut formi part de la Xarxa de Qualitat, per tal que el centre adapti el sistema de gesti\u00f3 a la norma ISO 9001:2015, la gesti\u00f3 per processos, cercant la qualitat i millora cont\u00ednua. Alhora proposa entrar en la xarxa per tal de pert\u00e0nyer a una xarxa de centres.<\/p>\n<p>Els<strong> objectius estrat\u00e8gics prioritaris<\/strong> de l&#8217;actual projecte de direcci\u00f3 s\u00f3n:<\/p>\n<table style=\"width: 903px; height: 269px;\">\n<tbody>\n<tr style=\"height: 32px;\">\n<td style=\"width: 368.75px; height: 32px;\">\n<ol>\n<li>Millora dels resultats: aprenentatge competencial<\/li>\n<\/ol>\n<\/td>\n<td style=\"width: 527.5px; height: 128px;\" rowspan=\"4\"><span style=\"color: #008080;\"><strong><a href=\"https:\/\/agora.xtec.cat\/iesmartamata\/wp-content\/uploads\/usu1685\/2021\/01\/Captura-de-pantalla-2021-01-23-a-las-19.39.42.png\"><img loading=\"lazy\" decoding=\"async\" class=\" wp-image-1343 alignnone\" src=\"https:\/\/agora.xtec.cat\/iesmartamata\/wp-content\/uploads\/usu1685\/2021\/01\/Captura-de-pantalla-2021-01-23-a-las-19.39.42.png\" alt=\"\" width=\"510\" height=\"315\" srcset=\"https:\/\/agora.xtec.cat\/iesmartamata\/wp-content\/uploads\/usu1685\/2021\/01\/Captura-de-pantalla-2021-01-23-a-las-19.39.42.png 476w, https:\/\/agora.xtec.cat\/iesmartamata\/wp-content\/uploads\/usu1685\/2021\/01\/Captura-de-pantalla-2021-01-23-a-las-19.39.42-300x185.png 300w\" sizes=\"auto, (max-width: 510px) 100vw, 510px\" \/><\/a><\/strong><\/span><\/td>\n<\/tr>\n<tr style=\"height: 32px;\">\n<td style=\"width: 368.75px; height: 32px;\">2. Millora de la cohesi\u00f3 social: \u00e8xit per a tothom.<\/td>\n<\/tr>\n<tr style=\"height: 32px;\">\n<td style=\"width: 368.75px; height: 32px;\">3. Millora de la imatge del centre.<\/td>\n<\/tr>\n<tr style=\"height: 32px;\">\n<td style=\"width: 368.75px; height: 32px;\">4. Consolidaci\u00f3 dels cicles.<\/td>\n<\/tr>\n<\/tbody>\n<\/table>\n<p>El projecte posa \u00e8mfasi en el lideratge distribu\u00eft i en la responsabilitat de cada membre de participar activament en el desenvolupament i millora de la qualitat al centre.<\/p>\n<p>La direcci\u00f3 i la coordinaci\u00f3 de qualitat, vetllaran i proporcionaran espais per fer una tasca de revisi\u00f3 permanent dels processos existents al centre i\u00a0 de l&#8217;assoliment dels objectius. Aquests objectius es recolliran a la Programaci\u00f3 General Anual (PGA) i s&#8217;avaluaran al final de cada curs escolar, recollint les propostes de millora en la Mem\u00f2ria Anual de centre (MAC).<\/p>\n<p><span style=\"text-decoration: underline;\">SISTEMA DE GESTI\u00d3 PER PROCESSOS<\/span><\/p>\n<p>L\u2019Institut Marta Mata compta amb un sistema de gestio\u0301 per processos basat en la norma ISO 9001:2015. El centre cerca l\u2019excel\u00b7le\u0300ncia en els resultats educatius i la confianc\u0327a i satisfaccio\u0301 de l\u2019alumnat, les fami\u0301lies, l\u2019equip huma\u0300 de l\u2019institut i tots els altres agents implicats en el proce\u0301s, i ente\u0301n que, per aconseguir-ho, cal que s\u2019avalui\u0308 i es millori conti\u0301nuament el sistema de gestio\u0301, aix\u00ed com vetllar per tal que l\u2019organitzaci\u00f3 de centre afavoreixi la gesti\u00f3 per processos<\/p>\n<p><a href=\"https:\/\/agora.xtec.cat\/iesmartamata\/linstitut\/horaris\/attachment\/captura-de-pantalla-2024-05-12-a-las-18-14-45\/\" rel=\"attachment wp-att-2958\"><img loading=\"lazy\" decoding=\"async\" class=\"alignright size-full wp-image-2958\" src=\"https:\/\/agora.xtec.cat\/iesmartamata\/wp-content\/uploads\/usu1685\/2024\/05\/Captura-de-Pantalla-2024-05-12-a-las-18.14.45.png\" alt=\"\" width=\"1914\" height=\"1316\" srcset=\"https:\/\/agora.xtec.cat\/iesmartamata\/wp-content\/uploads\/usu1685\/2024\/05\/Captura-de-Pantalla-2024-05-12-a-las-18.14.45.png 1914w, https:\/\/agora.xtec.cat\/iesmartamata\/wp-content\/uploads\/usu1685\/2024\/05\/Captura-de-Pantalla-2024-05-12-a-las-18.14.45-300x206.png 300w, https:\/\/agora.xtec.cat\/iesmartamata\/wp-content\/uploads\/usu1685\/2024\/05\/Captura-de-Pantalla-2024-05-12-a-las-18.14.45-1024x704.png 1024w, https:\/\/agora.xtec.cat\/iesmartamata\/wp-content\/uploads\/usu1685\/2024\/05\/Captura-de-Pantalla-2024-05-12-a-las-18.14.45-768x528.png 768w, https:\/\/agora.xtec.cat\/iesmartamata\/wp-content\/uploads\/usu1685\/2024\/05\/Captura-de-Pantalla-2024-05-12-a-las-18.14.45-1536x1056.png 1536w\" sizes=\"auto, (max-width: 1914px) 100vw, 1914px\" \/><\/a><\/p>\n<p><span style=\"text-decoration: underline;\">ABAST DEL SISTEMA DE GESTI\u00d3 I EXCLUSIONS<\/span><br \/>\nL\u2019\u00c0mbt d\u2019aplicaci\u00f3 del sistema de gesti\u00f3 de l\u2019Institut Marta Mata compr\u00e8n els ensenyaments i serveis que presta el centre, \u00e9s a dir, l\u2019Educaci\u00f3 Secund\u00e0ria Obligat\u00f2ria (ESO) i la formaci\u00f3 postobligat\u00f2ria de Cicles Formatius de Grau Mig de Formaci\u00f3 professional de Cuina i Gastronomia i de Serveis de Restauraci\u00f3 (CFGM)<\/p>\n<p>Aquest sistema de gesti\u00f3 aplica els punts de la norma internacional de gesti\u00f3 de la qualitat ISO 9001:2015. Aquest model basa la metodologia de treball en el cicle PDCA (Plan, Do, Check, Act) i la gestio\u0301 per processos com a fonaments de la qualitat en el servei.<\/p>\n<p>El centre esta\u0300 exclo\u0300s del Disseny i desenvolupament (punt 8.3 de la norma ISO 9001:2015) ja que tot queda reglamentat en el Disseny Curricular Base.\u00a0 Tamb\u00e9 est\u00e0 excl\u00f2s de la norma el curs del Pla de Transici\u00f3 al Treball (PFI-PTT).<\/p>\n","protected":false},"excerpt":{"rendered":"<p>POL\u00cdTICA DE QUALITAT<br \/>\nL&#8217;Institut Marta Mata entra a formar part del Projecte de Qualitat i Millora Cont\u00ednua (PQiMC) del Departament d&#8217;Ensenyament al setembre de 2018, com a part de l\u2019estrat\u00e8gia per assolir els objectius del nou Projecte de Direcci\u00f3 (2018-22).<br \/>\nEl projecte contempla que l\u2019Institut formi part&hellip;  <a href=\"https:\/\/agora.xtec.cat\/iesmartamata\/linstitut\/horaris\/\" title=\"Read Pol\u00edtica de Qualitat\">Llegeix m\u00e9s\u00bb<\/a><\/p>\n","protected":false},"author":1,"featured_media":0,"parent":19,"menu_order":2,"comment_status":"closed","ping_status":"closed","template":"page-templates\/side-menu.php","meta":{"_bbp_topic_count":0,"_bbp_reply_count":0,"_bbp_total_topic_count":0,"_bbp_total_reply_count":0,"_bbp_voice_count":0,"_bbp_anonymous_reply_count":0,"_bbp_topic_count_hidden":0,"_bbp_reply_count_hidden":0,"_bbp_forum_subforum_count":0,"footnotes":""},"class_list":["post-55","page","type-page","status-publish","hentry"],"post_mailing_queue_ids":[],"_links":{"self":[{"href":"https:\/\/agora.xtec.cat\/iesmartamata\/wp-json\/wp\/v2\/pages\/55","targetHints":{"allow":["GET"]}}],"collection":[{"href":"https:\/\/agora.xtec.cat\/iesmartamata\/wp-json\/wp\/v2\/pages"}],"about":[{"href":"https:\/\/agora.xtec.cat\/iesmartamata\/wp-json\/wp\/v2\/types\/page"}],"author":[{"embeddable":true,"href":"https:\/\/agora.xtec.cat\/iesmartamata\/wp-json\/wp\/v2\/users\/1"}],"replies":[{"embeddable":true,"href":"https:\/\/agora.xtec.cat\/iesmartamata\/wp-json\/wp\/v2\/comments?post=55"}],"version-history":[{"count":7,"href":"https:\/\/agora.xtec.cat\/iesmartamata\/wp-json\/wp\/v2\/pages\/55\/revisions"}],"predecessor-version":[{"id":3225,"href":"https:\/\/agora.xtec.cat\/iesmartamata\/wp-json\/wp\/v2\/pages\/55\/revisions\/3225"}],"up":[{"embeddable":true,"href":"https:\/\/agora.xtec.cat\/iesmartamata\/wp-json\/wp\/v2\/pages\/19"}],"wp:attachment":[{"href":"https:\/\/agora.xtec.cat\/iesmartamata\/wp-json\/wp\/v2\/media?parent=55"}],"curies":[{"name":"wp","href":"https:\/\/api.w.org\/{rel}","templated":true}]}}