{"id":548,"date":"2020-02-20T15:56:15","date_gmt":"2020-02-20T14:56:15","guid":{"rendered":"https:\/\/agora.xtec.cat\/iesmartamata\/?page_id=548"},"modified":"2024-05-22T11:48:38","modified_gmt":"2024-05-22T09:48:38","slug":"el-claustre","status":"publish","type":"page","link":"https:\/\/agora.xtec.cat\/iesmartamata\/linstitut\/organigrama\/el-claustre\/","title":{"rendered":"Professorat"},"content":{"rendered":"<table width=\"701\">\n<tbody>\n<tr>\n<td width=\"320\">EQUIP DOCENT 1r<\/p>\n<p><strong>Cristina Pineda<\/strong> (Cap)<\/td>\n<td width=\"378\">EQUIP DOCENT 2n<\/p>\n<p><strong>Ruth Igl\u00e9sias<\/strong> (Cap)<\/td>\n<\/tr>\n<tr>\n<td width=\"320\">Anna Sanz<\/p>\n<p>Daniel Santillana<\/p>\n<p>Adriana Carratal\u00e0<\/p>\n<p>Conchi Espada<\/p>\n<p>Azahara Casas<\/p>\n<p>Merc\u00e8 Costa<\/p>\n<p>David Mu\u00f1oz<\/p>\n<p>Esperan\u00e7a Roca<\/p>\n<p>Pablo Serrano<\/p>\n<p>&nbsp;<\/td>\n<td width=\"378\">Iv\u00e1n Mart\u00ednez<\/p>\n<p>Lara Lucas<\/p>\n<p>Laura Casanova<\/p>\n<p>Javi Mart\u00ednez<\/p>\n<p>\u00c0dri\u00e0 Boix<\/p>\n<p>Francesc\u00a0 Ginel<\/p>\n<p>Noem\u00ed Maestre<\/p>\n<p>Andreu Marco<\/p>\n<p>M\u00edriam Rubio<\/p>\n<p>Iv\u00e1n Zarco<\/td>\n<\/tr>\n<tr>\n<td width=\"320\">EQUIP DOCENT 3r<\/p>\n<p><strong>Laura Amo<\/strong> (Cap)<\/td>\n<td width=\"378\">EQUIP DOCENT 4t:<\/p>\n<p><strong>\u00c0ngels S\u00e0nchez<\/strong> (Cap)<\/td>\n<\/tr>\n<tr>\n<td width=\"320\">Lorda Parera<\/p>\n<p>Mustapha Zaroual<\/p>\n<p>Ester S\u00e1nchez<\/p>\n<p>Luc\u00eda Barril<\/p>\n<p>Sara Casta\u00f1o<\/p>\n<p>Laura Cu\u00e9llar<\/p>\n<p>Gerard Flaqu\u00e9<\/p>\n<p>Isabel Vargas<\/p>\n<p>Angl\u00e8s\/acollida<\/td>\n<td width=\"378\">Yolanda Vega<\/p>\n<p>Mart\u00ed Casta\u00f1\u00e9<\/p>\n<p>Laia Corominas<\/p>\n<p>Laia Arnau<\/p>\n<p>Albert Garolera<\/p>\n<p>Mart\u00ed Mir\u00f3<\/p>\n<p>Montse Morcillo<\/p>\n<p>Anna Rodr\u00edguez<\/p>\n<p>Anna Salazar<\/p>\n<p>&nbsp;<\/td>\n<\/tr>\n<tr>\n<td width=\"320\">EQUIP DOCENT CFGM<\/p>\n<p>S\u00edlvia Candelich (Cap)<\/p>\n<p>&nbsp;<\/td>\n<td width=\"378\">PTT<\/p>\n<p>Tutora: Meritxell Gr\u00e0cia<\/td>\n<\/tr>\n<tr>\n<td width=\"320\">Marina Barrientos<\/p>\n<p>Alberto Guti\u00e9rrez<\/p>\n<p>Mois\u00e9s Herrer\u00edas<\/p>\n<p>Antonio Huguet<\/p>\n<p>Daniel Lorente<\/p>\n<p>Cristina Sanz<\/p>\n<p>Cristina Tejera<\/p>\n<p>Josep Valle<\/p>\n<p>Joan Vila<\/td>\n<td width=\"378\">David Brito<\/p>\n<p>Gerard S\u00e0nchez<\/p>\n<p>&nbsp;<\/td>\n<\/tr>\n<\/tbody>\n<\/table>\n","protected":false},"excerpt":{"rendered":"<p>EQUIP DOCENT 1r<br \/>\nCristina Pineda (Cap)<br \/>\nEQUIP DOCENT 2n<br \/>\nRuth Igl\u00e9sias (Cap)<\/p>\n<p>Anna Sanz<br \/>\nDaniel Santillana<br \/>\nAdriana Carratal\u00e0<br \/>\nConchi Espada<br \/>\nAzahara Casas<br \/>\nMerc\u00e8 Costa<br \/>\nDavid Mu\u00f1oz<br \/>\nEsperan\u00e7a Roca<br \/>\nPablo Serrano<br \/>\n&nbsp;<br \/>\nIv\u00e1n Mart\u00ednez<br \/>\nLara Lucas<br \/>\nLaura Casanova<br \/>\nJavi Mart\u00ednez<br \/>\n\u00c0dri\u00e0 Boix<br \/>\nFrancesc\u00a0 Ginel<br \/>\nNoem\u00ed Maestre<br \/>\nAndreu Marco<br \/>\nM\u00edriam Rubio<br \/>\nIv\u00e1n Zarco<\/p>\n<p>EQUIP DOCENT 3r<br \/>\nLaura Amo (Cap)<br \/>\nEQUIP DOCENT 4t:<br \/>\n\u00c0ngels S\u00e0nchez (Cap)<\/p>\n<p>Lorda Parera<br \/>\nMustapha Zaroual<br \/>\nEster S\u00e1nchez<br \/>\nLuc\u00eda Barril<br \/>\nSara Casta\u00f1o<br \/>\nLaura Cu\u00e9llar<br \/>\nGerard Flaqu\u00e9<br \/>\nIsabel Vargas<br \/>\nAngl\u00e8s\/acollida<br \/>\nYolanda Vega<br \/>\nMart\u00ed&hellip;  <a href=\"https:\/\/agora.xtec.cat\/iesmartamata\/linstitut\/organigrama\/el-claustre\/\" title=\"Read Professorat\">Llegeix m\u00e9s\u00bb<\/a><\/p>\n","protected":false},"author":1,"featured_media":0,"parent":46,"menu_order":0,"comment_status":"closed","ping_status":"closed","template":"page-templates\/side-menu.php","meta":{"_bbp_topic_count":0,"_bbp_reply_count":0,"_bbp_total_topic_count":0,"_bbp_total_reply_count":0,"_bbp_voice_count":0,"_bbp_anonymous_reply_count":0,"_bbp_topic_count_hidden":0,"_bbp_reply_count_hidden":0,"_bbp_forum_subforum_count":0,"footnotes":""},"class_list":["post-548","page","type-page","status-publish","hentry"],"post_mailing_queue_ids":[],"_links":{"self":[{"href":"https:\/\/agora.xtec.cat\/iesmartamata\/wp-json\/wp\/v2\/pages\/548","targetHints":{"allow":["GET"]}}],"collection":[{"href":"https:\/\/agora.xtec.cat\/iesmartamata\/wp-json\/wp\/v2\/pages"}],"about":[{"href":"https:\/\/agora.xtec.cat\/iesmartamata\/wp-json\/wp\/v2\/types\/page"}],"author":[{"embeddable":true,"href":"https:\/\/agora.xtec.cat\/iesmartamata\/wp-json\/wp\/v2\/users\/1"}],"replies":[{"embeddable":true,"href":"https:\/\/agora.xtec.cat\/iesmartamata\/wp-json\/wp\/v2\/comments?post=548"}],"version-history":[{"count":4,"href":"https:\/\/agora.xtec.cat\/iesmartamata\/wp-json\/wp\/v2\/pages\/548\/revisions"}],"predecessor-version":[{"id":2979,"href":"https:\/\/agora.xtec.cat\/iesmartamata\/wp-json\/wp\/v2\/pages\/548\/revisions\/2979"}],"up":[{"embeddable":true,"href":"https:\/\/agora.xtec.cat\/iesmartamata\/wp-json\/wp\/v2\/pages\/46"}],"wp:attachment":[{"href":"https:\/\/agora.xtec.cat\/iesmartamata\/wp-json\/wp\/v2\/media?parent=548"}],"curies":[{"name":"wp","href":"https:\/\/api.w.org\/{rel}","templated":true}]}}