{"id":49,"date":"2014-09-17T16:55:55","date_gmt":"2014-09-17T14:55:55","guid":{"rendered":"http:\/\/agora.xtec.cat\/iesmartamata\/?page_id=49"},"modified":"2024-01-18T11:53:00","modified_gmt":"2024-01-18T10:53:00","slug":"normes-dorganitzacio-i-funcionament","status":"publish","type":"page","link":"https:\/\/agora.xtec.cat\/iesmartamata\/linstitut\/normes-dorganitzacio-i-funcionament\/","title":{"rendered":"Normes i funcionament"},"content":{"rendered":"<p>Les <a href=\"https:\/\/agora.xtec.cat\/iesmartamata\/wp-content\/uploads\/usu1685\/2022\/06\/NOFC-Institut-Marta-Mata-EHVO-21-22.pdf\" target=\"_blank\" rel=\"noopener\">NOFC <\/a> (normes b\u00e0siques de conviv\u00e8ncia del centre) venen regides per documents, elaborats, aprovats i vigents, que desenvolupen els principis del PEC (Projecte Educatiu del centre).<\/p>\n<p>Podeu consultar els altres documents a <a href=\"https:\/\/agora.xtec.cat\/iesmartamata\/com-treballem\/documents-projectes\/\" target=\"_blank\" rel=\"noopener\">Informaci\u00f3 Documentada<\/a><\/p>\n<ul>\n<li><strong>La nostra Constituci\u00f3<\/strong><br \/>\nDefineix les grans normes de conviv\u00e8ncia de l\u2019Institut<\/li>\n<li><strong>El Pla de Conviv\u00e8ncia<\/strong><br \/>\nEstructura el drets i deures dels diferents col\u2022lectius, les normes d\u2019organitzaci\u00f3 i funcionament, els procediments normatius i la mediaci\u00f3 davant conflictes.<\/li>\n<li><strong>Idees educatives pr\u00e0ctiques per a les fam\u00edlies<\/strong><br \/>\nDefineix deu idees que volen desenvolupar el comprom\u00eds familiar amb l\u2019educaci\u00f3. Creiem que s\u2019ajusten molt b\u00e9 al \u201ccomprom\u00eds educatiu\u201d que recull la llei d\u2019Educaci\u00f3 de Catalunya (LEC, 2009).<\/li>\n<li><strong>Carta de comprom\u00eds educatiu amb les fam\u00edlies<\/strong><br \/>\nDefineix els compromisos b\u00e0sics que centre i fam\u00edlies volen assumir en col\u2022laboraci\u00f3. \u00c9s un document que signen la direcci\u00f3 del centre i la fam\u00edlia. El conjunt de\u00a0 grans objectius del centre i les pautes que es defineixin en els documents que els desenvolupin, es concretaran en accions curriculars espec\u00edfiques i conjunts d\u2019actuacions (projectes) que condueixin el nostre alumnat a integrar-los personalment.<br \/>\nLa planificaci\u00f3 progressiva de les accions curriculars a dur a terme, conformen el Projecte Curricular de l\u2019Institut, que correspon desenvolupar al Claustre de professorat i l\u2019Equip directiu, d\u2019acord amb el principis de la LEC,\u00a0 l\u2019autonomia del centre i el projecte de direcci\u00f3.<\/li>\n<\/ul>\n","protected":false},"excerpt":{"rendered":"<p>Les <a href=\"https:\/\/agora.xtec.cat\/iesmartamata\/wp-content\/uploads\/usu1685\/2022\/06\/NOFC-Institut-Marta-Mata-EHVO-21-22.pdf\" target=\"_blank\" rel=\"noopener\">NOFC <\/a> (normes b\u00e0siques de conviv\u00e8ncia del centre) venen regides per documents, elaborats, aprovats i vigents, que desenvolupen els principis del PEC (Projecte Educatiu del centre).<br \/>\nPodeu consultar els altres documents a <a href=\"https:\/\/agora.xtec.cat\/iesmartamata\/com-treballem\/documents-projectes\/\" target=\"_blank\" rel=\"noopener\">Informaci\u00f3 Documentada<\/a><\/p>\n<ul>\n<li>La nostra Constituci\u00f3<br \/>\nDefineix les grans normes&hellip;  <a href=\"https:\/\/agora.xtec.cat\/iesmartamata\/linstitut\/normes-dorganitzacio-i-funcionament\/\" title=\"Read Normes i funcionament\">Llegeix m\u00e9s\u00bb<\/a><\/p>\n","protected":false},"author":1,"featured_media":0,"parent":19,"menu_order":6,"comment_status":"closed","ping_status":"closed","template":"page-templates\/side-menu.php","meta":{"_bbp_topic_count":0,"_bbp_reply_count":0,"_bbp_total_topic_count":0,"_bbp_total_reply_count":0,"_bbp_voice_count":0,"_bbp_anonymous_reply_count":0,"_bbp_topic_count_hidden":0,"_bbp_reply_count_hidden":0,"_bbp_forum_subforum_count":0,"footnotes":""},"class_list":["post-49","page","type-page","status-publish","hentry"],"post_mailing_queue_ids":[],"_links":{"self":[{"href":"https:\/\/agora.xtec.cat\/iesmartamata\/wp-json\/wp\/v2\/pages\/49","targetHints":{"allow":["GET"]}}],"collection":[{"href":"https:\/\/agora.xtec.cat\/iesmartamata\/wp-json\/wp\/v2\/pages"}],"about":[{"href":"https:\/\/agora.xtec.cat\/iesmartamata\/wp-json\/wp\/v2\/types\/page"}],"author":[{"embeddable":true,"href":"https:\/\/agora.xtec.cat\/iesmartamata\/wp-json\/wp\/v2\/users\/1"}],"replies":[{"embeddable":true,"href":"https:\/\/agora.xtec.cat\/iesmartamata\/wp-json\/wp\/v2\/comments?post=49"}],"version-history":[{"count":5,"href":"https:\/\/agora.xtec.cat\/iesmartamata\/wp-json\/wp\/v2\/pages\/49\/revisions"}],"predecessor-version":[{"id":2880,"href":"https:\/\/agora.xtec.cat\/iesmartamata\/wp-json\/wp\/v2\/pages\/49\/revisions\/2880"}],"up":[{"embeddable":true,"href":"https:\/\/agora.xtec.cat\/iesmartamata\/wp-json\/wp\/v2\/pages\/19"}],"wp:attachment":[{"href":"https:\/\/agora.xtec.cat\/iesmartamata\/wp-json\/wp\/v2\/media?parent=49"}],"curies":[{"name":"wp","href":"https:\/\/api.w.org\/{rel}","templated":true}]}}