{"id":46,"date":"2014-09-17T16:53:45","date_gmt":"2014-09-17T14:53:45","guid":{"rendered":"http:\/\/agora.xtec.cat\/iesmartamata\/?page_id=46"},"modified":"2025-07-10T12:36:13","modified_gmt":"2025-07-10T10:36:13","slug":"organigrama","status":"publish","type":"page","link":"https:\/\/agora.xtec.cat\/iesmartamata\/linstitut\/organigrama\/","title":{"rendered":"Organigrama"},"content":{"rendered":"<p><a href=\"https:\/\/agora.xtec.cat\/iesmartamata\/wp-content\/uploads\/usu1685\/2022\/01\/Organigrama.pdf\" target=\"_blank\" rel=\"noopener\">Organigrama<\/a><\/p>\n<p><a href=\"https:\/\/agora.xtec.cat\/iesmartamata\/wp-content\/uploads\/usu1685\/2022\/04\/Captura-de-pantalla-2022-04-23-a-las-13.01.57.png\"><img loading=\"lazy\" decoding=\"async\" class=\"aligncenter size-full wp-image-2068\" src=\"https:\/\/agora.xtec.cat\/iesmartamata\/wp-content\/uploads\/usu1685\/2022\/04\/Captura-de-pantalla-2022-04-23-a-las-13.01.57.png\" alt=\"\" width=\"1183\" height=\"861\" srcset=\"https:\/\/agora.xtec.cat\/iesmartamata\/wp-content\/uploads\/usu1685\/2022\/04\/Captura-de-pantalla-2022-04-23-a-las-13.01.57.png 1183w, https:\/\/agora.xtec.cat\/iesmartamata\/wp-content\/uploads\/usu1685\/2022\/04\/Captura-de-pantalla-2022-04-23-a-las-13.01.57-300x218.png 300w, https:\/\/agora.xtec.cat\/iesmartamata\/wp-content\/uploads\/usu1685\/2022\/04\/Captura-de-pantalla-2022-04-23-a-las-13.01.57-1024x745.png 1024w, https:\/\/agora.xtec.cat\/iesmartamata\/wp-content\/uploads\/usu1685\/2022\/04\/Captura-de-pantalla-2022-04-23-a-las-13.01.57-768x559.png 768w\" sizes=\"auto, (max-width: 1183px) 100vw, 1183px\" \/><\/a><\/p>\n<p>&nbsp;<\/p>\n<p>&nbsp;<\/p>\n<p><strong>Equip directiu<\/strong><\/p>\n<p><strong data-start=\"84\" data-end=\"118\">Transpar\u00e8ncia \u2014 Equip Directiu<\/strong><br data-start=\"118\" data-end=\"121\" \/>D&#8217;acord amb l\u2019<strong data-start=\"135\" data-end=\"169\">article 9.b de la Llei 19\/2014<\/strong>, es publiquen els perfils i traject\u00f2ries professionals dels membres de l\u2019equip directiu del centre.<\/p>\n<ul>\n<li>Directora del centre: Merc\u00e8 Costa<\/li>\n<\/ul>\n<p>Directora des del curs 2018-19. Llicenciada en Filosofia i Ci\u00e8ncies de l&#8217;Educaci\u00f3 per la UB, psicopedagoga de l&#8217;ESO i formadora d&#8217;adults.<\/p>\n<ul>\n<li>Cap d\u2019estudis ESO: Sara Casta\u00f1o<\/li>\n<\/ul>\n<p>Llicenciada en Matem\u00e0tiques per la UAB, professora de matem\u00e0tiques de l&#8217;ESO i secret\u00e0ria del centre fins el curs 2024-25.<\/p>\n<ul>\n<li>Cap d\u2019Estudis cicles: S\u00edlvia Candelich<\/li>\n<\/ul>\n<p>Llicenciada en Geografia i Hist\u00f2ria per la UAB, proficiency advanced level. Professora de l&#8217;ESO i Cicles Fomatius.<\/p>\n<ul>\n<li>Coordinador Pedag\u00f2gic: Francesc Ginel<\/li>\n<\/ul>\n<p>Llicenciat en Ci\u00e8ncies de la Terra per la UB, m\u00e0ster en ecoauditoria i mediambient, programador, professor de l&#8217;ESO.<\/p>\n<ul>\n<li>Secretari: Albert Garolera<\/li>\n<\/ul>\n<p>Llicenciat en Ci\u00e8ncies de l&#8217;activitat f\u00edsica i de l&#8217;esport per la Universitat Ramon Llull. Professor de l&#8217;ESO.<\/p>\n<div><\/div>\n<div><\/div>\n<p>&nbsp;<\/p>\n","protected":false},"excerpt":{"rendered":"<p><a href=\"https:\/\/agora.xtec.cat\/iesmartamata\/wp-content\/uploads\/usu1685\/2022\/01\/Organigrama.pdf\" target=\"_blank\" rel=\"noopener\">Organigrama<\/a><br \/>\n<a href=\"https:\/\/agora.xtec.cat\/iesmartamata\/wp-content\/uploads\/usu1685\/2022\/04\/Captura-de-pantalla-2022-04-23-a-las-13.01.57.png\"><\/a><br \/>\n&nbsp;<br \/>\n&nbsp;<br \/>\nEquip directiu<br \/>\nTranspar\u00e8ncia \u2014 Equip DirectiuD&#8217;acord amb l\u2019article 9.b de la Llei 19\/2014, es publiquen els perfils i traject\u00f2ries professionals dels membres de l\u2019equip directiu del centre.<\/p>\n<ul>\n<li>Directora del centre: Merc\u00e8 Costa<\/li>\n<\/ul>\n<p>Directora des del curs 2018-19. Llicenciada en Filosofia i Ci\u00e8ncies de l&#8217;Educaci\u00f3&hellip;  <a href=\"https:\/\/agora.xtec.cat\/iesmartamata\/linstitut\/organigrama\/\" title=\"Read Organigrama\">Llegeix m\u00e9s\u00bb<\/a><\/p>\n","protected":false},"author":1,"featured_media":0,"parent":19,"menu_order":5,"comment_status":"closed","ping_status":"closed","template":"page-templates\/side-menu.php","meta":{"_bbp_topic_count":0,"_bbp_reply_count":0,"_bbp_total_topic_count":0,"_bbp_total_reply_count":0,"_bbp_voice_count":0,"_bbp_anonymous_reply_count":0,"_bbp_topic_count_hidden":0,"_bbp_reply_count_hidden":0,"_bbp_forum_subforum_count":0,"footnotes":""},"class_list":["post-46","page","type-page","status-publish","hentry"],"post_mailing_queue_ids":[],"_links":{"self":[{"href":"https:\/\/agora.xtec.cat\/iesmartamata\/wp-json\/wp\/v2\/pages\/46","targetHints":{"allow":["GET"]}}],"collection":[{"href":"https:\/\/agora.xtec.cat\/iesmartamata\/wp-json\/wp\/v2\/pages"}],"about":[{"href":"https:\/\/agora.xtec.cat\/iesmartamata\/wp-json\/wp\/v2\/types\/page"}],"author":[{"embeddable":true,"href":"https:\/\/agora.xtec.cat\/iesmartamata\/wp-json\/wp\/v2\/users\/1"}],"replies":[{"embeddable":true,"href":"https:\/\/agora.xtec.cat\/iesmartamata\/wp-json\/wp\/v2\/comments?post=46"}],"version-history":[{"count":6,"href":"https:\/\/agora.xtec.cat\/iesmartamata\/wp-json\/wp\/v2\/pages\/46\/revisions"}],"predecessor-version":[{"id":3449,"href":"https:\/\/agora.xtec.cat\/iesmartamata\/wp-json\/wp\/v2\/pages\/46\/revisions\/3449"}],"up":[{"embeddable":true,"href":"https:\/\/agora.xtec.cat\/iesmartamata\/wp-json\/wp\/v2\/pages\/19"}],"wp:attachment":[{"href":"https:\/\/agora.xtec.cat\/iesmartamata\/wp-json\/wp\/v2\/media?parent=46"}],"curies":[{"name":"wp","href":"https:\/\/api.w.org\/{rel}","templated":true}]}}