{"id":39,"date":"2014-09-17T16:36:44","date_gmt":"2014-09-17T16:36:44","guid":{"rendered":"http:\/\/agora.xtec.cat\/iesmartamata\/?page_id=39"},"modified":"2020-02-20T18:43:42","modified_gmt":"2020-02-20T17:43:42","slug":"instal%c2%b7lacions","status":"publish","type":"page","link":"https:\/\/agora.xtec.cat\/iesmartamata\/linstitut\/instal%c2%b7lacions\/","title":{"rendered":"Instal\u00b7lacions"},"content":{"rendered":"<p><a href=\"https:\/\/agora.xtec.cat\/iesmartamata\/wp-content\/uploads\/usu1685\/2020\/02\/Seleccio\u0301_005.jpg\"><img loading=\"lazy\" decoding=\"async\" class=\"alignnone size-large wp-image-571\" src=\"https:\/\/agora.xtec.cat\/iesmartamata\/wp-content\/uploads\/usu1685\/2020\/02\/Seleccio\u0301_005-1024x682.jpg\" alt=\"\" width=\"1024\" height=\"682\" srcset=\"https:\/\/agora.xtec.cat\/iesmartamata\/wp-content\/uploads\/usu1685\/2020\/02\/Seleccio\u0301_005-1024x682.jpg 1024w, https:\/\/agora.xtec.cat\/iesmartamata\/wp-content\/uploads\/usu1685\/2020\/02\/Seleccio\u0301_005-300x200.jpg 300w, https:\/\/agora.xtec.cat\/iesmartamata\/wp-content\/uploads\/usu1685\/2020\/02\/Seleccio\u0301_005-768x512.jpg 768w, https:\/\/agora.xtec.cat\/iesmartamata\/wp-content\/uploads\/usu1685\/2020\/02\/Seleccio\u0301_005.jpg 1115w\" sizes=\"auto, (max-width: 1024px) 100vw, 1024px\" \/><\/a><\/p>\n<p>Les nostres instal\u00b7lacions son modernes, reuneixen les condicions \u00f2ptimes i adequades per al desenvolupament de les activitats del centre. En elles disposem\u00a0del seg\u00fcent <strong>conjunt d\u2019instal\u00b7lacions<\/strong>\u00a0per a l\u2019exercici de les activitats acad\u00e8miques i extraescolars:<\/p>\n<ul>\n<li>Aules gran i assolellades<\/li>\n<li>Biblioteca<\/li>\n<li>Laboratoris de f\u00edsica, qu\u00edmica i ci\u00e8ncies naturals<\/li>\n<li>Aules d\u2019idiomes<\/li>\n<li>Aules d\u2019inform\u00e0tica<\/li>\n<li>Aules d\u2019audiovisuals<\/li>\n<li>Aules d\u2019educaci\u00f3 visual i pl\u00e0stica<\/li>\n<li>Aules de tecnologia<\/li>\n<li>Aula de m\u00fasica<\/li>\n<li>Sala d\u2019actes i gimn\u00e0s<\/li>\n<li>Pati i terrasses<\/li>\n<li>Hort<\/li>\n<\/ul>\n<p>*A les aules de l&#8217;Institut Marta Mata tamb\u00e9 es duen a terme algunes de les classes te\u00f2riques dels CFGM de Cuina i Gastronomia, i el de Restauraci\u00f3.<\/p>\n","protected":false},"excerpt":{"rendered":"<p><a href=\"https:\/\/agora.xtec.cat\/iesmartamata\/wp-content\/uploads\/usu1685\/2020\/02\/Seleccio\u0301_005.jpg\"><\/a><br \/>\nLes nostres instal\u00b7lacions son modernes, reuneixen les condicions \u00f2ptimes i adequades per al desenvolupament de les activitats del centre. En elles disposem\u00a0del seg\u00fcent conjunt d\u2019instal\u00b7lacions\u00a0per a l\u2019exercici de les activitats acad\u00e8miques i extraescolars:<\/p>\n<ul>\n<li>Aules gran i assolellades<\/li>\n<li>Biblioteca<\/li>\n<li>Laboratoris de f\u00edsica, qu\u00edmica i ci\u00e8ncies naturals<\/li>\n<li>Aules d\u2019idiomes<\/li>\n<li>Aules d\u2019inform\u00e0tica<\/li>\n<li>Aules&hellip;  <a href=\"https:\/\/agora.xtec.cat\/iesmartamata\/linstitut\/instal%c2%b7lacions\/\" title=\"Read Instal\u00b7lacions\">Llegeix m\u00e9s\u00bb<\/a><br \/>\n","protected":false},"author":1,"featured_media":0,"parent":19,"menu_order":4,"comment_status":"closed","ping_status":"closed","template":"page-templates\/side-menu.php","meta":{"_bbp_topic_count":0,"_bbp_reply_count":0,"_bbp_total_topic_count":0,"_bbp_total_reply_count":0,"_bbp_voice_count":0,"_bbp_anonymous_reply_count":0,"_bbp_topic_count_hidden":0,"_bbp_reply_count_hidden":0,"_bbp_forum_subforum_count":0,"footnotes":""},"class_list":["post-39","page","type-page","status-publish","hentry"],"post_mailing_queue_ids":[],"_links":{"self":[{"href":"https:\/\/agora.xtec.cat\/iesmartamata\/wp-json\/wp\/v2\/pages\/39","targetHints":{"allow":["GET"]}}],"collection":[{"href":"https:\/\/agora.xtec.cat\/iesmartamata\/wp-json\/wp\/v2\/pages"}],"about":[{"href":"https:\/\/agora.xtec.cat\/iesmartamata\/wp-json\/wp\/v2\/types\/page"}],"author":[{"embeddable":true,"href":"https:\/\/agora.xtec.cat\/iesmartamata\/wp-json\/wp\/v2\/users\/1"}],"replies":[{"embeddable":true,"href":"https:\/\/agora.xtec.cat\/iesmartamata\/wp-json\/wp\/v2\/comments?post=39"}],"version-history":[{"count":3,"href":"https:\/\/agora.xtec.cat\/iesmartamata\/wp-json\/wp\/v2\/pages\/39\/revisions"}],"predecessor-version":[{"id":572,"href":"https:\/\/agora.xtec.cat\/iesmartamata\/wp-json\/wp\/v2\/pages\/39\/revisions\/572"}],"up":[{"embeddable":true,"href":"https:\/\/agora.xtec.cat\/iesmartamata\/wp-json\/wp\/v2\/pages\/19"}],"wp:attachment":[{"href":"https:\/\/agora.xtec.cat\/iesmartamata\/wp-json\/wp\/v2\/media?parent=39"}],"curies":[{"name":"wp","href":"https:\/\/api.w.org\/{rel}","templated":true}]}}