{"id":3379,"date":"2025-06-17T10:22:12","date_gmt":"2025-06-17T08:22:12","guid":{"rendered":"https:\/\/agora.xtec.cat\/iesmartamata\/?page_id=3379"},"modified":"2025-06-17T10:22:12","modified_gmt":"2025-06-17T08:22:12","slug":"llibres-del-curs-2025_26","status":"publish","type":"page","link":"https:\/\/agora.xtec.cat\/iesmartamata\/llibres-del-curs-2025_26\/","title":{"rendered":"Llibres del curs 2025_26"},"content":{"rendered":"<p>Benvolgudes fam\u00edlies,<\/p>\n<p>Ja teniu disponibles en els enlla\u00e7os adjunts les llistes de llibres del proper curs 25-26 aix\u00ed com les instruccions de com fer la comanda i la carta informativa sobre el Projecte de reutilitzaci\u00f3 de llibres de text i lectures.<\/p>\n<p>De castell\u00e0 i catal\u00e0 <strong>nom\u00e9s<\/strong> s\u2019ha de comprar el <strong>quadern d\u2019aprenentatge<\/strong> per\u00f2 ha de ser nou.<\/p>\n<p>A angl\u00e8s <strong>nom\u00e9s es compra<\/strong> el llibre de text i el workbook a <strong>1r i 3r d\u2019ESO<\/strong> <strong>perqu\u00e8 serveixen per dos cursos. El workbook ha de ser nou.<\/strong><\/p>\n<p>A part de les lectures obligat\u00f2ries, si hi ha lectures optatives, s\u2019ha d\u2019escollir 1 llibre dels que surten.<\/p>\n<p>Qualsevol altre material \u00e9s totalment opcional, no \u00e9s obligatori.<\/p>\n<p>Aquest curs moltes mat\u00e8ries es faran sense llibre i caldr\u00e0 pagar una quota \u00fanica de dossiers de 20 euros (per tots els dossiers). Tamb\u00e9 si voleu la quota de 20 euros de l\u2019AFA.<\/p>\n<p>Recordeu tamb\u00e9 que el retorn dels llibres <strong>ECOBOOKS<\/strong> (segona m\u00e0) es realitza el dia 18 de juny de 12:00 a 14:00 h i de 15:00 a 17:00h a l\u2019Institut (taller de tecnologia).<\/p>\n<p><a href=\"https:\/\/agora.xtec.cat\/iesmartamata\/wp-content\/uploads\/usu1685\/2025\/06\/Comprar-a-Iddink-177_CC_2025.pdf\">Carta informativa del projecte de reutilitzaci\u00f3 llibres i de com comprar a Iddink<\/a><\/p>\n<p><a href=\"https:\/\/vimeo.com\/953990128\">V\u00eddeo explicatiu d\u2019Iddink<\/a><\/p>\n<p><a href=\"https:\/\/agora.xtec.cat\/iesmartamata\/wp-content\/uploads\/usu1685\/2025\/06\/Llista-llibres-1r-ESO-2025_26-1.pdf\">1r Llista llibres 2025-26<\/a><\/p>\n<p><a href=\"https:\/\/agora.xtec.cat\/iesmartamata\/wp-content\/uploads\/usu1685\/2025\/06\/Llista-llibres-2n-ESO-2025_26.pdf\">2n Llista llibres 2025-26<\/a><\/p>\n<p><a href=\"https:\/\/agora.xtec.cat\/iesmartamata\/wp-content\/uploads\/usu1685\/2025\/06\/Llista-llibres-3r-ESO-2025_26.pdf\">3r Llista llibres 2025-26<\/a><\/p>\n<p><a href=\"https:\/\/agora.xtec.cat\/iesmartamata\/wp-content\/uploads\/usu1685\/2025\/06\/Llista-llibres-4t-ESO-2025_26.pdf\">4t Llista llibres 2025-26<\/a><\/p>\n<p>Atentament,<\/p>\n<p>Equip Directiu<\/p>\n","protected":false},"excerpt":{"rendered":"<p>Benvolgudes fam\u00edlies,<br \/>\nJa teniu disponibles en els enlla\u00e7os adjunts les llistes de llibres del proper curs 25-26 aix\u00ed com les instruccions de com fer la comanda i la carta informativa sobre el Projecte de reutilitzaci\u00f3 de llibres de text i lectures.<br \/>\nDe castell\u00e0 i catal\u00e0 nom\u00e9s s\u2019ha&hellip;  <a href=\"https:\/\/agora.xtec.cat\/iesmartamata\/llibres-del-curs-2025_26\/\" title=\"Read Llibres del curs 2025_26\">Llegeix m\u00e9s\u00bb<\/a><\/p>\n","protected":false},"author":1,"featured_media":0,"parent":0,"menu_order":0,"comment_status":"closed","ping_status":"closed","template":"","meta":{"_bbp_topic_count":0,"_bbp_reply_count":0,"_bbp_total_topic_count":0,"_bbp_total_reply_count":0,"_bbp_voice_count":0,"_bbp_anonymous_reply_count":0,"_bbp_topic_count_hidden":0,"_bbp_reply_count_hidden":0,"_bbp_forum_subforum_count":0,"footnotes":""},"class_list":["post-3379","page","type-page","status-publish","hentry"],"post_mailing_queue_ids":[],"_links":{"self":[{"href":"https:\/\/agora.xtec.cat\/iesmartamata\/wp-json\/wp\/v2\/pages\/3379","targetHints":{"allow":["GET"]}}],"collection":[{"href":"https:\/\/agora.xtec.cat\/iesmartamata\/wp-json\/wp\/v2\/pages"}],"about":[{"href":"https:\/\/agora.xtec.cat\/iesmartamata\/wp-json\/wp\/v2\/types\/page"}],"author":[{"embeddable":true,"href":"https:\/\/agora.xtec.cat\/iesmartamata\/wp-json\/wp\/v2\/users\/1"}],"replies":[{"embeddable":true,"href":"https:\/\/agora.xtec.cat\/iesmartamata\/wp-json\/wp\/v2\/comments?post=3379"}],"version-history":[{"count":1,"href":"https:\/\/agora.xtec.cat\/iesmartamata\/wp-json\/wp\/v2\/pages\/3379\/revisions"}],"predecessor-version":[{"id":3382,"href":"https:\/\/agora.xtec.cat\/iesmartamata\/wp-json\/wp\/v2\/pages\/3379\/revisions\/3382"}],"wp:attachment":[{"href":"https:\/\/agora.xtec.cat\/iesmartamata\/wp-json\/wp\/v2\/media?parent=3379"}],"curies":[{"name":"wp","href":"https:\/\/api.w.org\/{rel}","templated":true}]}}