{"id":2882,"date":"2024-01-29T11:55:40","date_gmt":"2024-01-29T10:55:40","guid":{"rendered":"https:\/\/agora.xtec.cat\/iesmartamata\/?page_id=2882"},"modified":"2025-02-12T20:02:40","modified_gmt":"2025-02-12T19:02:40","slug":"bones-practiques","status":"publish","type":"page","link":"https:\/\/agora.xtec.cat\/iesmartamata\/bones-practiques\/","title":{"rendered":"Bones Pr\u00e0ctiques"},"content":{"rendered":"<p>Una bona pr\u00e0ctica educativa \u00e9s una activitat o experi\u00e8ncia, relacionada amb els processos d&#8217;ensenyament i aprenentatge que ha estat planificada, implantada i avaluada satisfact\u00f2riament, i que dona resposta a una problem\u00e0tica determinada, obtenint resultats de millora i d&#8217;efic\u00e0cia del proc\u00e9s<\/p>\n<p><em><strong><a href=\"https:\/\/agora.xtec.cat\/iesmartamata\/wp-content\/uploads\/usu1685\/2025\/02\/Fitxa-BP-COACHING-EDUCATIU-1.pdf\" target=\"_blank\" rel=\"noopener\">Coaching Educatiu<\/a><\/strong><\/em><\/p>\n<p><a href=\"https:\/\/agora.xtec.cat\/iesmartamata\/com-treballem\/eixos-tematics\/\" target=\"_blank\" rel=\"noopener\"><strong><em><strong><em>Eixos tem\u00e0tics<\/em><\/strong><\/em><\/strong><\/a><\/p>\n<p>&nbsp;<\/p>\n","protected":false},"excerpt":{"rendered":"<p>Una bona pr\u00e0ctica educativa \u00e9s una activitat o experi\u00e8ncia, relacionada amb els processos d&#8217;ensenyament i aprenentatge que ha estat planificada, implantada i avaluada satisfact\u00f2riament, i que dona resposta a una problem\u00e0tica determinada, obtenint resultats de millora i d&#8217;efic\u00e0cia del proc\u00e9s<br \/>\n<a href=\"https:\/\/agora.xtec.cat\/iesmartamata\/wp-content\/uploads\/usu1685\/2025\/02\/Fitxa-BP-COACHING-EDUCATIU-1.pdf\" target=\"_blank\" rel=\"noopener\">Coaching Educatiu<\/a><br \/>\n<a href=\"https:\/\/agora.xtec.cat\/iesmartamata\/com-treballem\/eixos-tematics\/\"&hellip;  <a href=\"https:\/\/agora.xtec.cat\/iesmartamata\/bones-practiques\/\" title=\"Read Bones Pr\u00e0ctiques\">Llegeix m\u00e9s\u00bb<\/a><\/p>\n","protected":false},"author":1,"featured_media":0,"parent":0,"menu_order":0,"comment_status":"closed","ping_status":"closed","template":"","meta":{"_bbp_topic_count":0,"_bbp_reply_count":0,"_bbp_total_topic_count":0,"_bbp_total_reply_count":0,"_bbp_voice_count":0,"_bbp_anonymous_reply_count":0,"_bbp_topic_count_hidden":0,"_bbp_reply_count_hidden":0,"_bbp_forum_subforum_count":0,"footnotes":""},"class_list":["post-2882","page","type-page","status-publish","hentry"],"post_mailing_queue_ids":[],"_links":{"self":[{"href":"https:\/\/agora.xtec.cat\/iesmartamata\/wp-json\/wp\/v2\/pages\/2882","targetHints":{"allow":["GET"]}}],"collection":[{"href":"https:\/\/agora.xtec.cat\/iesmartamata\/wp-json\/wp\/v2\/pages"}],"about":[{"href":"https:\/\/agora.xtec.cat\/iesmartamata\/wp-json\/wp\/v2\/types\/page"}],"author":[{"embeddable":true,"href":"https:\/\/agora.xtec.cat\/iesmartamata\/wp-json\/wp\/v2\/users\/1"}],"replies":[{"embeddable":true,"href":"https:\/\/agora.xtec.cat\/iesmartamata\/wp-json\/wp\/v2\/comments?post=2882"}],"version-history":[{"count":7,"href":"https:\/\/agora.xtec.cat\/iesmartamata\/wp-json\/wp\/v2\/pages\/2882\/revisions"}],"predecessor-version":[{"id":3219,"href":"https:\/\/agora.xtec.cat\/iesmartamata\/wp-json\/wp\/v2\/pages\/2882\/revisions\/3219"}],"wp:attachment":[{"href":"https:\/\/agora.xtec.cat\/iesmartamata\/wp-json\/wp\/v2\/media?parent=2882"}],"curies":[{"name":"wp","href":"https:\/\/api.w.org\/{rel}","templated":true}]}}