{"id":2835,"date":"2023-07-01T10:00:50","date_gmt":"2023-07-01T08:00:50","guid":{"rendered":"https:\/\/agora.xtec.cat\/iesmartamata\/?page_id=2835"},"modified":"2023-07-17T10:11:34","modified_gmt":"2023-07-17T08:11:34","slug":"homologacio-de-proveidors","status":"publish","type":"page","link":"https:\/\/agora.xtec.cat\/iesmartamata\/homologacio-de-proveidors\/","title":{"rendered":"Homologaci\u00f3 de prove\u00efdors"},"content":{"rendered":"<p>L\u2019Institut Marta Mata t\u00e9 implantat dins del seu sistema de Gesti\u00f3 de Qualitat un protocol de compres (P59) i homologaci\u00f3 de prove\u00efdors que defineix el correcte \u00fas dels recursos, el registre i homologaci\u00f3 de prove\u00efdors.<\/p>\n<p>Per poder ser homologat com a prove\u00efdor nou de l\u2019Institut Marta Mata es tenen en compte els seg\u00fcents criteris:<\/p>\n<ul>\n<li>Facilitat de compra (proximitat f\u00edsica, termini de lliurament, disponibilitat, accessibilitat telef\u00f2nica o via e-mail,\u2026)<\/li>\n<li>Atenci\u00f3 al client (tant en el proc\u00e9s de la compra com en el servei postvenda)<\/li>\n<li>Preu<\/li>\n<li>Qualitat dels productes o serveis<\/li>\n<li>Condicions econ\u00f2miques i gesti\u00f3 (facturaci\u00f3, condicions de pagament,\u2026)<\/li>\n<li>Es considerar\u00e0 un plus positiu el fet que el prove\u00efdor sigui posse\u00efdor d\u2019una certificaci\u00f3 externa de qualitat ISO 9001<\/li>\n<\/ul>\n<p>Si un prove\u00efdor no ha presentat cap incid\u00e8ncia durant l\u2019exercici econ\u00f2mic anterior quedar\u00e0 autom\u00e0ticament renovat com a prove\u00efdor homologat<\/p>\n<p>Anualment, a la revisio\u0301 del SGQ per part de la Direccio\u0301, es realitza una revisi\u00f3 de l\u2019avaluaci\u00f3 de tots els prove\u00efdors.<\/p>\n","protected":false},"excerpt":{"rendered":"<p>L\u2019Institut Marta Mata t\u00e9 implantat dins del seu sistema de Gesti\u00f3 de Qualitat un protocol de compres (P59) i homologaci\u00f3 de prove\u00efdors que defineix el correcte \u00fas dels recursos, el registre i homologaci\u00f3 de prove\u00efdors.<br \/>\nPer poder ser homologat com a prove\u00efdor nou de l\u2019Institut Marta&hellip;  <a href=\"https:\/\/agora.xtec.cat\/iesmartamata\/homologacio-de-proveidors\/\" title=\"Read Homologaci\u00f3 de prove\u00efdors\">Llegeix m\u00e9s\u00bb<\/a><\/p>\n","protected":false},"author":1,"featured_media":0,"parent":0,"menu_order":0,"comment_status":"closed","ping_status":"closed","template":"","meta":{"_bbp_topic_count":0,"_bbp_reply_count":0,"_bbp_total_topic_count":0,"_bbp_total_reply_count":0,"_bbp_voice_count":0,"_bbp_anonymous_reply_count":0,"_bbp_topic_count_hidden":0,"_bbp_reply_count_hidden":0,"_bbp_forum_subforum_count":0,"footnotes":""},"class_list":["post-2835","page","type-page","status-publish","hentry"],"post_mailing_queue_ids":[],"_links":{"self":[{"href":"https:\/\/agora.xtec.cat\/iesmartamata\/wp-json\/wp\/v2\/pages\/2835","targetHints":{"allow":["GET"]}}],"collection":[{"href":"https:\/\/agora.xtec.cat\/iesmartamata\/wp-json\/wp\/v2\/pages"}],"about":[{"href":"https:\/\/agora.xtec.cat\/iesmartamata\/wp-json\/wp\/v2\/types\/page"}],"author":[{"embeddable":true,"href":"https:\/\/agora.xtec.cat\/iesmartamata\/wp-json\/wp\/v2\/users\/1"}],"replies":[{"embeddable":true,"href":"https:\/\/agora.xtec.cat\/iesmartamata\/wp-json\/wp\/v2\/comments?post=2835"}],"version-history":[{"count":3,"href":"https:\/\/agora.xtec.cat\/iesmartamata\/wp-json\/wp\/v2\/pages\/2835\/revisions"}],"predecessor-version":[{"id":2845,"href":"https:\/\/agora.xtec.cat\/iesmartamata\/wp-json\/wp\/v2\/pages\/2835\/revisions\/2845"}],"wp:attachment":[{"href":"https:\/\/agora.xtec.cat\/iesmartamata\/wp-json\/wp\/v2\/media?parent=2835"}],"curies":[{"name":"wp","href":"https:\/\/api.w.org\/{rel}","templated":true}]}}