{"id":2818,"date":"2023-07-04T09:56:06","date_gmt":"2023-07-04T07:56:06","guid":{"rendered":"https:\/\/agora.xtec.cat\/iesmartamata\/?page_id=2818"},"modified":"2023-07-04T10:03:07","modified_gmt":"2023-07-04T08:03:07","slug":"avaluacio","status":"publish","type":"page","link":"https:\/\/agora.xtec.cat\/iesmartamata\/pla-digital-de-centre\/avaluacio\/","title":{"rendered":"4 AVALUACI\u00d3"},"content":{"rendered":"<p>&nbsp;<\/p>\n<p>L\u2019avaluaci\u00f3 de l\u2019Estrat\u00e8gia Digital de Centre haur\u00e0 de ser avaluada. Aquesta avaluaci\u00f3 no ser\u00e0 exclusivament al final del per\u00edode d\u2019aplicaci\u00f3, sin\u00f3 que tamb\u00e9 caldr\u00e0 fer-ne una avaluaci\u00f3 al final de cada curs i una avaluaci\u00f3 cont\u00ednua, de manera que en qualsevol moment puguem saber com estan evolucionant les accions que tenim pensades.<\/p>\n<p>Pel que fa a l\u2019<b>avaluaci\u00f3 cont\u00ednua<\/b>, la Comissi\u00f3 d\u2019EDC i l\u2019Equip Directiu del centre seran els encarregats de revisar la documentaci\u00f3 on es registra l\u2019estat de les activitats. Aquests documents poden ser:<\/p>\n<ul>\n<li aria-level=\"1\">Actes de la CEDC, on es recollir\u00e0 com es van assolint les activitats i\/o aquelles modificacions que s&#8217;han dut a terme per garantir-ne l&#8217;assoliment.<\/li>\n<li aria-level=\"1\">Actes de reunions i\/o llistats d\u2019assist\u00e8ncia d\u2019equips docents i\/o claustres, on quedar\u00e0 registrada l\u2019activitat que s\u2019hi ha dut a terme.<\/li>\n<li aria-level=\"1\">Formularis de Google, on es faran valoracions d\u2019algunes activitats que despr\u00e9s es valoraran a les reunions de la comissi\u00f3.<\/li>\n<li aria-level=\"1\">Documents compartits on es recollir\u00e0 les qualificacions d\u2019algunes activitats.<\/li>\n<li aria-level=\"1\">Mem\u00f2ria de la coordinaci\u00f3 pedag\u00f2gica, on es recollir\u00e0 la valoraci\u00f3 de les activitats vinculades al PAT.<\/li>\n<li aria-level=\"1\">Mem\u00f2ria de la comissi\u00f3 digital, on es registrar\u00e0 la feina feta sobre la revisi\u00f3 de documents de l\u2019objectiu 4.<\/li>\n<\/ul>\n<p>Caldr\u00e0 veure la fitxa d\u2019objectius per saber com cal fer el seguiment i registre de cada activitat.<\/p>\n<p>Pel que fa a l\u2019<b>avaluaci\u00f3 anual<\/b>, caldr\u00e0 veure qui \u00e9s el responsable de validar l\u2019assoliment de les activitats i dels objectius establerts per aquell curs, podria ser el claustre, la Comissi\u00f3 digital i\/o l\u2019Equip Directiu. Aix\u00ed doncs, al final del curs escolar s&#8217;hauran d&#8217;avaluar els objectius i les actuacions que han quedat definits a la PGA a la mem\u00f2ria anual.<\/p>\n<p>Finalment, un cop passats els tres cursos, s&#8217;haur\u00e0 de fer una <b>avaluaci\u00f3 final<\/b>, per part de l\u2019Equip directiu, i servir\u00e0 per comprovar l&#8217;assoliment dels objectius proposats a l&#8217;inici. A partir d\u2019aqu\u00ed caldr\u00e0 tornar a comen\u00e7ar el proc\u00e9s, tenint en compte que, en cas que quedi algun objectiu sense assolir, s\u2019haur\u00e0 d\u2019incloure en la seg\u00fcent EDC.<\/p>\n<p>&nbsp;<\/p>\n","protected":false},"excerpt":{"rendered":"<p>&nbsp;<br \/>\nL\u2019avaluaci\u00f3 de l\u2019Estrat\u00e8gia Digital de Centre haur\u00e0 de ser avaluada. Aquesta avaluaci\u00f3 no ser\u00e0 exclusivament al final del per\u00edode d\u2019aplicaci\u00f3, sin\u00f3 que tamb\u00e9 caldr\u00e0 fer-ne una avaluaci\u00f3 al final de cada curs i una avaluaci\u00f3 cont\u00ednua, de manera que en qualsevol moment puguem saber com&hellip;  <a href=\"https:\/\/agora.xtec.cat\/iesmartamata\/pla-digital-de-centre\/avaluacio\/\" title=\"Read 4 AVALUACI\u00d3\">Llegeix m\u00e9s\u00bb<\/a><\/p>\n","protected":false},"author":1,"featured_media":0,"parent":2522,"menu_order":4,"comment_status":"closed","ping_status":"closed","template":"","meta":{"_bbp_topic_count":0,"_bbp_reply_count":0,"_bbp_total_topic_count":0,"_bbp_total_reply_count":0,"_bbp_voice_count":0,"_bbp_anonymous_reply_count":0,"_bbp_topic_count_hidden":0,"_bbp_reply_count_hidden":0,"_bbp_forum_subforum_count":0,"footnotes":""},"class_list":["post-2818","page","type-page","status-publish","hentry"],"post_mailing_queue_ids":[],"_links":{"self":[{"href":"https:\/\/agora.xtec.cat\/iesmartamata\/wp-json\/wp\/v2\/pages\/2818","targetHints":{"allow":["GET"]}}],"collection":[{"href":"https:\/\/agora.xtec.cat\/iesmartamata\/wp-json\/wp\/v2\/pages"}],"about":[{"href":"https:\/\/agora.xtec.cat\/iesmartamata\/wp-json\/wp\/v2\/types\/page"}],"author":[{"embeddable":true,"href":"https:\/\/agora.xtec.cat\/iesmartamata\/wp-json\/wp\/v2\/users\/1"}],"replies":[{"embeddable":true,"href":"https:\/\/agora.xtec.cat\/iesmartamata\/wp-json\/wp\/v2\/comments?post=2818"}],"version-history":[{"count":3,"href":"https:\/\/agora.xtec.cat\/iesmartamata\/wp-json\/wp\/v2\/pages\/2818\/revisions"}],"predecessor-version":[{"id":2826,"href":"https:\/\/agora.xtec.cat\/iesmartamata\/wp-json\/wp\/v2\/pages\/2818\/revisions\/2826"}],"up":[{"embeddable":true,"href":"https:\/\/agora.xtec.cat\/iesmartamata\/wp-json\/wp\/v2\/pages\/2522"}],"wp:attachment":[{"href":"https:\/\/agora.xtec.cat\/iesmartamata\/wp-json\/wp\/v2\/media?parent=2818"}],"curies":[{"name":"wp","href":"https:\/\/api.w.org\/{rel}","templated":true}]}}