{"id":2805,"date":"2023-07-04T09:37:16","date_gmt":"2023-07-04T07:37:16","guid":{"rendered":"https:\/\/agora.xtec.cat\/iesmartamata\/?page_id=2805"},"modified":"2023-07-04T10:00:23","modified_gmt":"2023-07-04T08:00:23","slug":"diagnosi","status":"publish","type":"page","link":"https:\/\/agora.xtec.cat\/iesmartamata\/pla-digital-de-centre\/diagnosi\/","title":{"rendered":"1 DIAGNOSI"},"content":{"rendered":"<p>Per fer la diagnosi del centre s\u2019ha utilitzat diferents eines. La principal ha estat l\u2019enquesta feta a partir de l\u2019eina SELFIE, per\u00f2 tamb\u00e9 s\u2019ha fet una enquesta de compet\u00e8ncia digital docent i un q\u00fcestionari digital a les fam\u00edlies.<\/p>\n<p>Es va fer respondre l\u2019enquesta SELFIE, a finals de novembre, enviant un enlla\u00e7 per Clickedu, tant a professorat, alumnat, com equip directiu. Van tenir una bona participaci\u00f3, van respondre el 80% dels membres de l\u2019equip directiu i 91% del professorat. Pel que fa a l\u2019alumnat, van respondre l\u2019enquesta durant una hora de tutoria i la van respondre el 74%.<\/p>\n<p>Pel que fa a l\u2019enquesta de compet\u00e8ncia digital docent, es va fer a principis de desembre. La participaci\u00f3 va ser d\u2019un 52,7%. Es creu que la participaci\u00f3 no va ser gaire alta perqu\u00e8 es van enviar moltes enquestes , de diferents tem\u00e0tiques, en poc temps i a final de trimestre.<\/p>\n<p>Finalment, es va passar una enquesta digital a les fam\u00edlies, durant el desembre, que va tenir poca participaci\u00f3, nom\u00e9s hi ha haver 70 fam\u00edlies. Aix\u00f2 de per si ja \u00e9s un indicador.<\/p>\n","protected":false},"excerpt":{"rendered":"<p>Per fer la diagnosi del centre s\u2019ha utilitzat diferents eines. La principal ha estat l\u2019enquesta feta a partir de l\u2019eina SELFIE, per\u00f2 tamb\u00e9 s\u2019ha fet una enquesta de compet\u00e8ncia digital docent i un q\u00fcestionari digital a les fam\u00edlies.<br \/>\nEs va fer respondre l\u2019enquesta SELFIE, a finals&hellip;  <a href=\"https:\/\/agora.xtec.cat\/iesmartamata\/pla-digital-de-centre\/diagnosi\/\" title=\"Read 1 DIAGNOSI\">Llegeix m\u00e9s\u00bb<\/a><\/p>\n","protected":false},"author":1,"featured_media":0,"parent":2522,"menu_order":1,"comment_status":"closed","ping_status":"closed","template":"","meta":{"_bbp_topic_count":0,"_bbp_reply_count":0,"_bbp_total_topic_count":0,"_bbp_total_reply_count":0,"_bbp_voice_count":0,"_bbp_anonymous_reply_count":0,"_bbp_topic_count_hidden":0,"_bbp_reply_count_hidden":0,"_bbp_forum_subforum_count":0,"footnotes":""},"class_list":["post-2805","page","type-page","status-publish","hentry"],"post_mailing_queue_ids":[],"_links":{"self":[{"href":"https:\/\/agora.xtec.cat\/iesmartamata\/wp-json\/wp\/v2\/pages\/2805","targetHints":{"allow":["GET"]}}],"collection":[{"href":"https:\/\/agora.xtec.cat\/iesmartamata\/wp-json\/wp\/v2\/pages"}],"about":[{"href":"https:\/\/agora.xtec.cat\/iesmartamata\/wp-json\/wp\/v2\/types\/page"}],"author":[{"embeddable":true,"href":"https:\/\/agora.xtec.cat\/iesmartamata\/wp-json\/wp\/v2\/users\/1"}],"replies":[{"embeddable":true,"href":"https:\/\/agora.xtec.cat\/iesmartamata\/wp-json\/wp\/v2\/comments?post=2805"}],"version-history":[{"count":2,"href":"https:\/\/agora.xtec.cat\/iesmartamata\/wp-json\/wp\/v2\/pages\/2805\/revisions"}],"predecessor-version":[{"id":2821,"href":"https:\/\/agora.xtec.cat\/iesmartamata\/wp-json\/wp\/v2\/pages\/2805\/revisions\/2821"}],"up":[{"embeddable":true,"href":"https:\/\/agora.xtec.cat\/iesmartamata\/wp-json\/wp\/v2\/pages\/2522"}],"wp:attachment":[{"href":"https:\/\/agora.xtec.cat\/iesmartamata\/wp-json\/wp\/v2\/media?parent=2805"}],"curies":[{"name":"wp","href":"https:\/\/api.w.org\/{rel}","templated":true}]}}