{"id":27,"date":"2014-09-17T16:24:03","date_gmt":"2014-09-17T16:24:03","guid":{"rendered":"http:\/\/agora.xtec.cat\/iesmartamata\/?page_id=27"},"modified":"2021-02-09T19:14:41","modified_gmt":"2021-02-09T18:14:41","slug":"el-centre","status":"publish","type":"page","link":"https:\/\/agora.xtec.cat\/iesmartamata\/linstitut\/el-centre\/","title":{"rendered":"El centre: missi\u00f3, visi\u00f3 i valors"},"content":{"rendered":"<p><strong>Us donem la benvinguda!<\/strong><\/p>\n<p>L&#8217;Institut Marta Mata de Montorn\u00e8s va obrir les portes el curs 2006-2007 amb l&#8217;ESO i des de 2015-2016 ofereix tamb\u00e9 cicles de formaci\u00f3 professional de grau mig cuina i restauraci\u00f3.<\/p>\n<p><strong><span style=\"color: #008080;\">MISSI\u00d3<\/span><\/strong><\/p>\n<p>La missi\u00f3 de l&#8217;Institut Marta Mata, com a centre p\u00fablic d&#8217;estudis secundaris obligatoris (ESO) i cicles formatius de grau mitj\u00e0 (CFGM) \u00e9s proporcionar a l&#8217;alumnat una educaci\u00f3, formaci\u00f3 i orientaci\u00f3 de qualitat que els permeti cr\u00e9ixer a nivell intel\u00b7lectual i personal. L&#8217;institut \u00e9s el lloc de formaci\u00f3 per als nens i nenes que entren amb 11 o 12 anys i que surten sent uns joves que formen part de la societat actual, inestable i canviant. L&#8217;institut es planteja oferir una educaci\u00f3 inclusiva i de qualitat per a tothom, que pugui ser \u00fatil als seus integrants al llarg de tota la vida i en diferents \u00e0mbits i es presenta com una comunitat educativa oberta a l&#8217;entorn, al municipi i al m\u00f3n global.<\/p>\n<p>&nbsp;<\/p>\n<p><strong><span style=\"color: #008080;\">VISI\u00d3<\/span><\/strong><\/p>\n<p>Treballem per assolir l&#8217;\u00e8xit de l&#8217;alumnat perqu\u00e8 creiem que tots els alumnes poden aprendre. A l&#8217;Institut Marta Mata volem ser un centre que integri l\u2019Educaci\u00f3 Obligat\u00f2ria amb la Formaci\u00f3 Professional, en constant adaptaci\u00f3 i proc\u00e9s de millora en l&#8217;organitzaci\u00f3 i en els serveis que oferim.<\/p>\n<p>Volem continuar compartint amb les fam\u00edlies el repte d&#8217;educar. En aquest proc\u00e9s, no sempre f\u00e0cil, volem veure les errades com a oportunitats d&#8217;aprenentatge i millora. Acompanyant i tenint prou paci\u00e8ncia perqu\u00e8 cada noi i noia arribi a trobar els seus objectius de formaci\u00f3 i creixement personal i els faci realitat.<\/p>\n<p>&nbsp;<\/p>\n<p><span style=\"color: #008080;\"><strong>VALORS<\/strong><\/span><\/p>\n<p>Com a centre educatiu p\u00fablic d\u2019ensenyament secundari defensem els valors i principis de conviv\u00e8ncia propis d&#8217;una societat democr\u00e0tica: el respecte, el di\u00e0leg, l\u2019esfor\u00e7, l\u2019\u00e0nim de superaci\u00f3 i la cooperaci\u00f3. Basem el nostre projecte educatiu en uns valors propis que ens identifiquen:<\/p>\n<ul>\n<li>El respecte als drets, deures i valors propis d&#8217;una societat democr\u00e0tica: dret d&#8217;opini\u00f3, deure de respectar les opinions dels altres, respecte de la diversitat cultural i ideol\u00f2gica, la solidaritat, la participaci\u00f3 democr\u00e0tica, el reconeixement dels drets i deures&#8230;<\/li>\n<li>El valor de la inclusi\u00f3 i la diversitat<\/li>\n<li>El valor de la conviv\u00e8ncia<\/li>\n<li>El valor del treball en equip i la col\u00b7laboraci\u00f3.<\/li>\n<li>El valor del gust per aprendre: impuls de l&#8217;aprenentatge globalitzat, eixos tem\u00e0tics, mostres de treballs trimestrals&#8230;<\/li>\n<li>El valor de la coeducaci\u00f3, l&#8217;autoestima i la confian\u00e7a<\/li>\n<li>El valor del respecte pel medi ambient<\/li>\n<li>El valor de la reflexi\u00f3 i l&#8217;esperit cr\u00edtic<\/li>\n<li>El valor de la implicaci\u00f3 amb l&#8217;entorn<\/li>\n<li>El valor de la pau i la solidaritat<\/li>\n<\/ul>\n<p>&nbsp;<\/p>\n<p><span style=\"color: #008080;\"><strong>UNA MICA D&#8217;HIST\u00d2RIA<\/strong><\/span><\/p>\n<p>L\u2019Institut Marta Mata \u00e9s un institut nascut el curs 2006-2007, imparteix formaci\u00f3 secund\u00e0ria obligat\u00f2ria (ESO) i postobligat\u00f2ria (CFGM) amb dos\u00a0Cicles Formatius de Grau Mig de Formaci\u00f3 professional. A m\u00e9s a m\u00e9s, disposa de SIEI (suport intensiu a l&#8217;educaci\u00f3 inclusiva) amb alumnat de primer i segon cicle d&#8217;ESO. En total\u00a012 grups d\u2019alumnes: 3 l\u00ednies complerts d\u2019ESO i \u00a04 grups de CFGM de Cuina i Gastronomia i de Serveis en Restauraci\u00f3. Tamb\u00e9 acull alumnat del Programa de Formaci\u00f3 i Inserci\u00f3 (PFI) d&#8217;auxiliar de Cuina.\u00a0L&#8217;ESO est\u00e0 ubicada en aquest edifici nou des del curs 2012-2013. I l&#8217;Escola d&#8217;hotelria del Vall\u00e8s Oriental a l&#8217;edifici de l&#8217;avinguda Ic\u00e0ria.<\/p>\n<p>\u00c9s centre seleccionat de formaci\u00f3 del professorat, col\u00b7laborant amb les universitats per a les pr\u00e0ctiques de formaci\u00f3 de nou professorat.<\/p>\n<div>\n<p>L\u2019equip del centre est\u00e0 format per una cinquantena de professionals entre professorat i personal no docent d&#8217;administraci\u00f3 i serveis.<\/p>\n<p>El Projecte de Direcci\u00f3 actual (2018-2022) estableix amb 3 punts claus:<\/p>\n<p>Des de fa anys el centre treballa en una l\u00ednia de treball competencial o el qu\u00e8 entenem per compet\u00e8ncies b\u00e0siques necess\u00e0ries en la nostra societat. \u00a0El professorat ha concretat diferents reflexions (acords pedag\u00f2gics, articles, pon\u00e8ncies, etc.) i eines de treball (fulls d\u2019objectius, bases d\u2019orientaci\u00f3, r\u00fabriques, etc.), que faciliten el treball cooperatiu.<\/p>\n<p>L&#8217;alumnat es caracteritza per un nivell alt de diversitat i\u00a0l\u2019institut vol oferir oportunitats per a tothom, perqu\u00e8 tothom pugui aportar el m\u00e0xim de les seves possibilitats.\u00a0 Aquestes idees s&#8217;han concretat en diferents plans i projectes que \u00a0es porten a la pr\u00e0ctica i que acullen aquesta diversitat.<\/p>\n<\/div>\n<div>\n<ul>\n<li>Projecte educatiu i curricular<\/li>\n<li>Pla anual, programaci\u00f3 general anual del centre (PGC)<\/li>\n<li>Pla de conviv\u00e8ncia<\/li>\n<li>Pla d\u2019emerg\u00e8ncia<\/li>\n<li>Projecte Ling\u00fc\u00edstic<\/li>\n<li>Pla de qualitat (avaluaci\u00f3 de processos)<\/li>\n<li>Projecte d\u2019innovaci\u00f3 en inclusi\u00f3 educativa<\/li>\n<li>Projecte d\u2019innovaci\u00f3 en mitjans audiovisuals (comunicaci\u00f3)<\/li>\n<li>Projecte d\u2019innovaci\u00f3 de compet\u00e8ncies b\u00e0siques.<\/li>\n<li>Projectes Viatge It\u00e0lia (4t ESO) i \u00a0Anglaterra (3r ESO)<\/li>\n<li>Projecte Enfoc<\/li>\n<li>Projecte per a reutilitzaci\u00f3 de llibres:iddink<\/li>\n<li>Projecte d\u2019aula oberta CIM TC (Comunicaci\u00f3 i Inclusi\u00f3 Montorn\u00e8s, Treball comunitari).<\/li>\n<li>Projecte Can Sala<\/li>\n<li>Projecte Fem els deures<\/li>\n<li>Projecte Joves-Guia<\/li>\n<li>Projecte Cartes<\/li>\n<\/ul>\n<\/div>\n<div><\/div>\n<div><\/div>\n<p><span style=\"color: #008080;\"><strong>EL NOSTRE NOM &#8220;MARTA MATA&#8221;<\/strong><\/span><\/p>\n<p class=\"western\" lang=\"ca-ES\">Marta va ser una dona que va estimar molt les persones, la terra i la feina d\u2019ensenyar i d\u2019aprendre, i no pas de manera te\u00f2rica sin\u00f3 en el seu fer de cada dia. Tenia al cap mil projectes innovadors per fer avan\u00e7ar la societat catalana i va lluitar amb passi\u00f3 i coratge per defensar els <strong>valors democr\u00e0tics<\/strong>. Va dedicar tota la seva feina a aprendre per poder compartir amb els altres les seves descobertes i fou conscient de la necessitat d\u2019actuar m\u00e9s enll\u00e0 del nucli proper de companys i amics. Va optar per la pol\u00edtica com a instrument per canviar el m\u00f3n, i en la seves tasques, com a diputada del Congr\u00e9s, senadora o regidora de l\u2019Ajuntament de Barcelona, l\u2019amor a la<strong>\u00a0pedagogia<\/strong>\u00a0que la mare li havia ensenyat sempre eren presents. Estava conven\u00e7uda que l\u2019educaci\u00f3 \u00e9s responsabilitat de la societat, de la ciutat, i que la renovaci\u00f3 pedag\u00f2gica necessita de pol\u00edtiques valentes<\/p>\n<p class=\"western\" lang=\"ca-ES\">Va n\u00e9ixer el 22 de juny de 1926 a Barcelona per\u00f2 el seu lligam amb Seifores i al Pened\u00e8s l\u2019acompanyar\u00e0 en totes les seves passes personals i professionals. Potser de viure en un petit poble d\u2019una seixantena de persones va aprendre la import\u00e0ncia del treball en equip. I aix\u00f2 fou la llavor en la creaci\u00f3 de l\u2019<strong>Associaci\u00f3 de Mestres Rosa Sensat<\/strong>, amb les que es generaven grups de debat i discussi\u00f3 per a la millora de la formaci\u00f3 continuada de mestres. Particip\u00e0 tamb\u00e9 en la creaci\u00f3 de l\u2019Escola de Mestres de Sant Cugat, pertanyent a la Universitat Aut\u00f2noma de Barcelona, on va impartir cursos de did\u00e0ctica de la llengua i de pedagogia. Aquest amor per la formaci\u00f3 de mestres la port\u00e0 a impulsar des de Rosa Sensat, la publicaci\u00f3 de la revista Perspectiva Escolar el 1974.<\/p>\n<p class=\"western\" lang=\"ca-ES\">La Marta Mata va ser una mestra al servei dels altres i aquesta generositat la port\u00e0 a convertir la seva casa familiar en una fundaci\u00f3 que t\u00e9 com a objectiu el desenvolupament d\u2019una concepci\u00f3 din\u00e0mica de l\u2019escola i l\u2019establiment de relacions entre el m\u00f3n de la cultura, del treball, de l\u2019esplai i del civisme:<strong>\u00a0Fundaci\u00f3 Marta Mata Garriga<\/strong>.<\/p>\n<p class=\"western\" lang=\"ca-ES\">Va morir el 27 de juny del 2006 per\u00f2 el seu amor per la llengua i el seu esfor\u00e7 per la defensa de l\u2019<strong>escola p\u00fablica catalana<\/strong>\u00a0encara \u00e9s ben present.<\/p>\n<p lang=\"ca-ES\"><a href=\"https:\/\/agora.xtec.cat\/iesmartamata\/wp-content\/uploads\/usu1685\/2020\/02\/el-centre.jpg\"><img loading=\"lazy\" decoding=\"async\" class=\"alignnone size-large wp-image-584\" src=\"https:\/\/agora.xtec.cat\/iesmartamata\/wp-content\/uploads\/usu1685\/2020\/02\/el-centre-1024x682.jpg\" alt=\"\" width=\"1024\" height=\"682\" srcset=\"https:\/\/agora.xtec.cat\/iesmartamata\/wp-content\/uploads\/usu1685\/2020\/02\/el-centre-1024x682.jpg 1024w, https:\/\/agora.xtec.cat\/iesmartamata\/wp-content\/uploads\/usu1685\/2020\/02\/el-centre-300x200.jpg 300w, https:\/\/agora.xtec.cat\/iesmartamata\/wp-content\/uploads\/usu1685\/2020\/02\/el-centre-768x512.jpg 768w, https:\/\/agora.xtec.cat\/iesmartamata\/wp-content\/uploads\/usu1685\/2020\/02\/el-centre.jpg 1115w\" sizes=\"auto, (max-width: 1024px) 100vw, 1024px\" \/><\/a><\/p>\n","protected":false},"excerpt":{"rendered":"<p>Us donem la benvinguda!<br \/>\nL&#8217;Institut Marta Mata de Montorn\u00e8s va obrir les portes el curs 2006-2007 amb l&#8217;ESO i des de 2015-2016 ofereix tamb\u00e9 cicles de formaci\u00f3 professional de grau mig cuina i restauraci\u00f3.<br \/>\nMISSI\u00d3<br \/>\nLa missi\u00f3 de l&#8217;Institut Marta Mata, com a centre p\u00fablic d&#8217;estudis secundaris obligatoris&hellip;  <a href=\"https:\/\/agora.xtec.cat\/iesmartamata\/linstitut\/el-centre\/\" title=\"Read El centre: missi\u00f3, visi\u00f3 i valors\">Llegeix m\u00e9s\u00bb<\/a><\/p>\n","protected":false},"author":1,"featured_media":0,"parent":19,"menu_order":2,"comment_status":"closed","ping_status":"closed","template":"page-templates\/side-menu.php","meta":{"_bbp_topic_count":0,"_bbp_reply_count":0,"_bbp_total_topic_count":0,"_bbp_total_reply_count":0,"_bbp_voice_count":0,"_bbp_anonymous_reply_count":0,"_bbp_topic_count_hidden":0,"_bbp_reply_count_hidden":0,"_bbp_forum_subforum_count":0,"footnotes":""},"class_list":["post-27","page","type-page","status-publish","hentry"],"post_mailing_queue_ids":[],"_links":{"self":[{"href":"https:\/\/agora.xtec.cat\/iesmartamata\/wp-json\/wp\/v2\/pages\/27","targetHints":{"allow":["GET"]}}],"collection":[{"href":"https:\/\/agora.xtec.cat\/iesmartamata\/wp-json\/wp\/v2\/pages"}],"about":[{"href":"https:\/\/agora.xtec.cat\/iesmartamata\/wp-json\/wp\/v2\/types\/page"}],"author":[{"embeddable":true,"href":"https:\/\/agora.xtec.cat\/iesmartamata\/wp-json\/wp\/v2\/users\/1"}],"replies":[{"embeddable":true,"href":"https:\/\/agora.xtec.cat\/iesmartamata\/wp-json\/wp\/v2\/comments?post=27"}],"version-history":[{"count":4,"href":"https:\/\/agora.xtec.cat\/iesmartamata\/wp-json\/wp\/v2\/pages\/27\/revisions"}],"predecessor-version":[{"id":1429,"href":"https:\/\/agora.xtec.cat\/iesmartamata\/wp-json\/wp\/v2\/pages\/27\/revisions\/1429"}],"up":[{"embeddable":true,"href":"https:\/\/agora.xtec.cat\/iesmartamata\/wp-json\/wp\/v2\/pages\/19"}],"wp:attachment":[{"href":"https:\/\/agora.xtec.cat\/iesmartamata\/wp-json\/wp\/v2\/media?parent=27"}],"curies":[{"name":"wp","href":"https:\/\/api.w.org\/{rel}","templated":true}]}}