{"id":19,"date":"2014-09-17T14:56:56","date_gmt":"2014-09-17T14:56:56","guid":{"rendered":"http:\/\/agora.xtec.cat\/iesmartamata\/?page_id=19"},"modified":"2025-02-12T19:46:34","modified_gmt":"2025-02-12T18:46:34","slug":"linstitut","status":"publish","type":"page","link":"https:\/\/agora.xtec.cat\/iesmartamata\/linstitut\/","title":{"rendered":"L&#8217;institut"},"content":{"rendered":"<p><strong>Us donem la benvinguda!<\/strong><\/p>\n<p>L\u2019Institut Marta Mata de Montorn\u00e8s que va obrir les portes el curs 2006-2007 amb l\u2019ESO i que des de 2015-2016 ofereix tamb\u00e9 cicles de formaci\u00f3 professional de grau mig cuina i restauraci\u00f3.<\/p>\n<p>L\u2019institut \u00e9s el lloc de formaci\u00f3 per als nens i nenes que entren amb 11 o 12 anys i que surten sent uns joves que formen part de la societat actual que \u00e9s tan inestable i canviant. L\u2019institut es planteja oferir una educaci\u00f3 inclusiva, de qualitat per a tothom, presentant-se com una comunitat educativa oberta a l\u2019entorn, al municipi i al m\u00f3n global, que pugui ser \u00fatil a tots els integrants al llarg de tota la vida i en tots els \u00e0mbits.<\/p>\n<p>El nostre objectiu \u00e9s l\u2019\u00e8xit dels alumnes, aprenent a superar-se i millorar cada dia, de manera que entenguin que la formaci\u00f3 avui, en la nostra societat moderna, no s\u2019acaba mai, perqu\u00e8 el m\u00f3n laboral \u00e9s cada vegada m\u00e9s exigent i demana capacitat d\u2019aprenentatge i adaptaci\u00f3 constant.<\/p>\n<p>Compartim amb les fam\u00edlies el repte d\u2019educar. En aquest proc\u00e9s, no sempre f\u00e0cil, hem de veure les errades com a oportunitats d\u2019aprenentatge i millora. Tamb\u00e9 hem de saber tenir prou paci\u00e8ncia com perqu\u00e8 cada noi \u00a0i noia arribi a trobar els seus objectius de formaci\u00f3 i creixement personal i els faci realitat.<\/p>\n<p><a href=\"https:\/\/agora.xtec.cat\/iesmartamata\/wp-content\/uploads\/usu1685\/2025\/02\/MartaMatagraduacio-1.png\"><img loading=\"lazy\" decoding=\"async\" class=\"size-full wp-image-3209 aligncenter\" src=\"https:\/\/agora.xtec.cat\/iesmartamata\/wp-content\/uploads\/usu1685\/2025\/02\/MartaMatagraduacio-1.png\" alt=\"\" width=\"1074\" height=\"844\" srcset=\"https:\/\/agora.xtec.cat\/iesmartamata\/wp-content\/uploads\/usu1685\/2025\/02\/MartaMatagraduacio-1.png 1074w, https:\/\/agora.xtec.cat\/iesmartamata\/wp-content\/uploads\/usu1685\/2025\/02\/MartaMatagraduacio-1-300x236.png 300w, https:\/\/agora.xtec.cat\/iesmartamata\/wp-content\/uploads\/usu1685\/2025\/02\/MartaMatagraduacio-1-1024x805.png 1024w, https:\/\/agora.xtec.cat\/iesmartamata\/wp-content\/uploads\/usu1685\/2025\/02\/MartaMatagraduacio-1-768x604.png 768w\" sizes=\"auto, (max-width: 1074px) 100vw, 1074px\" \/><\/a><\/p>\n","protected":false},"excerpt":{"rendered":"<p>Us donem la benvinguda!<br \/>\nL\u2019Institut Marta Mata de Montorn\u00e8s que va obrir les portes el curs 2006-2007 amb l\u2019ESO i que des de 2015-2016 ofereix tamb\u00e9 cicles de formaci\u00f3 professional de grau mig cuina i restauraci\u00f3.<br \/>\nL\u2019institut \u00e9s el lloc de formaci\u00f3 per als nens i nenes&hellip;  <a href=\"https:\/\/agora.xtec.cat\/iesmartamata\/linstitut\/\" title=\"Read L&#8217;institut\">Llegeix m\u00e9s\u00bb<\/a><\/p>\n","protected":false},"author":1,"featured_media":0,"parent":0,"menu_order":0,"comment_status":"closed","ping_status":"closed","template":"page-templates\/side-menu.php","meta":{"_bbp_topic_count":0,"_bbp_reply_count":0,"_bbp_total_topic_count":0,"_bbp_total_reply_count":0,"_bbp_voice_count":0,"_bbp_anonymous_reply_count":0,"_bbp_topic_count_hidden":0,"_bbp_reply_count_hidden":0,"_bbp_forum_subforum_count":0,"footnotes":""},"class_list":["post-19","page","type-page","status-publish","hentry"],"post_mailing_queue_ids":[],"_links":{"self":[{"href":"https:\/\/agora.xtec.cat\/iesmartamata\/wp-json\/wp\/v2\/pages\/19","targetHints":{"allow":["GET"]}}],"collection":[{"href":"https:\/\/agora.xtec.cat\/iesmartamata\/wp-json\/wp\/v2\/pages"}],"about":[{"href":"https:\/\/agora.xtec.cat\/iesmartamata\/wp-json\/wp\/v2\/types\/page"}],"author":[{"embeddable":true,"href":"https:\/\/agora.xtec.cat\/iesmartamata\/wp-json\/wp\/v2\/users\/1"}],"replies":[{"embeddable":true,"href":"https:\/\/agora.xtec.cat\/iesmartamata\/wp-json\/wp\/v2\/comments?post=19"}],"version-history":[{"count":3,"href":"https:\/\/agora.xtec.cat\/iesmartamata\/wp-json\/wp\/v2\/pages\/19\/revisions"}],"predecessor-version":[{"id":3210,"href":"https:\/\/agora.xtec.cat\/iesmartamata\/wp-json\/wp\/v2\/pages\/19\/revisions\/3210"}],"wp:attachment":[{"href":"https:\/\/agora.xtec.cat\/iesmartamata\/wp-json\/wp\/v2\/media?parent=19"}],"curies":[{"name":"wp","href":"https:\/\/api.w.org\/{rel}","templated":true}]}}