{"id":1719,"date":"2021-04-20T13:37:35","date_gmt":"2021-04-20T11:37:35","guid":{"rendered":"https:\/\/agora.xtec.cat\/iesmartamata\/?page_id=1719"},"modified":"2022-11-25T09:35:22","modified_gmt":"2022-11-25T08:35:22","slug":"ptt-montornes","status":"publish","type":"page","link":"https:\/\/agora.xtec.cat\/iesmartamata\/ptt-montornes\/","title":{"rendered":"PTT-Montorn\u00e8s"},"content":{"rendered":"<div>Els Programes de Transici\u00f3 al Treball (PTT) s\u00f3n uns Programes de Formaci\u00f3 i Inserci\u00f3 (<a title=\"PFI\" href=\"http:\/\/queestudiar.gencat.cat\/ca\/preinscripcio\/estudis\/pfi\/\" target=\"_blank\" rel=\"noopener\" type=\"queestudiar\" data-saferedirecturl=\"https:\/\/www.google.com\/url?q=http:\/\/queestudiar.gencat.cat\/ca\/preinscripcio\/estudis\/pfi\/&amp;source=gmail&amp;ust=1668934504240000&amp;usg=AOvVaw0AoWLrzCyORiUPQ8rWQpGe\">PFI<\/a>) que es proposen oferir orientaci\u00f3 i formaci\u00f3 al col\u00b7lectiu de joves que no han obtingut la titulaci\u00f3 de l&#8217;ensenyament obligatori. Es tracta d&#8217;afavorir la seva incorporaci\u00f3 al m\u00f3n del treball, o b\u00e9, si s&#8217;escau, la seva continu\u00eftat en el sistema educatiu.<\/div>\n<div><\/div>\n<div>Proposta conjunta del Departament d&#8217;educaci\u00f3 i de l&#8217;Ajuntament de Montorn\u00e8s del Vall\u00e8s:<\/div>\n<div><a href=\"https:\/\/agora.xtec.cat\/iesmartamata\/wp-content\/uploads\/usu1685\/2022\/11\/Triptic-PTT-Montornes.pdf\">Tr\u00edptic PTT Montorn\u00e8s<\/a><\/div>\n<div><\/div>\n<div>\n<div id=\"m_-2309378177404670128m_-507804508712740108gmail-p_p_id_56_INSTANCE_jiKwxAZkIgO2_\">\n<div>\n<div>\n<div>\n<div>\n<p>A qui s&#8217;adre\u00e7a?<\/p>\n<p>A nois i noies de 16 a 21 anys, que no tenen el GESO (Graduat en Educaci\u00f3 Secund\u00e0ria Obligat\u00f2ria) i que volen formar-se en una professi\u00f3 per comen\u00e7ar a treballar i\/o continuar els seus estudis.<\/p>\n<p>Qu\u00e8 rebr\u00e0s?<\/p>\n<ul>\n<li>Assessorament i atenci\u00f3 personalitzat<\/li>\n<li>Orientaci\u00f3 personal i recursos per a la inserci\u00f3 laboral i educativa<\/li>\n<li>Millora de la formaci\u00f3 b\u00e0sica<\/li>\n<li>Formaci\u00f3 professional en hoteleria o en fabricaci\u00f3 mec\u00e0nica i soldadura<\/li>\n<\/ul>\n<p>Quina durada t\u00e9?<\/p>\n<ul>\n<li>Un curs escolar: de setembre a juny<\/li>\n<li>Acompanyament\u00a0posterior fins a un any per facilitar la continu\u00eftat formativa i la inserci\u00f3 laboral<\/li>\n<\/ul>\n<p>Qu\u00e8 s&#8217;obt\u00e9 en acabar el PTT?<\/p>\n<ul>\n<li>Continu\u00eftat formativa a cicles formatius de grau mitj\u00e0 (CFGM), aquests estudis comporten la superaci\u00f3 del curs de formaci\u00f3 espec\u00edfic que dona acc\u00e9s als cicles (CAM), per l&#8217;alumnat que obtingui els requisits que s&#8217;estableixen.<\/li>\n<li>Et facilita l&#8217;acc\u00e9s a un centre de formaci\u00f3 d&#8217;adults per treure&#8217;t el GESO<\/li>\n<li>El certificat de la formaci\u00f3 rebuda i de les compet\u00e8ncies professionals adquirides.<\/li>\n<\/ul>\n<\/div>\n<\/div>\n<\/div>\n<\/div>\n<\/div>\n<div id=\"m_-2309378177404670128m_-507804508712740108gmail-p_p_id_56_INSTANCE_0oAY27WQHewp_\">\n<div>\n<div>\n<div>\n<div>\n<p>Quina formaci\u00f3 proporciona?<\/p>\n<p>Programes de Formaci\u00f3 Professional espec\u00edfica en Auxiliar d&#8217;Hoteleria: cuina i serveis de restauraci\u00f3<\/p>\n<p>Programes de Formaci\u00f3 Professional espec\u00edfica en Auxiliar de fabricaci\u00f3 mec\u00e0nica i d&#8217;ajust i soldadura<\/p>\n<p>Cursant els m\u00f2duls seg\u00fcents:<\/p>\n<ul>\n<li>M\u00d2DULS DE FORMACI\u00d3 GENERAL: Obtindr\u00e0s recursos per desenvolupar-te millor personalment i professionalment, per continuar la teva formaci\u00f3. Cont\u00e9 coneixement de l&#8217;entorn, recerca de feina, t\u00e8cniques de comunicaci\u00f3 i matem\u00e0tiques aplicades. (400 hores)<\/li>\n<\/ul>\n<ul>\n<li>M\u00d2DULS DE FORMACI\u00d3 PROFESSIONAL: Aprendr\u00e0s compet\u00e8ncies corresponents a un primer nivell de qualificaci\u00f3 en la professi\u00f3 que hagis escollit (420 hores). I Formaci\u00f3 en Centres de Treball (180 hores)<\/li>\n<\/ul>\n<p>TOTAL: 1000 hores<\/p>\n<ul>\n<li><strong>PFI-PTT d&#8217;Auxiliar d&#8217;Hoteleria: cuina i serveis de restauraci\u00f3<\/strong>\n<ul>\n<li>T\u00e8cniques elementals de servei<\/li>\n<li>Processos b\u00e0sics de preparaci\u00f3 d&#8217;aliments i begudes<\/li>\n<li>Aprovisionament, preelaboraci\u00f3 i conservaci\u00f3 culinaris<\/li>\n<li>Elaboraci\u00f3 culin\u00e0ria b\u00e0sica<\/li>\n<li>Formaci\u00f3 b\u00e0sica en prevenci\u00f3 de riscos laboral<\/li>\n<\/ul>\n<\/li>\n<li><strong>PFI-PTT Auxiliar en Fabricaci\u00f3 mec\u00e0nica i d\u2019ajust i soldadura<\/strong>\n<ul>\n<li>Realitzar operacions b\u00e0siques de mecanitzaci\u00f3.<\/li>\n<li>Muntar i soldar diferents elements i estructures amb materials f\u00e8rrics, no f\u00e8rrics i pl\u00e0stics.<\/li>\n<li>Fer tasques de manteniments industrials i reparaci\u00f3 de motors.<\/li>\n<\/ul>\n<\/li>\n<li><strong>I en acabar\u00a0 pots:<\/strong>\n<ul>\n<li>Treballar com auxiliar de cambrer i de cuiner en un bar restaurant, hotel o empreses d&#8217;alimentaci\u00f3 col\u00b7lectiva.<\/li>\n<li>Treballar en empreses o tallers de mecanitzaci\u00f3, soldadura, contrucci\u00f3 d&#8217;estructures met\u00e0l\u00b7liques, manteniments industrials i electromec\u00e0nica de vehicles com <span id=\"page60R_mcid4\" class=\"markedContent\"> <span dir=\"ltr\" role=\"presentation\">a<\/span> <span dir=\"ltr\" role=\"presentation\">auxiliar<\/span> professional <span dir=\"ltr\" role=\"presentation\">de nivell 1.<\/span><\/span><\/li>\n<li>Continuar la formaci\u00f3 i matricular-te en un cicle formatiu de grau mitj\u00e0 de la fam\u00edlia professional que t&#8217;agradi\u00a0o a un centre de formaci\u00f3 d&#8217;adults per treure&#8217;t el Graduat en secund\u00e0ria (GESO)<\/li>\n<\/ul>\n<\/li>\n<\/ul>\n<\/div>\n<\/div>\n<\/div>\n<\/div>\n<\/div>\n<\/div>\n","protected":false},"excerpt":{"rendered":"<p>Els Programes de Transici\u00f3 al Treball (PTT) s\u00f3n uns Programes de Formaci\u00f3 i Inserci\u00f3 (<a title=\"PFI\" href=\"http:\/\/queestudiar.gencat.cat\/ca\/preinscripcio\/estudis\/pfi\/\" target=\"_blank\" rel=\"noopener\" type=\"queestudiar\" data-saferedirecturl=\"https:\/\/www.google.com\/url?q=http:\/\/queestudiar.gencat.cat\/ca\/preinscripcio\/estudis\/pfi\/&amp;source=gmail&amp;ust=1668934504240000&amp;usg=AOvVaw0AoWLrzCyORiUPQ8rWQpGe\">PFI<\/a>) que es proposen oferir orientaci\u00f3 i formaci\u00f3 al col\u00b7lectiu de joves que no han obtingut la titulaci\u00f3 de l&#8217;ensenyament obligatori. Es tracta d&#8217;afavorir la&hellip;  <a href=\"https:\/\/agora.xtec.cat\/iesmartamata\/ptt-montornes\/\" title=\"Read PTT-Montorn\u00e8s\">Llegeix m\u00e9s\u00bb<\/a><\/p>\n","protected":false},"author":1,"featured_media":0,"parent":0,"menu_order":0,"comment_status":"closed","ping_status":"closed","template":"","meta":{"_bbp_topic_count":0,"_bbp_reply_count":0,"_bbp_total_topic_count":0,"_bbp_total_reply_count":0,"_bbp_voice_count":0,"_bbp_anonymous_reply_count":0,"_bbp_topic_count_hidden":0,"_bbp_reply_count_hidden":0,"_bbp_forum_subforum_count":0,"footnotes":""},"class_list":["post-1719","page","type-page","status-publish","hentry"],"post_mailing_queue_ids":[],"_links":{"self":[{"href":"https:\/\/agora.xtec.cat\/iesmartamata\/wp-json\/wp\/v2\/pages\/1719","targetHints":{"allow":["GET"]}}],"collection":[{"href":"https:\/\/agora.xtec.cat\/iesmartamata\/wp-json\/wp\/v2\/pages"}],"about":[{"href":"https:\/\/agora.xtec.cat\/iesmartamata\/wp-json\/wp\/v2\/types\/page"}],"author":[{"embeddable":true,"href":"https:\/\/agora.xtec.cat\/iesmartamata\/wp-json\/wp\/v2\/users\/1"}],"replies":[{"embeddable":true,"href":"https:\/\/agora.xtec.cat\/iesmartamata\/wp-json\/wp\/v2\/comments?post=1719"}],"version-history":[{"count":4,"href":"https:\/\/agora.xtec.cat\/iesmartamata\/wp-json\/wp\/v2\/pages\/1719\/revisions"}],"predecessor-version":[{"id":2384,"href":"https:\/\/agora.xtec.cat\/iesmartamata\/wp-json\/wp\/v2\/pages\/1719\/revisions\/2384"}],"wp:attachment":[{"href":"https:\/\/agora.xtec.cat\/iesmartamata\/wp-json\/wp\/v2\/media?parent=1719"}],"curies":[{"name":"wp","href":"https:\/\/api.w.org\/{rel}","templated":true}]}}