{"id":1144,"date":"2021-06-20T12:23:07","date_gmt":"2021-06-20T10:23:07","guid":{"rendered":"https:\/\/agora.xtec.cat\/iesmartamata\/?page_id=1144"},"modified":"2024-11-11T14:04:02","modified_gmt":"2024-11-11T13:04:02","slug":"quotes-eso","status":"publish","type":"page","link":"https:\/\/agora.xtec.cat\/iesmartamata\/admin-serveis\/quotes-eso\/","title":{"rendered":"Pagament quotes ESO"},"content":{"rendered":"<p><strong>QUOTA DE MATERIAL I SORTIDES:<\/strong><\/p>\n<p>La quota de material i sortides pel curs 2024-2025 \u00e9s de 136 euros i inclou:<\/p>\n<ul>\n<li>Materials i serveis inform\u00e0tics: 90 euros<\/li>\n<li>Sortides i activitats sense pernoctaci\u00f3: 46 euros<\/li>\n<\/ul>\n<p>Podeu fer l\u2019ingr\u00e9s mitjan\u00e7ant transfer\u00e8ncia banc\u00e0ria al compte seg\u00fcent entre l&#8217;1 i el 15 de juliol:<\/p>\n<p style=\"text-align: center;\"><strong>ES50 2100 0308 3702 0019 1337<\/strong><\/p>\n<p>(Recordeu posar el nom de l\u2019alumne i el curs com a concepte)<\/p>\n<p>O b\u00e9, podeu fer el pagament en dues parts la primera de 68 euros durant el mes de setembre, i al llarg del mes novembre la segona part l\u2019import de 68 euros.<\/p>\n<p>Per qualsevol dubte sobre l&#8217;aportaci\u00f3 podeu trucar demanant per l&#8217;adminstraci\u00f3 del centre.<\/p>\n<p>&nbsp;<\/p>\n<p>&nbsp;<\/p>\n<p>&nbsp;<\/p>\n<p>&nbsp;<\/p>\n<p>&nbsp;<\/p>\n","protected":false},"excerpt":{"rendered":"<p>QUOTA DE MATERIAL I SORTIDES:<br \/>\nLa quota de material i sortides pel curs 2024-2025 \u00e9s de 136 euros i inclou:<\/p>\n<ul>\n<li>Materials i serveis inform\u00e0tics: 90 euros<\/li>\n<li>Sortides i activitats sense pernoctaci\u00f3: 46 euros<\/li>\n<\/ul>\n<p>Podeu fer l\u2019ingr\u00e9s mitjan\u00e7ant transfer\u00e8ncia banc\u00e0ria al compte seg\u00fcent entre l&#8217;1 i el 15 de juliol:<br \/>\nES50&hellip;  <a href=\"https:\/\/agora.xtec.cat\/iesmartamata\/admin-serveis\/quotes-eso\/\" title=\"Read Pagament quotes ESO\">Llegeix m\u00e9s\u00bb<\/a><\/p>\n","protected":false},"author":1,"featured_media":0,"parent":81,"menu_order":0,"comment_status":"closed","ping_status":"closed","template":"page-templates\/side-menu.php","meta":{"_bbp_topic_count":0,"_bbp_reply_count":0,"_bbp_total_topic_count":0,"_bbp_total_reply_count":0,"_bbp_voice_count":0,"_bbp_anonymous_reply_count":0,"_bbp_topic_count_hidden":0,"_bbp_reply_count_hidden":0,"_bbp_forum_subforum_count":0,"footnotes":""},"class_list":["post-1144","page","type-page","status-publish","hentry"],"post_mailing_queue_ids":[],"_links":{"self":[{"href":"https:\/\/agora.xtec.cat\/iesmartamata\/wp-json\/wp\/v2\/pages\/1144","targetHints":{"allow":["GET"]}}],"collection":[{"href":"https:\/\/agora.xtec.cat\/iesmartamata\/wp-json\/wp\/v2\/pages"}],"about":[{"href":"https:\/\/agora.xtec.cat\/iesmartamata\/wp-json\/wp\/v2\/types\/page"}],"author":[{"embeddable":true,"href":"https:\/\/agora.xtec.cat\/iesmartamata\/wp-json\/wp\/v2\/users\/1"}],"replies":[{"embeddable":true,"href":"https:\/\/agora.xtec.cat\/iesmartamata\/wp-json\/wp\/v2\/comments?post=1144"}],"version-history":[{"count":6,"href":"https:\/\/agora.xtec.cat\/iesmartamata\/wp-json\/wp\/v2\/pages\/1144\/revisions"}],"predecessor-version":[{"id":3132,"href":"https:\/\/agora.xtec.cat\/iesmartamata\/wp-json\/wp\/v2\/pages\/1144\/revisions\/3132"}],"up":[{"embeddable":true,"href":"https:\/\/agora.xtec.cat\/iesmartamata\/wp-json\/wp\/v2\/pages\/81"}],"wp:attachment":[{"href":"https:\/\/agora.xtec.cat\/iesmartamata\/wp-json\/wp\/v2\/media?parent=1144"}],"curies":[{"name":"wp","href":"https:\/\/api.w.org\/{rel}","templated":true}]}}