{"id":737,"date":"2016-06-14T17:33:18","date_gmt":"2016-06-14T16:33:18","guid":{"rendered":"http:\/\/agora.xtec.cat\/iesmariustorres\/?page_id=737"},"modified":"2023-11-17T13:55:41","modified_gmt":"2023-11-17T12:55:41","slug":"associacio-dantics-alumnes","status":"publish","type":"page","link":"https:\/\/agora.xtec.cat\/iesmariustorres\/serveis\/associacio-dantics-alumnes\/","title":{"rendered":"Associaci\u00f3 d&#8217;antics alumnes"},"content":{"rendered":"<h2>Qui som<\/h2>\n<p>L&#8217;Associaci\u00f3 d&#8217;Antics Alumnes de l&#8217;institut M\u00e0rius Torres de Lleida es va crear l&#8217;any 1999 amb l&#8217;objectiu principal de crear vincles entre el \u201cM\u00e0rius Torres\u201d i els seus antics alumnes, tenint en compte que aquest institut \u00e9s l&#8217;hereu del primer centre p\u00fablic d&#8217;ensenyament mitj\u00e0 que hi va haver a la ciutat.<\/p>\n<p>L&#8217;Associaci\u00f3 tamb\u00e9 t\u00e9 altres finalitats com s\u00f3n la promoci\u00f3 d&#8217;activitats relacionades amb els alumnes actuals; l&#8217;oferiment de l&#8217;experi\u00e8ncia professional i de la col\u00b7laboraci\u00f3 de l&#8217;associaci\u00f3 amb l&#8217;institut. Ens interessa, tamb\u00e9, promoure la relaci\u00f3 entre antics companys.<\/p>\n<h2>Una Associaci\u00f3 oberta a tothom<\/h2>\n<p>L&#8217;Associaci\u00f3 est\u00e0 oberta a totes aquelles persones que hagin estat alumnes del centre. En poden formar part tant els que van comen\u00e7ar els estudis a l&#8217;edifici de l&#8217;Escola del Treball com els que van acabar el batxillerat el curs passat. Cal tenir, per\u00f2, algunes condicions:<\/p>\n<ul>\n<li>Han de ser persones que tinguin un bon record dels seus anys d&#8217;estudiants.<\/li>\n<li>Han de ser persones que vulguin estar relacionades, d&#8217;alguna manera, amb l&#8217;institut M\u00e0rius Torres.<\/li>\n<li>Han d&#8217;estar interessades a con\u00e8ixer el funcionament del centre actual i s&#8217;han de preocupar, en m\u00e9s o menys grau, per la tasca educativa.<\/li>\n<li>Cal que siguin persones prou nost\u00e0lgiques per voler retrobar antics companys d&#8217;estudis i recordar velles hist\u00f2ries.<\/li>\n<li>La quota anual \u00e9s nom\u00e9s de 12 euros.<\/li>\n<\/ul>\n<p>&nbsp;<\/p>\n<h2>Qu\u00e8 fem<\/h2>\n<p>Pel que fa a l&#8217;organitzaci\u00f3. L&#8217;Associaci\u00f3 d&#8217;Antics Alumnes celebra, anualment, una assemblea de socis. La junta directiva es reuneix amb certa peridicitat, depenent de les necessitats del centre.<\/p>\n<p>Fins ara, hem participat en les Sessions d&#8217;Orientaci\u00f3 Professional, que organitza el centre, per als alumnes de 2n de Batxillerat; en la concessi\u00f3 de la medalla \u201cIES M\u00e0rius Torres\u201d que distingeix algun exalumne o exprofessor de l&#8217;institut, que hagi destacat en el camp professional, cultural o en qualsevol \u00e0mbit a qu\u00e8 s&#8217;hagi dedicat.<\/p>\n<p>Tenim en projecte fomentar les relacions amb l&#8217;institut de Foix, centre amb el qual es van fer els primers intercanvis d&#8217;estudiants, als anys seixanta. A trav\u00e9s de l&#8217;Ajuntament de Lleida, ciutat agermanada amb Foix, intentarem reprendre els contactes entre els dos centres.<\/p>\n<h2>Com pots contactar amb nosaltres<\/h2>\n<p>L&#8217;actual president de l&#8217;Associaci\u00f3 \u00e9s Pere Jim\u00e9nez. Si voleu contactar amb nosaltres podeu fer-ho:<\/p>\n<ul>\n<li>Directament amb Pere Jim\u00e9nez: <a href=\"mailto:lleida.j@iltrida.com\">lleida.j@iltrida.com<\/a><\/li>\n<li>O b\u00e9, a l&#8217;atenci\u00f3 de Montse Sol\u00e9: <a href=\"mailto:iesmariustorres@centres.xtec.es\">iesmariustorres@centres.xtec.es<\/a><\/li>\n<\/ul>\n","protected":false},"excerpt":{"rendered":"<p>Qui som<br \/>\nL&#8217;Associaci\u00f3 d&#8217;Antics Alumnes de l&#8217;institut M\u00e0rius Torres de Lleida es va crear l&#8217;any 1999 amb l&#8217;objectiu principal de crear vincles entre el \u201cM\u00e0rius Torres\u201d i els seus antics alumnes, tenint en compte que aquest institut \u00e9s l&#8217;hereu del primer centre p\u00fablic d&#8217;ensenyament mitj\u00e0 que&hellip;  <a href=\"https:\/\/agora.xtec.cat\/iesmariustorres\/serveis\/associacio-dantics-alumnes\/\" title=\"Read Associaci\u00f3 d&#8217;antics alumnes\">Llegeix m\u00e9s\u00bb<\/a><\/p>\n","protected":false},"author":3,"featured_media":0,"parent":63,"menu_order":10,"comment_status":"closed","ping_status":"closed","template":"page-templates\/side-menu.php","meta":{"_bbp_topic_count":0,"_bbp_reply_count":0,"_bbp_total_topic_count":0,"_bbp_total_reply_count":0,"_bbp_voice_count":0,"_bbp_anonymous_reply_count":0,"_bbp_topic_count_hidden":0,"_bbp_reply_count_hidden":0,"_bbp_forum_subforum_count":0,"footnotes":""},"class_list":["post-737","page","type-page","status-publish","hentry"],"post_mailing_queue_ids":[],"_links":{"self":[{"href":"https:\/\/agora.xtec.cat\/iesmariustorres\/wp-json\/wp\/v2\/pages\/737","targetHints":{"allow":["GET"]}}],"collection":[{"href":"https:\/\/agora.xtec.cat\/iesmariustorres\/wp-json\/wp\/v2\/pages"}],"about":[{"href":"https:\/\/agora.xtec.cat\/iesmariustorres\/wp-json\/wp\/v2\/types\/page"}],"author":[{"embeddable":true,"href":"https:\/\/agora.xtec.cat\/iesmariustorres\/wp-json\/wp\/v2\/users\/3"}],"replies":[{"embeddable":true,"href":"https:\/\/agora.xtec.cat\/iesmariustorres\/wp-json\/wp\/v2\/comments?post=737"}],"version-history":[{"count":4,"href":"https:\/\/agora.xtec.cat\/iesmariustorres\/wp-json\/wp\/v2\/pages\/737\/revisions"}],"predecessor-version":[{"id":14124,"href":"https:\/\/agora.xtec.cat\/iesmariustorres\/wp-json\/wp\/v2\/pages\/737\/revisions\/14124"}],"up":[{"embeddable":true,"href":"https:\/\/agora.xtec.cat\/iesmariustorres\/wp-json\/wp\/v2\/pages\/63"}],"wp:attachment":[{"href":"https:\/\/agora.xtec.cat\/iesmariustorres\/wp-json\/wp\/v2\/media?parent=737"}],"curies":[{"name":"wp","href":"https:\/\/api.w.org\/{rel}","templated":true}]}}