{"id":6225,"date":"2021-07-03T12:00:28","date_gmt":"2021-07-03T10:00:28","guid":{"rendered":"http:\/\/agora.xtec.cat\/iesmariustorres\/?page_id=6225"},"modified":"2025-09-10T12:43:14","modified_gmt":"2025-09-10T10:43:14","slug":"llibres-2022-23","status":"publish","type":"page","link":"https:\/\/agora.xtec.cat\/iesmariustorres\/llibres-2022-23\/","title":{"rendered":"Llibres i material escolar. Curs 25-26"},"content":{"rendered":"<p style=\"text-align: justify;\">Benvolgudes fam\u00edlies.<\/p>\n<p style=\"text-align: justify;\">El nostre centre aposta per una tipologia d\u2019estudi que garanteixi l\u2019aprenentatge del nostre alumnat en les millors condicions. En aquest sentit, necessitem que la tria dels llibres de text en paper vagi acompanyada en alguns casos per llic\u00e8ncies o materials digitals que permetin un millor autoaprenentatge, i que necessiten d\u2019un ordinador personal amb connexi\u00f3 a internet.<\/p>\n<p style=\"text-align: justify;\">Podreu consultar en aquest web el llistat de llibres escollits per cadascun dels cursos i assignatures. La compra o lloguer dels llibres en paper la podeu fer en moltes llibreries o comer\u00e7os dedicats.<\/p>\n<p style=\"text-align: justify;\">Els llibres digitals (o llic\u00e8ncies digitals) s\u00f3n accessos a continguts educatius online que s\u2019adquireixen en forma d\u2019un usuari i contrasenya, i que tenen una vig\u00e8ncia d\u2019un curs. En alguns casos poden venir gratu\u00eftament amb la compra del llibre en paper i en d\u2019altres cal adquirir-les a part, i no es poden adquirir en totes les llibreries. \u00c9s per aquest motiu que us recomanem en aquest cas, que la compra dels llibres digitals la feu a trav\u00e9s de la llibreria online <a href=\"http:\/\/www.iddink.cat\/\" target=\"_blank\" rel=\"noopener noreferrer\" data-saferedirecturl=\"https:\/\/www.google.com\/url?q=http:\/\/www.iddink.cat\/&amp;source=gmail&amp;ust=1594980052677000&amp;usg=AFQjCNFgjhRxdGfaJ8xg5NvTXg1_u7ge2A\">www.iddink.cat<\/a>\u00a0on us ofereixen tots els materials necessaris pel nou curs.<\/p>\n<p style=\"text-align: justify;\">Si adquiriu els llibres a Iddink, haureu de registrar cadascun dels vostres fills, i un cop feta la comanda, els llibres en format paper us arribaran a casa i els digitals, al vostre correu o els gestionar\u00e0 directament l&#8217;institut.<\/p>\n<p style=\"text-align: justify;\">Sobre les mat\u00e8ries optatives escollides i la seva prioritat, us informem de manera general qu\u00e8, a la majoria de l&#8217;alumnat se li han assignat les optatives escollides en la prioritat 1 (la m\u00e0xima) i a aquells que no ha estat possible, els hem informat personalment. Per tant, si no us hem dit res, per fer la comanda de llibres heu de seleccionar aquells de les mat\u00e8ries optatives seleccionades en primera opci\u00f3.<\/p>\n<p><a href=\"https:\/\/www.valescolar.cat\/\">Vals escolars<\/a>: la generalitat de Catalunya ha activat un val escolar de 60 euros adre\u00e7at a les fam\u00edlies dels alumnes que al curs 2024-2025 facin prim\u00e0ria o secund\u00e0ria en centres p\u00fablics o concertats per la compra o lloguer dels llibres i materials en diversos establiments adherits. En el link trobareu tota la informaci\u00f3 detallada<\/p>\n<p>\u00danicament l&#8217;alumnat NESE que disposi de beca (motxilles escolars), a l&#8217;inici del mes de setembre podr\u00e0 sol\u00b7licitar la socialitzaci\u00f3 dels llibres del centre.<\/p>\n<p>&nbsp;<\/p>\n<h2 style=\"text-align: justify;\"><span style=\"text-decoration: underline;\"><em><strong>Llistat de llibres curs 2025-26<\/strong><\/em><\/span><\/h2>\n<ul style=\"text-align: justify;\">\n<li>Acc\u00e9s al <strong><a href=\"https:\/\/drive.google.com\/file\/d\/1ysqWqf-wkSW5TfebdneQuBnRH7WP8q_B\/view\">Llistat llibres 2025-26 M\u00e0rius Torres<\/a>.\u00a0<\/strong><\/li>\n<li>Acc\u00e9s a<a href=\"https:\/\/spain.iddink.es\/ca\"> <strong>Iddink per fer consultes i comandes<\/strong><\/a>\u00a0tel. 932388833. El codi del nostre centre \u00e9s: <strong>250CC3<\/strong><\/li>\n<li>Si voleu fer una ullada als continguts abans de fer el registre o la comanda, feu clic en <strong><a href=\"http:\/\/microsites.iddink.es\/CA\/250_institut_marius_torres\" target=\"_blank\" rel=\"noopener noreferrer\">Iddink<\/a><\/strong>, <em>Fer una comanda &#8211; Realitzar simulaci\u00f3 de Comanda<\/em><\/li>\n<li>Si no sou usuaris de Iddink us recomanem que visualitzeu les diverses informacions de la seva gesti\u00f3 de llibres:<br \/>\n\u00b7 <a href=\"https:\/\/vimeo.com\/953990128\" target=\"_blank\" rel=\"noopener noreferrer\">Presentaci\u00f3 Iddink<\/a><br \/>\n\u00b7<a href=\"https:\/\/drive.google.com\/file\/d\/14oQ1Y23hBJn7UfNZgjJ__EFjN0rAaHpM\/view?usp=sharing\" target=\"_blank\" rel=\"noopener noreferrer\"> Com tractar els ecoBooks<\/a><br \/>\n\u00b7 <a href=\"https:\/\/drive.google.com\/file\/d\/1eXCUNo_P7YaF69jTS0mfQ5X5V4CWwK2x\/view?usp=sharing\" target=\"_blank\" rel=\"noopener noreferrer\">Com retornar ecoBooks<\/a><br \/>\n\u00b7 <a href=\"https:\/\/drive.google.com\/file\/d\/1PjsLYubNMxQrdbfmNAbIccdayq6tFpWq\/view?usp=sharing\" target=\"_blank\" rel=\"noopener noreferrer\">Criteris de qualitat<\/a><\/li>\n<\/ul>\n<p style=\"text-align: justify;\">\n","protected":false},"excerpt":{"rendered":"<p>Benvolgudes fam\u00edlies.<br \/>\nEl nostre centre aposta per una tipologia d\u2019estudi que garanteixi l\u2019aprenentatge del nostre alumnat en les millors condicions. En aquest sentit, necessitem que la tria dels llibres de text en paper vagi acompanyada en alguns casos per llic\u00e8ncies o materials digitals que permetin un&hellip;  <a href=\"https:\/\/agora.xtec.cat\/iesmariustorres\/llibres-2022-23\/\" title=\"Read Llibres i material escolar. Curs 25-26\">Llegeix m\u00e9s\u00bb<\/a><\/p>\n","protected":false},"author":3,"featured_media":0,"parent":0,"menu_order":0,"comment_status":"closed","ping_status":"closed","template":"","meta":{"_bbp_topic_count":0,"_bbp_reply_count":0,"_bbp_total_topic_count":0,"_bbp_total_reply_count":0,"_bbp_voice_count":0,"_bbp_anonymous_reply_count":0,"_bbp_topic_count_hidden":0,"_bbp_reply_count_hidden":0,"_bbp_forum_subforum_count":0,"footnotes":""},"class_list":["post-6225","page","type-page","status-publish","hentry"],"post_mailing_queue_ids":[],"_links":{"self":[{"href":"https:\/\/agora.xtec.cat\/iesmariustorres\/wp-json\/wp\/v2\/pages\/6225","targetHints":{"allow":["GET"]}}],"collection":[{"href":"https:\/\/agora.xtec.cat\/iesmariustorres\/wp-json\/wp\/v2\/pages"}],"about":[{"href":"https:\/\/agora.xtec.cat\/iesmariustorres\/wp-json\/wp\/v2\/types\/page"}],"author":[{"embeddable":true,"href":"https:\/\/agora.xtec.cat\/iesmariustorres\/wp-json\/wp\/v2\/users\/3"}],"replies":[{"embeddable":true,"href":"https:\/\/agora.xtec.cat\/iesmariustorres\/wp-json\/wp\/v2\/comments?post=6225"}],"version-history":[{"count":6,"href":"https:\/\/agora.xtec.cat\/iesmariustorres\/wp-json\/wp\/v2\/pages\/6225\/revisions"}],"predecessor-version":[{"id":15116,"href":"https:\/\/agora.xtec.cat\/iesmariustorres\/wp-json\/wp\/v2\/pages\/6225\/revisions\/15116"}],"wp:attachment":[{"href":"https:\/\/agora.xtec.cat\/iesmariustorres\/wp-json\/wp\/v2\/media?parent=6225"}],"curies":[{"name":"wp","href":"https:\/\/api.w.org\/{rel}","templated":true}]}}