{"id":461,"date":"2016-05-23T17:18:29","date_gmt":"2016-05-23T16:18:29","guid":{"rendered":"http:\/\/agora.xtec.cat\/iesmariustorres\/?page_id=461"},"modified":"2019-04-23T13:29:07","modified_gmt":"2019-04-23T11:29:07","slug":"medalles-atorgades","status":"publish","type":"page","link":"https:\/\/agora.xtec.cat\/iesmariustorres\/medalles-atorgades\/","title":{"rendered":"Medalles atorgades"},"content":{"rendered":"<p>El nostre institut fa un reconeixement a antics alumnes o antics professo<a href=\"http:\/\/agora.xtec.cat\/iesmariustorres\/wp-content\/uploads\/usu74\/2016\/05\/medalla.jpg\"><img loading=\"lazy\" decoding=\"async\" class=\"alignright wp-image-462 size-full\" src=\"http:\/\/agora.xtec.cat\/iesmariustorres\/wp-content\/uploads\/usu74\/2016\/05\/medalla.jpg\" alt=\"medalla\" width=\"146\" height=\"96\" \/><\/a>rs que hagin destacat en qualsevol dels camps del coneixement o en la seva professi\u00f3. Intervenen, en la convocat\u00f2ria per a la concessi\u00f3 de la medalla, la Comunitat Educativa del centre, l&#8217;Associaci\u00f3 de Pares i Mares i l&#8217;Associaci\u00f3 d&#8217;Antics Alumnes.<\/p>\n<p>A trav\u00e9s d&#8217;aquesta menci\u00f3, volem destacar la import\u00e0ncia de la tasca de l&#8217;educaci\u00f3 i dignificar la feina dels docents que, en moltes ocasions, no es veu del tot reconeguda.<\/p>\n<p>Aqu\u00ed teniu les medalles que s&#8217;han atorgat fins ara. Esperem que estigueu d&#8217;acord amb nosaltres que tots els guardonats en s\u00f3n mereixedors i que poden ser un bon exemple per als nostres estudiants.<\/p>\n<p>&nbsp;<\/p>\n<table>\n<tbody>\n<tr>\n<td>\u00a0<a href=\"https:\/\/agora.xtec.cat\/iesmariustorres\/medalles-atorgades\/any-2019\/\" target=\"_blank\" rel=\"noopener\"><img loading=\"lazy\" decoding=\"async\" class=\"alignnone wp-image-8622 size-thumbnail\" src=\"https:\/\/agora.xtec.cat\/iesmariustorres\/wp-content\/uploads\/usu74\/2019\/04\/medalla20191-150x150.jpg\" alt=\"\" width=\"150\" height=\"150\" \/><\/a><\/td>\n<td>\u00a0<a href=\"http:\/\/agora.xtec.cat\/iesmariustorres\/medalles-atorgades\/any-2017\/\"><img loading=\"lazy\" decoding=\"async\" class=\"alignnone wp-image-6421 size-thumbnail\" src=\"http:\/\/agora.xtec.cat\/iesmariustorres\/wp-content\/uploads\/usu74\/2016\/05\/2017-150x150.jpg\" alt=\"\" width=\"150\" height=\"150\" \/><\/a><\/td>\n<td><a href=\"http:\/\/agora.xtec.cat\/iesmariustorres\/medalles-atorgades\/any-2016\/\"><img loading=\"lazy\" decoding=\"async\" class=\"alignnone wp-image-477 size-thumbnail\" src=\"http:\/\/agora.xtec.cat\/iesmariustorres\/wp-content\/uploads\/usu74\/2016\/05\/2016-150x150.jpg\" alt=\"2016\" width=\"150\" height=\"150\" \/><\/a><\/td>\n<td><a href=\"http:\/\/agora.xtec.cat\/iesmariustorres\/medalles-atorgades\/any-2015\/\"><img loading=\"lazy\" decoding=\"async\" class=\"alignnone wp-image-476 size-thumbnail\" src=\"http:\/\/agora.xtec.cat\/iesmariustorres\/wp-content\/uploads\/usu74\/2016\/05\/20151-150x150.jpg\" alt=\"2015\" width=\"150\" height=\"150\" \/><\/a><\/td>\n<\/tr>\n<tr>\n<td><a href=\"http:\/\/agora.xtec.cat\/iesmariustorres\/medalles-atorgades\/any-2014\/\"><img loading=\"lazy\" decoding=\"async\" class=\"alignnone wp-image-463 size-thumbnail\" src=\"http:\/\/agora.xtec.cat\/iesmariustorres\/wp-content\/uploads\/usu74\/2016\/05\/2014-150x150.jpg\" alt=\"2014\" width=\"150\" height=\"150\" \/><\/a><\/td>\n<td><a href=\"http:\/\/agora.xtec.cat\/iesmariustorres\/medalles-atorgades\/any-2013\/\"><img loading=\"lazy\" decoding=\"async\" class=\"alignnone wp-image-464 size-thumbnail\" src=\"http:\/\/agora.xtec.cat\/iesmariustorres\/wp-content\/uploads\/usu74\/2016\/05\/2013-150x150.jpg\" alt=\"2013\" width=\"150\" height=\"150\" \/><\/a><\/td>\n<td><a href=\"http:\/\/agora.xtec.cat\/iesmariustorres\/medalles-atorgades\/any-2012\/\"><img loading=\"lazy\" decoding=\"async\" class=\"alignnone wp-image-465 size-thumbnail\" src=\"http:\/\/agora.xtec.cat\/iesmariustorres\/wp-content\/uploads\/usu74\/2016\/05\/2012-150x150.jpg\" alt=\"2012\" width=\"150\" height=\"150\" \/><\/a><\/td>\n<td><a href=\"http:\/\/agora.xtec.cat\/iesmariustorres\/medalles-atorgades\/any-2011\/\"><img loading=\"lazy\" decoding=\"async\" class=\"alignnone wp-image-466 size-thumbnail\" src=\"http:\/\/agora.xtec.cat\/iesmariustorres\/wp-content\/uploads\/usu74\/2016\/05\/2011-150x150.jpg\" alt=\"2011\" width=\"150\" height=\"150\" \/><\/a><\/td>\n<\/tr>\n<tr>\n<td><a href=\"http:\/\/agora.xtec.cat\/iesmariustorres\/medalles-atorgades\/any-2010\/\"><img loading=\"lazy\" decoding=\"async\" class=\"alignnone wp-image-467 size-thumbnail\" src=\"http:\/\/agora.xtec.cat\/iesmariustorres\/wp-content\/uploads\/usu74\/2016\/05\/2010-150x150.jpg\" alt=\"2010\" width=\"150\" height=\"150\" \/><\/a><\/td>\n<td><a href=\"http:\/\/agora.xtec.cat\/iesmariustorres\/medalles-atorgades\/any-2009\/\"><img loading=\"lazy\" decoding=\"async\" class=\"alignnone wp-image-468 size-thumbnail\" src=\"http:\/\/agora.xtec.cat\/iesmariustorres\/wp-content\/uploads\/usu74\/2016\/05\/2009-150x150.jpg\" alt=\"2009\" width=\"150\" height=\"150\" \/><\/a><\/td>\n<td><a href=\"http:\/\/agora.xtec.cat\/iesmariustorres\/medalles-atorgades\/any-2008\/\"><img loading=\"lazy\" decoding=\"async\" class=\"alignnone wp-image-469 size-thumbnail\" src=\"http:\/\/agora.xtec.cat\/iesmariustorres\/wp-content\/uploads\/usu74\/2016\/05\/2008-150x150.jpg\" alt=\"2008\" width=\"150\" height=\"150\" \/><\/a><\/td>\n<td><a href=\"http:\/\/agora.xtec.cat\/iesmariustorres\/medalles-atorgades\/any-2007\/\"><img loading=\"lazy\" decoding=\"async\" class=\"alignnone wp-image-470 size-thumbnail\" src=\"http:\/\/agora.xtec.cat\/iesmariustorres\/wp-content\/uploads\/usu74\/2016\/05\/2007-150x150.jpg\" alt=\"2007\" width=\"150\" height=\"150\" \/><\/a><\/td>\n<\/tr>\n<tr>\n<td><a href=\"http:\/\/agora.xtec.cat\/iesmariustorres\/medalles-atorgades\/any-2006\/\"><img loading=\"lazy\" decoding=\"async\" class=\"alignnone wp-image-472 size-thumbnail\" src=\"http:\/\/agora.xtec.cat\/iesmariustorres\/wp-content\/uploads\/usu74\/2016\/05\/2006-150x150.jpg\" alt=\"2006\" width=\"150\" height=\"150\" \/><\/a><\/td>\n<td><a href=\"http:\/\/agora.xtec.cat\/iesmariustorres\/medalles-atorgades\/any-2005\/\"><img loading=\"lazy\" decoding=\"async\" class=\"alignnone wp-image-473 size-thumbnail\" src=\"http:\/\/agora.xtec.cat\/iesmariustorres\/wp-content\/uploads\/usu74\/2016\/05\/2005-150x150.jpg\" alt=\"2005\" width=\"150\" height=\"150\" \/><\/a><\/td>\n<td>\u00a0<a href=\"http:\/\/agora.xtec.cat\/iesmariustorres\/medalles-atorgades\/any-2004\/\"><img loading=\"lazy\" decoding=\"async\" class=\"alignnone wp-image-474 size-thumbnail\" src=\"http:\/\/agora.xtec.cat\/iesmariustorres\/wp-content\/uploads\/usu74\/2016\/05\/2004-150x150.jpg\" alt=\"2004\" width=\"150\" height=\"150\" \/><\/a><\/td>\n<td>\u00a0<a href=\"http:\/\/agora.xtec.cat\/iesmariustorres\/medalles-atorgades\/any-2003\/\"><img loading=\"lazy\" decoding=\"async\" class=\"alignnone wp-image-475 size-thumbnail\" src=\"http:\/\/agora.xtec.cat\/iesmariustorres\/wp-content\/uploads\/usu74\/2016\/05\/2003-150x150.jpg\" alt=\"2003\" width=\"150\" height=\"150\" \/><\/a><\/td>\n<\/tr>\n<\/tbody>\n<\/table>\n<p>&nbsp;<\/p>\n","protected":false},"excerpt":{"rendered":"<p>El nostre institut fa un reconeixement a antics alumnes o antics professo<a href=\"http:\/\/agora.xtec.cat\/iesmariustorres\/wp-content\/uploads\/usu74\/2016\/05\/medalla.jpg\"><\/a>rs que hagin destacat en qualsevol dels camps del coneixement o en la seva professi\u00f3. Intervenen, en la convocat\u00f2ria per a la concessi\u00f3 de la medalla, la Comunitat Educativa del centre, l&#8217;Associaci\u00f3 de&hellip;  <a href=\"https:\/\/agora.xtec.cat\/iesmariustorres\/medalles-atorgades\/\" title=\"Read Medalles atorgades\">Llegeix m\u00e9s\u00bb<\/a><\/p>\n","protected":false},"author":1,"featured_media":0,"parent":0,"menu_order":0,"comment_status":"closed","ping_status":"closed","template":"page-templates\/side-menu.php","meta":{"_bbp_topic_count":0,"_bbp_reply_count":0,"_bbp_total_topic_count":0,"_bbp_total_reply_count":0,"_bbp_voice_count":0,"_bbp_anonymous_reply_count":0,"_bbp_topic_count_hidden":0,"_bbp_reply_count_hidden":0,"_bbp_forum_subforum_count":0,"footnotes":""},"class_list":["post-461","page","type-page","status-publish","hentry"],"post_mailing_queue_ids":[],"_links":{"self":[{"href":"https:\/\/agora.xtec.cat\/iesmariustorres\/wp-json\/wp\/v2\/pages\/461","targetHints":{"allow":["GET"]}}],"collection":[{"href":"https:\/\/agora.xtec.cat\/iesmariustorres\/wp-json\/wp\/v2\/pages"}],"about":[{"href":"https:\/\/agora.xtec.cat\/iesmariustorres\/wp-json\/wp\/v2\/types\/page"}],"author":[{"embeddable":true,"href":"https:\/\/agora.xtec.cat\/iesmariustorres\/wp-json\/wp\/v2\/users\/1"}],"replies":[{"embeddable":true,"href":"https:\/\/agora.xtec.cat\/iesmariustorres\/wp-json\/wp\/v2\/comments?post=461"}],"version-history":[{"count":3,"href":"https:\/\/agora.xtec.cat\/iesmariustorres\/wp-json\/wp\/v2\/pages\/461\/revisions"}],"predecessor-version":[{"id":8633,"href":"https:\/\/agora.xtec.cat\/iesmariustorres\/wp-json\/wp\/v2\/pages\/461\/revisions\/8633"}],"wp:attachment":[{"href":"https:\/\/agora.xtec.cat\/iesmariustorres\/wp-json\/wp\/v2\/media?parent=461"}],"curies":[{"name":"wp","href":"https:\/\/api.w.org\/{rel}","templated":true}]}}