{"id":27,"date":"2014-09-17T16:24:03","date_gmt":"2014-09-17T16:24:03","guid":{"rendered":"http:\/\/agora.xtec.cat\/iesmariustorres\/?page_id=27"},"modified":"2016-05-23T16:24:39","modified_gmt":"2016-05-23T15:24:39","slug":"historia","status":"publish","type":"page","link":"https:\/\/agora.xtec.cat\/iesmariustorres\/linstitut\/historia\/","title":{"rendered":"Presentaci\u00f3"},"content":{"rendered":"<p style=\"text-align: justify;\">\u00a0Benvinguts a la p\u00e0gina Web de l\u2019IES M\u00e0rius Torres, un dels instituts degans de Catalunya.<\/p>\n<p style=\"text-align: justify;\">\u00a0L\u00b4IES M\u00e0rius Torres recull la hist\u00f2ria de l\u00b4Institut provincial que es va fundar el 1843 i rep el nom de M\u00e0rius Torres des del 1978. S\u00f3n molts anys que ens vinculen amb nombroses generacions de lleidatans i lleidatanes, aix\u00ed com de ponentins en general. La nostra \u00e9s, doncs, una llarga hist\u00f2ria, per\u00f2 que vol projectar-se en el futur adaptant-se als temps presents des de la convicci\u00f3 que l\u2019educaci\u00f3 \u00e9s l\u2019eina que tenim al nostre abast per poder transformar les coses i aconseguir persones competents, compromeses i felices.<\/p>\n<p><a href=\"http:\/\/agora.xtec.cat\/iesmariustorres\/wp-content\/uploads\/usu74\/2014\/09\/marius_historia.jpg\"><img loading=\"lazy\" decoding=\"async\" class=\"aligncenter wp-image-480 size-medium\" src=\"http:\/\/agora.xtec.cat\/iesmariustorres\/wp-content\/uploads\/usu74\/2014\/09\/marius_historia-300x200.jpg\" alt=\"marius_historia\" width=\"300\" height=\"200\" srcset=\"https:\/\/agora.xtec.cat\/iesmariustorres\/wp-content\/uploads\/usu74\/2014\/09\/marius_historia-300x200.jpg 300w, https:\/\/agora.xtec.cat\/iesmariustorres\/wp-content\/uploads\/usu74\/2014\/09\/marius_historia.jpg 389w\" sizes=\"auto, (max-width: 300px) 100vw, 300px\" \/><\/a><\/p>\n<p style=\"text-align: justify;\">\u00a0En aquesta p\u00e0gina hi trobareu els noms de les persones que formem part de l\u2019IES, els serveis i equipaments que constitueixen l\u2019institut, i altres, per\u00f2, sobretot, vol ser un estri efica\u00e7 pels nostres alumnes oferint recursos pedag\u00f2gics en l\u2019apartat dels departaments i per les fam\u00edlies informant-vos de l\u2019organitzaci\u00f3 i de tot all\u00f2 que us pugui ser d\u2019utilitat sobre la vida dels vostres fills i filles a l\u2019institut. A part, hi ha l\u2019adre\u00e7a on podeu dirigir aquelles indicacions o notes sobre all\u00f2 que no trobeu en la p\u00e0gina i us pugui interessar.<\/p>\n<p style=\"text-align: justify;\">\u00a0Cordialment,<\/p>\n<p style=\"text-align: justify;\">\u00a0La Direcci\u00f3.<\/p>\n<p>&nbsp;<\/p>\n<p>&nbsp;<\/p>\n","protected":false},"excerpt":{"rendered":"<p>\u00a0Benvinguts a la p\u00e0gina Web de l\u2019IES M\u00e0rius Torres, un dels instituts degans de Catalunya.<br \/>\n\u00a0L\u00b4IES M\u00e0rius Torres recull la hist\u00f2ria de l\u00b4Institut provincial que es va fundar el 1843 i rep el nom de M\u00e0rius Torres des del 1978. S\u00f3n molts anys que ens vinculen&hellip;  <a href=\"https:\/\/agora.xtec.cat\/iesmariustorres\/linstitut\/historia\/\" title=\"Read Presentaci\u00f3\">Llegeix m\u00e9s\u00bb<\/a><\/p>\n","protected":false},"author":1,"featured_media":0,"parent":19,"menu_order":20,"comment_status":"closed","ping_status":"closed","template":"page-templates\/side-menu.php","meta":{"_bbp_topic_count":0,"_bbp_reply_count":0,"_bbp_total_topic_count":0,"_bbp_total_reply_count":0,"_bbp_voice_count":0,"_bbp_anonymous_reply_count":0,"_bbp_topic_count_hidden":0,"_bbp_reply_count_hidden":0,"_bbp_forum_subforum_count":0,"footnotes":""},"class_list":["post-27","page","type-page","status-publish","hentry"],"post_mailing_queue_ids":[],"_links":{"self":[{"href":"https:\/\/agora.xtec.cat\/iesmariustorres\/wp-json\/wp\/v2\/pages\/27","targetHints":{"allow":["GET"]}}],"collection":[{"href":"https:\/\/agora.xtec.cat\/iesmariustorres\/wp-json\/wp\/v2\/pages"}],"about":[{"href":"https:\/\/agora.xtec.cat\/iesmariustorres\/wp-json\/wp\/v2\/types\/page"}],"author":[{"embeddable":true,"href":"https:\/\/agora.xtec.cat\/iesmariustorres\/wp-json\/wp\/v2\/users\/1"}],"replies":[{"embeddable":true,"href":"https:\/\/agora.xtec.cat\/iesmariustorres\/wp-json\/wp\/v2\/comments?post=27"}],"version-history":[{"count":3,"href":"https:\/\/agora.xtec.cat\/iesmariustorres\/wp-json\/wp\/v2\/pages\/27\/revisions"}],"predecessor-version":[{"id":482,"href":"https:\/\/agora.xtec.cat\/iesmariustorres\/wp-json\/wp\/v2\/pages\/27\/revisions\/482"}],"up":[{"embeddable":true,"href":"https:\/\/agora.xtec.cat\/iesmariustorres\/wp-json\/wp\/v2\/pages\/19"}],"wp:attachment":[{"href":"https:\/\/agora.xtec.cat\/iesmariustorres\/wp-json\/wp\/v2\/media?parent=27"}],"curies":[{"name":"wp","href":"https:\/\/api.w.org\/{rel}","templated":true}]}}