{"id":15526,"date":"2026-02-27T13:39:01","date_gmt":"2026-02-27T12:39:01","guid":{"rendered":"https:\/\/agora.xtec.cat\/iesmariustorres\/?page_id=15526"},"modified":"2026-02-27T13:50:49","modified_gmt":"2026-02-27T12:50:49","slug":"actualitat","status":"publish","type":"page","link":"https:\/\/agora.xtec.cat\/iesmariustorres\/afa\/actualitat\/","title":{"rendered":"Actualitat"},"content":{"rendered":"<h2>\ud83d\udcf0 <strong>Publicacions de l\u2019AFA<\/strong><\/h2>\n<p>Vols estar al dia de totes les novetats, activitats i informacions rellevants de l\u2019AFA? \ud83d\udce2<\/p>\n<p>A l\u2019espai d\u2019actualitat hi publiquem not\u00edcies, convocat\u00f2ries, recordatoris i iniciatives que impulsem al llarg del curs per mantenir una comunicaci\u00f3 fluida i transparent amb totes les fam\u00edlies.<\/p>\n<div style=\"text-align: center; margin: 20px 0;\"><a style=\"background-color: #1e73be; color: #ffffff !important; padding: 4px 28px 16px 28px; text-decoration: none; font-weight: bold; border-radius: 6px; display: inline-block; font-size: 16px;\" href=\"https:\/\/agora.xtec.cat\/iesmariustorres\/categoria\/afa\/\"><br \/>\n    Consulta l\u2019actualitat de l\u2019AFA<br \/>\n<\/a><\/div>\n","protected":false},"excerpt":{"rendered":"<p>\ud83d\udcf0 Publicacions de l\u2019AFA<br \/>\nVols estar al dia de totes les novetats, activitats i informacions rellevants de l\u2019AFA? \ud83d\udce2<br \/>\nA l\u2019espai d\u2019actualitat hi publiquem not\u00edcies, convocat\u00f2ries, recordatoris i iniciatives que impulsem al llarg del curs per mantenir una comunicaci\u00f3 fluida i transparent amb totes les fam\u00edlies.<br \/>\n<a style=\"background-color:&hellip;  <a href=\"https:\/\/agora.xtec.cat\/iesmariustorres\/afa\/actualitat\/\" title=\"Read Actualitat\">Llegeix m\u00e9s\u00bb<\/a><\/p>\n","protected":false},"author":132,"featured_media":0,"parent":15473,"menu_order":60,"comment_status":"closed","ping_status":"closed","template":"page-templates\/side-menu.php","meta":{"_bbp_topic_count":0,"_bbp_reply_count":0,"_bbp_total_topic_count":0,"_bbp_total_reply_count":0,"_bbp_voice_count":0,"_bbp_anonymous_reply_count":0,"_bbp_topic_count_hidden":0,"_bbp_reply_count_hidden":0,"_bbp_forum_subforum_count":0,"footnotes":""},"class_list":["post-15526","page","type-page","status-publish","hentry"],"post_mailing_queue_ids":[],"_links":{"self":[{"href":"https:\/\/agora.xtec.cat\/iesmariustorres\/wp-json\/wp\/v2\/pages\/15526","targetHints":{"allow":["GET"]}}],"collection":[{"href":"https:\/\/agora.xtec.cat\/iesmariustorres\/wp-json\/wp\/v2\/pages"}],"about":[{"href":"https:\/\/agora.xtec.cat\/iesmariustorres\/wp-json\/wp\/v2\/types\/page"}],"author":[{"embeddable":true,"href":"https:\/\/agora.xtec.cat\/iesmariustorres\/wp-json\/wp\/v2\/users\/132"}],"replies":[{"embeddable":true,"href":"https:\/\/agora.xtec.cat\/iesmariustorres\/wp-json\/wp\/v2\/comments?post=15526"}],"version-history":[{"count":6,"href":"https:\/\/agora.xtec.cat\/iesmariustorres\/wp-json\/wp\/v2\/pages\/15526\/revisions"}],"predecessor-version":[{"id":15539,"href":"https:\/\/agora.xtec.cat\/iesmariustorres\/wp-json\/wp\/v2\/pages\/15526\/revisions\/15539"}],"up":[{"embeddable":true,"href":"https:\/\/agora.xtec.cat\/iesmariustorres\/wp-json\/wp\/v2\/pages\/15473"}],"wp:attachment":[{"href":"https:\/\/agora.xtec.cat\/iesmariustorres\/wp-json\/wp\/v2\/media?parent=15526"}],"curies":[{"name":"wp","href":"https:\/\/api.w.org\/{rel}","templated":true}]}}