{"id":15473,"date":"2026-02-27T11:53:05","date_gmt":"2026-02-27T10:53:05","guid":{"rendered":"https:\/\/agora.xtec.cat\/iesmariustorres\/?page_id=15473"},"modified":"2026-02-27T13:47:07","modified_gmt":"2026-02-27T12:47:07","slug":"afa","status":"publish","type":"page","link":"https:\/\/agora.xtec.cat\/iesmariustorres\/afa\/","title":{"rendered":"AFA"},"content":{"rendered":"<h2>BENVINGUT\/DA!<\/h2>\n<p>\ud83e\udd1d L\u2019AFA de l\u2019Institut M\u00e0rius Torres \u00e9s un espai de participaci\u00f3 activa de les fam\u00edlies que treballa per enfortir la comunitat educativa.<\/p>\n<p>Col\u00b7laborem amb el centre, impulsem iniciatives i promovem una comunicaci\u00f3 oberta amb un objectiu clar: contribuir al benestar i al recorregut educatiu de l\u2019alumnat.<\/p>\n<p>En aquest espai trobar\u00e0s tota la informaci\u00f3 necess\u00e0ria.<\/p>\n<p><img loading=\"lazy\" decoding=\"async\" class=\"alignright wp-image-15355 size-medium\" src=\"https:\/\/agora.xtec.cat\/iesmariustorres\/wp-content\/uploads\/usu74\/2026\/01\/logoampanou-240x300.jpg\" alt=\"AFA M\u00e0rius Torres\" width=\"240\" height=\"300\" srcset=\"https:\/\/agora.xtec.cat\/iesmariustorres\/wp-content\/uploads\/usu74\/2026\/01\/logoampanou-240x300.jpg 240w, https:\/\/agora.xtec.cat\/iesmariustorres\/wp-content\/uploads\/usu74\/2026\/01\/logoampanou-819x1024.jpg 819w, https:\/\/agora.xtec.cat\/iesmariustorres\/wp-content\/uploads\/usu74\/2026\/01\/logoampanou-768x960.jpg 768w, https:\/\/agora.xtec.cat\/iesmariustorres\/wp-content\/uploads\/usu74\/2026\/01\/logoampanou.jpg 1080w\" sizes=\"auto, (max-width: 240px) 100vw, 240px\" \/><\/p>\n","protected":false},"excerpt":{"rendered":"<p>BENVINGUT\/DA!<br \/>\n\ud83e\udd1d L\u2019AFA de l\u2019Institut M\u00e0rius Torres \u00e9s un espai de participaci\u00f3 activa de les fam\u00edlies que treballa per enfortir la comunitat educativa.<br \/>\nCol\u00b7laborem amb el centre, impulsem iniciatives i promovem una comunicaci\u00f3 oberta amb un objectiu clar: contribuir al benestar i al recorregut educatiu de l\u2019alumnat.<br \/>\nEn&hellip;  <a href=\"https:\/\/agora.xtec.cat\/iesmariustorres\/afa\/\" title=\"Read AFA\">Llegeix m\u00e9s\u00bb<\/a><\/p>\n","protected":false},"author":132,"featured_media":0,"parent":0,"menu_order":0,"comment_status":"closed","ping_status":"closed","template":"page-templates\/side-menu.php","meta":{"_bbp_topic_count":0,"_bbp_reply_count":0,"_bbp_total_topic_count":0,"_bbp_total_reply_count":0,"_bbp_voice_count":0,"_bbp_anonymous_reply_count":0,"_bbp_topic_count_hidden":0,"_bbp_reply_count_hidden":0,"_bbp_forum_subforum_count":0,"footnotes":""},"class_list":["post-15473","page","type-page","status-publish","hentry"],"post_mailing_queue_ids":[],"_links":{"self":[{"href":"https:\/\/agora.xtec.cat\/iesmariustorres\/wp-json\/wp\/v2\/pages\/15473","targetHints":{"allow":["GET"]}}],"collection":[{"href":"https:\/\/agora.xtec.cat\/iesmariustorres\/wp-json\/wp\/v2\/pages"}],"about":[{"href":"https:\/\/agora.xtec.cat\/iesmariustorres\/wp-json\/wp\/v2\/types\/page"}],"author":[{"embeddable":true,"href":"https:\/\/agora.xtec.cat\/iesmariustorres\/wp-json\/wp\/v2\/users\/132"}],"replies":[{"embeddable":true,"href":"https:\/\/agora.xtec.cat\/iesmariustorres\/wp-json\/wp\/v2\/comments?post=15473"}],"version-history":[{"count":6,"href":"https:\/\/agora.xtec.cat\/iesmariustorres\/wp-json\/wp\/v2\/pages\/15473\/revisions"}],"predecessor-version":[{"id":15536,"href":"https:\/\/agora.xtec.cat\/iesmariustorres\/wp-json\/wp\/v2\/pages\/15473\/revisions\/15536"}],"wp:attachment":[{"href":"https:\/\/agora.xtec.cat\/iesmariustorres\/wp-json\/wp\/v2\/media?parent=15473"}],"curies":[{"name":"wp","href":"https:\/\/api.w.org\/{rel}","templated":true}]}}