{"id":15470,"date":"2026-02-27T11:50:00","date_gmt":"2026-02-27T10:50:00","guid":{"rendered":"https:\/\/agora.xtec.cat\/iesmariustorres\/?page_id=15470"},"modified":"2026-02-27T12:49:53","modified_gmt":"2026-02-27T11:49:53","slug":"organitzacio","status":"publish","type":"page","link":"https:\/\/agora.xtec.cat\/iesmariustorres\/afa\/organitzacio\/","title":{"rendered":"Organitzaci\u00f3"},"content":{"rendered":"<p>\ud83c\udfeb L\u2019<strong>Associaci\u00f3 de Fam\u00edlies d\u2019Alumnes (AFA)<\/strong> de l\u2019Institut M\u00e0rius Torres s\u2019organitza com un espai de \ud83e\udd1d participaci\u00f3, \ud83d\udcac debat i \ud83d\uddf3\ufe0f presa de decisions col\u00b7lectives, amb l\u2019objectiu de representar les fam\u00edlies i contribuir activament a la vida del centre.<\/p>\n<p>\ud83d\udccc Actualment est\u00e0 organitzada de la seg\u00fcent forma:<\/p>\n<h2>\ud83c\udfdb\ufe0f <strong>Assemblea General (\u00f2rgan sobir\u00e0 de l\u2019AFA)<\/strong><\/h2>\n<p>\ud83d\udc65 L\u2019Assemblea General \u00e9s l\u2019espai principal de participaci\u00f3 de totes les fam\u00edlies associades. T\u00e9 car\u00e0cter ordinari i se celebra <strong>\ud83d\udcc5 un cop l\u2019any<\/strong>. S\u2019hi presenten i s\u2019aproven, si s\u2019escau, els \ud83d\udcb0 comptes, el \ud83d\udcca pressupost i les \ud83c\udfaf l\u00ednies de treball.<\/p>\n<p><strong>\u2139\ufe0f Sobre l\u2019Assemblea General:<\/strong><\/p>\n<ul>\n<li>\ud83d\udcc6 Periodicitat: anual.<\/li>\n<li>\ud83d\udc68\u200d\ud83d\udc69\u200d\ud83d\udc67\u200d\ud83d\udc66 Oberta a totes les fam\u00edlies associades. <a href=\"https:\/\/agora.xtec.cat\/iesmariustorres\/afa\/uneix-te\/\"><strong>UNEIX-TE!<\/strong><\/a><\/li>\n<li>\ud83d\udce7 Convocat\u00f2ria per correu electr\u00f2nic amb ordre del dia (15 dies d\u2019antelaci\u00f3).<\/li>\n<li>\ud83c\udfeb Participaci\u00f3 presencial.<\/li>\n<li>\ud83d\uddf3\ufe0f Votaci\u00f3 dels punts de l\u2019ordre del dia, si s\u2019escau.<\/li>\n<li>\ud83d\udd04 Renovaci\u00f3 de c\u00e0rrecs.<\/li>\n<\/ul>\n<h2>\ud83d\udcc5 <strong>Reunions peri\u00f2diques de la Junta de l\u2019AFA<\/strong><\/h2>\n<ul>\n<li>\ud83d\uddd3\ufe0f Periodicitat: mensual.<\/li>\n<li>\ud83d\udcf2 Convocat\u00f2ria via aplicacions de missatgeria instant\u00e0nia.<\/li>\n<li>\ud83d\udcdd Ordre del dia comunicat amb anterioritat.<\/li>\n<li>\ud83d\uddf3\ufe0f Votaci\u00f3 dels punts de l\u2019ordre del dia, si s\u2019escau.<\/li>\n<\/ul>\n<h2>\u26a1 <strong>Assemblees extraordin\u00e0ries (espai de debat puntual)<\/strong><\/h2>\n<p>\ud83d\udcac Quan cal debatre algun tema espec\u00edfic que no pot esperar a l\u2019Assemblea General ordin\u00e0ria, es convoca una Assemblea Extraordin\u00e0ria oberta a totes les fam\u00edlies.<\/p>\n<ul>\n<li style=\"list-style-type: none;\">\n<ul>\n<li>\u23f0 Es realitza quan s\u2019escau.<\/li>\n<li>\ud83d\udce7 Convocat\u00f2ria per correu electr\u00f2nic amb ordre del dia (15 dies d\u2019antelaci\u00f3).<\/li>\n<\/ul>\n<\/li>\n<\/ul>\n<ul>\n<li>\ud83d\uddf3\ufe0f Votaci\u00f3 dels punts de l\u2019ordre del dia, si s\u2019escau.<\/li>\n<\/ul>\n<h2>\ud83d\udc65\u2699\ufe0f <strong>Junta de l\u2019AFA (\u00f2rgan executiu i de representaci\u00f3)<\/strong><\/h2>\n<p>\ud83d\udd27 La Junta \u00e9s l\u2019\u00f2rgan encarregat de gestionar el dia a dia de l\u2019associaci\u00f3, executar els acords presos a les assemblees i coordinar \ud83c\udfaf projectes i activitats del curs. Est\u00e0 formada per \ud83d\udc99 fam\u00edlies volunt\u00e0ries i compta amb la participaci\u00f3 de la \ud83c\udfeb direcci\u00f3 del centre.<\/p>\n","protected":false},"excerpt":{"rendered":"<p>\ud83c\udfeb L\u2019Associaci\u00f3 de Fam\u00edlies d\u2019Alumnes (AFA) de l\u2019Institut M\u00e0rius Torres s\u2019organitza com un espai de \ud83e\udd1d participaci\u00f3, \ud83d\udcac debat i \ud83d\uddf3\ufe0f presa de decisions col\u00b7lectives, amb l\u2019objectiu de representar les fam\u00edlies i contribuir activament a la vida del centre.<br \/>\n\ud83d\udccc Actualment est\u00e0 organitzada de la seg\u00fcent&hellip;  <a href=\"https:\/\/agora.xtec.cat\/iesmariustorres\/afa\/organitzacio\/\" title=\"Read Organitzaci\u00f3\">Llegeix m\u00e9s\u00bb<\/a><\/p>\n","protected":false},"author":132,"featured_media":0,"parent":15473,"menu_order":20,"comment_status":"closed","ping_status":"closed","template":"page-templates\/side-menu.php","meta":{"_bbp_topic_count":0,"_bbp_reply_count":0,"_bbp_total_topic_count":0,"_bbp_total_reply_count":0,"_bbp_voice_count":0,"_bbp_anonymous_reply_count":0,"_bbp_topic_count_hidden":0,"_bbp_reply_count_hidden":0,"_bbp_forum_subforum_count":0,"footnotes":""},"class_list":["post-15470","page","type-page","status-publish","hentry"],"post_mailing_queue_ids":[],"_links":{"self":[{"href":"https:\/\/agora.xtec.cat\/iesmariustorres\/wp-json\/wp\/v2\/pages\/15470","targetHints":{"allow":["GET"]}}],"collection":[{"href":"https:\/\/agora.xtec.cat\/iesmariustorres\/wp-json\/wp\/v2\/pages"}],"about":[{"href":"https:\/\/agora.xtec.cat\/iesmariustorres\/wp-json\/wp\/v2\/types\/page"}],"author":[{"embeddable":true,"href":"https:\/\/agora.xtec.cat\/iesmariustorres\/wp-json\/wp\/v2\/users\/132"}],"replies":[{"embeddable":true,"href":"https:\/\/agora.xtec.cat\/iesmariustorres\/wp-json\/wp\/v2\/comments?post=15470"}],"version-history":[{"count":6,"href":"https:\/\/agora.xtec.cat\/iesmariustorres\/wp-json\/wp\/v2\/pages\/15470\/revisions"}],"predecessor-version":[{"id":15501,"href":"https:\/\/agora.xtec.cat\/iesmariustorres\/wp-json\/wp\/v2\/pages\/15470\/revisions\/15501"}],"up":[{"embeddable":true,"href":"https:\/\/agora.xtec.cat\/iesmariustorres\/wp-json\/wp\/v2\/pages\/15473"}],"wp:attachment":[{"href":"https:\/\/agora.xtec.cat\/iesmariustorres\/wp-json\/wp\/v2\/media?parent=15470"}],"curies":[{"name":"wp","href":"https:\/\/api.w.org\/{rel}","templated":true}]}}