{"id":15466,"date":"2026-02-27T11:37:42","date_gmt":"2026-02-27T10:37:42","guid":{"rendered":"https:\/\/agora.xtec.cat\/iesmariustorres\/?page_id=15466"},"modified":"2026-02-27T12:49:51","modified_gmt":"2026-02-27T11:49:51","slug":"qui-som","status":"publish","type":"page","link":"https:\/\/agora.xtec.cat\/iesmariustorres\/afa\/qui-som\/","title":{"rendered":"Qui som"},"content":{"rendered":"<p><img loading=\"lazy\" decoding=\"async\" class=\"alignleft wp-image-15355 size-medium\" src=\"https:\/\/agora.xtec.cat\/iesmariustorres\/wp-content\/uploads\/usu74\/2026\/01\/logoampanou-240x300.jpg\" alt=\"AFA M\u00e0rius Torres. Tots Som AFA\" width=\"240\" height=\"300\" srcset=\"https:\/\/agora.xtec.cat\/iesmariustorres\/wp-content\/uploads\/usu74\/2026\/01\/logoampanou-240x300.jpg 240w, https:\/\/agora.xtec.cat\/iesmariustorres\/wp-content\/uploads\/usu74\/2026\/01\/logoampanou-819x1024.jpg 819w, https:\/\/agora.xtec.cat\/iesmariustorres\/wp-content\/uploads\/usu74\/2026\/01\/logoampanou-768x960.jpg 768w, https:\/\/agora.xtec.cat\/iesmariustorres\/wp-content\/uploads\/usu74\/2026\/01\/logoampanou.jpg 1080w\" sizes=\"auto, (max-width: 240px) 100vw, 240px\" \/><\/p>\n<p>\ud83d\udc68\u200d\ud83d\udc69\u200d\ud83d\udc67\u200d\ud83d\udc66 Som l\u2019<strong>Associaci\u00f3 de Fam\u00edlies d\u2019Alumnes (AFA)<\/strong> de l\u2019Institut M\u00e0rius Torres. Formem part de la comunitat educativa amb la voluntat de <strong>\ud83e\udd1d col\u00b7laborar, \ud83d\uddf3\ufe0f participar i \ud83d\udcac millorar la comunicaci\u00f3<\/strong> entre les fam\u00edlies i l\u2019institut, sempre posant al centre el \ud83c\udf93 benestar i el recorregut educatiu de l\u2019alumnat.<\/p>\n<p>\ud83c\udfeb L\u2019AFA \u00e9s un espai de trobada i implicaci\u00f3 on <strong>\ud83d\udce5 recollim inquietuds<\/strong>, \ud83d\udca1 compartim propostes i \ud83d\ude80 impulsem accions que contribueixen a fer de l\u2019institut un entorn m\u00e9s proper, participatiu i connectat amb les necessitats reals de les fam\u00edlies i de l\u2019alumnat.<\/p>\n<p>\ud83c\udf31 Creiem que una <strong>participaci\u00f3 real i cr\u00edtica de les fam\u00edlies<\/strong> no nom\u00e9s enriqueix l\u2019experi\u00e8ncia de l\u2019alumnat, sin\u00f3 que tamb\u00e9 <em>\ud83d\udc9e enforteix la comunitat educativa<\/em>, fomenta el \ud83d\udde3\ufe0f di\u00e0leg i facilita una mirada m\u00e9s \u00e0mplia sobre els reptes i oportunitats de l\u2019etapa secund\u00e0ria.<\/p>\n<p>\ud83c\udfaf La nostra missi\u00f3 \u00e9s <strong>connectar fam\u00edlies i centre<\/strong> amb objectius concrets:<\/p>\n<ul>\n<li>\ud83d\udcac <strong>Fomentar la comunicaci\u00f3 oberta<\/strong> entre fam\u00edlies, professorat i equip directiu.<\/li>\n<li>\ud83d\udee0\ufe0f <strong>Col\u00b7laborar en activitats i projectes<\/strong> que aportin valor a l\u2019educaci\u00f3 del jovent.<\/li>\n<li>\ud83c\udf1f <strong>Promoure un entorn educatiu m\u00e9s participatiu i constructiu<\/strong>, on es valorin totes les veus.<\/li>\n<\/ul>\n<div style=\"text-align: center; margin: 20px 0;\"><a style=\"background-color: #1e73be; color: #ffffff !important; padding: 4px 28px 16px 28px; text-decoration: none; font-weight: bold; border-radius: 6px; display: inline-block; font-size: 16px;\" href=\"https:\/\/agora.xtec.cat\/iesmariustorres\/afa\/uneix-te\/\"><br \/>\n\ud83e\udd1d UNEIX-TE!<br \/>\n<\/a><\/div>\n<p>\ud83d\udc65 Actualment, la Junta de l\u2019AFA est\u00e0 formada per:<\/p>\n<ul>\n<li>\ud83d\udc69\u200d\ud83d\udcbc <strong>Estel Gatell<\/strong>, presidenta.<\/li>\n<li>\ud83d\udcdd <strong>Gl\u00f2ria No\u00e8<\/strong>, secret\u00e0ria.<\/li>\n<li>\ud83d\udcb0 <strong>Ester Gasc\u00f3n<\/strong>, tresorera.<\/li>\n<li>\ud83d\udc65 <strong>Vocals:<\/strong>\n<ul>\n<li><strong>Ricard \u00c1lvarez<\/strong><\/li>\n<li><strong>Paula Arbel\u00e1ez<\/strong><\/li>\n<li><strong>Ivan Canales<\/strong><\/li>\n<li><strong>Esther Fern\u00e1ndez<\/strong><\/li>\n<li><strong>Pilar Fontanet<\/strong><\/li>\n<li><strong>Sergi Llena<\/strong><\/li>\n<li><strong>Marta Melgosa<\/strong><\/li>\n<li><strong>Montse Pasanau<\/strong><\/li>\n<li><strong>Joan Roca<\/strong><\/li>\n<li><strong>Carme Sarret<\/strong><\/li>\n<\/ul>\n<\/li>\n<\/ul>\n","protected":false},"excerpt":{"rendered":"<p>\ud83d\udc68\u200d\ud83d\udc69\u200d\ud83d\udc67\u200d\ud83d\udc66 Som l\u2019Associaci\u00f3 de Fam\u00edlies d\u2019Alumnes (AFA) de l\u2019Institut M\u00e0rius Torres. Formem part de la comunitat educativa amb la voluntat de \ud83e\udd1d col\u00b7laborar, \ud83d\uddf3\ufe0f participar i \ud83d\udcac millorar la comunicaci\u00f3 entre les fam\u00edlies i l\u2019institut, sempre posant al centre el \ud83c\udf93 benestar i el recorregut&hellip;  <a href=\"https:\/\/agora.xtec.cat\/iesmariustorres\/afa\/qui-som\/\" title=\"Read Qui som\">Llegeix m\u00e9s\u00bb<\/a><\/p>\n","protected":false},"author":132,"featured_media":0,"parent":15473,"menu_order":10,"comment_status":"closed","ping_status":"closed","template":"page-templates\/side-menu.php","meta":{"_bbp_topic_count":0,"_bbp_reply_count":0,"_bbp_total_topic_count":0,"_bbp_total_reply_count":0,"_bbp_voice_count":0,"_bbp_anonymous_reply_count":0,"_bbp_topic_count_hidden":0,"_bbp_reply_count_hidden":0,"_bbp_forum_subforum_count":0,"footnotes":""},"class_list":["post-15466","page","type-page","status-publish","hentry"],"post_mailing_queue_ids":[],"_links":{"self":[{"href":"https:\/\/agora.xtec.cat\/iesmariustorres\/wp-json\/wp\/v2\/pages\/15466","targetHints":{"allow":["GET"]}}],"collection":[{"href":"https:\/\/agora.xtec.cat\/iesmariustorres\/wp-json\/wp\/v2\/pages"}],"about":[{"href":"https:\/\/agora.xtec.cat\/iesmariustorres\/wp-json\/wp\/v2\/types\/page"}],"author":[{"embeddable":true,"href":"https:\/\/agora.xtec.cat\/iesmariustorres\/wp-json\/wp\/v2\/users\/132"}],"replies":[{"embeddable":true,"href":"https:\/\/agora.xtec.cat\/iesmariustorres\/wp-json\/wp\/v2\/comments?post=15466"}],"version-history":[{"count":7,"href":"https:\/\/agora.xtec.cat\/iesmariustorres\/wp-json\/wp\/v2\/pages\/15466\/revisions"}],"predecessor-version":[{"id":15497,"href":"https:\/\/agora.xtec.cat\/iesmariustorres\/wp-json\/wp\/v2\/pages\/15466\/revisions\/15497"}],"up":[{"embeddable":true,"href":"https:\/\/agora.xtec.cat\/iesmariustorres\/wp-json\/wp\/v2\/pages\/15473"}],"wp:attachment":[{"href":"https:\/\/agora.xtec.cat\/iesmariustorres\/wp-json\/wp\/v2\/media?parent=15466"}],"curies":[{"name":"wp","href":"https:\/\/api.w.org\/{rel}","templated":true}]}}