{"id":14311,"date":"2024-01-19T12:02:38","date_gmt":"2024-01-19T11:02:38","guid":{"rendered":"https:\/\/agora.xtec.cat\/iesmariustorres\/?page_id=14311"},"modified":"2024-02-13T13:40:59","modified_gmt":"2024-02-13T12:40:59","slug":"generacio-plurilingue-gep","status":"publish","type":"page","link":"https:\/\/agora.xtec.cat\/iesmariustorres\/generacio-plurilingue-gep\/","title":{"rendered":"Generaci\u00f3 Pluriling\u00fce (GEP)"},"content":{"rendered":"<h3>Aprendre lleng\u00fces estrangeres a trav\u00e9s de les mat\u00e8ries<\/h3>\n<h4>Qu\u00e8 \u00e9s el GEP? Objectiu principal del programa<\/h4>\n<p style=\"text-align: justify;\">L&#8217;objectiu del programa GEP \u00e9s augmentar la compet\u00e8ncia comunicativa de l&#8217;alumnat en les lleng\u00fces estrangeres curriculars incrementant el grau d&#8217;exposici\u00f3 a aquestes lleng\u00fces.<\/p>\n<p style=\"text-align: justify;\">A trav\u00e9s del programa s\u2019impulsen accions innovadores en l\u2019\u00e0mbit de l\u2019organitzaci\u00f3 curricular de les lleng\u00fces estrangeres i en l\u2019\u00e0mbit metodol\u00f2gic de l\u2019ensenyament d\u2019aquestes lleng\u00fces. Tamb\u00e9 es promou un aprenentatge actiu i significatiu per part de l\u2019alumnat, basat en el treball cooperatiu i per projectes que integrin les TIC i els Objectius de Desenvolupament Sostenible (ODS). Tot aix\u00f2 amb una avaluaci\u00f3 orientada a l\u2019aprenentatge i en l\u2019adquisici\u00f3 d\u2019estrat\u00e8gies per a un aprenentatge aut\u00f2nom.<\/p>\n<h4 style=\"text-align: justify;\">Mapa dels centres GEP<\/h4>\n<p style=\"text-align: justify;\">El nostre centre participa per primera vegada en aquest projecte, que t\u00e9 una durada de tres anys amb l\u2019objectiu de continuar implementant el projecte en el futur.<\/p>\n<h4><a href=\"https:\/\/agora.xtec.cat\/iesmariustorres\/wp-content\/uploads\/usu74\/2024\/01\/Captura-de-pantalla-2024-01-23-120950.png\"><img loading=\"lazy\" decoding=\"async\" class=\"aligncenter wp-image-14315\" src=\"https:\/\/agora.xtec.cat\/iesmariustorres\/wp-content\/uploads\/usu74\/2024\/01\/Captura-de-pantalla-2024-01-23-120950.png\" alt=\"\" width=\"573\" height=\"373\" srcset=\"https:\/\/agora.xtec.cat\/iesmariustorres\/wp-content\/uploads\/usu74\/2024\/01\/Captura-de-pantalla-2024-01-23-120950.png 835w, https:\/\/agora.xtec.cat\/iesmariustorres\/wp-content\/uploads\/usu74\/2024\/01\/Captura-de-pantalla-2024-01-23-120950-300x195.png 300w, https:\/\/agora.xtec.cat\/iesmariustorres\/wp-content\/uploads\/usu74\/2024\/01\/Captura-de-pantalla-2024-01-23-120950-768x500.png 768w\" sizes=\"auto, (max-width: 573px) 100vw, 573px\" \/><br \/>\n<\/a><\/h4>\n<h4>Caracter\u00edstiques del programa<\/h4>\n<p><a href=\"https:\/\/agora.xtec.cat\/iesmariustorres\/wp-content\/uploads\/usu74\/2024\/01\/Captura-de-pantalla-2024-01-23-121040.png\"><img loading=\"lazy\" decoding=\"async\" class=\"aligncenter wp-image-14316\" src=\"https:\/\/agora.xtec.cat\/iesmariustorres\/wp-content\/uploads\/usu74\/2024\/01\/Captura-de-pantalla-2024-01-23-121040.png\" alt=\"\" width=\"591\" height=\"338\" srcset=\"https:\/\/agora.xtec.cat\/iesmariustorres\/wp-content\/uploads\/usu74\/2024\/01\/Captura-de-pantalla-2024-01-23-121040.png 904w, https:\/\/agora.xtec.cat\/iesmariustorres\/wp-content\/uploads\/usu74\/2024\/01\/Captura-de-pantalla-2024-01-23-121040-300x172.png 300w, https:\/\/agora.xtec.cat\/iesmariustorres\/wp-content\/uploads\/usu74\/2024\/01\/Captura-de-pantalla-2024-01-23-121040-768x439.png 768w\" sizes=\"auto, (max-width: 591px) 100vw, 591px\" \/><\/a><\/p>\n<h4>Grups que participen al nostre Programa GEP<\/h4>\n<p>1r ESO A, B, C i E: Biologia, E.F i M\u00fasica<\/p>\n<p style=\"text-align: justify;\">La implementaci\u00f3 de la llengua \u00e9s gradual i s\u2019aplica una metodologia que fomenta l\u2019aprenentatge per bastides, dotant l\u2019alumnat de vocabulari i recursos per tal que, de mica en mica, llengua estrangera i contingut vagin de la m\u00e0 per integrar-se per complet en finalitzar el curs.<\/p>\n<p>&nbsp;<\/p>\n<div style=\"width: 1080px;\" class=\"wp-video\"><!--[if lt IE 9]><script>document.createElement('video');<\/script><![endif]-->\n<video class=\"wp-video-shortcode\" id=\"video-14311-1\" width=\"1080\" height=\"1080\" preload=\"metadata\" controls=\"controls\"><source type=\"video\/mp4\" src=\"https:\/\/agora.xtec.cat\/iesmariustorres\/wp-content\/uploads\/usu74\/2024\/02\/WhatsApp-Video-2024-02-09-at-13.46.57.mp4?_=1\" \/><a href=\"https:\/\/agora.xtec.cat\/iesmariustorres\/wp-content\/uploads\/usu74\/2024\/02\/WhatsApp-Video-2024-02-09-at-13.46.57.mp4\">https:\/\/agora.xtec.cat\/iesmariustorres\/wp-content\/uploads\/usu74\/2024\/02\/WhatsApp-Video-2024-02-09-at-13.46.57.mp4<\/a><\/video><\/div>\n","protected":false},"excerpt":{"rendered":"<p>Aprendre lleng\u00fces estrangeres a trav\u00e9s de les mat\u00e8ries<br \/>\nQu\u00e8 \u00e9s el GEP? Objectiu principal del programa<br \/>\nL&#8217;objectiu del programa GEP \u00e9s augmentar la compet\u00e8ncia comunicativa de l&#8217;alumnat en les lleng\u00fces estrangeres curriculars incrementant el grau d&#8217;exposici\u00f3 a aquestes lleng\u00fces.<br \/>\nA trav\u00e9s del programa s\u2019impulsen accions innovadores en l\u2019\u00e0mbit&hellip;  <a href=\"https:\/\/agora.xtec.cat\/iesmariustorres\/generacio-plurilingue-gep\/\" title=\"Read Generaci\u00f3 Pluriling\u00fce (GEP)\">Llegeix m\u00e9s\u00bb<\/a><\/p>\n","protected":false},"author":131,"featured_media":0,"parent":0,"menu_order":0,"comment_status":"closed","ping_status":"closed","template":"","meta":{"_bbp_topic_count":0,"_bbp_reply_count":0,"_bbp_total_topic_count":0,"_bbp_total_reply_count":0,"_bbp_voice_count":0,"_bbp_anonymous_reply_count":0,"_bbp_topic_count_hidden":0,"_bbp_reply_count_hidden":0,"_bbp_forum_subforum_count":0,"footnotes":""},"class_list":["post-14311","page","type-page","status-publish","hentry"],"post_mailing_queue_ids":[],"_links":{"self":[{"href":"https:\/\/agora.xtec.cat\/iesmariustorres\/wp-json\/wp\/v2\/pages\/14311","targetHints":{"allow":["GET"]}}],"collection":[{"href":"https:\/\/agora.xtec.cat\/iesmariustorres\/wp-json\/wp\/v2\/pages"}],"about":[{"href":"https:\/\/agora.xtec.cat\/iesmariustorres\/wp-json\/wp\/v2\/types\/page"}],"author":[{"embeddable":true,"href":"https:\/\/agora.xtec.cat\/iesmariustorres\/wp-json\/wp\/v2\/users\/131"}],"replies":[{"embeddable":true,"href":"https:\/\/agora.xtec.cat\/iesmariustorres\/wp-json\/wp\/v2\/comments?post=14311"}],"version-history":[{"count":6,"href":"https:\/\/agora.xtec.cat\/iesmariustorres\/wp-json\/wp\/v2\/pages\/14311\/revisions"}],"predecessor-version":[{"id":14354,"href":"https:\/\/agora.xtec.cat\/iesmariustorres\/wp-json\/wp\/v2\/pages\/14311\/revisions\/14354"}],"wp:attachment":[{"href":"https:\/\/agora.xtec.cat\/iesmariustorres\/wp-json\/wp\/v2\/media?parent=14311"}],"curies":[{"name":"wp","href":"https:\/\/api.w.org\/{rel}","templated":true}]}}