{"id":1282,"date":"2016-11-17T11:07:30","date_gmt":"2016-11-17T10:07:30","guid":{"rendered":"http:\/\/agora.xtec.cat\/iesmariustorres\/?page_id=1282"},"modified":"2026-01-14T10:41:00","modified_gmt":"2026-01-14T09:41:00","slug":"biblioteca","status":"publish","type":"page","link":"https:\/\/agora.xtec.cat\/iesmariustorres\/serveis\/biblioteca\/","title":{"rendered":"Biblioteca M\u00e0rius"},"content":{"rendered":"<p><strong>La biblioteca del centre: esbarjo, aprenentatge i comunitat<\/strong><\/p>\n<p>La biblioteca de l\u2019institut \u00e9s un espai din\u00e0mic que va m\u00e9s enll\u00e0 del pr\u00e9stec de llibres. Des d\u2019aquest espai s\u2019impulsen activitats i serveis que fomenten la lectura, el pensament cr\u00edtic i l\u2019acompanyament a l\u2019aprenentatge de tota la comunitat educativa.<\/p>\n<p>Entre les iniciatives que s\u2019hi duen a terme destaquen els\u00a0<strong>clubs de lectura<\/strong>\u00a0mensuals, adre\u00e7ats tant a l\u2019alumnat com a les fam\u00edlies i al personal del centre, aix\u00ed com la\u00a0recomanaci\u00f3 de llibres\u00a0adaptats a diferents edats, interessos i moments del curs. A m\u00e9s,\u00a0s\u2019hi\u00a0desenvolupa el programa\u00a0d\u2019<strong>Apadrinament Lector<\/strong>, que promou l\u2019acompanyament i la connexi\u00f3 entre alumnat de diferents nivells a trav\u00e9s de la lectura compartida.<\/p>\n<p>La biblioteca edita tamb\u00e9 un\u00a0<strong>butllet\u00ed mensual<\/strong>\u00a0amb novetats i recomanacions culturals que inclouen llibres, pel\u00b7l\u00edcules, jocs i altres recursos d\u2019inter\u00e8s. Paral\u00b7lelament, ofereix\u00a0suport a l\u2019alumnat en la cerca d\u2019informaci\u00f3, l\u2019elaboraci\u00f3 de bibliografies i la documentaci\u00f3 necess\u00e0ria per a investigacions i treballs acad\u00e8mics.<\/p>\n<p>Al llarg del curs s\u2019organitzen\u00a0<strong>xerrades<\/strong> de professionals\u00a0vinculades a assignatures concretes, aix\u00ed com\u00a0<strong>tallers<\/strong>\u00a0de diferents tem\u00e0tiques que complementen el curr\u00edculum i obren la biblioteca a noves mirades i aprenentatges. Tot plegat es complementa amb una\u00a0ampliaci\u00f3 cont\u00ednua del cat\u00e0leg bibliogr\u00e0fic, amb l\u2019objectiu de donar resposta a les necessitats educatives i als interessos de la comunitat.<\/p>\n<p>La biblioteca \u00e9s, aix\u00ed, un espai de trobada, suport i descobriment, al servei de l\u2019aprenentatge i de la vida del centre.<\/p>\n<p><strong>L&#8217;horari de la biblioteca:<\/strong><\/p>\n<ul>\n<li>Dilluns i dimarts de 8.30 a 14.30\u202fh i de 16 a 20.30\u202fh.<\/li>\n<li>Dimecres i dijous de 8.30 a 15\u202fh.<\/li>\n<li>Divendres de 8.30 a 14.30\u202fh.<\/li>\n<\/ul>\n<p><a href=\"https:\/\/www.instagram.com\/bibliotecamarius?igsh=MXJ2MjZwbjdmMW83ag==\">Enlla\u00e7 instagram<\/a><\/p>\n<p>&nbsp;<\/p>\n<p><a href=\"https:\/\/agora.xtec.cat\/iesmariustorres\/wp-content\/uploads\/usu74\/2025\/03\/image1.jpeg\"><img loading=\"lazy\" decoding=\"async\" class=\"aligncenter size-full wp-image-14881\" src=\"https:\/\/agora.xtec.cat\/iesmariustorres\/wp-content\/uploads\/usu74\/2025\/03\/image1.jpeg\" alt=\"\" width=\"640\" height=\"480\" srcset=\"https:\/\/agora.xtec.cat\/iesmariustorres\/wp-content\/uploads\/usu74\/2025\/03\/image1.jpeg 640w, https:\/\/agora.xtec.cat\/iesmariustorres\/wp-content\/uploads\/usu74\/2025\/03\/image1-300x225.jpeg 300w, https:\/\/agora.xtec.cat\/iesmariustorres\/wp-content\/uploads\/usu74\/2025\/03\/image1-200x150.jpeg 200w\" sizes=\"auto, (max-width: 640px) 100vw, 640px\" \/><\/a><\/p>\n","protected":false},"excerpt":{"rendered":"<p>La biblioteca del centre: esbarjo, aprenentatge i comunitat<br \/>\nLa biblioteca de l\u2019institut \u00e9s un espai din\u00e0mic que va m\u00e9s enll\u00e0 del pr\u00e9stec de llibres. Des d\u2019aquest espai s\u2019impulsen activitats i serveis que fomenten la lectura, el pensament cr\u00edtic i l\u2019acompanyament a l\u2019aprenentatge de tota la comunitat&hellip;  <a href=\"https:\/\/agora.xtec.cat\/iesmariustorres\/serveis\/biblioteca\/\" title=\"Read Biblioteca M\u00e0rius\">Llegeix m\u00e9s\u00bb<\/a><\/p>\n","protected":false},"author":3,"featured_media":0,"parent":63,"menu_order":15,"comment_status":"closed","ping_status":"closed","template":"page-templates\/side-menu.php","meta":{"_bbp_topic_count":0,"_bbp_reply_count":0,"_bbp_total_topic_count":0,"_bbp_total_reply_count":0,"_bbp_voice_count":0,"_bbp_anonymous_reply_count":0,"_bbp_topic_count_hidden":0,"_bbp_reply_count_hidden":0,"_bbp_forum_subforum_count":0,"footnotes":""},"class_list":["post-1282","page","type-page","status-publish","hentry"],"post_mailing_queue_ids":[],"_links":{"self":[{"href":"https:\/\/agora.xtec.cat\/iesmariustorres\/wp-json\/wp\/v2\/pages\/1282","targetHints":{"allow":["GET"]}}],"collection":[{"href":"https:\/\/agora.xtec.cat\/iesmariustorres\/wp-json\/wp\/v2\/pages"}],"about":[{"href":"https:\/\/agora.xtec.cat\/iesmariustorres\/wp-json\/wp\/v2\/types\/page"}],"author":[{"embeddable":true,"href":"https:\/\/agora.xtec.cat\/iesmariustorres\/wp-json\/wp\/v2\/users\/3"}],"replies":[{"embeddable":true,"href":"https:\/\/agora.xtec.cat\/iesmariustorres\/wp-json\/wp\/v2\/comments?post=1282"}],"version-history":[{"count":6,"href":"https:\/\/agora.xtec.cat\/iesmariustorres\/wp-json\/wp\/v2\/pages\/1282\/revisions"}],"predecessor-version":[{"id":15329,"href":"https:\/\/agora.xtec.cat\/iesmariustorres\/wp-json\/wp\/v2\/pages\/1282\/revisions\/15329"}],"up":[{"embeddable":true,"href":"https:\/\/agora.xtec.cat\/iesmariustorres\/wp-json\/wp\/v2\/pages\/63"}],"wp:attachment":[{"href":"https:\/\/agora.xtec.cat\/iesmariustorres\/wp-json\/wp\/v2\/media?parent=1282"}],"curies":[{"name":"wp","href":"https:\/\/api.w.org\/{rel}","templated":true}]}}