{"id":1035,"date":"2016-10-18T20:50:21","date_gmt":"2016-10-18T19:50:21","guid":{"rendered":"http:\/\/agora.xtec.cat\/iesmariustorres\/?page_id=1035"},"modified":"2025-10-17T12:51:35","modified_gmt":"2025-10-17T10:51:35","slug":"orientacio-psicopedagogica","status":"publish","type":"page","link":"https:\/\/agora.xtec.cat\/iesmariustorres\/serveis\/orientacio-psicopedagogica\/","title":{"rendered":"Orientaci\u00f3 psicopedag\u00f2gica"},"content":{"rendered":"<p>\u25cf L\u2019AFA de l\u2019institut ofereix el servei de <strong>psicologia<\/strong> destinat a l\u2019assessorament i consulta d\u2019alumnat, tutors\/es, professorat i fam\u00edlies. La psic\u00f2loga <strong>Rosa Blasco<\/strong> ser\u00e0 al nostre institut tots els dimarts, dimecres i dijous de <strong>9:00h a 13:00h<\/strong>. L\u2019alumnat hi pot anar lliurement o b\u00e9 concertar hora a trav\u00e9s del tutor\/a. Els pares i mares han de concertar l\u2019hora de visita a trav\u00e9s de correu electr\u00f2nic (<span style=\"text-decoration: underline; color: #3366ff;\">rosablascopsicologa@gmail.com<\/span><span style=\"color: #3366ff;\"><span style=\"color: #000000;\">).<\/span><\/span><br \/>\n\u25cf EAP (Equip d\u2019Assessorament Psicopedag\u00f2gic): Marta Castellv\u00ed, psicopedagoga; Carme L\u00f3pez, treballadora social i el fisioterapeuta Marc Farr\u00e9.<br \/>\n\u25cf Departament d\u2019Orientaci\u00f3: Maria Teresa Mora, Maria Daura i S\u00edlvia Balasch.<\/p>\n","protected":false},"excerpt":{"rendered":"<p>\u25cf L\u2019AFA de l\u2019institut ofereix el servei de psicologia destinat a l\u2019assessorament i consulta d\u2019alumnat, tutors\/es, professorat i fam\u00edlies. La psic\u00f2loga Rosa Blasco ser\u00e0 al nostre institut tots els dimarts, dimecres i dijous de 9:00h a 13:00h. L\u2019alumnat hi pot anar lliurement o b\u00e9 concertar&hellip;  <a href=\"https:\/\/agora.xtec.cat\/iesmariustorres\/serveis\/orientacio-psicopedagogica\/\" title=\"Read Orientaci\u00f3 psicopedag\u00f2gica\">Llegeix m\u00e9s\u00bb<\/a><\/p>\n","protected":false},"author":3,"featured_media":0,"parent":63,"menu_order":40,"comment_status":"closed","ping_status":"closed","template":"page-templates\/side-menu.php","meta":{"_bbp_topic_count":0,"_bbp_reply_count":0,"_bbp_total_topic_count":0,"_bbp_total_reply_count":0,"_bbp_voice_count":0,"_bbp_anonymous_reply_count":0,"_bbp_topic_count_hidden":0,"_bbp_reply_count_hidden":0,"_bbp_forum_subforum_count":0,"footnotes":""},"class_list":["post-1035","page","type-page","status-publish","hentry"],"post_mailing_queue_ids":[],"_links":{"self":[{"href":"https:\/\/agora.xtec.cat\/iesmariustorres\/wp-json\/wp\/v2\/pages\/1035","targetHints":{"allow":["GET"]}}],"collection":[{"href":"https:\/\/agora.xtec.cat\/iesmariustorres\/wp-json\/wp\/v2\/pages"}],"about":[{"href":"https:\/\/agora.xtec.cat\/iesmariustorres\/wp-json\/wp\/v2\/types\/page"}],"author":[{"embeddable":true,"href":"https:\/\/agora.xtec.cat\/iesmariustorres\/wp-json\/wp\/v2\/users\/3"}],"replies":[{"embeddable":true,"href":"https:\/\/agora.xtec.cat\/iesmariustorres\/wp-json\/wp\/v2\/comments?post=1035"}],"version-history":[{"count":6,"href":"https:\/\/agora.xtec.cat\/iesmariustorres\/wp-json\/wp\/v2\/pages\/1035\/revisions"}],"predecessor-version":[{"id":15188,"href":"https:\/\/agora.xtec.cat\/iesmariustorres\/wp-json\/wp\/v2\/pages\/1035\/revisions\/15188"}],"up":[{"embeddable":true,"href":"https:\/\/agora.xtec.cat\/iesmariustorres\/wp-json\/wp\/v2\/pages\/63"}],"wp:attachment":[{"href":"https:\/\/agora.xtec.cat\/iesmariustorres\/wp-json\/wp\/v2\/media?parent=1035"}],"curies":[{"name":"wp","href":"https:\/\/api.w.org\/{rel}","templated":true}]}}