{"id":805,"date":"2017-07-18T13:01:00","date_gmt":"2017-07-18T11:01:00","guid":{"rendered":"http:\/\/agora.xtec.cat\/iesmarina\/?page_id=805"},"modified":"2018-02-05T14:58:55","modified_gmt":"2018-02-05T13:58:55","slug":"gep-grup-dexperimentacio-plurilingue","status":"publish","type":"page","link":"https:\/\/agora.xtec.cat\/iesmarina\/projectes\/gep-grup-dexperimentacio-plurilingue\/","title":{"rendered":"GEP"},"content":{"rendered":"<p><strong>El Grup d&#8217;experimentaci\u00f3 pluriling\u00fce (GEP) a l&#8217;Institut Marina<\/strong><\/p>\n<p>L\u2019Institut Marina de la Llagosta s\u2019ha adherit al nou marc pel pluriling\u00fcisme. En un context social multicultural i complex com el que presenta la societat catalana actualment, el coneixement i l\u2019\u00fas de diferents lleng\u00fces esdev\u00e9 del tot imprencindible.<\/p>\n<p><a href=\"https:\/\/sites.google.com\/a\/xtec.cat\/projectegepinsmarina\/\" target=\"_blank\" rel=\"noopener noreferrer\"><span style=\"color: #ff00ff;\">Llegir m\u00e9s..<\/span>.<\/a><\/p>\n<p>&nbsp;<\/p>\n","protected":false},"excerpt":{"rendered":"<p>El Grup d&#8217;experimentaci\u00f3 pluriling\u00fce (GEP) a l&#8217;Institut Marina<br \/>\nL\u2019Institut Marina de la Llagosta s\u2019ha adherit al nou marc pel pluriling\u00fcisme. En un context social multicultural i complex com el que presenta la societat catalana actualment, el coneixement i l\u2019\u00fas de diferents lleng\u00fces esdev\u00e9 del tot imprencindible.<br \/>\n<a&hellip;  <a href=\"https:\/\/agora.xtec.cat\/iesmarina\/projectes\/gep-grup-dexperimentacio-plurilingue\/\" title=\"Read GEP\">Llegeix m\u00e9s\u00bb<\/a><\/p>\n","protected":false},"author":2,"featured_media":0,"parent":802,"menu_order":0,"comment_status":"closed","ping_status":"closed","template":"page-templates\/side-menu.php","meta":{"_bbp_topic_count":0,"_bbp_reply_count":0,"_bbp_total_topic_count":0,"_bbp_total_reply_count":0,"_bbp_voice_count":0,"_bbp_anonymous_reply_count":0,"_bbp_topic_count_hidden":0,"_bbp_reply_count_hidden":0,"_bbp_forum_subforum_count":0,"footnotes":""},"class_list":["post-805","page","type-page","status-publish","hentry"],"post_mailing_queue_ids":[],"_links":{"self":[{"href":"https:\/\/agora.xtec.cat\/iesmarina\/wp-json\/wp\/v2\/pages\/805","targetHints":{"allow":["GET"]}}],"collection":[{"href":"https:\/\/agora.xtec.cat\/iesmarina\/wp-json\/wp\/v2\/pages"}],"about":[{"href":"https:\/\/agora.xtec.cat\/iesmarina\/wp-json\/wp\/v2\/types\/page"}],"author":[{"embeddable":true,"href":"https:\/\/agora.xtec.cat\/iesmarina\/wp-json\/wp\/v2\/users\/2"}],"replies":[{"embeddable":true,"href":"https:\/\/agora.xtec.cat\/iesmarina\/wp-json\/wp\/v2\/comments?post=805"}],"version-history":[{"count":3,"href":"https:\/\/agora.xtec.cat\/iesmarina\/wp-json\/wp\/v2\/pages\/805\/revisions"}],"predecessor-version":[{"id":1136,"href":"https:\/\/agora.xtec.cat\/iesmarina\/wp-json\/wp\/v2\/pages\/805\/revisions\/1136"}],"up":[{"embeddable":true,"href":"https:\/\/agora.xtec.cat\/iesmarina\/wp-json\/wp\/v2\/pages\/802"}],"wp:attachment":[{"href":"https:\/\/agora.xtec.cat\/iesmarina\/wp-json\/wp\/v2\/media?parent=805"}],"curies":[{"name":"wp","href":"https:\/\/api.w.org\/{rel}","templated":true}]}}